{"id":244345,"date":"2025-06-26T11:37:29","date_gmt":"2025-06-26T11:37:29","guid":{"rendered":"https:\/\/ruumistruumi.ee\/pood\/bissell-spotclean-oxygen-boost-1000-ml-vaibaplekkide-puhastusvahend\/"},"modified":"2025-08-19T07:29:55","modified_gmt":"2025-08-19T07:29:55","slug":"bissell-spotclean-oxygen-boost-1000-ml-vaibaplekkide-puhastusvahend","status":"publish","type":"product","link":"https:\/\/blankpage.ee\/_ruumist-ruumi\/pood\/bissell-spotclean-oxygen-boost-1000-ml-vaibaplekkide-puhastusvahend\/","title":{"rendered":"Bissell Spotclean Oxygen Boost 1000 ml vaibaplekkide puhastusvahend"},"content":{"rendered":"<h3>Bissell Spotclean Oxygen Boost 1000 ml vaibaplekkide puhastusvahend<\/h3>\n<p>Bissell Spotclean Oxygen Boost on t\u00f5hus hapnikup\u00f5hine puhastusvahend, mis on loodud eriti raskesti eemaldatavate plekkide s\u00fcgavaks eemaldamiseks vaipadelt ja polstrilt. Lahus tungib kiududesse ja eemaldab efektiivselt isegi tuntud raskesti eemaldatavad plekid nagu punane vein, kohv, koola v\u00f5i puuviljamahl. Toode sobib kasutamiseks koos SpotClean ja SpotClean Pro seadmetega, kuid seda v\u00f5ib kasutada ka pesu eelpesuvahendina (valge pesu puhul) plekkide t\u00f5husaks eemaldamiseks. See lahendus aitab hoida kodu tekstiilpinnad puhtad ja s\u00e4\u00e4sta aega igap\u00e4evaselt plekieemalduselt.<\/p>\n<h3>Peamised omadused<\/h3>\n<ul>\n<li>V\u00f5imas hapnikup\u00f5hine toime t\u00f5rksate ja s\u00fcgavate plekkide eemaldamiseks<\/li>\n<li>Sobib SpotClean ja SpotClean Pro seadmetega kasutamiseks<\/li>\n<li>Efektiivne plekieemaldaja ka valge pesu eelpesuvahendina<\/li>\n<li>Ei sobi kasutamiseks sametil, \u0161enillil, siidil, dralonil ega nahal<\/li>\n<li>Taastab tekstiilide ja vaipade v\u00e4rskuse<\/li>\n<\/ul>\n<h3>Tehnilised andmed<\/h3>\n<ul>\n<li>Maht: 1000 ml (1 liiter)<\/li>\n<li>Netokaal: 1,09 kg; brutokaal: 1,1 kg<\/li>\n<li>M\u00f5\u00f5dud: laius 12 cm, k\u00f5rgus 23,8 cm, s\u00fcgavus 7 cm<\/li>\n<li>V\u00e4rvus: sinine<\/li>\n<li>\u00dchildub j\u00e4rgmiste masinatega: SpotClean, SpotClean Pro, Pet Stain Eraser, Big Green ja muud sama sarja seadmed<\/li>\n<\/ul>\n<h3>Kasutamisjuhised<\/h3>\n<p>Kalla piisav kogus Bissell Spotclean Oxygen Boost puhastuslahust seadme veepaaki vastavalt masina juhistele. Kasutades toodet valge pesu eelpesuvahendina, lisa vajalik kogus otse pesumasina pesuvanni. P\u00e4rast kasutamist sulge pudel hoolikalt ning hoia toodet jahedas ja kuivas kohas, eemal otsesest p\u00e4ikesevalgusest ja lastele k\u00e4ttesaamatus kohas. V\u00e4ldi toote sattumist silma \u2013 toode p\u00f5hjustab silmade \u00e4rritust. P\u00fcsivalt puhtad tekstiilid saavutatakse regulaarse kasutamise ning \u00f5igete hooldusv\u00f5tete abil.<\/p>\n","protected":false},"excerpt":{"rendered":"<p>Bissell Spotclean Oxygen Boost on hapnikup\u00f5hine vaibaplekkide puhastusvahend, mis eemaldab p\u00f5hjalikult p\u00fcsivad plekid vaipadelt ja polstrilt. Sobib kasutamiseks SpotClean ja SpotClean Pro seadmetega.<\/p>\n","protected":false},"featured_media":244343,"comment_status":"open","ping_status":"closed","template":"","meta":[],"product_brand":[6547],"product_cat":[6006],"product_tag":[6548],"class_list":{"0":"post-244345","1":"product","2":"type-product","3":"status-publish","4":"has-post-thumbnail","6":"product_brand-bissell","7":"product_cat-tarvikud-tolmuimejatele","8":"product_tag-hapnikupohine-vaibaplekkide-puhastusvahend","9":"product_shipping_class-acc","11":"first","12":"instock","13":"taxable","14":"shipping-taxable","15":"purchasable","16":"product-type-simple"},"_links":{"self":[{"href":"https:\/\/blankpage.ee\/_ruumist-ruumi\/wp-json\/wp\/v2\/product\/244345","targetHints":{"allow":["GET"]}}],"collection":[{"href":"https:\/\/blankpage.ee\/_ruumist-ruumi\/wp-json\/wp\/v2\/product"}],"about":[{"href":"https:\/\/blankpage.ee\/_ruumist-ruumi\/wp-json\/wp\/v2\/types\/product"}],"replies":[{"embeddable":true,"href":"https:\/\/blankpage.ee\/_ruumist-ruumi\/wp-json\/wp\/v2\/comments?post=244345"}],"wp:featuredmedia":[{"embeddable":true,"href":"https:\/\/blankpage.ee\/_ruumist-ruumi\/wp-json\/wp\/v2\/media\/244343"}],"wp:attachment":[{"href":"https:\/\/blankpage.ee\/_ruumist-ruumi\/wp-json\/wp\/v2\/media?parent=244345"}],"wp:term":[{"taxonomy":"product_brand","embeddable":true,"href":"https:\/\/blankpage.ee\/_ruumist-ruumi\/wp-json\/wp\/v2\/product_brand?post=244345"},{"taxonomy":"product_cat","embeddable":true,"href":"https:\/\/blankpage.ee\/_ruumist-ruumi\/wp-json\/wp\/v2\/product_cat?post=244345"},{"taxonomy":"product_tag","embeddable":true,"href":"https:\/\/blankpage.ee\/_ruumist-ruumi\/wp-json\/wp\/v2\/product_tag?post=244345"}],"curies":[{"name":"wp","href":"https:\/\/api.w.org\/{rel}","templated":true}]}}