{"id":248978,"date":"2025-07-15T06:45:21","date_gmt":"2025-07-15T06:45:21","guid":{"rendered":"https:\/\/ruumistruumi.ee\/?post_type=product&#038;p=248978"},"modified":"2025-07-15T13:27:44","modified_gmt":"2025-07-15T13:27:44","slug":"rojeco-lemmiklooma-joogipurskkaevu-filtrid-rysjfx-2k-3tk","status":"publish","type":"product","link":"https:\/\/blankpage.ee\/_ruumist-ruumi\/pood\/rojeco-lemmiklooma-joogipurskkaevu-filtrid-rysjfx-2k-3tk\/","title":{"rendered":"Rojeco lemmiklooma joogipurskkaevu filtrid RYSJFX-2k (3tk)"},"content":{"rendered":"<h3>Veepurskkaevu filtrid Rojeco RYSJFX-2k \u2013 3 tk komplekt<\/h3>\n<p>Veepurskkaevu filtrid aitavad hoida sinu lemmiku joogivee alati v\u00e4rske ja puhtana. Need kvaliteetsed filtrid eemaldavad t\u00f5husalt veest raskemetallid, saasteained, karvad, tolmu ning ka suuremad osakesed. Veepurskkaevu filtrite kasutamisel v\u00f5id olla kindel, et sinu lemmikloom saab juua puhast ja tervislikku vett iga p\u00e4ev.<\/p>\n<p>T\u00e4iustatud filtreerimiss\u00fcsteem p\u00f5hineb s\u00fcsinik- ja k\u00e4snfiltri kombinatsioonil, mis koos eemaldavad peened ja suuremad saasteained. Aktiveeritud kookosp\u00e4hkli s\u00fcsinikfilter eemaldab raskmetallid, ebameeldivad l\u00f5hnad ja parandab vee maitset, samas kui k\u00e4sn p\u00fc\u00fcab kinni suuremad osakesed, n\u00e4iteks karvad ja tolmu. Mitmekihiline kaitse hoiab iga veetilga joogin\u00f5us puhta ja ohutuna ning edendab teie lemmiklooma tervist ja heaolu.. Parima tulemuse saavutamiseks vaheta filtrid iga 2\u20134 n\u00e4dala j\u00e4rel, et tagada pidevalt maksimaalne filtreerimisv\u00f5ime. Filtrite paigaldamine on lihtne ega vaja erioskusi, mist\u00f5ttu sobivad need k\u00f5ikidele veepurskkaevu kasutajatele.<\/p>\n<p>  <img loading=\"lazy\" decoding=\"async\" src=\"https:\/\/blankpage.ee\/_ruumist-ruumi\/wp-content\/uploads\/2025\/07\/Filter-veedosaatorile-Rojeco-RYSJFX-2k-juhtmevaba-22-l-aku-USB-C-3-768x489.webp\" alt=\"Rojeco lemmiklooma joogipurskkaevu filtrid RYSJFX-2k (3tk)\" width=\"768\" height=\"489\" class=\"alignnone size-medium_large wp-image-248979\" srcset=\"https:\/\/blankpage.ee\/_ruumist-ruumi\/wp-content\/uploads\/2025\/07\/Filter-veedosaatorile-Rojeco-RYSJFX-2k-juhtmevaba-22-l-aku-USB-C-3-768x489.webp 768w, https:\/\/blankpage.ee\/_ruumist-ruumi\/wp-content\/uploads\/2025\/07\/Filter-veedosaatorile-Rojeco-RYSJFX-2k-juhtmevaba-22-l-aku-USB-C-3-400x255.webp 400w, https:\/\/blankpage.ee\/_ruumist-ruumi\/wp-content\/uploads\/2025\/07\/Filter-veedosaatorile-Rojeco-RYSJFX-2k-juhtmevaba-22-l-aku-USB-C-3-922x587.webp 922w, https:\/\/blankpage.ee\/_ruumist-ruumi\/wp-content\/uploads\/2025\/07\/Filter-veedosaatorile-Rojeco-RYSJFX-2k-juhtmevaba-22-l-aku-USB-C-3-150x96.webp 150w, https:\/\/blankpage.ee\/_ruumist-ruumi\/wp-content\/uploads\/2025\/07\/Filter-veedosaatorile-Rojeco-RYSJFX-2k-juhtmevaba-22-l-aku-USB-C-3-64x41.webp 64w, https:\/\/blankpage.ee\/_ruumist-ruumi\/wp-content\/uploads\/2025\/07\/Filter-veedosaatorile-Rojeco-RYSJFX-2k-juhtmevaba-22-l-aku-USB-C-3.webp 1000w\" sizes=\"auto, (max-width: 768px) 100vw, 768px\" \/><\/p>\n<h3>Veepuhastusfiltrite tehnilised andmed<\/h3>\n<table>\n<tr>\n<th>Tootja<\/th>\n<td>Rojeco<\/td>\n<\/tr>\n<tr>\n<th>Mudel<\/th>\n<td>RYSJFX-2k<\/td>\n<\/tr>\n<tr>\n<th>Aktiivs\u00f6efiltri m\u00f5\u00f5dud<\/th>\n<td>6 x 3,4 x 2 cm<\/td>\n<\/tr>\n<tr>\n<th>Svamfiltri m\u00f5\u00f5dud<\/th>\n<td>8 x 2,5 x 3,15 cm<\/td>\n<\/tr>\n<tr>\n<th>Komplektis<\/th>\n<td>3 filtrit<\/td>\n<\/tr>\n<\/table>\n","protected":false},"excerpt":{"rendered":"<p>Veepurskkaevu filtrid Rojeco RYSJFX-2k \u2013 3 tk komplekt Veepurskkaevu filtrid aitavad hoida sinu lemmiku joogivee alati v\u00e4rske ja puhtana. Need kvaliteetsed filtrid eemaldavad t\u00f5husalt veest raskemetallid, saasteained, karvad, tolmu ning ka suuremad osakesed. Veepurskkaevu filtrite kasutamisel v\u00f5id olla kindel, et sinu lemmikloom saab juua puhast ja tervislikku vett iga p\u00e4ev. T\u00e4iustatud filtreerimiss\u00fcsteem p\u00f5hineb s\u00fcsinik- ja [&hellip;]<\/p>\n","protected":false},"featured_media":248982,"comment_status":"open","ping_status":"closed","template":"","meta":[],"product_brand":[3113],"product_cat":[818],"product_tag":[],"class_list":{"0":"post-248978","1":"product","2":"type-product","3":"status-publish","4":"has-post-thumbnail","6":"product_brand-rojeco","7":"product_cat-automaatsed-veedosaatorid-koduloomadele","8":"product_shipping_class-innpro","10":"first","11":"instock","12":"sale","13":"taxable","14":"shipping-taxable","15":"purchasable","16":"product-type-simple"},"_links":{"self":[{"href":"https:\/\/blankpage.ee\/_ruumist-ruumi\/wp-json\/wp\/v2\/product\/248978","targetHints":{"allow":["GET"]}}],"collection":[{"href":"https:\/\/blankpage.ee\/_ruumist-ruumi\/wp-json\/wp\/v2\/product"}],"about":[{"href":"https:\/\/blankpage.ee\/_ruumist-ruumi\/wp-json\/wp\/v2\/types\/product"}],"replies":[{"embeddable":true,"href":"https:\/\/blankpage.ee\/_ruumist-ruumi\/wp-json\/wp\/v2\/comments?post=248978"}],"wp:featuredmedia":[{"embeddable":true,"href":"https:\/\/blankpage.ee\/_ruumist-ruumi\/wp-json\/wp\/v2\/media\/248982"}],"wp:attachment":[{"href":"https:\/\/blankpage.ee\/_ruumist-ruumi\/wp-json\/wp\/v2\/media?parent=248978"}],"wp:term":[{"taxonomy":"product_brand","embeddable":true,"href":"https:\/\/blankpage.ee\/_ruumist-ruumi\/wp-json\/wp\/v2\/product_brand?post=248978"},{"taxonomy":"product_cat","embeddable":true,"href":"https:\/\/blankpage.ee\/_ruumist-ruumi\/wp-json\/wp\/v2\/product_cat?post=248978"},{"taxonomy":"product_tag","embeddable":true,"href":"https:\/\/blankpage.ee\/_ruumist-ruumi\/wp-json\/wp\/v2\/product_tag?post=248978"}],"curies":[{"name":"wp","href":"https:\/\/api.w.org\/{rel}","templated":true}]}}