{"id":249972,"date":"2025-07-25T16:09:39","date_gmt":"2025-07-25T16:09:39","guid":{"rendered":"https:\/\/ruumistruumi.ee\/pood\/estelle-soogikomplekt-valge-marmorlauaga-ja-velvet-toolidega-gr19355\/"},"modified":"2025-07-26T05:07:23","modified_gmt":"2025-07-26T05:07:23","slug":"estelle-soogikomplekt-valge-marmorlauaga-ja-velvet-toolidega-gr19355","status":"publish","type":"product","link":"https:\/\/blankpage.ee\/_ruumist-ruumi\/pood\/estelle-soogikomplekt-valge-marmorlauaga-ja-velvet-toolidega-gr19355\/","title":{"rendered":"Estelle s\u00f6\u00f6gikomplekt valge marmorlauaga ja Velvet toolidega, GR19355"},"content":{"rendered":"<h3>Estelle valge marmor s\u00f6\u00f6gikomplekt velvetist toolidega \u2013 p\u00f5hjamaine stiil ja luksuslik mugavus<\/h3>\n<p>Too oma s\u00f6\u00f6gituppa modernset elegantsi Estelle valge marmorlaua ja sametiste toolidega s\u00f6\u00f6gikomplektiga. S\u00e4ravvalge marmorist lauaplaat ning pehmed, kreemikarva Velvet toolid loovad kutsuva ja hubase atmosf\u00e4\u00e4ri, kus pikad \u00f5htus\u00f6\u00f6gid pere ja s\u00f5pradega on t\u00f5eline nauding.<\/p>\n<h3>Disain ja materjalid \u2013 valge marmor s\u00f6\u00f6gikomplekt igasse interj\u00f6\u00f6ri<\/h3>\n<ul>\n<li><b>Laua pealispind:<\/b> Valmistatud vastupidavast valgest marmorist \u2013 elegantne muster ning luksuslik v\u00e4limus, mida on kerge hooldada.<\/li>\n<li><b>Lauaraam ja jalad:<\/b> Tugevad mustad terasest jalad tagavad stabiilsuse ja sobituvad p\u00f5hjamaise ning kaasaegse interj\u00f6\u00f6riga.<\/li>\n<li><b>Toolide materjal:<\/b> Velvet toolid on polsterdatud kvaliteetse 100% pol\u00fcesterbukleega, t\u00e4idetud painutatud vineeri, fiibri ja kvaliteetse porolooniga ning tugevdatud terasraamiga \u2013 mugavus ja vastupidavus on garanteeritud.<\/li>\n<li><b>Toolide jalad:<\/b> Mustad metallist jalad lisavad minimalistlikku ja soliidset viimistlust ning seisavad kindlalt p\u00f5randal.<\/li>\n<\/ul>\n<h3>M\u00f5\u00f5dud ja mahutavus \u2013 valge marmor s\u00f6\u00f6gikomplekt ruumikale seltskonnale<\/h3>\n<ul>\n<li><b>Laua m\u00f5\u00f5dud:<\/b> Pikkus 200 cm \u00d7 laius 90 cm \u00d7 k\u00f5rgus 75 cm.<\/li>\n<li><b>Laua jalgade vahe:<\/b> 142 cm \u2013 mahutab mugavalt suurema seltskonna.<\/li>\n<li><b>Tooli m\u00f5\u00f5dud:<\/b> K\u00f5rgus 77 cm \u00d7 laius 50 cm \u00d7 s\u00fcgavus 57 cm.<\/li>\n<li><b>Kandev\u00f5ime:<\/b> Iga tooli maksimaalne kandev\u00f5ime kuni 110 kg.<\/li>\n<\/ul>\n<h3>Miks valida Estelle valge marmor s\u00f6\u00f6gikomplekt?<\/h3>\n<ul>\n<li>Ajatu p\u00f5hjamaine disain, mis sobib eri interj\u00f6\u00f6ridesse.<\/li>\n<li>Kvaliteetsed materjalid: marmor, teras ja vastupidav pol\u00fcesterbuklee.<\/li>\n<li>Mugavad, pehme polstriga toolid pakuvad m\u00f5nusat istumisasendit ka pikkadeks \u00f5htuteks.<\/li>\n<li>Lihtne hooldus \u2013 marmorist lauaplaat ja pol\u00fcesterkattega toolid on h\u00f5lpsasti puhastatavad.<\/li>\n<\/ul>\n<h3>Tehnilised andmed<\/h3>\n<ul>\n<li>Tootekood (SKU): GR19355<\/li>\n<li>Br\u00e4nd: Venture Home<\/li>\n<li>Tootesari: Estelle, Velvet<\/li>\n<li>Kategooriad: Sisem\u00f6\u00f6bel, s\u00f6\u00f6gigrupid, neljakandilised s\u00f6\u00f6gikomplektid<\/li>\n<li>Tooli materjal: 100% pol\u00fcesterbuklee, painutatud vineer, fiiber, teras<\/li>\n<li>Laua materjal: valge marmor, teras<\/li>\n<\/ul>\n<h3>Kokkupanek ja hooldus \u2013 valge marmor s\u00f6\u00f6gikomplekt lihtne kasutada<\/h3>\n<p>Komplekt tarnitakse detailidena ning on lihtsasti ise kokkupandav. Kaasas selged juhised kiireks ja mugavaks paigaldamiseks.<\/p>\n<ul>\n<li><b>Marmorist lauaplaat:<\/b> Puhasta niiske pehme lapiga, v\u00e4ldi happelisi puhastusvahendeid ning kasuta alati alusmatte kuumade anumate all.<\/li>\n<li><b>Bukleekangaga toolid:<\/b> Tolm eemalda regulaarselt pehme harjaga v\u00f5i tolmuimejaga. Vajadusel puhasta \u00f5rnalt niiske lapiga, v\u00e4ldi tugevaid keemilisi puhastusvahendeid.<\/li>\n<\/ul>\n<p>Estelle valge marmor s\u00f6\u00f6gikomplekt velvetist toolidega on silmapaistev valik igasse moodsasse v\u00f5i klassikalisse koju, pakkudes mugavust, vastupidavust ning pilkup\u00fc\u00fcdvat v\u00e4limust pikaks ajaks.<\/p>\n","protected":false},"excerpt":{"rendered":"<p>Estelle valge marmor s\u00f6\u00f6gikomplekt velvetist toolidega \u2013 p\u00f5hjamaine stiil ja luksuslik mugavus Too oma s\u00f6\u00f6gituppa modernset elegantsi Estelle valge marmorlaua ja sametiste toolidega s\u00f6\u00f6gikomplektiga. S\u00e4ravvalge marmorist lauaplaat ning pehmed, kreemikarva Velvet toolid loovad kutsuva ja hubase atmosf\u00e4\u00e4ri, kus pikad \u00f5htus\u00f6\u00f6gid pere ja s\u00f5pradega on t\u00f5eline nauding. Disain ja materjalid \u2013 valge marmor s\u00f6\u00f6gikomplekt igasse interj\u00f6\u00f6ri [&hellip;]<\/p>\n","protected":false},"featured_media":249965,"comment_status":"open","ping_status":"closed","template":"","meta":[],"product_brand":[1818],"product_cat":[3228],"product_tag":[],"class_list":{"0":"post-249972","1":"product","2":"type-product","3":"status-publish","4":"has-post-thumbnail","6":"product_brand-venture-design","7":"product_cat-kandilised-soogilauakomplektid","8":"product_shipping_class-venture-design","9":"pa_kangas-poluesterkord","10":"pa_kollektsioon-estelle","11":"pa_kollektsioon-velvet","12":"pa_laua-korgus-1190","13":"pa_laua-materjal-marmor","14":"pa_laua-materjal-metall","15":"pa_laua-pikkus-3499","16":"pa_laua-sugavus-3375","17":"pa_laua-tasapinna-materjal-marmor","18":"pa_laua-tasapinna-varvus-valge","19":"pa_laua-varv-must","20":"pa_laua-varv-valge","21":"pa_tooli-materjal-painutatud-puit","22":"pa_tooli-materjal-poluesterkord","23":"pa_tooli-materjal-kiud","24":"pa_tooli-materjal-metall","25":"pa_tooli-materjal-vaht","26":"pa_tooli-varv-kreemjas","27":"pa_tooli-varv-must","29":"first","30":"outofstock","31":"sale","32":"taxable","33":"shipping-taxable","34":"purchasable","35":"product-type-simple"},"_links":{"self":[{"href":"https:\/\/blankpage.ee\/_ruumist-ruumi\/wp-json\/wp\/v2\/product\/249972","targetHints":{"allow":["GET"]}}],"collection":[{"href":"https:\/\/blankpage.ee\/_ruumist-ruumi\/wp-json\/wp\/v2\/product"}],"about":[{"href":"https:\/\/blankpage.ee\/_ruumist-ruumi\/wp-json\/wp\/v2\/types\/product"}],"replies":[{"embeddable":true,"href":"https:\/\/blankpage.ee\/_ruumist-ruumi\/wp-json\/wp\/v2\/comments?post=249972"}],"wp:featuredmedia":[{"embeddable":true,"href":"https:\/\/blankpage.ee\/_ruumist-ruumi\/wp-json\/wp\/v2\/media\/249965"}],"wp:attachment":[{"href":"https:\/\/blankpage.ee\/_ruumist-ruumi\/wp-json\/wp\/v2\/media?parent=249972"}],"wp:term":[{"taxonomy":"product_brand","embeddable":true,"href":"https:\/\/blankpage.ee\/_ruumist-ruumi\/wp-json\/wp\/v2\/product_brand?post=249972"},{"taxonomy":"product_cat","embeddable":true,"href":"https:\/\/blankpage.ee\/_ruumist-ruumi\/wp-json\/wp\/v2\/product_cat?post=249972"},{"taxonomy":"product_tag","embeddable":true,"href":"https:\/\/blankpage.ee\/_ruumist-ruumi\/wp-json\/wp\/v2\/product_tag?post=249972"}],"curies":[{"name":"wp","href":"https:\/\/api.w.org\/{rel}","templated":true}]}}