{"id":251196,"date":"2025-08-01T09:10:48","date_gmt":"2025-08-01T09:10:48","guid":{"rendered":"https:\/\/ruumistruumi.ee\/pood\/farmina-vet-life-ultrahypo-pvt050006s-5-kg-hudroluusitud-kalaga-veterinaarne-kuivtoit-taiskasvanud-ja-eakatele-kassidele-toiduallergia-ja-tundliku-naha-korral\/"},"modified":"2025-08-20T16:41:54","modified_gmt":"2025-08-20T16:41:54","slug":"farmina-vet-life-ultrahypo-pvt050006s-5-kg-hudroluusitud-kalaga-veterinaarne-kuivtoit-taiskasvanud-ja-eakatele-kassidele-toiduallergia-ja-tundliku-naha-korral","status":"publish","type":"product","link":"https:\/\/blankpage.ee\/_ruumist-ruumi\/pood\/farmina-vet-life-ultrahypo-pvt050006s-5-kg-hudroluusitud-kalaga-veterinaarne-kuivtoit-taiskasvanud-ja-eakatele-kassidele-toiduallergia-ja-tundliku-naha-korral\/","title":{"rendered":"Farmina Vet Life Ultrahypo PVT050006S 5 kg h\u00fcdrol\u00fc\u00fcsitud kalaga veterinaarne kuivtoit t\u00e4iskasvanud ja eakatele kassidele toiduallergia ja tundliku naha korral"},"content":{"rendered":"<h3>Farmina Vet Life Ultrahypo 5 kg h\u00fcpoallergeenne kassitoit kala baasil<\/h3>\n<p>Farmina Vet Life Natural Diet Cat Ultrahypo 5kg on t\u00e4isv\u00e4\u00e4rtuslik ja tasakaalustatud veterinaarne kuivtoit t\u00e4iskasvanud ja eakatele kassidele, kellel esineb toiduallergia, talumatus v\u00f5i naha ja karvkatte tundlikkus. See spetsiaalne dieettoit on loodud koost\u00f6\u00f6s veterinaar- ja toitumisspetsialistidega ning sobib k\u00f5igi kassit\u00f5ugude vajadustele, pakkudes leevendust toiduga seotud \u00fclitundlikkuse v\u00f5i nahaprobleemide korral. Toidu peamine valguallikas on h\u00fcdrol\u00fc\u00fcsitud kalavalk ning s\u00fcsivesikuna kasutatakse h\u00e4sti talutavat riisit\u00e4rklist.<\/p>\n<h3>Peamised omadused<\/h3>\n<ul>\n<li><strong>H\u00fcpoallergeenne koostis<\/strong> \u2013 toidu p\u00f5hikomponendiks on h\u00fcdrol\u00fc\u00fcsitud kalavalk, mis aitab v\u00e4hendada allergiaohtu, olles kergesti seeditav ja madala allergeensusega<\/li>\n<li><strong>Toiduallergiate leevendamiseks<\/strong> \u2013 sobib eliminatsioonidieediks ning aitab tuvastada v\u00f5i kontrollida kasside toidutalumatust<\/li>\n<li><strong>Rikastatud omega-3 rasvhapetega (1,7%)<\/strong> \u2013 toetab naha ja karvkatte tervist ning aitab v\u00e4hendada p\u00f5letikulisi protsesse<\/li>\n<li><strong>Sisaldab prebiootikume (frukto-oligosahhariide)<\/strong> \u2013 toetab seedetrakti mikrofloora tasakaalu ning seedimise head tervist<\/li>\n<li><strong>T\u00e4ielik vitamiinide ja mineraalide kompleks:<\/strong> A-, D3-, B-r\u00fchma vitamiinid, C- ja E-vitamiin, seleen, tsink, tauriin ja palju muud<\/li>\n<li><strong>Sobib k\u00f5ikidele kassit\u00f5ugudele<\/strong> \u2013 nii kodu- kui t\u00f5ukassidele alates t\u00e4iskasvanueast<\/li>\n<li><strong>Pakendatud 5 kg hermeetilisse kotti<\/strong> \u2013 tagab v\u00e4rskuse ja s\u00e4ilivuse<\/li>\n<\/ul>\n<h3>Tehnilised andmed<\/h3>\n<ul>\n<li>M\u00f5\u00f5tmed: 300 x 450 x 100 mm<\/li>\n<li>Netokaal: 5,1 kg (5100 g)<\/li>\n<li>EAN: 8010276031914<\/li>\n<li>Tootja: Farmina<\/li>\n<li>Tootjakood: PVT050006S<\/li>\n<li>Sobivus: t\u00e4iskasvanud ja eakad kassid (alates mature-vanusest)<\/li>\n<li>Alamkategooria: kuivtoit, veterinaardieet<\/li>\n<li>P\u00f5himaitse: kala<\/li>\n<li>Energia: 3745 kcal\/kg<\/li>\n<li>Pakendi t\u00fc\u00fcp: suletav kott<\/li>\n<li>Sobib k\u00f5ikidele kassit\u00f5ugudele<\/li>\n<li>Naturaalsed koostisosad, sobib tundliku seedimise ja naha jaoks<\/li>\n<\/ul>\n<h3>Koostis ja anal\u00fc\u00fctiline koostis<\/h3>\n<ul>\n<li>Peamine valguallikas: h\u00fcdrol\u00fc\u00fcsitud kalavalk<\/li>\n<li>Toorproteiin: 28%<\/li>\n<li>Toorrasv: 11%<\/li>\n<li>Toorkiud: 1,8%<\/li>\n<li>Toortuhk: 7,1%<\/li>\n<li>Omega-3 rasvhapped: 1,7%<\/li>\n<li>Kaltsium: 1%, fosfor: 0,8%, magneesium: 0,06%, kaalium: 0,6%, naatrium: 0,8%<\/li>\n<li>Tauriin: 3000 mg\/kg<\/li>\n<li>Seleen: 0,044 mg\/kg; jood: 1,56 mg\/kg<\/li>\n<li>Vitamiinid: A (22 000 IU\/kg), D3 (1500 IU\/kg), E (600 mg\/kg), C (300 mg\/kg), B9 (1,5 mg\/kg), B5 (50 mg\/kg), B6 (8,1 mg\/kg), B2 (20 mg\/kg), B12 (0,1 mg\/kg), niatsiin (150 mg\/kg), biotiin (1500 \u03bcg\/kg), tiamiin (10 mg\/kg), koliinkloriid (250 mg\/100g), L-karnitiin (300 mg\/kg)<\/li>\n<li>Lisatud mineraalid: tsink (130,5 mg\/kg), vask (10,8 mg\/kg), raud (43,1 mg\/kg), mangaan (65,5 mg\/kg)<\/li>\n<li>Muu: frukto-oligosahhariidid, saialille ekstrakt (luteiini allikas), beetakaroteen, DL-metioniin<\/li>\n<\/ul>\n<h3>Kasutamisjuhised ja hoiustamine<\/h3>\n<p>Toodet soovitatakse kasutada veterinaararsti soovitusel ning see sobib ka allergilistele v\u00f5i tundliku seedimisega kassidele. Uue toiduga alustades soovitatakse j\u00e4rk-j\u00e4rguline \u00fcleminek (v\u00e4hemalt 7\u201310 p\u00e4eva jooksul). P\u00e4evane annustamine s\u00f5ltub kassi kehakaalust ja vajadusest \u2013 t\u00e4psemad kogused on pakendil v\u00f5i k\u00fcsige n\u00f5u veterinaararstilt. V\u00e4rske joogivesi peab olema kassile alati k\u00e4ttesaadav.<br \/>\nHoiustada alati suletud pakendis, kuivas ja jahedas. Mitte lasta toodet s\u00fc\u00fca teistel loomadel ega lastel. Sobib kassidele kaaluga 2\u20134,9 kg ja on soovitatav t\u00e4iskasvanud v\u00f5i eakatele kassidele.<\/p>\n<h3>Usaldusv\u00e4\u00e4rsus ja kvaliteet<\/h3>\n<p>Farmina Vet Life Ultrahypo on teaduslikult testitud ja tunnustatud veterinaartoidu tootjate poolt. Toit sisaldab hoolikalt valitud h\u00fcpoallergeenseid koostisosi, mis toetavad kassi heaolu ja tervist. Pakendis on 5 kg kuivtoitu, mis sobib pikaajaliseks kasutamiseks.<\/p>\n<h3>Komplektis<\/h3>\n<ul>\n<li>1 x 5 kg suletav Farmina Vet Life Ultrahypo kassitoidukott<\/li>\n<\/ul>\n<p>Soovitame kasutada kuivtoidu s\u00e4ilitusanumat, et tagada toidu v\u00e4rskus ja maitse.<\/p>\n","protected":false},"excerpt":{"rendered":"<p>Farmina Vet Life Ultrahypo 5 kg on h\u00fcpoallergeenne kuivtoit t\u00e4iskasvanud ja eakatele kassidele, sobib toiduallergia ning tundliku naha v\u00f5i karvkatte korral. Peamised koostisosad on h\u00fcdrol\u00fc\u00fcsitud kalavalk ja riisit\u00e4rklis.<\/p>\n","protected":false},"featured_media":251195,"comment_status":"open","ping_status":"closed","template":"","meta":[],"product_brand":[7148],"product_cat":[7145],"product_tag":[],"class_list":{"0":"post-251196","1":"product","2":"type-product","3":"status-publish","4":"has-post-thumbnail","6":"product_brand-farmina","7":"product_cat-veterinaarne-kuivtoit-kassidele","8":"product_shipping_class-action","9":"pa_a-vitamiini-sisaldus-22000-iu-kg","10":"pa_b12-vitamiini-sisaldus-01-mg-kg","11":"pa_b6-vitamiini-sisaldus-81-mg-kg","12":"pa_biotiini-sisaldus-1500-g-kg","13":"pa_c-vitamiini-sisaldus-300-mg-kg","14":"pa_d3-vitamiini-sisaldus-1500-iu-kg","15":"pa_e-vitamiini-sisaldus-600-mg-kg","16":"pa_foolhape-b9-sisaldus-15-mg-kg","17":"pa_fosfor-8497","18":"pa_hoiatused-ara-lase-lastel-voi-teistel-loomadel-toodet-suua","19":"pa_hoiatused-hoia-toodet-alati-suletud-anumas-2","20":"pa_hoiatused-hoida-kuivas-ja-jahedas-kohas","21":"pa_joodi-sisaldus-156-mg-kg","22":"pa_kaaliumi-sisaldus-10694","23":"pa_kaaluvahemik-2-kg-49-kg","24":"pa_kaltsium-8240","25":"pa_kogus-7234","26":"pa_koliin-kloriid-100g-kohta-250-mg","27":"pa_l-karntiini-sisaldus-300-mg-kg","28":"pa_lemmiku-eluetapp-eakad","29":"pa_lemmiku-eluetapp-taiskasvanud","30":"pa_lemmiku-vajadused-nahk-ja-karv","31":"pa_lemmiku-vajadused-toiduallergia","32":"pa_lemmiku-vanus-eakas","33":"pa_lemmiku-vanus-taiskasvanu","34":"pa_lisafunktsioonid-toidu-ulitundlikkus","35":"pa_magneesiumi-sisaldus-8285","36":"pa_mangaani-sisaldus-655-mg-kg","37":"pa_naatrium-08-2","38":"pa_niatsiin-b3-sisaldus-150-mg-kg","39":"pa_omega-3-rasvhapped-10692","40":"pa_pakendi-tuup-kott","41":"pa_pantoteenhape-b5-sisaldus-50-mg-kg","42":"pa_pohimaitse-kala","43":"pa_proteiin-7440","44":"pa_rasva-sisaldus-7797","45":"pa_raua-sisaldus-431-mg-kg","46":"pa_riboflaviin-b2-sisaldus-20-mg-kg","47":"pa_seeria-farmina-vet-life","48":"pa_seleeni-sisaldus-0044-mg-kg","49":"pa_sisaldab-vitamiine-vitamiin-b9-foolhape","50":"pa_sobivus-kassile","51":"pa_tauriini-sisaldus-3000-mg-kg","52":"pa_tiamiin-b1-sisaldus-10-mg-kg","53":"pa_toorkiud-7843","54":"pa_toorvalk-10691","55":"pa_tou-suurus-sobib-koikidele-tougudele","56":"pa_tsingi-sisaldus-1305-mg-kg","57":"pa_vase-sisaldus-108-mg-kg","59":"first","60":"instock","61":"taxable","62":"shipping-taxable","63":"purchasable","64":"product-type-simple"},"_links":{"self":[{"href":"https:\/\/blankpage.ee\/_ruumist-ruumi\/wp-json\/wp\/v2\/product\/251196","targetHints":{"allow":["GET"]}}],"collection":[{"href":"https:\/\/blankpage.ee\/_ruumist-ruumi\/wp-json\/wp\/v2\/product"}],"about":[{"href":"https:\/\/blankpage.ee\/_ruumist-ruumi\/wp-json\/wp\/v2\/types\/product"}],"replies":[{"embeddable":true,"href":"https:\/\/blankpage.ee\/_ruumist-ruumi\/wp-json\/wp\/v2\/comments?post=251196"}],"wp:featuredmedia":[{"embeddable":true,"href":"https:\/\/blankpage.ee\/_ruumist-ruumi\/wp-json\/wp\/v2\/media\/251195"}],"wp:attachment":[{"href":"https:\/\/blankpage.ee\/_ruumist-ruumi\/wp-json\/wp\/v2\/media?parent=251196"}],"wp:term":[{"taxonomy":"product_brand","embeddable":true,"href":"https:\/\/blankpage.ee\/_ruumist-ruumi\/wp-json\/wp\/v2\/product_brand?post=251196"},{"taxonomy":"product_cat","embeddable":true,"href":"https:\/\/blankpage.ee\/_ruumist-ruumi\/wp-json\/wp\/v2\/product_cat?post=251196"},{"taxonomy":"product_tag","embeddable":true,"href":"https:\/\/blankpage.ee\/_ruumist-ruumi\/wp-json\/wp\/v2\/product_tag?post=251196"}],"curies":[{"name":"wp","href":"https:\/\/api.w.org\/{rel}","templated":true}]}}