{"id":251394,"date":"2025-08-01T13:59:14","date_gmt":"2025-08-01T13:59:14","guid":{"rendered":"https:\/\/ruumistruumi.ee\/pood\/vetexpert-veterinary-diet-dermatosis-2-kg-kuuliku-monoproteiiniga-gluteenivaba-kuivtoit-taiskasvanud-koertele-naha-ja-karvkatte-toetuseks\/"},"modified":"2025-08-20T16:32:51","modified_gmt":"2025-08-20T16:32:51","slug":"vetexpert-veterinary-diet-dermatosis-2-kg-kuuliku-monoproteiiniga-gluteenivaba-kuivtoit-taiskasvanud-koertele-naha-ja-karvkatte-toetuseks","status":"publish","type":"product","link":"https:\/\/blankpage.ee\/_ruumist-ruumi\/pood\/vetexpert-veterinary-diet-dermatosis-2-kg-kuuliku-monoproteiiniga-gluteenivaba-kuivtoit-taiskasvanud-koertele-naha-ja-karvkatte-toetuseks\/","title":{"rendered":"VetExpert Veterinary Diet Dermatosis 2 kg k\u00fc\u00fcliku-monoproteiiniga gluteenivaba kuivtoit t\u00e4iskasvanud koertele naha ja karvkatte toetuseks"},"content":{"rendered":"<h3>VetExpert Veterinary Diet Dermatosis 2 kg k\u00fc\u00fcliku-monoproteiiniga gluteenivaba kuivtoit t\u00e4iskasvanud koertele naha ja karvkatte toetuseks<\/h3>\n<p>VetExpert Veterinary Diet Dermatosis Dog Rabbit &amp; Potato on spetsiaalne veterinaarne kuivtoit t\u00e4iskasvanud koertele, kellel esinevad nahaprobleemid, talumatus teatud toiduainete suhtes v\u00f5i allergiad. Toit sisaldab ainult \u00fchte loomset valguallikat \u2013 k\u00fc\u00fclikut \u2013 ning kartulit, mis tagab hea seeduvuse ja aitab v\u00e4hendada allergiaohtu. Sobib igat t\u00f5ugu koertele, on teravilja- ja gluteenivaba ning toetab naha ja karvkatte normaalset seisundit ning aitab v\u00e4hendada toiduainete p\u00f5hjustatud \u00fclitundlikkust.<\/p>\n<h3>Peamised omadused<\/h3>\n<ul>\n<li><strong>Monoproteiiniline \u2013 ainult k\u00fc\u00fclikuliha<\/strong>, mis v\u00e4hendab toiduallergiate riski eriti tundlikel koertel.<\/li>\n<li><strong>Teravilja- ja gluteenivaba<\/strong> \u2013 sobib h\u00e4sti teravilja- ja gluteenitalumatusega koertele.<\/li>\n<li><strong>Ei sisalda kana ega soja<\/strong> \u2013 sobib kanaliha- ja sojavalkude suhtes tundlikele loomadele.<\/li>\n<li>Rikkalikult oomega-3- ja oomega-6-rasvhappeid naha ja karvkatte toetuseks.<\/li>\n<li>Sobib k\u00f5ikidele t\u00e4iskasvanud koerat\u00f5ugudele, sh v\u00e4ikestele ja suurtele t\u00f5ugudele.<\/li>\n<li>Toode on suhkruvaba ja ei sisalda kunstlikke v\u00e4rvaineid.<\/li>\n<li>Prebiootikumid (FOS, MOS) toetavad seedimist ja soolestiku mikrofloorat.<\/li>\n<\/ul>\n<h3>Tehnilised andmed<\/h3>\n<ul>\n<li>P\u00f5himaitse: k\u00fc\u00fclik<\/li>\n<li>Pakendi suurus: 2 kg (sobib v\u00e4ikeste ja keskmiste koerte igap\u00e4evaseks toiduks)<\/li>\n<li>Pakendi t\u00fc\u00fcp: kott<\/li>\n<li>M\u00f5\u00f5tmed: 190 x 330 x 100 mm<\/li>\n<li>Kaal: 2100 g<\/li>\n<li>Koostisosad: v\u00e4rske k\u00fc\u00fclikuliha (35%), kuivatatud k\u00fc\u00fclikuliha (20%), kartul (20%), h\u00fcdrol\u00fc\u00fcsitud k\u00fc\u00fclikuliha (5%), kartulivalk, taimsed \u00f5lid ja rasvad, p\u00e4rm, prebiootikumid (FOS, MOS), inuliin, naatriumkloriid, naatriumpol\u00fcfosfaadid, kaaliumkloriid, mineraalained ja vitamiinid, Yucca schidigera, ingver.<\/li>\n<li>Proteiin: 26%<\/li>\n<li>Rasva sisaldus: 15%<\/li>\n<li>Toorkiud: 2,5%<\/li>\n<li>Toortuhk: 7,2%<\/li>\n<li>Niiskuse sisaldus: 9%<\/li>\n<li>Ilma gluteeni, soja, kana ja kunstlike v\u00e4rvaineteta<\/li>\n<li>EAN: 5902414203129<\/li>\n<\/ul>\n<h3>Kasutamisjuhised<\/h3>\n<p>Paku toitu vastavalt koera kehakaalule ja aktiivsustasemele pakendil toodud juhiste j\u00e4rgi. Allergiate v\u00f5i nahaprobleemide korral v\u00f5ib kasutada esmase ravitoiduna ning vajadusel ka pikaajaliselt. Enne toitumise muutmist v\u00f5i toidulisandi kasutamise pikendamist soovitame konsulteerida veterinaararstiga. Koeral peab olema alati juurdep\u00e4\u00e4s v\u00e4rskele joogiveele.<\/p>\n<p>Hoida kuivas ja jahedas kohas, eemal otsesest p\u00e4ikesevalgusest. V\u00f5imalike toidutalumatuse s\u00fcmptomite korral katkestada andmine ja p\u00f6\u00f6rduda loomaarsti poole.<\/p>\n<h3>Miks valida VetExpert Veterinary Diet Dermatosis?<\/h3>\n<ul>\n<li>L\u00e4bim\u00f5eldud koostis, mis v\u00e4hendab allergiate ja talumatuse tekkimise riski.<\/li>\n<li>Spetsiaalselt koostatud naha ja karvkatte toetamiseks.<\/li>\n<li>K\u00f5rge toitev\u00e4\u00e4rtusega ja tasakaalustatud koostis.<\/li>\n<li>Sobib erineva suuruse ja t\u00f5uga t\u00e4iskasvanud koertele.<\/li>\n<\/ul>\n<p><strong>VetExpert Veterinary Diet Dermatosis Dog Rabbit &amp; Potato 2 kg<\/strong> on usaldusv\u00e4\u00e4rne valik t\u00e4iskasvanud koertele naha, karvkatte ja heaolu toetamiseks \u2013 eriti tundlikele v\u00f5i allergiale kalduvatele lemmikutele.<\/p>\n","protected":false},"excerpt":{"rendered":"<p>VetExpert Veterinary Diet Dermatosis k\u00fc\u00fclikuga koeratoit on gluteenivaba kuivtoit, mis toetab t\u00e4iskasvanud koerte nahka ja karvkatet allergia v\u00f5i toidutalumatuse korral. Monoproteiinne koostis sobib igat t\u00f5ugu koertele.<\/p>\n","protected":false},"featured_media":251393,"comment_status":"open","ping_status":"closed","template":"","meta":[],"product_brand":[7147],"product_cat":[7155],"product_tag":[],"class_list":{"0":"post-251394","1":"product","2":"type-product","3":"status-publish","4":"has-post-thumbnail","6":"product_brand-vetexpert","7":"product_cat-veterinaarne-kuivtoit-koertele","8":"product_shipping_class-action","9":"pa_annustamise-vorm-tahke","10":"pa_gluteenivaba-jah","11":"pa_hoiatused-et-valtida-toidu-saastumist-jalgi-soovitatud-toitmisnormi-vastavalt-pakendil-olevale-juhendile","12":"pa_hoiatused-hoida-kuivas-ja-jahedas-2","13":"pa_hoiatused-otsese-paikesevalguse-eest-kaitstud-kohas-hoida-koera-toidukauss-alati-puhtana","14":"pa_hooajapakkumine-kevad","15":"pa_ilma-kunstlike-varvideta-jah","16":"pa_kaaluvahemik-2-kg-49-kg","17":"pa_koeratoug-iga-toug","18":"pa_lemmiku-eluetapp-taiskasvanud","19":"pa_lemmiku-vajadused-allergiline","20":"pa_lemmiku-vajadused-naha-ja-karva-jaoks","21":"pa_lemmiku-vajadused-teraviljatalumatus","22":"pa_lemmiku-vajadused-toiduallergia","23":"pa_lemmiku-vajadused-toidutalumatuse-vahendamine","24":"pa_lemmiku-vanus-taiskasvanu","25":"pa_lisafunktsioonid-allergia","26":"pa_lisafunktsioonid-gluteenivaba","27":"pa_lisafunktsioonid-kanavaba","28":"pa_lisafunktsioonid-karva-ja-naha-jaoks","29":"pa_lisafunktsioonid-monoproteiin","30":"pa_lisafunktsioonid-teraviljavaba","31":"pa_lisafunktsioonid-toidutundlikkus","32":"pa_niiskuse-sisaldus-8447","33":"pa_pakendi-tuup-kott","34":"pa_pohimaitse-kuulik","35":"pa_proteiin-7689","36":"pa_rasva-sisaldus-7449","37":"pa_sobivus-koerale","38":"pa_sojavaba-jah","39":"pa_suhkruvaba-jah","40":"pa_toorkiud-7698","41":"pa_toorvalk-8780","42":"pa_tou-suurus-sobib-koikidele-tougudele","44":"first","45":"instock","46":"taxable","47":"shipping-taxable","48":"purchasable","49":"product-type-simple"},"_links":{"self":[{"href":"https:\/\/blankpage.ee\/_ruumist-ruumi\/wp-json\/wp\/v2\/product\/251394","targetHints":{"allow":["GET"]}}],"collection":[{"href":"https:\/\/blankpage.ee\/_ruumist-ruumi\/wp-json\/wp\/v2\/product"}],"about":[{"href":"https:\/\/blankpage.ee\/_ruumist-ruumi\/wp-json\/wp\/v2\/types\/product"}],"replies":[{"embeddable":true,"href":"https:\/\/blankpage.ee\/_ruumist-ruumi\/wp-json\/wp\/v2\/comments?post=251394"}],"wp:featuredmedia":[{"embeddable":true,"href":"https:\/\/blankpage.ee\/_ruumist-ruumi\/wp-json\/wp\/v2\/media\/251393"}],"wp:attachment":[{"href":"https:\/\/blankpage.ee\/_ruumist-ruumi\/wp-json\/wp\/v2\/media?parent=251394"}],"wp:term":[{"taxonomy":"product_brand","embeddable":true,"href":"https:\/\/blankpage.ee\/_ruumist-ruumi\/wp-json\/wp\/v2\/product_brand?post=251394"},{"taxonomy":"product_cat","embeddable":true,"href":"https:\/\/blankpage.ee\/_ruumist-ruumi\/wp-json\/wp\/v2\/product_cat?post=251394"},{"taxonomy":"product_tag","embeddable":true,"href":"https:\/\/blankpage.ee\/_ruumist-ruumi\/wp-json\/wp\/v2\/product_tag?post=251394"}],"curies":[{"name":"wp","href":"https:\/\/api.w.org\/{rel}","templated":true}]}}