{"id":251399,"date":"2025-08-01T13:59:29","date_gmt":"2025-08-01T13:59:29","guid":{"rendered":"https:\/\/ruumistruumi.ee\/pood\/vetexpert-veterinary-diet-dermatosis-lohe-ja-kartuliga-kuivtoit-allergilisele-taiskasvanud-koerale-12-kg\/"},"modified":"2025-08-20T16:32:42","modified_gmt":"2025-08-20T16:32:42","slug":"vetexpert-veterinary-diet-dermatosis-lohe-ja-kartuliga-kuivtoit-allergilisele-taiskasvanud-koerale-12-kg","status":"publish","type":"product","link":"https:\/\/blankpage.ee\/_ruumist-ruumi\/pood\/vetexpert-veterinary-diet-dermatosis-lohe-ja-kartuliga-kuivtoit-allergilisele-taiskasvanud-koerale-12-kg\/","title":{"rendered":"VetExpert Veterinary Diet Dermatosis l\u00f5he ja kartuliga kuivtoit allergilisele t\u00e4iskasvanud koerale, 12 kg"},"content":{"rendered":"<h3>VetExpert Veterinary Diet Dermatosis l\u00f5he ja kartuliga kuivtoit allergilisele koerale, 12 kg<\/h3>\n<p>VetExpert Veterinary Diet Dermatosis Salmon &amp; Potato on monoproteiinne, gluteenivaba kuivtoit, mis on v\u00e4lja t\u00f6\u00f6tatud spetsiaalselt t\u00e4iskasvanud koertele, kellel esinevad naha- ja karvaprobleemid, toiduallergiad v\u00f5i talumatus. Tootes kasutatakse ainult l\u00f5het loomse valguallikana, mis v\u00e4hendab m\u00e4rkimisv\u00e4\u00e4rselt allergiliste reaktsioonide riski ning toetab karvkatte ja naha tervist. See toit sobib igas suuruses ja t\u00f5ust t\u00e4iskasvanud koerale ning pakub tasakaalustatud ja toitaineterikast lahendust toidutundlikkusega lemmiku igap\u00e4evaseks s\u00f6\u00f6tmiseks.<\/p>\n<h3>Peamised omadused<\/h3>\n<ul>\n<li>Monoproteiin \u2013 ainult l\u00f5he loomse valguna (ei sisalda kana)<\/li>\n<li>Gluteenivaba ja sojavaba koostis<\/li>\n<li>Sobib toiduallergiatega v\u00f5i -talumatusega koertele<\/li>\n<li>Toetab naha ja karvkatte tervist<\/li>\n<li>Ei sisalda kunstlikke v\u00e4rv- ega maitseaineid<\/li>\n<li>Sobib igat t\u00f5ugu ja suurust t\u00e4iskasvanud koerale<\/li>\n<li>Suhkruvaba ja kergesti seeditav<\/li>\n<li>Pakub tuge dermatoosi ning liigse karvakaotuse korral<\/li>\n<\/ul>\n<h3>Tehnilised andmed<\/h3>\n<ul>\n<li>P\u00f5himaitse: l\u00f5he<\/li>\n<li>Koostis: v\u00e4rske l\u00f5he (40%), l\u00f5hejahu (25%), kartul (20%), loomsed rasvad, riis, peedipulp, kalajahu, p\u00e4rm, h\u00fcdrol\u00fc\u00fcsitud l\u00f5he, inuliin (FOS), MOS, sidruniekstrakt, Yucca schidigera ekstrakt, ingver<\/li>\n<li>Kaal: 12 kg<\/li>\n<li>Pakendi t\u00fc\u00fcp: kott<\/li>\n<li>M\u00f5\u00f5tmed: 370 \u00d7 470 \u00d7 120 mm<\/li>\n<li>Toorproteiin: 28%<\/li>\n<li>Rasvasisaldus: 18%<\/li>\n<li>Toorkiud: 2,3%<\/li>\n<li>Toortuhk: 7%<\/li>\n<li>Niiskus: 9%<\/li>\n<li>Energia: 399 kcal \/ 100 g<\/li>\n<li>Omega-3: 1,10%, Omega-6: 2,95%, EPA + DHA: 0,50%<\/li>\n<li>Sobivus: t\u00e4iskasvanud koer, k\u00f5ik t\u00f5ud ja suurused<\/li>\n<li>Allergeenivaba: kana-, soja- ja gluteenivaba<\/li>\n<li>Sobib: toiduallergiatele, toidutalumatuse v\u00e4hendamiseks, naha ja karvkatte toetamiseks<\/li>\n<\/ul>\n<h3>Kasutamisjuhised<\/h3>\n<p>S\u00f6\u00f6da vastavalt loomaarsti soovitustele v\u00f5i pakendil toodud juhisele. P\u00e4evane annus s\u00f5ltub koera kehakaalust, aktiivsustasemest ja tervislikust seisundist. N\u00e4idisannus: 10 kg kaaluv koer \u2013 umbes 155 g p\u00e4evas. Toitu v\u00f5ib kasutada dermatoosi ja liigse karvakaotuse korral kuni 2 kuud ning koostisosade ja toitainete talumatuse korral 3\u20138 n\u00e4dalat. Vajadusel v\u00f5ib kasutamist j\u00e4tkata p\u00e4rast loomaarstiga konsulteerimist. J\u00e4lgige, et koeral oleks alati k\u00e4ttesaadav puhas v\u00e4rske joogivesi.<\/p>\n<p>S\u00e4ilitage toitu kuivas ja jahedas kohas, otsese p\u00e4ikesevalguse eest. Puhastage regulaarselt toidukaussi, et v\u00e4ltida toidu saastumist.<\/p>\n<h3>Pakend ja s\u00e4ilitamine<\/h3>\n<p>VetExpert Veterinary Diet Dermatosis Dog Salmon &amp; Potato on toodetud k\u00f5rgeima kvaliteediga toorainest ning ei sisalda kunstlikke lisaaineid. Kvaliteetne 12 kg pakend v\u00f5imaldab mugavat hoiustamist ja toidu v\u00e4rskuse s\u00e4ilimist. S\u00e4ilivusaeg on m\u00e4rgitud pakendil.<\/p>\n<h3>Pakendis<\/h3>\n<ul>\n<li>12 kg kott kuivtoitu<\/li>\n<li>S\u00f6\u00f6tmisjuhend pakendil<\/li>\n<\/ul>\n<h3>Miks valida see toode?<\/h3>\n<p>VetExpert Veterinary Diet Dermatosis l\u00f5he ja kartuliga koeratoit on h\u00e4sti sobiv valik allergilise v\u00f5i tundliku seedimisega t\u00e4iskasvanud lemmikule. See toetab naha ja karvkatte loomulikku seisundit ning aitab v\u00e4hendada allergiliste reaktsioonide riski. Lihtne annustamine ning kvaliteetne koostis teevad igap\u00e4evase toitmise muretuks.<\/p>\n","protected":false},"excerpt":{"rendered":"<p>VetExpert Veterinary Diet Dermatosis l\u00f5he ja kartuliga kuivtoit on gluteenivaba ning sobib allergilistele t\u00e4iskasvanud koertele, toetades naha ja karvkatte tervist.<\/p>\n","protected":false},"featured_media":251398,"comment_status":"open","ping_status":"closed","template":"","meta":[],"product_brand":[7147],"product_cat":[7155],"product_tag":[],"class_list":{"0":"post-251399","1":"product","2":"type-product","3":"status-publish","4":"has-post-thumbnail","6":"product_brand-vetexpert","7":"product_cat-veterinaarne-kuivtoit-koertele","8":"product_shipping_class-action","9":"pa_annustamise-vorm-tahke","10":"pa_gluteenivaba-jah","11":"pa_hoiatused-et-koera-kauss-oleks-alati-puhas","12":"pa_hoiatused-hoida-kuivas-ja-jahedas-2","13":"pa_hoiatused-jalgi-soovituslikku-sootmiskogust-vastavalt-pakendil-toodud-juhistele","14":"pa_hoiatused-otsese-paikesevalguse-eest-kaitstult","15":"pa_hoiatused-tagage","16":"pa_hoiatused-valtimaks-toidu-saastumist","17":"pa_hooajapakkumine-kevad","18":"pa_ilma-kunstlike-varvideta-jah","19":"pa_kaaluvahemik-10-kg-159-kg","20":"pa_koeratoug-koik-toud","21":"pa_lemmiku-eluetapp-taiskasvanud","22":"pa_lemmiku-vajadused-allergiline","23":"pa_lemmiku-vajadused-nahk-ja-karvkate","24":"pa_lemmiku-vajadused-toiduallergia","25":"pa_lemmiku-vajadused-toidutalumatuse-vahendamine","26":"pa_lemmiku-vanus-taiskasvanu","27":"pa_lisafunktsioonid-allergia","28":"pa_lisafunktsioonid-gluteenivaba","29":"pa_lisafunktsioonid-kanavaba","30":"pa_lisafunktsioonid-monoproteiin","31":"pa_lisafunktsioonid-nahk-ja-karvkate","32":"pa_lisafunktsioonid-toidutalumatus","33":"pa_niiskuse-sisaldus-8447","34":"pa_pakendi-tuup-kott","35":"pa_pohimaitse-lohe","36":"pa_proteiin-7440","37":"pa_rasva-sisaldus-7459","38":"pa_sobivus-koerale","39":"pa_sojavaba-jah","40":"pa_suhkruvaba-jah","41":"pa_toorkiud-8791","42":"pa_toorvalk-7427","43":"pa_tou-suurus-sobib-koikidele-tougudele","45":"first","46":"instock","47":"taxable","48":"shipping-taxable","49":"purchasable","50":"product-type-simple"},"_links":{"self":[{"href":"https:\/\/blankpage.ee\/_ruumist-ruumi\/wp-json\/wp\/v2\/product\/251399","targetHints":{"allow":["GET"]}}],"collection":[{"href":"https:\/\/blankpage.ee\/_ruumist-ruumi\/wp-json\/wp\/v2\/product"}],"about":[{"href":"https:\/\/blankpage.ee\/_ruumist-ruumi\/wp-json\/wp\/v2\/types\/product"}],"replies":[{"embeddable":true,"href":"https:\/\/blankpage.ee\/_ruumist-ruumi\/wp-json\/wp\/v2\/comments?post=251399"}],"wp:featuredmedia":[{"embeddable":true,"href":"https:\/\/blankpage.ee\/_ruumist-ruumi\/wp-json\/wp\/v2\/media\/251398"}],"wp:attachment":[{"href":"https:\/\/blankpage.ee\/_ruumist-ruumi\/wp-json\/wp\/v2\/media?parent=251399"}],"wp:term":[{"taxonomy":"product_brand","embeddable":true,"href":"https:\/\/blankpage.ee\/_ruumist-ruumi\/wp-json\/wp\/v2\/product_brand?post=251399"},{"taxonomy":"product_cat","embeddable":true,"href":"https:\/\/blankpage.ee\/_ruumist-ruumi\/wp-json\/wp\/v2\/product_cat?post=251399"},{"taxonomy":"product_tag","embeddable":true,"href":"https:\/\/blankpage.ee\/_ruumist-ruumi\/wp-json\/wp\/v2\/product_tag?post=251399"}],"curies":[{"name":"wp","href":"https:\/\/api.w.org\/{rel}","templated":true}]}}