{"id":251550,"date":"2025-08-01T14:08:12","date_gmt":"2025-08-01T14:08:12","guid":{"rendered":"https:\/\/ruumistruumi.ee\/pood\/trovet-hypoallergenic-hpd-horse-3kg-gluteeni-ja-teraviljavaba-kuivtoit-taiskasvanud-koertele-toiduallergiate-korral\/"},"modified":"2025-08-20T16:25:48","modified_gmt":"2025-08-20T16:25:48","slug":"trovet-hypoallergenic-hpd-horse-3kg-gluteeni-ja-teraviljavaba-kuivtoit-taiskasvanud-koertele-toiduallergiate-korral","status":"publish","type":"product","link":"https:\/\/blankpage.ee\/_ruumist-ruumi\/pood\/trovet-hypoallergenic-hpd-horse-3kg-gluteeni-ja-teraviljavaba-kuivtoit-taiskasvanud-koertele-toiduallergiate-korral\/","title":{"rendered":"TROVET Hypoallergenic HPD Horse 3kg gluteeni- ja teraviljavaba kuivtoit t\u00e4iskasvanud koertele toiduallergiate korral"},"content":{"rendered":"<h3>TROVET Hypoallergenic HPD Horse 3kg \u2013 hobuseliha hipoallergeenne koeratoit t\u00e4iskasvanud koertele<\/h3>\n<p>TROVET Hypoallergenic HPD Horse 3kg kuivtoit on spetsiaalselt v\u00e4lja t\u00f6\u00f6tatud toidutundlikele ja allergilistele koertele. Selle koostises on kasutatud ainult hobuseliha kui ainsat loomset valguallikat ning kartulit peamise s\u00fcsivesikuna, mis aitab v\u00e4hendada allergiliste reaktsioonide ja toidutalumatuse riski. Gluteeni, teraviljade, suhkru, soja ja kana puudumine teeb sellest t\u00e4iss\u00f6\u00f6da koertele, kellel esineb sage seedimisprobleem v\u00f5i naha\u00e4rritus. Toit sobib k\u00f5igile t\u00f5ugudele ja suurustele ning sisaldab vajalikke toitaineid t\u00e4iskasvanud koera tervise toetamiseks.<\/p>\n<h3>Peamised omadused<\/h3>\n<ul>\n<li>Hipoallergeenne \u2013 sobib koertele, kellel esineb toiduallergiaid ja talumatust<\/li>\n<li>Ainus valgualikas ja s\u00fcsivesik: hobuseliha ja kartul<\/li>\n<li>Gluteeni- ja teraviljavaba, soja- ja kanavaba retsept<\/li>\n<li>Sobib k\u00f5ikidele t\u00f5ugudele ja suurustele<\/li>\n<li>Toetab seedimist ja aitab v\u00e4hendada allergilisi reaktsioone<\/li>\n<li>Suhkruvaba ning ilma kunstlike v\u00e4rvaineteta<\/li>\n<li>T\u00e4iss\u00f6\u00f6t \u2013 ei vaja lisandeid<\/li>\n<li>Toetab lihaste arengut ja s\u00e4ilitamist k\u00f5rge valgusisalduse t\u00f5ttu<\/li>\n<\/ul>\n<h3>Tehnilised andmed<\/h3>\n<ul>\n<li>Pakendi kaal: 3 kg (sobib v\u00e4ikestele ja keskmistele koertele)<\/li>\n<li>Pakendi m\u00f5\u00f5dud: 264 x 125 x 348 mm<\/li>\n<li>Kaal koos pakendiga: 3064 g<\/li>\n<li>Peamine valguallikas: hobuseliha<\/li>\n<li>Proteiinisisaldus: 24%<\/li>\n<li>Rasvasisaldus: 14%<\/li>\n<li>Toorvalk: 7%<\/li>\n<li>Toorkiud: 2%<\/li>\n<li>Niiskusesisaldus: 8%<\/li>\n<li>Pakend: kott, mugav s\u00e4ilitada<\/li>\n<li>EAN: 8413037376666<\/li>\n<\/ul>\n<h3>Kasutamisjuhised<\/h3>\n<p>S\u00f6\u00f6ta tuleks anda vastavalt pakendil toodud soovituslikule annusele, arvestades koera kehakaalu ja aktiivsust. Toodet oleks soovitatav kasutada esialgu 3\u20138 n\u00e4dalat. Kui tundlikkuse s\u00fcmptomid kaovad, v\u00f5ib j\u00e4tkata pikaajalise dieedina igap\u00e4evase t\u00e4iss\u00f6\u00f6dana. Hoida toodet kuivas ja jahedas, kaitsta otsese p\u00e4ikese eest. Tagada alati juurdep\u00e4\u00e4s puhtale joogiveele ja hoida koera toidukauss puhtana v\u00f5imaliku toidu riknemise v\u00e4ltimiseks.<\/p>\n<h3>Toote eelised<\/h3>\n<p>&#8220;TROVET Hypoallergenic HPD Horse&#8221; on t\u00e4ielik ja tasakaalustatud t\u00e4iss\u00f6\u00f6t \u2013 ei vaja lisavitamiine ega -mineraale. Toit on gluteeni- ja teraviljavaba ning sobib ideaalselt allergilistele koertele. 3 kg pakend on mugav v\u00e4ikeste ja keskmiste koerte majapidamisse.<\/p>\n<h3>Komplektis<\/h3>\n<ul>\n<li>1 x TROVET Hypoallergenic HPD Horse 3kg kuivtoit<\/li>\n<li>Kasutusjuhend ja annustamistabel pakendil<\/li>\n<\/ul>\n<p>Toode sobib pikaajaliseks kasutamiseks. Kui tekib kahtlusi toidutalumatuse v\u00f5i sobivuse kohta, soovitame konsulteerida loomaarstiga. HPD Horse kuivtoiduga on tagatud, et teie koer saab vajalikud ja kvaliteetsed koostisosad igap\u00e4evaselt.<\/p>\n","protected":false},"excerpt":{"rendered":"<p>TROVET Hypoallergenic HPD Horse 3kg kuivtoit on hobuseliha baasil valmistatud gluteeni- ja teraviljavaba t\u00e4iss\u00f6\u00f6t t\u00e4iskasvanud koertele, sobides eriti h\u00e4sti toiduallergiatega lemmikutele.<\/p>\n","protected":false},"featured_media":251549,"comment_status":"open","ping_status":"closed","template":"","meta":[],"product_brand":[7151],"product_cat":[7155],"product_tag":[],"class_list":{"0":"post-251550","1":"product","2":"type-product","3":"status-publish","4":"has-post-thumbnail","6":"product_brand-trovet","7":"product_cat-veterinaarne-kuivtoit-koertele","8":"product_shipping_class-action","9":"pa_annustamise-vorm-tahke","10":"pa_gluteenivaba-jah","11":"pa_hoiatused-et-valtida-toidu-saastumist-jargige-soovitatud-sootmise-maara-vastavalt-pakendil-toodud-juhistele","12":"pa_hoiatused-hoida-kuivas-ja-jahedas-2","13":"pa_hoiatused-kaitsta-otsese-paikesevalguse-eest-hoida-lastele-kattesaamatus-kohas-hoida-kuivas-ja-jahedas-kohas-tagada-juurdepaas-varskele-veele-hoidke-koera-kauss-alati-puhas","14":"pa_ilma-kunstlike-varvideta-jah","15":"pa_kaaluvahemik-2-kg-49-kg","16":"pa_koeratoug-koik-toud","17":"pa_lemmiku-eluetapp-taiskasvanud","18":"pa_lemmiku-vajadused-allergiline","19":"pa_lemmiku-vajadused-oige-seedimine","20":"pa_lemmiku-vajadused-toiduallergia","21":"pa_lemmiku-vanus-taiskasvanu","22":"pa_lisafunktsioonid-allergia","23":"pa_lisafunktsioonid-gluteenivaba","24":"pa_lisafunktsioonid-kanavaba","25":"pa_lisafunktsioonid-lihaste-ehitus","26":"pa_lisafunktsioonid-seedimise-tugi","27":"pa_lisafunktsioonid-teraviljavaba","28":"pa_niiskuse-sisaldus-7412","29":"pa_pakendi-tuup-kott","30":"pa_pohimaitse-hobune","31":"pa_proteiin-7859","32":"pa_rasva-sisaldus-7733","33":"pa_sobivus-koerale","34":"pa_sojavaba-jah","35":"pa_suhkruvaba-jah","36":"pa_toorkiud-7300","37":"pa_toorvalk-7427","38":"pa_tou-suurus-sobilik-koikidele-tougudele","40":"first","41":"instock","42":"taxable","43":"shipping-taxable","44":"purchasable","45":"product-type-simple"},"_links":{"self":[{"href":"https:\/\/blankpage.ee\/_ruumist-ruumi\/wp-json\/wp\/v2\/product\/251550","targetHints":{"allow":["GET"]}}],"collection":[{"href":"https:\/\/blankpage.ee\/_ruumist-ruumi\/wp-json\/wp\/v2\/product"}],"about":[{"href":"https:\/\/blankpage.ee\/_ruumist-ruumi\/wp-json\/wp\/v2\/types\/product"}],"replies":[{"embeddable":true,"href":"https:\/\/blankpage.ee\/_ruumist-ruumi\/wp-json\/wp\/v2\/comments?post=251550"}],"wp:featuredmedia":[{"embeddable":true,"href":"https:\/\/blankpage.ee\/_ruumist-ruumi\/wp-json\/wp\/v2\/media\/251549"}],"wp:attachment":[{"href":"https:\/\/blankpage.ee\/_ruumist-ruumi\/wp-json\/wp\/v2\/media?parent=251550"}],"wp:term":[{"taxonomy":"product_brand","embeddable":true,"href":"https:\/\/blankpage.ee\/_ruumist-ruumi\/wp-json\/wp\/v2\/product_brand?post=251550"},{"taxonomy":"product_cat","embeddable":true,"href":"https:\/\/blankpage.ee\/_ruumist-ruumi\/wp-json\/wp\/v2\/product_cat?post=251550"},{"taxonomy":"product_tag","embeddable":true,"href":"https:\/\/blankpage.ee\/_ruumist-ruumi\/wp-json\/wp\/v2\/product_tag?post=251550"}],"curies":[{"name":"wp","href":"https:\/\/api.w.org\/{rel}","templated":true}]}}