{"id":252133,"date":"2025-08-01T19:10:18","date_gmt":"2025-08-01T19:10:18","guid":{"rendered":"https:\/\/ruumistruumi.ee\/pood\/agras-pet-foods-stuzzy-monoprotein-85-g-vasikaliha-margtoit-taiskasvanud-kassile-gluteeni-ja-sojavaba-sailitus-ja-varvaineteta\/"},"modified":"2025-08-15T15:34:44","modified_gmt":"2025-08-15T15:34:44","slug":"agras-pet-foods-stuzzy-monoprotein-85-g-vasikaliha-margtoit-taiskasvanud-kassile-gluteeni-ja-sojavaba-sailitus-ja-varvaineteta","status":"publish","type":"product","link":"https:\/\/blankpage.ee\/_ruumist-ruumi\/pood\/agras-pet-foods-stuzzy-monoprotein-85-g-vasikaliha-margtoit-taiskasvanud-kassile-gluteeni-ja-sojavaba-sailitus-ja-varvaineteta\/","title":{"rendered":"Agras Pet Foods Stuzzy Monoprotein 85 g vasikaliha m\u00e4rgtoit t\u00e4iskasvanud kassile, gluteeni- ja sojavaba, s\u00e4ilitus- ja v\u00e4rvaineteta"},"content":{"rendered":"<h3>Stuzzy Monoprotein vasikaliha m\u00e4rgtoit kassile 85 g \u2013 kvaliteetne ja looduslik eine t\u00e4iskasvanud kassile<\/h3>\n<p>Stuzzy Monoprotein Veal on Agras Pet Foodsi loodud t\u00e4isv\u00e4\u00e4rtuslik m\u00e4rgtoit, mis vastab ka k\u00f5ige n\u00f5udlikuma kassi vajadustele. Tegemist on monoproteiinse retseptiga \u2013 toidus on loomse valguna kasutatud ainult vasikaliha, mist\u00f5ttu sobib see eriti h\u00e4sti tundliku seedimise v\u00f5i toiduallergiatega kassidele. Toode on sojavaba ning gluteeni- ja teraviljavaba, sisaldab vaid looduslikke koostisosi ning sobib igat t\u00f5ugu ja igas suuruses t\u00e4iskasvanud kassidele. Toidus pole kunstlikke v\u00e4rv- ega s\u00e4ilitusaineid, tagades loomulikkuse ja kassi heaolu igal toidukorral.<\/p>\n<h3>Peamised omadused<\/h3>\n<ul>\n<li><strong>Monoproteiinne retsept:<\/strong> ainult vasikaliha \u2013 sobib ka allergikutele<\/li>\n<li><strong>Gluteeni- ja teraviljavaba<\/strong> \u2013 ideaalne tundliku seedimisega kassile<\/li>\n<li><strong>Sojavaba koostis<\/strong> \u2013 kergesti seeditav<\/li>\n<li><strong>Ilma kunstlike v\u00e4rvi- ja s\u00e4ilitusaineteta<\/strong> \u2013 naturaalne koostis<\/li>\n<li><strong>Auruga k\u00fcpsetatud<\/strong> \u2013 s\u00e4ilitab koostisainete maitse ja toitev\u00e4\u00e4rtuse<\/li>\n<li><strong>K\u00f5rge niiskusesisaldus \u2013<\/strong> 79%, aitab tagada kassile piisava vedeliku<\/li>\n<li><strong>K\u00f5rge loomse proteiini sisaldus \u2013<\/strong> 10,2%<\/li>\n<li><strong>Kasutajas\u00f5bralik pakend \u2013<\/strong> mugav 85 g kotike igap\u00e4evaseks serveerimiseks<\/li>\n<\/ul>\n<h3>Tehnilised andmed<\/h3>\n<ul>\n<li>M\u00f5\u00f5tmed: 139 \u00d7 20 \u00d7 91 mm<\/li>\n<li>Kaal (neto\/bruto): 85 g \/ 90 g<\/li>\n<li>P\u00f5himaitse: vasikaliha<\/li>\n<li>Toorvalk: 10,2%<\/li>\n<li>Rasva sisaldus: 5,6%<\/li>\n<li>Toorkiud: 0,2%<\/li>\n<li>Toortuhk: 2,1%<\/li>\n<li>Niiskus: 79%<\/li>\n<li>Sobib t\u00e4iskasvanud kassile, k\u00f5ik t\u00f5ud<\/li>\n<li>P\u00e4ritolumaa: Euroopa<\/li>\n<li>Pakkimiskood: EAN 8005852183026 \/ Toote ID: DLKAPFKAM0003<\/li>\n<\/ul>\n<h3>Kasutamisjuhised<\/h3>\n<p>Serveerige toit toatemperatuuril, et tagada optimaalne l\u00f5hna- ja maitseelamus. Avatud toodet hoidke k\u00fclmkapis ja kasutage \u00e4ra 48 tunni jooksul. \u00c4rge \u00fcletage soovitatavat p\u00e4evast annust ning j\u00e4lgige, et kassil oleks alati k\u00e4ttesaadav v\u00e4rske joogivesi. Pakend on \u00fchekordseks kasutamiseks ning sobib igap\u00e4evase men\u00fc\u00fc osana t\u00e4iskasvanud kassidele. Sobib eriti h\u00e4sti kassidele, kes vajavad gluteeni- v\u00f5i teraviljavaba dieeti v\u00f5i peavad v\u00e4ltima mitut valgut\u00fc\u00fcpi.<\/p>\n<h3>Mille poolest erineb Stuzzy Monoprotein vasikaliha m\u00e4rgtoit teistest?<\/h3>\n<p>Stuzzy Monoprotein Veal m\u00e4rgtoit kassile paistab silma just oma loodusliku ja lihtsa koostisega. \u00dche valguallika kasutamine v\u00e4hendab oluliselt allergia- ning talumatuse riski. T\u00e4ielikult sojavaba ning gluteeni- ja teraviljavaba retsept toetab kassi seedes\u00fcsteemi head seisundit ja aitab tagada optimaalset toitumist. Puuduvad kunstlikud lisandid, s\u00e4ilitusained ja v\u00e4rvained. Monoproteiinne l\u00e4henemine ning k\u00f5rge niiskusesisaldus aitavad hoida kassi karvkate ja naha tervena ning toetavad igap\u00e4evast vedelikutarbimist.<\/p>\n<h3>Komplektis sisaldub<\/h3>\n<ul>\n<li>\u00dcks 85 g kotike Stuzzy Monoprotein vasikaliha m\u00e4rgtoitu<\/li>\n<\/ul>\n<p>Lisatarvikuid ei ole vaja \u2013 sobib serveerimiseks otse pakendist.<\/p>\n<h3>Hinna ja kvaliteedi suhe<\/h3>\n<p>Stuzzy Monoprotein vasikaliha m\u00e4rgtoit kassile \u00fchendab endas k\u00f5rgekvaliteedilise loomse valgu, lihtsa ja l\u00e4bipaistva koostise ning kasutajas\u00f5braliku pakendi. Toode v\u00f5imaldab olulist pikaajalist kokkuhoidu, kuna toetab kassi \u00fcldist tervist ja v\u00e4hendab vajadust eridieetide j\u00e4rele. Sobib igap\u00e4evaseks s\u00f6\u00f6tmiseks igat t\u00f5ugu t\u00e4iskasvanud kassile.<\/p>\n","protected":false},"excerpt":{"rendered":"<p>Stuzzy Monoprotein vasikaliha m\u00e4rgtoit on gluteeni- ja sojavaba t\u00e4iss\u00f6\u00f6t t\u00e4iskasvanud kassidele, pakkudes kvaliteetset loomset valku ning naturaalset maitset 85 g kotikeses.<\/p>\n","protected":false},"featured_media":252132,"comment_status":"open","ping_status":"closed","template":"","meta":[],"product_brand":[7162],"product_cat":[7158],"product_tag":[],"class_list":{"0":"post-252133","1":"product","2":"type-product","3":"status-publish","4":"has-post-thumbnail","6":"product_brand-agras-pet-foods","7":"product_cat-margtoit-ja-konservid-kassidele","8":"product_shipping_class-action","9":"pa_annustamise-vorm-tahke","10":"pa_gluteenivaba-jah","11":"pa_hoiatused-mitte-uletada-soovitatud-paevast-annust-2","12":"pa_hoiatused-parast-avamist-hoida-kulmkapis-ja-tarbida-48-tunni-jooksul","13":"pa_hoiatused-toodet-hoida-jahedas-ja-kuivas","14":"pa_hooajapakkumine-suvi-koos-sinu-lemmikuga","15":"pa_ilma-kunstlike-varvideta-jah","16":"pa_kaaluvahemik-0-g-200-g","17":"pa_kassi-toug-koik-toud","18":"pa_lemmiku-eluetapp-taiskasvanud","19":"pa_lemmiku-vajadused-erivajadus-puudub","20":"pa_lemmiku-vanus-taiskasvanud","21":"pa_lisafunktsioonid-monoproteiin","22":"pa_lisafunktsioonid-teraviljavaba","23":"pa_niiskuse-sisaldus-8813","24":"pa_pakendi-tuup-kotike","25":"pa_pohimaitse-vasikaliha","26":"pa_proteiin-11258","27":"pa_rasva-sisaldus-11259","28":"pa_sailitusaineteta-jah","29":"pa_seeria-stuzzy","30":"pa_sobivus-kassile","31":"pa_sojavaba-jah","32":"pa_suhkruvaba-andmed-puuduvad","33":"pa_toorkiud-10784","34":"pa_toorvalk-10775","36":"first","37":"instock","38":"taxable","39":"shipping-taxable","40":"purchasable","41":"product-type-simple"},"_links":{"self":[{"href":"https:\/\/blankpage.ee\/_ruumist-ruumi\/wp-json\/wp\/v2\/product\/252133","targetHints":{"allow":["GET"]}}],"collection":[{"href":"https:\/\/blankpage.ee\/_ruumist-ruumi\/wp-json\/wp\/v2\/product"}],"about":[{"href":"https:\/\/blankpage.ee\/_ruumist-ruumi\/wp-json\/wp\/v2\/types\/product"}],"replies":[{"embeddable":true,"href":"https:\/\/blankpage.ee\/_ruumist-ruumi\/wp-json\/wp\/v2\/comments?post=252133"}],"wp:featuredmedia":[{"embeddable":true,"href":"https:\/\/blankpage.ee\/_ruumist-ruumi\/wp-json\/wp\/v2\/media\/252132"}],"wp:attachment":[{"href":"https:\/\/blankpage.ee\/_ruumist-ruumi\/wp-json\/wp\/v2\/media?parent=252133"}],"wp:term":[{"taxonomy":"product_brand","embeddable":true,"href":"https:\/\/blankpage.ee\/_ruumist-ruumi\/wp-json\/wp\/v2\/product_brand?post=252133"},{"taxonomy":"product_cat","embeddable":true,"href":"https:\/\/blankpage.ee\/_ruumist-ruumi\/wp-json\/wp\/v2\/product_cat?post=252133"},{"taxonomy":"product_tag","embeddable":true,"href":"https:\/\/blankpage.ee\/_ruumist-ruumi\/wp-json\/wp\/v2\/product_tag?post=252133"}],"curies":[{"name":"wp","href":"https:\/\/api.w.org\/{rel}","templated":true}]}}