{"id":252596,"date":"2025-08-02T07:11:54","date_gmt":"2025-08-02T07:11:54","guid":{"rendered":"https:\/\/ruumistruumi.ee\/pood\/fish4cats-tuunikalafilee-rohelise-rannakarbiga-70-g-margtoit-taiskasvanud-kassile-gluteeni-ja-kanavaba-konserv\/"},"modified":"2025-08-17T01:28:42","modified_gmt":"2025-08-17T01:28:42","slug":"fish4cats-tuunikalafilee-rohelise-rannakarbiga-70-g-margtoit-taiskasvanud-kassile-gluteeni-ja-kanavaba-konserv","status":"publish","type":"product","link":"https:\/\/blankpage.ee\/_ruumist-ruumi\/pood\/fish4cats-tuunikalafilee-rohelise-rannakarbiga-70-g-margtoit-taiskasvanud-kassile-gluteeni-ja-kanavaba-konserv\/","title":{"rendered":"Fish4Cats tuunikalafilee rohelise rannakarbiga 70 g m\u00e4rgtoit t\u00e4iskasvanud kassile, gluteeni- ja kanavaba, konserv"},"content":{"rendered":"<h3>Tuunikalakonserv rohelise rannakarbiga kassile \u2013 Fish4Cats m\u00e4rgtoit 70 g<\/h3>\n<p>Fish4Cats Tuna Fillet with Green Lipped Mussel on h\u00f5rk ning gluteeni- ja kanavaba m\u00e4rgtoit t\u00e4iskasvanud kassidele, mille p\u00f5hikomponentideks on kvaliteetne tuunikalafilee ja rohelised rannakarbid. See 70-grammine konserv pakub teie lemmikule naturaalsel kujul valku ja kasulikke oomega-3-rasvhappeid, toetades kassi \u00fcldist tervist ning heaolu ilma kunstlike lisanditeta. Sobib igast t\u00f5ust t\u00e4iskasvanud kassidele ning on eriti sobiv tundliku seedimise v\u00f5i allergiatega loomadele, kuna ei sisalda kana, gluteeni, soja ega suhkrut.<\/p>\n<h3>Peamised omadused<\/h3>\n<ul>\n<li>K\u00f5rge tuunikalasisaldus (65%) ja roheliste rannakarpide (5%) lisand<\/li>\n<li>Gluteeni-, kana-, soja- ja suhkruvaba koostis<\/li>\n<li>Sisaldab oomega-3-rasvhappeid ja looduslikke toitaineid<\/li>\n<li>K\u00f5rge niiskusesisaldus (83%) aitab hoida kassi h\u00e4sti h\u00fcdreerituna<\/li>\n<li>Valmistatud ilma kunstlike v\u00e4rv-, l\u00f5hna- ja s\u00e4ilitusaineteta<\/li>\n<li>Pakendatud lihtsalt avatavasse alumiiniumpurki<\/li>\n<\/ul>\n<h3>Tehnilised andmed<\/h3>\n<ul>\n<li>Kaal (neto): 70 g<\/li>\n<li>M\u00f5\u00f5tmed: 70 \u00d7 70 \u00d7 35 mm<\/li>\n<li>EAN: 5060084829633<\/li>\n<li>Toote ID: DLKF4DKAM0004<\/li>\n<li>Anal\u00fc\u00fctiline koostis: toorvalk 14%, toorrasv 0,1%, toorkiud 0,9%, niiskus 83%, toortuhk 2%<\/li>\n<li>Sobiv vanus: t\u00e4iskasvanud kassid (k\u00f5ik t\u00f5ud)<\/li>\n<li>Pakendi t\u00fc\u00fcp: alumiiniumist konserv<\/li>\n<\/ul>\n<h3>Kasutamisjuhised<\/h3>\n<p>Tuunikalakonserv rohelise rannakarbiga sobib serveerimiseks igap\u00e4evase lisatoiduna. Annus s\u00f5ltub kassi kehakaalust: 1\u20133 kg kassile 70 g p\u00e4evas, 3\u20135 kg kassile 140 g p\u00e4evas, 5\u20138 kg kassile 210 g p\u00e4evas. Toodet ei tohi kasutada p\u00f5hitoiduna, vaid pakkuda koos t\u00e4isv\u00e4\u00e4rtusliku kuiv- v\u00f5i m\u00e4rgtoiduga. P\u00e4rast avamist hoida konservi k\u00fclmkapis ning kasutada \u00e4ra 48 tunni jooksul. \u00c4rge \u00fcletage soovitatud p\u00e4evast kogust ja hoidke toodet kuivas, jahedas kohas.<\/p>\n<h3>\u00dchilduvus, kasutusmugavus ja hooldus<\/h3>\n<p>Fish4Cats konserv sobib k\u00f5igile t\u00e4iskasvanud kassidele, olenemata t\u00f5ust v\u00f5i karvast. Kergesti avatav konservi pakend v\u00f5imaldab kiiret ja mugavat igap\u00e4evast serveerimist \u2013 &#8220;ava ja paku&#8221;. Maitsev koostis ja \u00f5rn tekstuur sobivad ka valivale v\u00f5i tundlikule kassile. Hooldus seisneb peamiselt \u00f5iges s\u00e4ilitamises: avamata konservid tuleb hoida jahedas, kuivas kohas ning p\u00e4rast avamist k\u00fclmikus.<\/p>\n<h3>Kvaliteet ja vastupidavus, garantii<\/h3>\n<p>Toode on valmistatud k\u00f5rgeima kvaliteediga valitud kalast ja rannakarpidest ning ei sisalda tarbetuid ega kahjulikke lisaaineid. Fish4Dogs br\u00e4nd on tunnustatud loodusliku ja allergias\u00f5braliku lemmikloomatoidu tootjana. T\u00e4nu kvaliteetsetele koostisosadele on toidul nii k\u00f5rge toitev\u00e4\u00e4rtus kui ka hea vastuv\u00f5etavus kasside hulgas.<\/p>\n<h3>Komplektis ja t\u00e4iendavad vajadused<\/h3>\n<ul>\n<li>1 \u00d7 70 g Fish4Cats tuunikalafilee roheliste rannakarpidega m\u00e4rgtoit konserv<\/li>\n<\/ul>\n<p>Lisatarvikuid ega juurde ei ole vaja, kuid t\u00e4isv\u00e4\u00e4rtuslikumaks men\u00fc\u00fcks soovitatakse serveerida koos t\u00e4istoiduga.<\/p>\n<h3>Hinna ja kvaliteedi suhe<\/h3>\n<p>Fish4Cats tuunikalakonserv rohelise rannakarbiga kassile \u00fchendab k\u00f5rge valgusisalduse, looduslikud koostisosad ning gluteeni- ja kanavaba koostise. Sobib igap\u00e4evaseks preemiaks, pakkudes samas tervislikku lisandit tavap\u00e4rasele toidule. Kvaliteet, naturaalsus ja mugavus muudavad selle konservi heaks valikuks hinna ja kvaliteedi suhte poolest iga kassiomaniku jaoks, kes hoolib oma lemmiku tervisest.<\/p>\n","protected":false},"excerpt":{"rendered":"<p>Fish4Cats Tuna Fillet with Green Lipped Mussel on gluteeni- ja kanavaba m\u00e4rgtoit t\u00e4iskasvanud kassidele, mis sisaldab kvaliteetset tuunikalafileed ja rohelisi rannakarpe 70 g konservis.<\/p>\n","protected":false},"featured_media":252595,"comment_status":"open","ping_status":"closed","template":"","meta":[],"product_brand":[7171],"product_cat":[7158],"product_tag":[],"class_list":{"0":"post-252596","1":"product","2":"type-product","3":"status-publish","4":"has-post-thumbnail","6":"product_brand-fish4dogs","7":"product_cat-margtoit-ja-konservid-kassidele","8":"product_shipping_class-action","9":"pa_annustamise-vorm-tahke","10":"pa_gluteenivaba-jah","11":"pa_hoiatused-mitte-uletada-soovitatavat-paevast-annust","12":"pa_hoiatused-parast-avamist-hoida-kulmkapis-ja-kasutada-48-tunni-jooksul","13":"pa_hoiatused-toodet-hoida-jahedas-ja-kuivas-kohas-2","14":"pa_ilma-kunstlike-varvideta-jah","15":"pa_kaaluvahemik-0-g-200-g","16":"pa_kassi-toug-koik-toud","17":"pa_lemmiku-eluetapp-taiskasvanud","18":"pa_lemmiku-vajadused-puuduvad-erilised-vajadused","19":"pa_lemmiku-vanus-taiskasvanud","20":"pa_lisafunktsioonid-gluteenivaba","21":"pa_lisafunktsioonid-ilma-kanalihata","22":"pa_lisafunktsioonid-uldine-tervis","23":"pa_niiskuse-sisaldus-8887","24":"pa_pakendi-tuup-konserv","25":"pa_pohimaitse-kala","26":"pa_proteiin-14-4","27":"pa_rasva-sisaldus-11335","28":"pa_sobivus-kassile","29":"pa_sojavaba-jah","30":"pa_suhkruvaba-jah","31":"pa_toorkiud-10728","32":"pa_toorvalk-2-2","34":"first","35":"instock","36":"taxable","37":"shipping-taxable","38":"purchasable","39":"product-type-simple"},"_links":{"self":[{"href":"https:\/\/blankpage.ee\/_ruumist-ruumi\/wp-json\/wp\/v2\/product\/252596","targetHints":{"allow":["GET"]}}],"collection":[{"href":"https:\/\/blankpage.ee\/_ruumist-ruumi\/wp-json\/wp\/v2\/product"}],"about":[{"href":"https:\/\/blankpage.ee\/_ruumist-ruumi\/wp-json\/wp\/v2\/types\/product"}],"replies":[{"embeddable":true,"href":"https:\/\/blankpage.ee\/_ruumist-ruumi\/wp-json\/wp\/v2\/comments?post=252596"}],"wp:featuredmedia":[{"embeddable":true,"href":"https:\/\/blankpage.ee\/_ruumist-ruumi\/wp-json\/wp\/v2\/media\/252595"}],"wp:attachment":[{"href":"https:\/\/blankpage.ee\/_ruumist-ruumi\/wp-json\/wp\/v2\/media?parent=252596"}],"wp:term":[{"taxonomy":"product_brand","embeddable":true,"href":"https:\/\/blankpage.ee\/_ruumist-ruumi\/wp-json\/wp\/v2\/product_brand?post=252596"},{"taxonomy":"product_cat","embeddable":true,"href":"https:\/\/blankpage.ee\/_ruumist-ruumi\/wp-json\/wp\/v2\/product_cat?post=252596"},{"taxonomy":"product_tag","embeddable":true,"href":"https:\/\/blankpage.ee\/_ruumist-ruumi\/wp-json\/wp\/v2\/product_tag?post=252596"}],"curies":[{"name":"wp","href":"https:\/\/api.w.org\/{rel}","templated":true}]}}