{"id":252718,"date":"2025-08-02T07:18:17","date_gmt":"2025-08-02T07:18:17","guid":{"rendered":"https:\/\/ruumistruumi.ee\/pood\/granatapet-delicatessen-400g-hirveliha-ja-tuunikalaga-teraviljavaba-taisvaartuslik-margtoit-taiskasvanud-kassile\/"},"modified":"2025-08-20T23:08:08","modified_gmt":"2025-08-20T23:08:08","slug":"granatapet-delicatessen-400g-hirveliha-ja-tuunikalaga-teraviljavaba-taisvaartuslik-margtoit-taiskasvanud-kassile","status":"publish","type":"product","link":"https:\/\/blankpage.ee\/_ruumist-ruumi\/pood\/granatapet-delicatessen-400g-hirveliha-ja-tuunikalaga-teraviljavaba-taisvaartuslik-margtoit-taiskasvanud-kassile\/","title":{"rendered":"GranataPet DeliCATessen 400g hirveliha ja tuunikalaga teraviljavaba t\u00e4isv\u00e4\u00e4rtuslik m\u00e4rgtoit t\u00e4iskasvanud kassile"},"content":{"rendered":"<h3>GranataPet DeliCATessen 400g hirveliha ja tuunikaga teraviljavaba kassitoit<\/h3>\n<p>GranataPet DeliCATessen Venison and Tuna m\u00e4rgtoit on t\u00e4isv\u00e4\u00e4rtuslik, teravilja- ja gluteenivaba kassitoit t\u00e4iskasvanud kassidele. See on loodud eelk\u00f5ige allergilistele v\u00f5i toidutundlikkusega lemmikutele, aidates v\u00e4hendada toidutalumatust ning toetades \u00fcldist tervist. Koostises on r\u00f5hutatud naturaalseid tooraineid ja k\u00f5rget lihasisaldust \u2013 peamised proteiiniallikad on kvaliteetne hirveliha ja tuunikala, millele lisanduvad vitamiinirikkad looduslikud komponendid.<\/p>\n<h3>Peamised omadused<\/h3>\n<ul>\n<li><strong>Teravilja- ja gluteenivaba<\/strong> \u2013 sobib h\u00e4sti allergikutele ja tundliku seedimisega kassidele.<\/li>\n<li><strong>Suhkru- ja sojavaba<\/strong> \u2013 loomulik koostis ilma tarbetute t\u00e4iteaineteta.<\/li>\n<li><strong>K\u00f5rge loomse valgu osakaal<\/strong> \u2013 p\u00f5hikomponendid on hirveliha (22%), tuunikala (20%) ja kanaliha (30%).<\/li>\n<li><strong>Looduslikud lisandid:<\/strong> granaat\u00f5unaseemned vitamiinide ja antioks\u00fcdantide allikana ning rohekhuul-mudil liigeste toetuseks.<\/li>\n<li><strong>Kunstlike v\u00e4rvainete ja l\u00f5hnaainete vaba<\/strong>.<\/li>\n<li><strong>T\u00e4isv\u00e4\u00e4rtuslik p\u00f5hitoit<\/strong> igap\u00e4evaseks s\u00f6\u00f6tmiseks t\u00e4iskasvanud kassile.<\/li>\n<li><strong>Valmistatud Saksamaal<\/strong> \u2013 tagatud kindel kvaliteedikontroll.<\/li>\n<li><strong>K\u00f5ik t\u00f5ud<\/strong> \u2013 sobib igat t\u00f5ugu t\u00e4iskasvanud kassidele.<\/li>\n<li><strong>Pakkimisvorm<\/strong> \u2013 400g plekkpurk mugavaks serveerimiseks ja s\u00e4ilituseks.<\/li>\n<\/ul>\n<h3>Tehnilised andmed<\/h3>\n<ul>\n<li>T\u00fc\u00fcp: M\u00e4rgtoit t\u00e4iskasvanud kassile (t\u00e4iss\u00f6\u00f6t)<\/li>\n<li>Pakendi suurus: 400 g (plekkpurk)<\/li>\n<li>M\u00f5\u00f5tmed: 74 x 73 x 112 mm<\/li>\n<li>Paki kaal: 458 g<\/li>\n<li>Niiskusesisaldus: 78%<\/li>\n<li>Proteiin: 10,6%<\/li>\n<li>Rasvasisaldus: 5,8%<\/li>\n<li>Toorkiud: 0,4%<\/li>\n<li>Toorvalk: 2,6%<\/li>\n<li>Sobivus: k\u00f5ik kassit\u00f5ud, vanuselt t\u00e4iskasvanud<\/li>\n<li>Veterinaarklassifikatsioon: t\u00e4iss\u00f6\u00f6t<\/li>\n<li>Seeria: GranataPet DeliCATessen<\/li>\n<li>EAN: 4260165198141<\/li>\n<\/ul>\n<h3>Kasutamisjuhised<\/h3>\n<p>S\u00f6\u00f6ta vastavalt kassi kaalu, vanuse ja aktiivsuse j\u00e4rgi. Avatud purgi sisu peaks s\u00e4ilitama jahedas ja tarvitama 48 tunni jooksul. Kassile peab alati olema saadaval v\u00e4rske joogivesi. J\u00e4lgida tootja soovitatud p\u00e4evast kogust, mitte seda \u00fcletada. Avamata s\u00e4ilitada kuivas ja jahedas kohas.<\/p>\n<h3>Kvaliteet ja usaldusv\u00e4\u00e4rsus<\/h3>\n<p>Toode on valmistatud kontrollitud toorainetest ega sisalda kunstlikke lisaaineid. Valmistatud Saksamaal, j\u00e4rgides regulaarset kvaliteedikontrolli ja ohutuid tootmisprotsesse. T\u00e4iss\u00f6\u00f6t t\u00e4hendab, et see katab k\u00f5ik kassi p\u00e4evased toitainete vajadused.<\/p>\n<h3>Toote v\u00e4\u00e4rtus<\/h3>\n<ul>\n<li>400 g t\u00e4isv\u00e4\u00e4rtuslikku m\u00e4rgtoitu \u00fches purgis.<\/li>\n<li>Ei sisalda teravilja, gluteeni, soja, suhkrut ega kunstlikke v\u00e4rvaineid.<\/li>\n<li>Looduslikud funktsionaalsed koostisosad toetavad seedimist, immuunsust ja liigeste heaolu.<\/li>\n<li>K\u00f5rge lihasisaldus ja v\u00e4\u00e4rtuslikud lisandid toetavad \u00fcldist heaolu ning aitavad v\u00e4hendada allergiaohtu ja \u00fclekaalu riski.<\/li>\n<\/ul>\n","protected":false},"excerpt":{"rendered":"<p>GranataPet DeliCATessen 400g hirveliha ja tuunikaga m\u00e4rgtoit on t\u00e4isv\u00e4\u00e4rtuslik, teravilja- ja gluteenivaba toit t\u00e4iskasvanud kassile, sobides h\u00e4sti allergilisele lemmikule.<\/p>\n","protected":false},"featured_media":252717,"comment_status":"open","ping_status":"closed","template":"","meta":[],"product_brand":[7172],"product_cat":[7158],"product_tag":[],"class_list":{"0":"post-252718","1":"product","2":"type-product","3":"status-publish","4":"has-post-thumbnail","6":"product_brand-fox4pets","7":"product_cat-margtoit-ja-konservid-kassidele","8":"product_shipping_class-action","9":"pa_annustamise-vorm-tahke","10":"pa_gluteenivaba-jah","11":"pa_hoiatused-toodet-hoida-kuivas-ja-jahedas-kohas-mitte-uletada-soovitatud-paevast-annust-avatuna-hoida-kulmkapis-ja-kasutada-48-tunni-jooksul","12":"pa_ilma-kunstlike-varvideta-jah","13":"pa_kaaluvahemik-201-g-499-g","14":"pa_kassi-toug-koik-toud","15":"pa_lemmiku-eluetapp-taiskasvanud","16":"pa_lemmiku-vajadused-allergiline","17":"pa_lemmiku-vajadused-toiduallergia","18":"pa_lemmiku-vajadused-toidutalumatuse-vahendamine","19":"pa_lemmiku-vanus-taiskasvanu","20":"pa_lisafunktsioonid-allergia","21":"pa_lisafunktsioonid-gluteenivaba","22":"pa_lisafunktsioonid-teraviljavaba","23":"pa_lisafunktsioonid-uldine-tervis","24":"pa_niiskuse-sisaldus-7279","25":"pa_pakendi-tuup-purk","26":"pa_pohimaitse-ulukiliha","27":"pa_proteiin-10777","28":"pa_rasva-sisaldus-11436","29":"pa_seeria-granatapet-delicatessen","30":"pa_sobivus-kassile","31":"pa_sojavaba-jah","32":"pa_suhkruvaba-jah","33":"pa_toorkiud-10757","34":"pa_toorvalk-10840","35":"pa_veterinaarklassifikatsioon-taissoot","37":"first","38":"instock","39":"taxable","40":"shipping-taxable","41":"purchasable","42":"product-type-simple"},"_links":{"self":[{"href":"https:\/\/blankpage.ee\/_ruumist-ruumi\/wp-json\/wp\/v2\/product\/252718","targetHints":{"allow":["GET"]}}],"collection":[{"href":"https:\/\/blankpage.ee\/_ruumist-ruumi\/wp-json\/wp\/v2\/product"}],"about":[{"href":"https:\/\/blankpage.ee\/_ruumist-ruumi\/wp-json\/wp\/v2\/types\/product"}],"replies":[{"embeddable":true,"href":"https:\/\/blankpage.ee\/_ruumist-ruumi\/wp-json\/wp\/v2\/comments?post=252718"}],"wp:featuredmedia":[{"embeddable":true,"href":"https:\/\/blankpage.ee\/_ruumist-ruumi\/wp-json\/wp\/v2\/media\/252717"}],"wp:attachment":[{"href":"https:\/\/blankpage.ee\/_ruumist-ruumi\/wp-json\/wp\/v2\/media?parent=252718"}],"wp:term":[{"taxonomy":"product_brand","embeddable":true,"href":"https:\/\/blankpage.ee\/_ruumist-ruumi\/wp-json\/wp\/v2\/product_brand?post=252718"},{"taxonomy":"product_cat","embeddable":true,"href":"https:\/\/blankpage.ee\/_ruumist-ruumi\/wp-json\/wp\/v2\/product_cat?post=252718"},{"taxonomy":"product_tag","embeddable":true,"href":"https:\/\/blankpage.ee\/_ruumist-ruumi\/wp-json\/wp\/v2\/product_tag?post=252718"}],"curies":[{"name":"wp","href":"https:\/\/api.w.org\/{rel}","templated":true}]}}