{"id":252757,"date":"2025-08-02T07:20:35","date_gmt":"2025-08-02T07:20:35","guid":{"rendered":"https:\/\/ruumistruumi.ee\/pood\/granatapet-delicatessen-tuunikala-ja-pardiga-800-g-teraviljavaba-taistoit-taiskasvanud-kassile\/"},"modified":"2025-08-19T15:16:29","modified_gmt":"2025-08-19T15:16:29","slug":"granatapet-delicatessen-tuunikala-ja-pardiga-800-g-teraviljavaba-taistoit-taiskasvanud-kassile","status":"publish","type":"product","link":"https:\/\/blankpage.ee\/_ruumist-ruumi\/pood\/granatapet-delicatessen-tuunikala-ja-pardiga-800-g-teraviljavaba-taistoit-taiskasvanud-kassile\/","title":{"rendered":"GranataPet DeliCATessen tuunikala ja pardiga 800 g teraviljavaba t\u00e4istoit t\u00e4iskasvanud kassile"},"content":{"rendered":"<h3>GranataPet DeliCATessen teraviljavaba kassikonserv tuunikala ja pardiga 800 g<\/h3>\n<p>GranataPet DeliCATessen tuunikala ja pardiga on kvaliteetne m\u00e4rgtoit t\u00e4iskasvanud kassidele, mis sobib ideaalselt k\u00f5ikidele t\u00f5ugudele, eriti allergilistele ja toidutundlikele kassidele. See t\u00e4istoit katab igap\u00e4evased toitainete vajadused ning aitab v\u00e4hendada toidutalumatust. Tootes kasutatud valk p\u00e4rineb kvaliteetsetest tuunikala- ja pardilihast. Teravilja, kana, gluteeni, soja ja suhkruvaba koostis muudab selle sobivaks ka tundliku seedimisega lemmikule.<\/p>\n<h3>Peamised omadused<\/h3>\n<ul>\n<li>T\u00e4istoit t\u00e4iskasvanud kassidele \u2013 sobib igap\u00e4evaseks toiduks.<\/li>\n<li>Teravilja- ja gluteenivaba \u2013 sobib toiduallergiaga kassidele.<\/li>\n<li>Ei sisalda kana, soja ega kunstlikke v\u00e4rv- ja l\u00f5hnaaineid.<\/li>\n<li>Suhkruvaba ning ei sisalda kunstlikke lisandeid.<\/li>\n<li>K\u00f5rge niiskusesisaldus (80%) aitab hoida kassi h\u00e4sti h\u00fcdreerituna.<\/li>\n<li>P\u00f5hivalguks tuunikala ja part \u2013 10,3% valk, 5,5% rasva.<\/li>\n<li>Pakendatud suures 800 g purgis \u2013 sobib eriti mitme kassiga peredele.<\/li>\n<li>Toodetud Saksamaal ilma loomkatseteta.<\/li>\n<li>Sisaldab olulisi vitamiine ja mineraale.<\/li>\n<li>Lisatud looduslikud antioks\u00fcdandid ja liigeste tervist toetavad koostisosad.<\/li>\n<\/ul>\n<h3>Tehnilised andmed<\/h3>\n<ul>\n<li>Pakendi t\u00fc\u00fcp: plekkpurk.<\/li>\n<li>Kogus: 800 g.<\/li>\n<li>M\u00f5\u00f5tmed: 100 \u00d7 100 \u00d7 121 mm.<\/li>\n<li>Brutokaal: 900 g (koos pakendiga).<\/li>\n<li>Niiskuse sisaldus: 80%.<\/li>\n<li>Toorproteiin: 10,3%.<\/li>\n<li>Toorrasv: 5,5%.<\/li>\n<li>Toorkiud: 0,5%.<\/li>\n<li>Toor tuhk: 2,2%.<\/li>\n<li>EAN: 4260165198684.<\/li>\n<li>Veterinaarklassifikatsioon: t\u00e4istoit (Complete feed).<\/li>\n<li>Sobivus: k\u00f5ikidele t\u00e4iskasvanud kassidele.<\/li>\n<li>P\u00f5himaitse: tuunikala ja part.<\/li>\n<li>Seeria: GRANATAPET DeliCATessen.<\/li>\n<\/ul>\n<h3>Kasutamisjuhised ja hoiustamine<\/h3>\n<p>Paku toitu vastavalt kassi kehakaalule ja aktiivsusele (nt keskmise 4 kg kassi p\u00e4evane portsjon on 175\u2013270 g). Avatuna s\u00e4ilitada k\u00fclmkapis ja kasutada \u00e4ra 48 tunni jooksul. \u00c4ra \u00fcleta soovitatud p\u00e4evast kogust. Hoolitse, et kassil oleks alati v\u00e4rske joogivesi k\u00e4ttesaadav.<\/p>\n<p>Hoida toodet jahedas ja kuivas kohas, kaitsta otsese p\u00e4ikesevalguse eest. Toode on kasutusvalmis \u2013 peale avamist annusta vastavalt vajadusele ning tarbi kiiresti.<\/p>\n<h3>Erip\u00e4rad ja v\u00e4\u00e4rtus<\/h3>\n<p>Erinevalt paljudest teistest m\u00e4rgtoitudest ei sisalda GranataPet DeliCATessen tuunikala ja pardiga kassikonserv kana, teravilja, gluteeni ega soja, mis muudab selle sobivaks ka allergilistele v\u00f5i toidutalumatusega kassidele. Tootes olevad looduslikud koostisosad (n\u00e4iteks granaat\u00f5un ja l\u00f5he\u00f5li) toetavad kassi naha, karvkatte ja liigeste tervist. Suur purgiformaat tagab hea hinna ja kvaliteedi suhte ning sobib eriti mitme kassiga peredele.<\/p>\n<h3>Komplektis<\/h3>\n<ul>\n<li>1 \u00d7 GranataPet DeliCATessen tuunikala ja pardiga m\u00e4rgtoit purk, 800 g.<\/li>\n<\/ul>\n<p>Lisatarvikud (nt serveerimiskauss) ei kuulu komplekti.<\/p>\n","protected":false},"excerpt":{"rendered":"<p>GranataPet DeliCATessen tuunikala ja pardiga teraviljavaba m\u00e4rgtoit sobib h\u00e4sti allergilistele t\u00e4iskasvanud kassidele, pakkudes kvaliteetset ja t\u00e4isv\u00e4\u00e4rtuslikku toitu.<\/p>\n","protected":false},"featured_media":252756,"comment_status":"open","ping_status":"closed","template":"","meta":[],"product_brand":[7172],"product_cat":[7158],"product_tag":[],"class_list":{"0":"post-252757","1":"product","2":"type-product","3":"status-publish","4":"has-post-thumbnail","6":"product_brand-fox4pets","7":"product_cat-margtoit-ja-konservid-kassidele","8":"product_shipping_class-action","9":"pa_annustamise-vorm-tahke","10":"pa_gluteenivaba-jah","11":"pa_hoiatused-toodet-tuleb-hoida-jahedas-ja-kuivas-kohas-parast-avamist-sailitada-kulmkapis-ja-kasutada-48-tunni-jooksul-mitte-uletada-soovitatud-paevast-annust","12":"pa_ilma-kunstlike-varvideta-jah","13":"pa_kaaluvahemik-500-g-999-g","14":"pa_kassi-toug-koik-toud","15":"pa_lemmiku-eluetapp-taiskasvanud","16":"pa_lemmiku-vajadused-allergiline","17":"pa_lemmiku-vajadused-toiduallergia","18":"pa_lemmiku-vajadused-toidutalumatuse-vahendamine","19":"pa_lemmiku-vanus-taiskasvanu","20":"pa_lisafunktsioonid-allergia","21":"pa_lisafunktsioonid-gluteenivaba","22":"pa_lisafunktsioonid-kanavaba","23":"pa_lisafunktsioonid-teraviljavaba","24":"pa_lisafunktsioonid-uldine-tervis","25":"pa_niiskuse-sisaldus-7315","26":"pa_pakendi-tuup-purk","27":"pa_pohimaitse-kala","28":"pa_proteiin-10763","29":"pa_rasva-sisaldus-10862","30":"pa_seeria-granatapet-delicatessen","31":"pa_sobivus-kassile","32":"pa_sojavaba-jah","33":"pa_suhkruvaba-jah","34":"pa_toorkiud-10768","35":"pa_toorvalk-10781","36":"pa_veterinaarklassifikatsioon-taistoit","38":"first","39":"outofstock","40":"taxable","41":"shipping-taxable","42":"purchasable","43":"product-type-simple"},"_links":{"self":[{"href":"https:\/\/blankpage.ee\/_ruumist-ruumi\/wp-json\/wp\/v2\/product\/252757","targetHints":{"allow":["GET"]}}],"collection":[{"href":"https:\/\/blankpage.ee\/_ruumist-ruumi\/wp-json\/wp\/v2\/product"}],"about":[{"href":"https:\/\/blankpage.ee\/_ruumist-ruumi\/wp-json\/wp\/v2\/types\/product"}],"replies":[{"embeddable":true,"href":"https:\/\/blankpage.ee\/_ruumist-ruumi\/wp-json\/wp\/v2\/comments?post=252757"}],"wp:featuredmedia":[{"embeddable":true,"href":"https:\/\/blankpage.ee\/_ruumist-ruumi\/wp-json\/wp\/v2\/media\/252756"}],"wp:attachment":[{"href":"https:\/\/blankpage.ee\/_ruumist-ruumi\/wp-json\/wp\/v2\/media?parent=252757"}],"wp:term":[{"taxonomy":"product_brand","embeddable":true,"href":"https:\/\/blankpage.ee\/_ruumist-ruumi\/wp-json\/wp\/v2\/product_brand?post=252757"},{"taxonomy":"product_cat","embeddable":true,"href":"https:\/\/blankpage.ee\/_ruumist-ruumi\/wp-json\/wp\/v2\/product_cat?post=252757"},{"taxonomy":"product_tag","embeddable":true,"href":"https:\/\/blankpage.ee\/_ruumist-ruumi\/wp-json\/wp\/v2\/product_tag?post=252757"}],"curies":[{"name":"wp","href":"https:\/\/api.w.org\/{rel}","templated":true}]}}