{"id":252779,"date":"2025-08-02T07:21:54","date_gmt":"2025-08-02T07:21:54","guid":{"rendered":"https:\/\/ruumistruumi.ee\/pood\/granatapet-symphonie-no-10-200g-uluki-ja-pardilihaga-gluteenivaba-taissoot-taiskasvanud-kassidele\/"},"modified":"2025-08-20T23:04:51","modified_gmt":"2025-08-20T23:04:51","slug":"granatapet-symphonie-no-10-200g-uluki-ja-pardilihaga-gluteenivaba-taissoot-taiskasvanud-kassidele","status":"publish","type":"product","link":"https:\/\/blankpage.ee\/_ruumist-ruumi\/pood\/granatapet-symphonie-no-10-200g-uluki-ja-pardilihaga-gluteenivaba-taissoot-taiskasvanud-kassidele\/","title":{"rendered":"GranataPet Symphonie No.10 200g uluki- ja pardilihaga gluteenivaba t\u00e4iss\u00f6\u00f6t t\u00e4iskasvanud kassidele"},"content":{"rendered":"<h3>GranataPet Symphonie No.10 uluki- ja pardilihaga kassitoit \u2013 200g t\u00e4iss\u00f6\u00f6t t\u00e4iskasvanud kassile<\/h3>\n<p>GranataPet Symphonie No.10 on k\u00f5rge lihasisaldusega m\u00e4rgtoit, mis on loodud t\u00e4iskasvanud kasside toitumisvajadusi silmas pidades. See gluteenivaba t\u00e4iss\u00f6\u00f6t \u00fchendab uluki- ja pardiliha ning sobib eriti h\u00e4sti tundliku seedimise v\u00f5i toiduallergiatega kassidele. Toode ei sisalda nisu, soja ega kunstlikke v\u00e4rv- v\u00f5i maitseaineid. Rikastatud granaat\u00f5unaseemnetega (antioks\u00fcdandid) ja l\u00f5he\u00f5liga (oomega-3), aitab see toit hoida sinu kassil hea tervise, l\u00e4ikiva karvkatte ning toetab immuunsust. Kvaliteetsele koostisele ja madalale allergeenisisaldusele tuginedes pakub see toit kassidele ohutut ja tasakaalustatud toitu iga p\u00e4ev.<\/p>\n<h3>Peamised omadused<\/h3>\n<ul>\n<li><strong>K\u00f5rge lihasisaldus:<\/strong> Sisaldab uluki-, pardiliha ning kanalihast valmistatud lihasegu (kokku \u00fcle 95% liha ja puljongit).<\/li>\n<li><strong>Teravilja- ja gluteenivaba:<\/strong> Ei sisalda teravilju ega gluteeni.<\/li>\n<li><strong>Lisatud antioks\u00fcdandid:<\/strong> Granaat\u00f5unaseemned toetavad rakukaitset ja \u00fcldist tervist.<\/li>\n<li><strong>Oomega-3 l\u00f5he\u00f5li:<\/strong> Soodustab tervet nahka ja karvkatet.<\/li>\n<li><strong>Ei sisalda kunstlikke v\u00e4rvi-, l\u00f5hna- ega maitseaineid.<\/strong><\/li>\n<li><strong>Toetab tundliku seedimisega ja allergilisi kasse.<\/strong><\/li>\n<li><strong>T\u00e4istoit k\u00f5igile t\u00f5ugudele:<\/strong> Sobib k\u00f5ikidele t\u00e4iskasvanud kassidele.<\/li>\n<li><strong>Sojavaba ja suhkruvaba koostis.<\/strong><\/li>\n<\/ul>\n<h3>Tehnilised andmed<\/h3>\n<ul>\n<li><strong>Kaal:<\/strong> 200 g (netokaal), brutokaal 254 g.<\/li>\n<li><strong>M\u00f5\u00f5tmed:<\/strong> 73 \u00d7 61 \u00d7 74 mm.<\/li>\n<li><strong>Pakendi t\u00fc\u00fcp:<\/strong> Metallist purk.<\/li>\n<li><strong>Peamised koostisosad:<\/strong> Ulukiliha, pardiliha, kanalihast valmistatud puljong ja maks.<\/li>\n<li><strong>Niiskuse sisaldus:<\/strong> 78%.<\/li>\n<li><strong>Proteiin:<\/strong> 10,9%.<\/li>\n<li><strong>Rasvasisaldus:<\/strong> 2,7%.<\/li>\n<li><strong>Toorkiud:<\/strong> 0,3%.<\/li>\n<li><strong>Toorvalk:<\/strong> 2,6%.<\/li>\n<li><strong>Suhkruvaba ja sojavaba koostis.<\/strong><\/li>\n<li><strong>Veterinaarklassifikatsioon:<\/strong> T\u00e4iss\u00f6\u00f6t.<\/li>\n<li><strong>EAN:<\/strong> 4260165184243<\/li>\n<li><strong>Toote ID:<\/strong> DLKF4PKAM0050<\/li>\n<li><strong>Seeria:<\/strong> GRANATAPET Symphonie<\/li>\n<\/ul>\n<h3>Kasutamisjuhised<\/h3>\n<p>Serveerige toatemperatuuril t\u00e4iskasvanud kassile vastavalt tema kehakaalule ja aktiivsusele. P\u00e4evase toidukoguse saab kohandada \u2013 n\u00e4iteks umbes 150\u2013240 g p\u00e4evas s\u00f5ltuvalt kehakaalust ja elustiilist. Kui purk on avatud, s\u00e4ilitage see k\u00fclmkapis ja kasutage \u00e4ra 48 tunni jooksul. Veenduge, et kassil oleks alati v\u00e4rske joogivesi saadaval. J\u00e4rgige soovitatavat p\u00e4evanormi, \u00e4rge \u00fcletage seda. Parim s\u00e4ilitamine on jahedas ja kuivas kohas.<\/p>\n<p>GranataPet Symphonie No.10 uluki- ja pardilihaga kassitoit pakub kvaliteetset loomset valku ja looduslikke toitaineid eriti tundlike v\u00f5i allergiliste kasside igap\u00e4evatoiduks.<\/p>\n","protected":false},"excerpt":{"rendered":"<p>GranataPet Symphonie No.10 on gluteenivaba uluki- ja pardilihaga t\u00e4iss\u00f6\u00f6t t\u00e4iskasvanud kassidele, sobib h\u00e4sti tundliku seedimise ja toiduallergiatega lemmikutele.<\/p>\n","protected":false},"featured_media":252778,"comment_status":"open","ping_status":"closed","template":"","meta":[],"product_brand":[7172],"product_cat":[7158],"product_tag":[],"class_list":{"0":"post-252779","1":"product","2":"type-product","3":"status-publish","4":"has-post-thumbnail","6":"product_brand-fox4pets","7":"product_cat-margtoit-ja-konservid-kassidele","8":"product_shipping_class-action","9":"pa_annustamise-vorm-tahke","10":"pa_gluteenivaba-jah","11":"pa_hoiatused-parast-avamist-hoida-kulmkapis-ja-kasutada-48-tunni-jooksul-mitte-uletada-soovitatud-paevast-annust-toodet-sailitada-jahedas-ja-kuivas-kohas","12":"pa_ilma-kunstlike-varvideta-jah","13":"pa_kaaluvahemik-0-g-200-g","14":"pa_kassi-toug-koik-toud","15":"pa_lemmiku-eluetapp-taiskasvanud","16":"pa_lemmiku-vajadused-allergiline","17":"pa_lemmiku-vajadused-hea-seedimine","18":"pa_lemmiku-vajadused-toiduallergia","19":"pa_lemmiku-vajadused-toidutalumatuse-vahendamine","20":"pa_lemmiku-vajadused-tundlik-koht","21":"pa_lemmiku-vanus-taiskasvanud","22":"pa_lisafunktsioonid-allergia","23":"pa_lisafunktsioonid-gluteenivaba","24":"pa_lisafunktsioonid-teraviljavaba","25":"pa_lisafunktsioonid-toidutundlikkus","26":"pa_lisafunktsioonid-uldine-tervis","27":"pa_niiskuse-sisaldus-7279","28":"pa_pakendi-tuup-purk","29":"pa_pohimaitse-ulukiliha","30":"pa_proteiin-10827","31":"pa_rasva-sisaldus-27-2","32":"pa_seeria-granatapet-symphonie","33":"pa_sobivus-kassile","34":"pa_sojavaba-jah","35":"pa_suhkruvaba-jah","36":"pa_toorkiud-10762","37":"pa_toorvalk-10840","38":"pa_veterinaarklassifikatsioon-taissoot","40":"first","41":"instock","42":"taxable","43":"shipping-taxable","44":"purchasable","45":"product-type-simple"},"_links":{"self":[{"href":"https:\/\/blankpage.ee\/_ruumist-ruumi\/wp-json\/wp\/v2\/product\/252779","targetHints":{"allow":["GET"]}}],"collection":[{"href":"https:\/\/blankpage.ee\/_ruumist-ruumi\/wp-json\/wp\/v2\/product"}],"about":[{"href":"https:\/\/blankpage.ee\/_ruumist-ruumi\/wp-json\/wp\/v2\/types\/product"}],"replies":[{"embeddable":true,"href":"https:\/\/blankpage.ee\/_ruumist-ruumi\/wp-json\/wp\/v2\/comments?post=252779"}],"wp:featuredmedia":[{"embeddable":true,"href":"https:\/\/blankpage.ee\/_ruumist-ruumi\/wp-json\/wp\/v2\/media\/252778"}],"wp:attachment":[{"href":"https:\/\/blankpage.ee\/_ruumist-ruumi\/wp-json\/wp\/v2\/media?parent=252779"}],"wp:term":[{"taxonomy":"product_brand","embeddable":true,"href":"https:\/\/blankpage.ee\/_ruumist-ruumi\/wp-json\/wp\/v2\/product_brand?post=252779"},{"taxonomy":"product_cat","embeddable":true,"href":"https:\/\/blankpage.ee\/_ruumist-ruumi\/wp-json\/wp\/v2\/product_cat?post=252779"},{"taxonomy":"product_tag","embeddable":true,"href":"https:\/\/blankpage.ee\/_ruumist-ruumi\/wp-json\/wp\/v2\/product_tag?post=252779"}],"curies":[{"name":"wp","href":"https:\/\/api.w.org\/{rel}","templated":true}]}}