{"id":252867,"date":"2025-08-02T07:26:48","date_gmt":"2025-08-02T07:26:48","guid":{"rendered":"https:\/\/ruumistruumi.ee\/pood\/kattovit-feline-diet-niere-renal-chicken-85g-kanamaitseline-neerutalitlust-toetav-veterinaarne-margtoit-taiskasvanud-kassile\/"},"modified":"2025-08-19T01:01:14","modified_gmt":"2025-08-19T01:01:14","slug":"kattovit-feline-diet-niere-renal-chicken-85g-kanamaitseline-neerutalitlust-toetav-veterinaarne-margtoit-taiskasvanud-kassile","status":"publish","type":"product","link":"https:\/\/blankpage.ee\/_ruumist-ruumi\/pood\/kattovit-feline-diet-niere-renal-chicken-85g-kanamaitseline-neerutalitlust-toetav-veterinaarne-margtoit-taiskasvanud-kassile\/","title":{"rendered":"KATTOVIT Feline Diet Niere\/Renal Chicken 85g kanamaitseline neerutalitlust toetav veterinaarne m\u00e4rgtoit t\u00e4iskasvanud kassile"},"content":{"rendered":"<h3>KATTOVIT Feline Diet Niere\/Renal Chicken 85g \u2013 neerutalitlust toetav kanamaitseline m\u00e4rgtoit t\u00e4iskasvanud kassile<\/h3>\n<p>KATTOVIT Feline Diet Niere\/Renal Chicken on veterinaarne t\u00e4iss\u00f6\u00f6t, mis on v\u00e4lja t\u00f6\u00f6tatud spetsiaalselt t\u00e4iskasvanud kassidele, kellel esineb krooniline neerupuudulikkus v\u00f5i kellel on vaja lisaks neerude toetust. Selle hoolikalt tasakaalustatud koostis aitab v\u00e4hendada neerude koormust ning ennetada oksalaatkivide teket. Maitsev kanamaitseline m\u00e4rgtoit sobib igap\u00e4evaseks kasutamiseks igat t\u00f5ugu ja suurusega kassidele, kes vajavad erilist dieeti.<\/p>\n<h3>Peamised omadused<\/h3>\n<ul>\n<li>Eritoit kroonilise neerupuudulikkuse v\u00f5i neerutalitlusprobleemidega kassidele<\/li>\n<li>Peamine maitse: kana, mis muudab toidu isu\u00e4ratavaks isegi valivatele kassidele<\/li>\n<li>V\u00e4hendatud fosfori-, valgu- ja naatriumisisaldus neerude koormuse v\u00e4hendamiseks<\/li>\n<li>Lisatud kaaliumtsitraat oksalaatkivide prof\u00fclaktikaks<\/li>\n<li>Ei sisalda kunstlikke v\u00e4rvaineid<\/li>\n<li>Sobib igale kassit\u00f5ule ja t\u00e4iskasvanud lemmikule<\/li>\n<li>Mugav 85g kotike (sachet) v\u00e4rskuse s\u00e4ilitamiseks<\/li>\n<\/ul>\n<h3>Tehnilised andmed<\/h3>\n<ul>\n<li>Pakendi t\u00fc\u00fcp: kotike (sachet)<\/li>\n<li>Kogus: 85 g<\/li>\n<li>M\u00f5\u00f5tmed: 91 x 20 x 137 mm<\/li>\n<li>Kaal koos pakendiga: 88 g<\/li>\n<li>Proteiinisisaldus: 6%<\/li>\n<li>Toorvalk: 1,8%<\/li>\n<li>Toorkiud: 1%<\/li>\n<li>Rasvasisaldus: 5,5%<\/li>\n<li>Niiskusesisaldus: 80%<\/li>\n<li>Kunstlikud v\u00e4rvained: puuduvad<\/li>\n<li>Gluteenivaba: ei<\/li>\n<\/ul>\n<h3>Kasutamisjuhised<\/h3>\n<p>S\u00f6\u00f6da kassile vastavalt tema kehakaalule ja veterinaararsti soovitustele \u2013 n\u00e4iteks 3 kg kaaluv kass v\u00f5iks saada p\u00e4evas umbes 2 kotikest, 5 kg kass umbes 3 kotikest. Toode sobib ainult t\u00e4iskasvanud kassidele. P\u00e4rast avamist hoia kotike k\u00fclmkapis ning kasuta 48 tunni jooksul. \u00c4ra \u00fcleta soovitatud p\u00e4evast kogust ning paku lemmikule alati v\u00e4rsket joogivett. Pikema kasutamise v\u00f5i dieedi muutmise korral konsulteeri loomaarstiga. Avamata toodet s\u00e4ilita jahedas ja kuivas kohas.<\/p>\n<h3>Miks valida just see neerudieet kassile?<\/h3>\n<ul>\n<li>Spetsiaalselt kroonilise neerupuudulikkusega kasside vajadustest l\u00e4htuv koostis<\/li>\n<li>Maitsev kana tagab hea s\u00f6\u00f6davuse ka isututel lemmikutel<\/li>\n<li>Mugav ja v\u00e4rske portsjonpakend igap\u00e4evaseks s\u00f6\u00f6tmiseks<\/li>\n<li>Kinnitatud koostisosad toetavad t\u00f5husalt neerutalitlust ja v\u00e4hendavad kivide tekkep\u00f5hjusi uriinis<\/li>\n<\/ul>\n<h3>Lisainfo ja hoiatused<\/h3>\n<ul>\n<li>Toode kuulub kategooriatesse: veterinaarne dieettoit, m\u00e4rgtoit<\/li>\n<li>Sobib ainult kassidele (mitte koertele ega teistele loomadele)<\/li>\n<li>Enne kasutuse alustamist v\u00f5i dieedi pikendamist on soovitatav konsulteerida loomaarstiga<\/li>\n<li>\u00c4ra \u00fcleta soovitatud p\u00e4evast kogust<\/li>\n<li>P\u00e4rast avamist s\u00e4ilitada k\u00fclmkapis ja kasutada 48 tunni jooksul<\/li>\n<\/ul>\n<p>KATTOVIT Feline Diet Niere\/Renal Chicken aitab parandada sinu kassi elukvaliteeti, pakkudes optimaalselt tasakaalustatud ja neerusid s\u00e4\u00e4stvat dieeti. &#8220;Kanamaitseline neerudieet kassidele&#8221; on sobiv lahendus, kui sinu lemmik vajab erilist hoolt seoses neerutalitluse probleemidega.<\/p>\n","protected":false},"excerpt":{"rendered":"<p>KATTOVIT Feline Diet Niere\/Renal Chicken 85g on kanamaitseline m\u00e4rgtoit, mis toetab t\u00e4iskasvanud kasside neerutalitlust ning sobib igap\u00e4evaseks dieediks neeruprobleemidega kassidele.<\/p>\n","protected":false},"featured_media":252866,"comment_status":"open","ping_status":"closed","template":"","meta":[],"product_brand":[7154],"product_cat":[7158],"product_tag":[],"class_list":{"0":"post-252867","1":"product","2":"type-product","3":"status-publish","4":"has-post-thumbnail","6":"product_brand-kattovit","7":"product_cat-margtoit-ja-konservid-kassidele","8":"product_shipping_class-action","9":"pa_annustamise-vorm-tukktoit","10":"pa_gluteenivaba-ei","11":"pa_hoiatused-mitte-uletada-soovitatud-paevast-kogust","12":"pa_hoiatused-parast-avamist-hoida-kulmkapis-ja-kasutada-48-tunni-jooksul-2","13":"pa_hoiatused-toodet-tuleb-hoida-jahedas-ja-kuivas-kohas","14":"pa_ilma-kunstlike-varvideta-jah","15":"pa_kaaluvahemik-0-g-200-g","16":"pa_kassi-toug-koik-toud","17":"pa_lemmiku-eluetapp-taiskasvanud","18":"pa_lemmiku-vajadused-ebaregulaarne-neerutalitlus","19":"pa_lemmiku-vajadused-neerude-kaitse","20":"pa_lemmiku-vanus-taiskasvanu","21":"pa_lisafunktsioonid-neerupuudulikkus","22":"pa_niiskuse-sisaldus-7315","23":"pa_pakendi-tuup-kotike","24":"pa_pohimaitse-kana","25":"pa_proteiin-6-4","26":"pa_rasva-sisaldus-10862","27":"pa_seeria-kattovit-feline-diet","28":"pa_sobivus-kassile","29":"pa_sojavaba-andmed-puuduvad","30":"pa_suhkruvaba-andmed-puuduvad","31":"pa_toorkiud-7244","32":"pa_toorvalk-10844","34":"first","35":"instock","36":"taxable","37":"shipping-taxable","38":"purchasable","39":"product-type-simple"},"_links":{"self":[{"href":"https:\/\/blankpage.ee\/_ruumist-ruumi\/wp-json\/wp\/v2\/product\/252867","targetHints":{"allow":["GET"]}}],"collection":[{"href":"https:\/\/blankpage.ee\/_ruumist-ruumi\/wp-json\/wp\/v2\/product"}],"about":[{"href":"https:\/\/blankpage.ee\/_ruumist-ruumi\/wp-json\/wp\/v2\/types\/product"}],"replies":[{"embeddable":true,"href":"https:\/\/blankpage.ee\/_ruumist-ruumi\/wp-json\/wp\/v2\/comments?post=252867"}],"wp:featuredmedia":[{"embeddable":true,"href":"https:\/\/blankpage.ee\/_ruumist-ruumi\/wp-json\/wp\/v2\/media\/252866"}],"wp:attachment":[{"href":"https:\/\/blankpage.ee\/_ruumist-ruumi\/wp-json\/wp\/v2\/media?parent=252867"}],"wp:term":[{"taxonomy":"product_brand","embeddable":true,"href":"https:\/\/blankpage.ee\/_ruumist-ruumi\/wp-json\/wp\/v2\/product_brand?post=252867"},{"taxonomy":"product_cat","embeddable":true,"href":"https:\/\/blankpage.ee\/_ruumist-ruumi\/wp-json\/wp\/v2\/product_cat?post=252867"},{"taxonomy":"product_tag","embeddable":true,"href":"https:\/\/blankpage.ee\/_ruumist-ruumi\/wp-json\/wp\/v2\/product_tag?post=252867"}],"curies":[{"name":"wp","href":"https:\/\/api.w.org\/{rel}","templated":true}]}}