{"id":252907,"date":"2025-08-02T07:29:43","date_gmt":"2025-08-02T07:29:43","guid":{"rendered":"https:\/\/ruumistruumi.ee\/pood\/miamor-feine-filets-100g-kassitoit-tuunikala-ja-koogiviljadega-teraviljavaba-suhkruvaba-taiskasvanud-kassile\/"},"modified":"2025-08-20T15:52:15","modified_gmt":"2025-08-20T15:52:15","slug":"miamor-feine-filets-100g-kassitoit-tuunikala-ja-koogiviljadega-teraviljavaba-suhkruvaba-taiskasvanud-kassile","status":"publish","type":"product","link":"https:\/\/blankpage.ee\/_ruumist-ruumi\/pood\/miamor-feine-filets-100g-kassitoit-tuunikala-ja-koogiviljadega-teraviljavaba-suhkruvaba-taiskasvanud-kassile\/","title":{"rendered":"Miamor Feine Filets 100g kassitoit tuunikala ja k\u00f6\u00f6giviljadega, teraviljavaba suhkruvaba t\u00e4iskasvanud kassile"},"content":{"rendered":"<h3>Miamor Feine Filets tuunikala ja k\u00f6\u00f6giviljadega \u2013 teraviljavaba m\u00e4rg kassitoit 100g<\/h3>\n<p>Miamor Fine Filets Tuna with vegetables in sauce on kvaliteetne m\u00e4rg kassitoit t\u00e4iskasvanud kassidele, mis sisaldab ehtsaid tuunikala fileet\u00fckke koos valitud k\u00f6\u00f6giviljadega kastmes. See toit pakub loomulikku toitumiskogemust ja sobib igat t\u00f5ugu t\u00e4iskasvanud kassidele, sealhulgas tundliku seedimisega loomadele. T\u00e4nu monoproteiinsele koostisele sobib toit ka kassidele, kellel esineb toidutalumatusi v\u00f5i allergiaid.<\/p>\n<h3>Peamised omadused<\/h3>\n<ul>\n<li>Monoproteiin \u2013 peamine valguallikas on tuunikala, ei sisalda kana.<\/li>\n<li>Teraviljavaba ja gluteenivaba \u2013 sobiv tundliku seedimisega kassidele.<\/li>\n<li>Suhkruvaba, sojavaba ning ilma kunstlike v\u00e4rvaineteta.<\/li>\n<li>K\u00f5rge niiskusesisaldus (83%) toetab kassi vedelikutarbimist.<\/li>\n<li>Madal rasvasisaldus (1%) \u2013 aitab hoida ideaalkaalu ka vanematel v\u00f5i v\u00e4hem aktiivsetel kassidel.<\/li>\n<li>Looduslikud fileet\u00fckid koos k\u00f6\u00f6giviljadega (nt mais ja porgand), ei sisalda rupse ega maksa.<\/li>\n<li>Mugav 100 g portsjon-pakend (sachet), mida on lihtne serveerida.<\/li>\n<li>Sobib igat t\u00f5ugu t\u00e4iskasvanud kassidele.<\/li>\n<\/ul>\n<h3>Tehnilised andmed<\/h3>\n<ul>\n<li>Kogus: 100 g (netokaal); pakendi kaal 110 g<\/li>\n<li>M\u00f5\u00f5tmed: 108 \u00d7 159 \u00d7 17 mm<\/li>\n<li>Koostis: 51% tuunikala, 3% mais, 3% porgand, kaste<\/li>\n<li>Proteiin: 13%<\/li>\n<li>Rasva sisaldus: 1%<\/li>\n<li>Niiskusesisaldus: 83%<\/li>\n<li>Toorkiud: 0,5%<\/li>\n<li>Sobib: t\u00e4iskasvanud kassile, igale t\u00f5ule; ilma kunstlike v\u00e4rvaineteta<\/li>\n<li>P\u00f5himaitse: kala (tuunikala), koos k\u00f6\u00f6giviljadega<\/li>\n<\/ul>\n<h3>Kasutusjuhised<\/h3>\n<p>\nServeeri Miamor Feine Filets tuunikala ja k\u00f6\u00f6giviljadega kassitoit otse pakendist toidukausi kaudu. Tegemist on t\u00e4iendava toiduga, mida v\u00f5ib kasutada t\u00e4isv\u00e4\u00e4rtusliku kassitoidu lisandina. 4 kg kaaluv t\u00e4iskasvanud kass vajab p\u00e4evas kuni 3 pakki. Hoia toodet jahedas ja kuivas. Ava\u00admisel s\u00e4ilita k\u00fclmkapis ning kasuta \u00e4ra 48 tunni jooksul. J\u00e4lgi, et kassil oleks alati v\u00e4rske joogivesi k\u00e4ttesaadav ja \u00e4ra \u00fcleta soovitatud p\u00e4evast kogust.\n<\/p>\n<h3>Sobivus<\/h3>\n<ul>\n<li>Sobib k\u00f5ikidele t\u00e4iskasvanud kassidele, kes vajavad looduslikku ja puhta koostisega toitu.<\/li>\n<li>T\u00e4nu teraviljavabale ja gluteenivabale koostisele sobib h\u00e4sti ka allergikutele ning tundliku seedimisega kassidele.<\/li>\n<li>Ei vaja t\u00e4iendavaid spetsiaaltarvikuid.<\/li>\n<\/ul>\n<h3>Kvaliteet ja koostis<\/h3>\n<ul>\n<li>Saksa tootja Miamor tagab k\u00f5rge kvaliteedi.<\/li>\n<li>Ilma s\u00e4ilitusainete ja lisaaineteta.<\/li>\n<li>Kasutatud ainult hoolikalt valitud koostisosad.<\/li>\n<\/ul>\n<h3>Pakk sisaldab<\/h3>\n<ul>\n<li>1 \u00d7 100 g Miamor Fine Filets tuunikala ja k\u00f6\u00f6giviljadega m\u00e4rg kassitoit (sachet)<\/li>\n<\/ul>\n<h3>Hinna ja kvaliteedi suhe<\/h3>\n<p>\nToode pakub head toitev\u00e4\u00e4rtust ja puhtaid koostisosi, sobides tundlike v\u00f5i allergiliste kasside igap\u00e4evaseks toiduks. Mugav \u00fchekordne portsjon-tagab v\u00e4rskuse ja t\u00e4pse koguse. Sobib ostjale, kes hindab lemmiku tervist ja soovib pakkuda loomulikku toitu.<\/p>\n","protected":false},"excerpt":{"rendered":"<p>Miamor Feine Filets tuunikala ja k\u00f6\u00f6giviljadega on teraviljavaba m\u00e4rg kassitoit, mis sisaldab 100% fileet\u00fckke ning sobib t\u00e4iskasvanud kassidele igap\u00e4evaseks toidukorraks.<\/p>\n","protected":false},"featured_media":252906,"comment_status":"open","ping_status":"closed","template":"","meta":[],"product_brand":[7174],"product_cat":[7158],"product_tag":[],"class_list":{"0":"post-252907","1":"product","2":"type-product","3":"status-publish","4":"has-post-thumbnail","6":"product_brand-miamor","7":"product_cat-margtoit-ja-konservid-kassidele","8":"product_shipping_class-action","9":"pa_annustamise-vorm-tahke","10":"pa_gluteenivaba-jah","11":"pa_hoiatused-toodet-tuleb-hoida-jahedas-ja-kuivas-kohas-parast-avamist-sailitada-kulmkapis-ja-tarvitada-48-tunni-jooksul-mitte-uletada-soovitatud-paevast-kogust","12":"pa_ilma-kunstlike-varvideta-jah","13":"pa_kaaluvahemik-0-g-200-g","14":"pa_kassi-toug-koik-toud","15":"pa_lemmiku-eluetapp-taiskasvanud","16":"pa_lemmiku-vajadused-pole-spetsiifilisi-vajadusi","17":"pa_lemmiku-vanus-taiskasvanud","18":"pa_lisafunktsioonid-gluteenivaba","19":"pa_lisafunktsioonid-kanavaba","20":"pa_lisafunktsioonid-monoproteiin","21":"pa_lisafunktsioonid-teraviljavaba","22":"pa_niiskuse-sisaldus-8887","23":"pa_pakendi-tuup-pakend","24":"pa_pohimaitse-kala","25":"pa_proteiin-7280","26":"pa_rasva-sisaldus-8931","27":"pa_seeria-miamor-feine-filets","28":"pa_sobivus-kassile","29":"pa_sojavaba-jah","30":"pa_suhkruvaba-jah","31":"pa_toorkiud-10768","32":"pa_toorvalk-1-3","34":"first","35":"instock","36":"taxable","37":"shipping-taxable","38":"purchasable","39":"product-type-simple"},"_links":{"self":[{"href":"https:\/\/blankpage.ee\/_ruumist-ruumi\/wp-json\/wp\/v2\/product\/252907","targetHints":{"allow":["GET"]}}],"collection":[{"href":"https:\/\/blankpage.ee\/_ruumist-ruumi\/wp-json\/wp\/v2\/product"}],"about":[{"href":"https:\/\/blankpage.ee\/_ruumist-ruumi\/wp-json\/wp\/v2\/types\/product"}],"replies":[{"embeddable":true,"href":"https:\/\/blankpage.ee\/_ruumist-ruumi\/wp-json\/wp\/v2\/comments?post=252907"}],"wp:featuredmedia":[{"embeddable":true,"href":"https:\/\/blankpage.ee\/_ruumist-ruumi\/wp-json\/wp\/v2\/media\/252906"}],"wp:attachment":[{"href":"https:\/\/blankpage.ee\/_ruumist-ruumi\/wp-json\/wp\/v2\/media?parent=252907"}],"wp:term":[{"taxonomy":"product_brand","embeddable":true,"href":"https:\/\/blankpage.ee\/_ruumist-ruumi\/wp-json\/wp\/v2\/product_brand?post=252907"},{"taxonomy":"product_cat","embeddable":true,"href":"https:\/\/blankpage.ee\/_ruumist-ruumi\/wp-json\/wp\/v2\/product_cat?post=252907"},{"taxonomy":"product_tag","embeddable":true,"href":"https:\/\/blankpage.ee\/_ruumist-ruumi\/wp-json\/wp\/v2\/product_tag?post=252907"}],"curies":[{"name":"wp","href":"https:\/\/api.w.org\/{rel}","templated":true}]}}