{"id":253257,"date":"2025-08-02T07:46:35","date_gmt":"2025-08-02T07:46:35","guid":{"rendered":"https:\/\/ruumistruumi.ee\/pood\/sheba-natures-collection-34-kg-teraviljavaba-margtoidu-assortii-taiskasvanud-kassidele-40x85g-linnu-ja-kalamaitseline\/"},"modified":"2025-08-20T15:41:21","modified_gmt":"2025-08-20T15:41:21","slug":"sheba-natures-collection-34-kg-teraviljavaba-margtoidu-assortii-taiskasvanud-kassidele-40x85g-linnu-ja-kalamaitseline","status":"publish","type":"product","link":"https:\/\/blankpage.ee\/_ruumist-ruumi\/pood\/sheba-natures-collection-34-kg-teraviljavaba-margtoidu-assortii-taiskasvanud-kassidele-40x85g-linnu-ja-kalamaitseline\/","title":{"rendered":"Sheba Nature&#8217;s Collection 3,4 kg teraviljavaba m\u00e4rgtoidu assortii t\u00e4iskasvanud kassidele, 40x85g, linnu- ja kalamaitseline"},"content":{"rendered":"<h3>Sheba Nature&#8217;s Collection teraviljavaba m\u00e4rgtoit kassile \u2013 kalamaitseline assortii 40x85g<\/h3>\n<p>\nSheba Nature&#8217;s Collection Sauce Collection Fish flavors on t\u00e4iskasvanud kassidele m\u00f5eldud teraviljavaba m\u00e4rgtoidu komplekt, mis pakub lemmikule mitmek\u00fclgseid kalamaitseid koos linnuliha lisandiga. Suur 3,4 kg komplekt sisaldab 40 mugavat 85 g portsjonpakki ning sobib igale t\u00f5ule t\u00e4iskasvanud kassile, eriti tundliku seedimise v\u00f5i teravilja- ja gluteenitalumatusega loomadele.\n<\/p>\n<h3>Toote \u00fclevaade<\/h3>\n<p>\nToode on sobiv valik, kui vajad kassitoitu, mis arvestab toidutalumatuste ja tundliku seedimisega. Sheba m\u00e4rgtoidu assortii sisaldab mitmeid kalamaitseid (l\u00f5he, valge kala, tuunikala, tursk), ei sisalda teravilja, gluteeni, soja ega kunstlikke v\u00e4rvaineid ning sobib k\u00f5ikidele kassit\u00f5ugudele alates 1. eluaastast. Mugav individuaalne pakend tagab v\u00e4rskuse ning v\u00f5imaldab portsjonite t\u00e4pset doseerimist, aidates v\u00e4ltida \u00fcletoitmist.\n<\/p>\n<h3>Peamised omadused<\/h3>\n<ul>\n<li>Assortii: 40 x 85 g portsjonit (l\u00f5he, valge kala, tuunikala, tursk)<\/li>\n<li>Teraviljavaba ja gluteenivaba \u2013 sobib toiduallergikutele<\/li>\n<li>Ei sisalda soja, lisatud suhkruid ega kunstlikke v\u00e4rvaineid<\/li>\n<li>Toetab t\u00e4isv\u00e4\u00e4rtuslikku ja tasakaalustatud toitumist igale t\u00f5ule t\u00e4iskasvanud kassile<\/li>\n<li>Mugavad \u00fcmbrispakid lihtsustavad serveerimist<\/li>\n<li>K\u00f5rge niiskusesisaldus (83\u201385%) \u2013 aitab kassi vedelikutarbimist suurendada<\/li>\n<li>Valmistatud koost\u00f6\u00f6s loomatoitumise ekspertidega<\/li>\n<li>Kasutatud on j\u00e4tkusuutlikult p\u00fc\u00fctud kala ning keskkonnas\u00f5bralikku pakendit<\/li>\n<\/ul>\n<h3>Tehnilised andmed<\/h3>\n<ul>\n<li>Netokaal: 3,4 kg (karp), kogukaal: 3830 g<\/li>\n<li>P\u00f5himaitsed: kalad, linnuliha<\/li>\n<li>Proteiin: 7,8%<\/li>\n<li>Rasvasisaldus: 4,8%<\/li>\n<li>Toorvalk: 1,6%<\/li>\n<li>Toorkiud: 0,2%<\/li>\n<li>Niiskusesisaldus: 83%<\/li>\n<li>Pikkus x laius x k\u00f5rgus: 390 \u00d7 155 \u00d7 148 mm<\/li>\n<li>Pakkimismaterjal: taaskasutatav kartong<\/li>\n<\/ul>\n<h3>Kasutamisjuhised<\/h3>\n<p>\nIgap\u00e4evane kogus s\u00f5ltub kassi kehakaalust: 3 kg kassile 2,5\u20133,5 kotikest, 4 kg kassile 3,5\u20134 ning 5 kg kassile 4\u20134,5 kotikest p\u00e4evas. P\u00e4rast avamist hoia toitu k\u00fclmkapis ning kasuta 48 tunni jooksul. Serveeri toatemperatuuril ning paku kassile alati v\u00e4rsket joogivett. M\u00e4rgtoitu v\u00f5ib anda ainsa t\u00e4istoiduna v\u00f5i kuivtoidule lisaks. J\u00e4lgi p\u00e4evase annuse soovitusi.\n<\/p>\n<h3>Sobivus ja s\u00e4ilitamine<\/h3>\n<p>\nToode sobib k\u00f5ikidele t\u00e4iskasvanud kassit\u00f5ugudele, eriti neile, kellel esineb teravilja- v\u00f5i gluteenitalumatus v\u00f5i toiduallergia. Portsjonpakid muudavad toidu jagamise lihtsaks, s\u00e4ilitustingimused kindlustavad v\u00e4rskuse ja ohutuse. Pakend on 100% taaskasutatav.\n<\/p>\n<h3>Kvaliteet<\/h3>\n<p>\nSheba m\u00e4rgtoit toodetakse looduslikest koostisosadest, koost\u00f6\u00f6s loomatoitumise ekspertidega (n\u00e4iteks Waltham Institute). Retsept ei sisalda kunstlikke v\u00e4rv- ega s\u00e4ilitusaineid.\n<\/p>\n<h3>Komplektis<\/h3>\n<ul>\n<li>40 portsjonpakki Sheba Sauce Collection m\u00e4rgtoitu (iga\u00fcks 85 g)<\/li>\n<li>Juhised ja annustamisinfo karbil<\/li>\n<\/ul>\n<p>\nPiisab komplekti sisust\u2013 lisa ainult puhas joogivesi.\n<\/p>\n<h3>Hinna ja kvaliteedi suhe<\/h3>\n<p>\nSheba Nature\u2019s Collection m\u00e4rgtoit on soodsa hinnaga, arvestades teraviljavabadust, lihasisaldust, maitseid ja keskkonnas\u00f5bralikku l\u00e4henemist. Pikemal kasutamisel aitab v\u00e4hendada allergia- ja seedimisprobleeme ning pakub kassile igap\u00e4evast mitmek\u00fclgset einevalikut.<\/p>\n","protected":false},"excerpt":{"rendered":"<p>Sheba Nature&#8217;s Collection on teraviljavaba m\u00e4rgtoidu assortii t\u00e4iskasvanud kassidele, sisaldades mitmek\u00fclgseid linnu- ja kalamaitseid mugavates portsjonpakendites.<\/p>\n","protected":false},"featured_media":253242,"comment_status":"open","ping_status":"closed","template":"","meta":[],"product_brand":[7180],"product_cat":[7158],"product_tag":[],"class_list":{"0":"post-253257","1":"product","2":"type-product","3":"status-publish","4":"has-post-thumbnail","6":"product_brand-sheba","7":"product_cat-margtoit-ja-konservid-kassidele","8":"product_shipping_class-action","9":"pa_annustamise-vorm-tahke","10":"pa_gluteenivaba-jah","11":"pa_hoiatused-mitte-uletada-soovitatavat-paevast-kogust-2","12":"pa_hoiatused-parast-avamist-hoida-kulmkapis-ja-kasutada-48-tunni-jooksul","13":"pa_hoiatused-toodet-tuleb-sailitada-jahedas-ja-kuivas-kohas-2","14":"pa_hooajapakkumine-suvi-sinu-lemmikuga","15":"pa_ilma-kunstlike-varvideta-jah","16":"pa_kaaluvahemik-2-kg-49-kg","17":"pa_kassi-toug-koik-toud","18":"pa_lemmiku-eluetapp-taiskasvanud","19":"pa_lemmiku-vajadused-teraviljatalumatus","20":"pa_lemmiku-vanus-taiskasvanud","21":"pa_lisafunktsioonid-gluteenivaba","22":"pa_lisafunktsioonid-teraviljavaba","23":"pa_lisafunktsioonid-toidu-ulitundlikkus","24":"pa_niiskuse-sisaldus-8887","25":"pa_pakendi-tuup-karton","26":"pa_pohimaitse-linnuliha","27":"pa_pohimaitse-maitsete-segu","28":"pa_proteiin-11497","29":"pa_rasva-sisaldus-10812","30":"pa_seeria-sheba-natures-collection","31":"pa_sobivus-kassile","32":"pa_sojavaba-jah","33":"pa_suhkruvaba-jah","34":"pa_toorkiud-10784","35":"pa_toorvalk-16-3","37":"first","38":"outofstock","39":"taxable","40":"shipping-taxable","41":"purchasable","42":"product-type-simple"},"_links":{"self":[{"href":"https:\/\/blankpage.ee\/_ruumist-ruumi\/wp-json\/wp\/v2\/product\/253257","targetHints":{"allow":["GET"]}}],"collection":[{"href":"https:\/\/blankpage.ee\/_ruumist-ruumi\/wp-json\/wp\/v2\/product"}],"about":[{"href":"https:\/\/blankpage.ee\/_ruumist-ruumi\/wp-json\/wp\/v2\/types\/product"}],"replies":[{"embeddable":true,"href":"https:\/\/blankpage.ee\/_ruumist-ruumi\/wp-json\/wp\/v2\/comments?post=253257"}],"wp:featuredmedia":[{"embeddable":true,"href":"https:\/\/blankpage.ee\/_ruumist-ruumi\/wp-json\/wp\/v2\/media\/253242"}],"wp:attachment":[{"href":"https:\/\/blankpage.ee\/_ruumist-ruumi\/wp-json\/wp\/v2\/media?parent=253257"}],"wp:term":[{"taxonomy":"product_brand","embeddable":true,"href":"https:\/\/blankpage.ee\/_ruumist-ruumi\/wp-json\/wp\/v2\/product_brand?post=253257"},{"taxonomy":"product_cat","embeddable":true,"href":"https:\/\/blankpage.ee\/_ruumist-ruumi\/wp-json\/wp\/v2\/product_cat?post=253257"},{"taxonomy":"product_tag","embeddable":true,"href":"https:\/\/blankpage.ee\/_ruumist-ruumi\/wp-json\/wp\/v2\/product_tag?post=253257"}],"curies":[{"name":"wp","href":"https:\/\/api.w.org\/{rel}","templated":true}]}}