{"id":253338,"date":"2025-08-02T07:50:44","date_gmt":"2025-08-02T07:50:44","guid":{"rendered":"https:\/\/ruumistruumi.ee\/pood\/shelma-40x85g-teraviljavaba-taissoot-erinevate-maitsetega-taiskasvanud-kassidele-margtoit-suhkru-ja-gluteenivaba\/"},"modified":"2025-08-20T22:58:32","modified_gmt":"2025-08-20T22:58:32","slug":"shelma-40x85g-teraviljavaba-taissoot-erinevate-maitsetega-taiskasvanud-kassidele-margtoit-suhkru-ja-gluteenivaba","status":"publish","type":"product","link":"https:\/\/blankpage.ee\/_ruumist-ruumi\/pood\/shelma-40x85g-teraviljavaba-taissoot-erinevate-maitsetega-taiskasvanud-kassidele-margtoit-suhkru-ja-gluteenivaba\/","title":{"rendered":"SHELMA 40x85g teraviljavaba t\u00e4iss\u00f6\u00f6t erinevate maitsetega t\u00e4iskasvanud kassidele (m\u00e4rgtoit, suhkru- ja gluteenivaba)"},"content":{"rendered":"<h3>SHELMA teraviljavaba m\u00e4rg kassitoit segamaitsetega t\u00e4iskasvanud kassidele 40x85g<\/h3>\n<p>SHELMA teraviljavaba m\u00e4rg kassitoit on t\u00e4iss\u00f6\u00f6t t\u00e4iskasvanud kassidele, mis sobib igat t\u00f5ugu kassile kaaluga 2\u20134,9 kg. Valikus on neli erinevat maitset \u2013 kana, veis, part ja kalkun \u2013 kombineerituna \u00fches praktilises megapakis (40 x 85 g portsjonpakendid), et pakkuda maitseelamusi ning tagada mitmekesine ja t\u00e4isv\u00e4\u00e4rtuslik toitumine ka toidutundlikele ning allergilistele kassidele. Toode on gluteeni-, soja- ja suhkruvaba ning ei sisalda kunstlikke l\u00f5hna-, maitse- ega v\u00e4rvaineid.<\/p>\n<h3>Peamised omadused<\/h3>\n<ul>\n<li><strong>Teraviljavaba m\u00e4rg kassitoit<\/strong> \u2013 sobib tundliku seedimisega kassidele ning allergia ja toidutalumatuse v\u00e4ltimiseks.<\/li>\n<li><strong>Neli maitset<\/strong> \u2013 kana, veis, part ja kalkun \u00fche pakiga.<\/li>\n<li><strong>Sobib steriliseeritud kassidele<\/strong> ning igat t\u00f5ugu loomale.<\/li>\n<li><strong>Ilma kunstlike v\u00e4rv- ja s\u00e4ilitusaineteta<\/strong> \u2013 looduslik maitse ja koostis.<\/li>\n<li><strong>Prebiootikumid ja looduslikud antioks\u00fcdandid<\/strong> \u2013 sisaldab k\u00f6\u00f6givilju, \u00fcrte ja j\u00f5hvikaid, mis toetavad immuuns\u00fcsteemi ning seedimist.<\/li>\n<li>Rikastatud tauriiniga s\u00fcdame ja n\u00e4gemise toetuseks.<\/li>\n<li><strong>Pakendatud mugavatesse kilesachetidesse<\/strong> \u2013 lihtne doseerida ja s\u00e4ilitada.<\/li>\n<\/ul>\n<h3>Tehnilised andmed<\/h3>\n<ul>\n<li><strong>Kogus pakendis:<\/strong> 40 x 85 g (kokku 3,4 kg toitu \/ pakendi kaal 3,81 kg)<\/li>\n<li><strong>P\u00f5himaitse:<\/strong> Segamaitsed \u2013 kana, veis, part, kalkun<\/li>\n<li><strong>Niiskusesisaldus:<\/strong> 81%<\/li>\n<li><strong>Proteiinisisaldus:<\/strong> 11%<\/li>\n<li><strong>Toorvalk:<\/strong> 2,5%<\/li>\n<li><strong>Rasvasisaldus:<\/strong> 3,5%<\/li>\n<li><strong>Kiudainesisaldus:<\/strong> 0,4%<\/li>\n<li><strong>Pikkus:<\/strong> 200 mm<\/li>\n<li><strong>Laius:<\/strong> 150 mm<\/li>\n<li><strong>K\u00f5rgus:<\/strong> 335 mm<\/li>\n<li><strong>Kassi soovituslik kehakaal:<\/strong> 2\u20134,9 kg<\/li>\n<li><strong>Veterinaarklassifikatsioon:<\/strong> T\u00e4iss\u00f6\u00f6t (complete feed)<\/li>\n<li><strong>Pakendit\u00fc\u00fcp:<\/strong> Kilesachet<\/li>\n<li><strong>EAN:<\/strong> 8595606409262<\/li>\n<li><strong>Toote ID:<\/strong> DLKSHMKAM0019<\/li>\n<\/ul>\n<h3>Kasutamisjuhised<\/h3>\n<p>SHELMA m\u00e4rg kassitoit on kohe serveerimiseks valmis, sobib igap\u00e4evaseks t\u00e4istoiduks t\u00e4iskasvanud kassidele (sh steriliseeritud ning tundliku seedimisega kassidele). Avatud kilesachetid hoia k\u00fclmkapis ja tarvita \u00e4ra 48 tunni jooksul. Toitu serveeri toatemperatuuril ning j\u00e4lgi kassi p\u00e4evast tarbimist. Vesi peab alati olema saadaval. \u00c4ra \u00fcleta p\u00e4evast soovituslikku annust.<\/p>\n<h3>Miks valida SHELMA teraviljavaba m\u00e4rg kassitoit?<\/h3>\n<ul>\n<li><strong>Sobib toiduallergiatega ja \u00fclitundlikele kassidele<\/strong> \u2013 vaba teraviljast, gluteenist, sojast ja suhkrust.<\/li>\n<li>Ei sisalda kunstlikke l\u00f5hna-, maitse- ega v\u00e4rvaineid.<\/li>\n<li>Tagab tasakaalustatud toitainete koguse ning rikastab men\u00fc\u00fcd erinevate lihade ja looduslike koostisosadega.<\/li>\n<li>Mugavad portsjonpakendid hoiavad toidu v\u00e4rske ja lihtsustavad serveerimist.<\/li>\n<li>K\u00f5rge loomsete koostisosade sisaldus ning prebiootikumid toetavad kassi \u00fcldist tervist ja lihaskonda.<\/li>\n<\/ul>\n","protected":false},"excerpt":{"rendered":"<p>SHELMA teraviljavaba m\u00e4rg kassitoit sisaldab veise-, kana-, pardi- ja kalkunilihaga t\u00e4iss\u00f6\u00f6ta, mis sobib t\u00e4iskasvanud kassidele allergeene v\u00e4ltiva toiduna. Pakendis on 40 x 85 g mugavad portsjonid.<\/p>\n","protected":false},"featured_media":253337,"comment_status":"open","ping_status":"closed","template":"","meta":[],"product_brand":[7181],"product_cat":[7158],"product_tag":[],"class_list":{"0":"post-253338","1":"product","2":"type-product","3":"status-publish","4":"has-post-thumbnail","6":"product_brand-shelma","7":"product_cat-margtoit-ja-konservid-kassidele","8":"product_shipping_class-action","9":"pa_annustamise-vorm-tahke","10":"pa_gluteenivaba-jah","11":"pa_hoiatused-mitte-uletada-soovitatavat-paevast-annust-2","12":"pa_hoiatused-parast-avamist-sailitada-kulmkapis-ja-kasutada-48-tunni-jooksul","13":"pa_hoiatused-toodet-tuleks-hoida-jahedas-ja-kuivas-kohas","14":"pa_ilma-kunstlike-varvideta-jah","15":"pa_kaaluvahemik-2-kg-49-kg","16":"pa_kassi-toug-koik-toud","17":"pa_lemmiku-eluetapp-taiskasvanud","18":"pa_lemmiku-vajadused-allergik","19":"pa_lemmiku-vajadused-toiduallergia","20":"pa_lemmiku-vajadused-toidutalumatuse-vahendamine","21":"pa_lemmiku-vanus-taiskasvanud","22":"pa_lisafunktsioonid-allergia","23":"pa_lisafunktsioonid-gluteenivaba","24":"pa_lisafunktsioonid-lihaste-ehitus","25":"pa_lisafunktsioonid-teraviljavaba","26":"pa_lisafunktsioonid-toidu-talumatus","27":"pa_lisafunktsioonid-uldtervis","28":"pa_niiskuse-sisaldus-7303","29":"pa_pakendi-tuup-kilesachet","30":"pa_pohimaitse-maitsete-segu","31":"pa_proteiin-7301","32":"pa_rasva-sisaldus-10804","33":"pa_sobivus-kassile","34":"pa_sojavaba-jah","35":"pa_suhkruvaba-jah","36":"pa_toorkiud-10757","37":"pa_toorvalk-10764","38":"pa_veterinaarklassifikatsioon-taissoot","40":"first","41":"outofstock","42":"taxable","43":"shipping-taxable","44":"purchasable","45":"product-type-simple"},"_links":{"self":[{"href":"https:\/\/blankpage.ee\/_ruumist-ruumi\/wp-json\/wp\/v2\/product\/253338","targetHints":{"allow":["GET"]}}],"collection":[{"href":"https:\/\/blankpage.ee\/_ruumist-ruumi\/wp-json\/wp\/v2\/product"}],"about":[{"href":"https:\/\/blankpage.ee\/_ruumist-ruumi\/wp-json\/wp\/v2\/types\/product"}],"replies":[{"embeddable":true,"href":"https:\/\/blankpage.ee\/_ruumist-ruumi\/wp-json\/wp\/v2\/comments?post=253338"}],"wp:featuredmedia":[{"embeddable":true,"href":"https:\/\/blankpage.ee\/_ruumist-ruumi\/wp-json\/wp\/v2\/media\/253337"}],"wp:attachment":[{"href":"https:\/\/blankpage.ee\/_ruumist-ruumi\/wp-json\/wp\/v2\/media?parent=253338"}],"wp:term":[{"taxonomy":"product_brand","embeddable":true,"href":"https:\/\/blankpage.ee\/_ruumist-ruumi\/wp-json\/wp\/v2\/product_brand?post=253338"},{"taxonomy":"product_cat","embeddable":true,"href":"https:\/\/blankpage.ee\/_ruumist-ruumi\/wp-json\/wp\/v2\/product_cat?post=253338"},{"taxonomy":"product_tag","embeddable":true,"href":"https:\/\/blankpage.ee\/_ruumist-ruumi\/wp-json\/wp\/v2\/product_tag?post=253338"}],"curies":[{"name":"wp","href":"https:\/\/api.w.org\/{rel}","templated":true}]}}