{"id":253705,"date":"2025-08-02T12:29:25","date_gmt":"2025-08-02T12:29:25","guid":{"rendered":"https:\/\/ruumistruumi.ee\/pood\/animonda-integra-protect-renal-100g-sealiha-margtoit-taiskasvanud-kassile-neerude-ja-seedimise-toetuseks\/"},"modified":"2025-08-20T03:49:41","modified_gmt":"2025-08-20T03:49:41","slug":"animonda-integra-protect-renal-100g-sealiha-margtoit-taiskasvanud-kassile-neerude-ja-seedimise-toetuseks","status":"publish","type":"product","link":"https:\/\/blankpage.ee\/_ruumist-ruumi\/pood\/animonda-integra-protect-renal-100g-sealiha-margtoit-taiskasvanud-kassile-neerude-ja-seedimise-toetuseks\/","title":{"rendered":"Animonda Integra Protect Renal 100g sealiha m\u00e4rgtoit t\u00e4iskasvanud kassile neerude ja seedimise toetuseks"},"content":{"rendered":"<h3>Animonda Integra Protect Renal 100g sealiha m\u00e4rgtoit t\u00e4iskasvanud kassile neerude ja seedimise toetuseks<\/h3>\n<p>Animonda Integra Protect Renal Beef on spetsiaalselt neerude toetuseks loodud m\u00e4rgtoit, mis aitab parandada kroonilise neerupuudulikkusega v\u00f5i tundliku seedimisega t\u00e4iskasvanud kasside elukvaliteeti. Toit sobib k\u00f5igile kassit\u00f5ugudele ning aitab v\u00e4hendada ka toidutalumatust, toetada seedimist ja ennetada struviitkivide tekkimist. V\u00e4ike ja mugav 100 g alupakend tagab toidu v\u00e4rskuse ning lihtsa serveerimise igal toidukorral.<\/p>\n<h3>Peamised omadused<\/h3>\n<ul>\n<li>V\u00e4hendatud valgusisaldus, optimeeritud neerutalitluse toetamiseks<\/li>\n<li>Madal fosforisisaldus, mis aitab aeglustada neerukahjustusi<\/li>\n<li>Teravilja- ja gluteenivaba \u2013 sobib allergilistele ning toidutalumatusega kassidele<\/li>\n<li>Suhkru- ja sojavaba ning ei sisalda kunstlikke v\u00e4rvaineid<\/li>\n<li>Toetab seedimist ning aitab v\u00e4hendada struviitkivide tekkimist<\/li>\n<li>Hea maitsega \u2013 p\u00f5hikoostises sealiha, kana ja kartul<\/li>\n<li>Sobib k\u00f5ikidele kassit\u00f5ugudele<\/li>\n<\/ul>\n<h3>Tehnilised andmed<\/h3>\n<ul>\n<li>P\u00f5hikoostis: liha ja loomsed k\u00f5rvalsaadused (sh veiseliha, kana, sealiha), k\u00f6\u00f6giviljad (kartulid), \u00f5lid ja rasvad (rapsi\u00f5li), mineraalid, taimsed k\u00f5rvalsaadused<\/li>\n<li>Toitev\u00e4\u00e4rtus (100 g kohta): toorvalk 7,8%, rasv 11,5%, toorkiud 0,5%, toortuhk 1,3%, niiskus 76%<\/li>\n<li>Kaal: 100 g (neto), pakendi kaal 130 g<\/li>\n<li>M\u00f5\u00f5tmed: 88x88x25 mm \u2013 sobib v\u00e4iksemasse s\u00f6\u00f6ginurka v\u00f5i hoiukappi<\/li>\n<li>P\u00f5himaitse: sealiha<\/li>\n<li>Sobivus: t\u00e4iskasvanud kassile<\/li>\n<li>Pakendi t\u00fc\u00fcp: alumiiniumist aluspakk<\/li>\n<li>EAN: 4017721868020<\/li>\n<li>Toote ID: DLZANMKMK0190<\/li>\n<\/ul>\n<h3>Kasutussoovitused ja hoiustamine<\/h3>\n<p>\nAnimonda Integra Protect Renal m\u00e4rgtoitu tuleks anda vastavalt soovitatud p\u00e4evastele kogustele: <\/p>\n<ul>\n<li>3 kg kassile: umbes 165 g p\u00e4evas<\/li>\n<li>4 kg kassile: umbes 200 g p\u00e4evas<\/li>\n<li>5 kg kassile: umbes 230 g p\u00e4evas<\/li>\n<\/ul>\n<p>Toit jagada mitmeks toidukorraks. Avatud pakend tuleb hoida k\u00fclmkapis ja kasutada \u00e4ra 48 tunni jooksul. Soovitame enne s\u00f6\u00f6tmisperioodi pikendamist konsulteerida loomaarstiga, eriti neeru- v\u00f5i seedeprobleemidega kasside puhul. Kassil peab alati olema saadaval v\u00e4rske vesi. Mitte \u00fcletada p\u00e4evast soovituslikku kogust.<\/p>\n<h3>Neerudele m\u00f5eldud kassikonserv sealiha eelised ja v\u00e4\u00e4rtus<\/h3>\n<p>Animonda Integra Protect Renal 100g neerudele m\u00f5eldud kassikonserv \u00fchendab teadusp\u00f5hise retsepti, k\u00f5rge vastuv\u00f5etavuse ning mugava serveerimisviisi v\u00e4ikese portsjonpakendis. V\u00e4hendatud valgus- ja fosforisisaldus toetab kasside neerutalitlust pikaajaliselt ning aitab \u00e4ra hoida t\u00fcsistusi ja sagedast veterinaarset sekkumist. Teravilja- ja gluteenivaba koostis sobib ka allergilistele ja tundlikele kassidele. Toode ei sisalda suhkrut, sojat ega kunstlikke v\u00e4rvaineid ning sobib \u00fcldise heaolu ja elukvaliteedi edendamiseks.<\/p>\n","protected":false},"excerpt":{"rendered":"<p>Animonda Integra Protect Renal on sealiha ja madala fosforisisaldusega m\u00e4rgtoit t\u00e4iskasvanud kassidele, toetades neerude tervist ja seedimist.<\/p>\n","protected":false},"featured_media":253704,"comment_status":"open","ping_status":"closed","template":"","meta":[],"product_brand":[7161],"product_cat":[7158],"product_tag":[],"class_list":{"0":"post-253705","1":"product","2":"type-product","3":"status-publish","4":"has-post-thumbnail","6":"product_brand-animonda","7":"product_cat-margtoit-ja-konservid-kassidele","8":"product_shipping_class-action","9":"pa_annustamise-vorm-tahke","10":"pa_gluteenivaba-jah","11":"pa_hoiatused-mitte-uletada-soovitatavat-paevast-annust","12":"pa_hoiatused-parast-avamist-hoida-kulmkapis-ja-kasutada-48-tunni-jooksul","13":"pa_hoiatused-toodet-tuleb-sailitada-jahedas-ja-kuivas-kohas","14":"pa_ilma-kunstlike-varvideta-jah","15":"pa_kaaluvahemik-0-g-200-g","16":"pa_kassi-toug-koik-toud","17":"pa_lemmiku-eluetapp-taiskasvanud","18":"pa_lemmiku-vajadused-age-kohulahtisus","19":"pa_lemmiku-vajadused-ebapiisav-neerutalitlus","20":"pa_lemmiku-vajadused-neerude-kaitse","21":"pa_lemmiku-vajadused-oige-seedimine","22":"pa_lemmiku-vajadused-struviitkivide-tekke-ennetamine","23":"pa_lemmiku-vajadused-terved-neerud","24":"pa_lemmiku-vajadused-toiduallergia","25":"pa_lemmiku-vajadused-toidutalumatuse-vahendamine","26":"pa_lemmiku-vanus-taiskasvanud","27":"pa_lisafunktsioonid-allergia","28":"pa_lisafunktsioonid-gluteenivaba","29":"pa_lisafunktsioonid-neerupuudulikkus","30":"pa_lisafunktsioonid-seedimise-tugi","31":"pa_lisafunktsioonid-struviitkivid","32":"pa_lisafunktsioonid-teraviljavaba","33":"pa_lisafunktsioonid-uldine-tervis","34":"pa_niiskuse-sisaldus-8913","35":"pa_pakendi-tuup-kandik","36":"pa_pohimaitse-sealiha","37":"pa_proteiin-11497","38":"pa_rasva-sisaldus-10937","39":"pa_seeria-animonda-integra-protect","40":"pa_sobivus-kassile","41":"pa_sojavaba-jah","42":"pa_suhkruvaba-jah","43":"pa_toorkiud-10768","44":"pa_toorvalk-11191","46":"first","47":"instock","48":"taxable","49":"shipping-taxable","50":"purchasable","51":"product-type-simple"},"_links":{"self":[{"href":"https:\/\/blankpage.ee\/_ruumist-ruumi\/wp-json\/wp\/v2\/product\/253705","targetHints":{"allow":["GET"]}}],"collection":[{"href":"https:\/\/blankpage.ee\/_ruumist-ruumi\/wp-json\/wp\/v2\/product"}],"about":[{"href":"https:\/\/blankpage.ee\/_ruumist-ruumi\/wp-json\/wp\/v2\/types\/product"}],"replies":[{"embeddable":true,"href":"https:\/\/blankpage.ee\/_ruumist-ruumi\/wp-json\/wp\/v2\/comments?post=253705"}],"wp:featuredmedia":[{"embeddable":true,"href":"https:\/\/blankpage.ee\/_ruumist-ruumi\/wp-json\/wp\/v2\/media\/253704"}],"wp:attachment":[{"href":"https:\/\/blankpage.ee\/_ruumist-ruumi\/wp-json\/wp\/v2\/media?parent=253705"}],"wp:term":[{"taxonomy":"product_brand","embeddable":true,"href":"https:\/\/blankpage.ee\/_ruumist-ruumi\/wp-json\/wp\/v2\/product_brand?post=253705"},{"taxonomy":"product_cat","embeddable":true,"href":"https:\/\/blankpage.ee\/_ruumist-ruumi\/wp-json\/wp\/v2\/product_cat?post=253705"},{"taxonomy":"product_tag","embeddable":true,"href":"https:\/\/blankpage.ee\/_ruumist-ruumi\/wp-json\/wp\/v2\/product_tag?post=253705"}],"curies":[{"name":"wp","href":"https:\/\/api.w.org\/{rel}","templated":true}]}}