{"id":253819,"date":"2025-08-02T12:37:30","date_gmt":"2025-08-02T12:37:30","guid":{"rendered":"https:\/\/ruumistruumi.ee\/pood\/bozita-chunks-in-sauce-with-shrimps-370-g-teraviljavaba-margtoit-krevetimaitseline-taiskasvanud-kassile\/"},"modified":"2025-08-20T15:19:58","modified_gmt":"2025-08-20T15:19:58","slug":"bozita-chunks-in-sauce-with-shrimps-370-g-teraviljavaba-margtoit-krevetimaitseline-taiskasvanud-kassile","status":"publish","type":"product","link":"https:\/\/blankpage.ee\/_ruumist-ruumi\/pood\/bozita-chunks-in-sauce-with-shrimps-370-g-teraviljavaba-margtoit-krevetimaitseline-taiskasvanud-kassile\/","title":{"rendered":"Bozita Chunks in Sauce with Shrimps 370 g teraviljavaba m\u00e4rgtoit krevetimaitseline t\u00e4iskasvanud kassile"},"content":{"rendered":"<h3>Bozita Chunks in Sauce with Shrimps 370 g teraviljavaba m\u00e4rgtoit krevetimaitseline t\u00e4iskasvanud kassile<\/h3>\n<p>Bozita CHUNKS IN SAUCE WITH SHRIMPS on Rootsi kvaliteediga teraviljavaba m\u00e4rg kassitoit, mis sobib t\u00e4iskasvanud ja vanemaealistele kassidele. Toode pakub maitsvat krevettidega mereannimaitset, toetab \u00fcldist tervist ning aitab v\u00e4ltida toidutundlikkusega seotud probleeme. M\u00e4rgtoit sobib igap\u00e4evaseks t\u00e4iss\u00f6\u00f6daks igat t\u00f5ugu kassidele, olles gluteenivaba ning parandab kassi toidukogemust ka k\u00f5ige valivamal kiisul.<\/p>\n<h3>Peamised omadused<\/h3>\n<ul>\n<li>Ei sisalda kunstlikke v\u00e4rvaineid ega s\u00e4ilitusaineid<\/li>\n<li>Teravilja- ja gluteenivaba koostis, sobib ka toiduallergiatega kassidele<\/li>\n<li>K\u00f5rge loomse valgu sisaldus (v\u00e4rske kana, krevetid, veiseliha ja sealiha)<\/li>\n<li>Suhkruvaba ja madala magneesiumisisaldusega<\/li>\n<li>Sisaldab olulisi vitamiine: vitamiin A, D3 ja E<\/li>\n<li>Rikas tauriini poolest, mis toetab kassi s\u00fcdame- ja silmade tervist<\/li>\n<li>Lisatud looduslikud p\u00e4rmi \u03b2-gl\u00fckaanid, mis toetavad immuuns\u00fcsteemi<\/li>\n<li>M\u00f5eldud t\u00e4iskasvanud ja vanemaealistele kassidele, sobib igat t\u00f5ugu lemmikutele<\/li>\n<\/ul>\n<h3>Tehnilised andmed<\/h3>\n<ul>\n<li>Pakendi maht: 370 g (kartongpakend)<\/li>\n<li>Toote m\u00f5\u00f5tmed: 84 x 45 x 107 mm<\/li>\n<li>Kogukaal: 398 g<\/li>\n<li>Energiasisaldus: 330 kJ \/ 100 g<\/li>\n<li>Toorvalk: 2%<\/li>\n<li>Rasva sisaldus: 5%<\/li>\n<li>Niiskuse sisaldus: 83%<\/li>\n<li>Toorkiud: 0,5%<\/li>\n<li>Tsingi sisaldus: 14 mg\/kg<\/li>\n<li>E-vitamiini sisaldus: 12 mg\/kg<\/li>\n<li>Vase sisaldus: 2 mg\/kg<\/li>\n<li>Mangaani sisaldus: 1,4 mg\/kg<\/li>\n<li>D3-vitamiini sisaldus: 200 IU\/kg<\/li>\n<li>Joodi sisaldus: 0,1 mg\/kg<\/li>\n<li>Tauriini sisaldus: 770 mg\/kg<\/li>\n<li>P\u00f5himaitse: krevetid<\/li>\n<li>Sobib: t\u00e4iskasvanud ja vanemaealistele kassidele<\/li>\n<li>Toote ID: DLZBZTKMK0011<\/li>\n<li>EAN: 7300330049353<\/li>\n<\/ul>\n<h3>Kasutamisjuhised<\/h3>\n<p>S\u00f6\u00f6tke Bozita krevettidega m\u00e4rg kassitoit vastavalt kassi kehakaalule ja elustiilile, j\u00e4rgides pakendil toodud p\u00e4evaseid soovituslikke koguseid. Avatud pakend tuleb hoida k\u00fclmikus ja kasutada \u00e4ra 48 tunni jooksul. Toit tuleks serveerida toatemperatuuril, et parandada l\u00f5hna- ja maitseomadusi. \u00c4rge \u00fcletage soovitatud p\u00e4evast kogust ja veenduge, et kassil oleks alati saadaval v\u00e4rske joogivesi. Toode sobib k\u00f5igile t\u00f5ugudele, eriti neile, kellel on toidu suhtes suurem tundlikkus.<\/p>\n<p>Bozita CHUNKS IN SAUCE WITH SHRIMPS on oma hinnaklassis v\u00e4ga hea kvaliteediga t\u00e4nu Rootsi p\u00e4ritolu puhastele koostisosadele, toitainete tasakaalule ja v\u00f5imele toetada kassi igap\u00e4evast heaolu. Teraviljavaba ja krevetimaitseline m\u00e4rgtoit on usaldusv\u00e4\u00e4rne valik hoolivale kassiomanikule, pakkudes lemmikule mitmek\u00fclgset ja ohutut toitumist.<\/p>\n","protected":false},"excerpt":{"rendered":"<p>Bozita krevettidega m\u00e4rg kassitoit 370 g on teraviljavaba t\u00e4iss\u00f6\u00f6t t\u00e4iskasvanud kassidele, sisaldades kvaliteetseid loomseid valke ja vitamiine igap\u00e4evaseks toiduks.<\/p>\n","protected":false},"featured_media":253818,"comment_status":"open","ping_status":"closed","template":"","meta":[],"product_brand":[7167],"product_cat":[7158],"product_tag":[],"class_list":{"0":"post-253819","1":"product","2":"type-product","3":"status-publish","4":"has-post-thumbnail","6":"product_brand-bozita","7":"product_cat-margtoit-ja-konservid-kassidele","8":"product_shipping_class-action","9":"pa_d3-vitamiini-sisaldus-200-iu-kg","10":"pa_e-vitamiini-sisaldus-12-mg-kg","11":"pa_ei-sisalda-sailitusaine","12":"pa_ei-sisalda-sunteetiline-varvaine","13":"pa_energiasisaldus-100g-kohta-330-kj","14":"pa_gluteenivaba-jah","15":"pa_hoiatused-hoidke-toodet-jahedas-ja-kuivas-kohas","16":"pa_hoiatused-mitte-uletada-soovitatavat-paevast-kogust","17":"pa_hoiatused-parast-avamist-hoida-kulmkapis-ja-tarbida-48-tunni-jooksul","18":"pa_ilma-kunstlike-varvideta-jah","19":"pa_joodi-sisaldus-01-mg-kg","20":"pa_kaaluvahemik-201-g-499-g","21":"pa_kassi-toug-koik-toud","22":"pa_lemmiku-eluetapp-eakad","23":"pa_lemmiku-eluetapp-taiskasvanud","24":"pa_lemmiku-vanus-taiskasvanu","25":"pa_lisafunktsioonid-toidutundlikkus","26":"pa_mahutavus-370-g","27":"pa_mangaani-sisaldus-14-mg-kg-2","28":"pa_niiskuse-sisaldus-8887","29":"pa_pakendi-tuup-kartong","30":"pa_pohimaitse-kreveti","31":"pa_pohimaitse-mereannid","32":"pa_rasva-sisaldus-8801","33":"pa_sisaldab-vitamiine-a-vitamiin","34":"pa_sisaldab-vitamiine-d3-vitamiin","35":"pa_sisaldab-vitamiine-e-vitamiin","36":"pa_sobivus-kassile","37":"pa_suhkruvaba-jah","38":"pa_tauriini-sisaldus-770-mg-kg","39":"pa_teraviljata-jah","40":"pa_tervisemoju-uldine-tervis","41":"pa_toorkiud-10768","42":"pa_toorvalk-2-2","43":"pa_tsingi-sisaldus-14-mg-kg","44":"pa_vase-sisaldus-2-mg-kg","46":"first","47":"instock","48":"taxable","49":"shipping-taxable","50":"purchasable","51":"product-type-simple"},"_links":{"self":[{"href":"https:\/\/blankpage.ee\/_ruumist-ruumi\/wp-json\/wp\/v2\/product\/253819","targetHints":{"allow":["GET"]}}],"collection":[{"href":"https:\/\/blankpage.ee\/_ruumist-ruumi\/wp-json\/wp\/v2\/product"}],"about":[{"href":"https:\/\/blankpage.ee\/_ruumist-ruumi\/wp-json\/wp\/v2\/types\/product"}],"replies":[{"embeddable":true,"href":"https:\/\/blankpage.ee\/_ruumist-ruumi\/wp-json\/wp\/v2\/comments?post=253819"}],"wp:featuredmedia":[{"embeddable":true,"href":"https:\/\/blankpage.ee\/_ruumist-ruumi\/wp-json\/wp\/v2\/media\/253818"}],"wp:attachment":[{"href":"https:\/\/blankpage.ee\/_ruumist-ruumi\/wp-json\/wp\/v2\/media?parent=253819"}],"wp:term":[{"taxonomy":"product_brand","embeddable":true,"href":"https:\/\/blankpage.ee\/_ruumist-ruumi\/wp-json\/wp\/v2\/product_brand?post=253819"},{"taxonomy":"product_cat","embeddable":true,"href":"https:\/\/blankpage.ee\/_ruumist-ruumi\/wp-json\/wp\/v2\/product_cat?post=253819"},{"taxonomy":"product_tag","embeddable":true,"href":"https:\/\/blankpage.ee\/_ruumist-ruumi\/wp-json\/wp\/v2\/product_tag?post=253819"}],"curies":[{"name":"wp","href":"https:\/\/api.w.org\/{rel}","templated":true}]}}