{"id":254052,"date":"2025-08-04T10:08:22","date_gmt":"2025-08-04T10:08:22","guid":{"rendered":"https:\/\/ruumistruumi.ee\/pood\/hills-prescription-diet-c-d-multicare-156-g-margtoit-kassidele-kuseteede-tervise-toetuseks-sea-ja-kanaga\/"},"modified":"2025-08-20T15:15:20","modified_gmt":"2025-08-20T15:15:20","slug":"hills-prescription-diet-c-d-multicare-156-g-margtoit-kassidele-kuseteede-tervise-toetuseks-sea-ja-kanaga","status":"publish","type":"product","link":"https:\/\/blankpage.ee\/_ruumist-ruumi\/pood\/hills-prescription-diet-c-d-multicare-156-g-margtoit-kassidele-kuseteede-tervise-toetuseks-sea-ja-kanaga\/","title":{"rendered":"Hill&#8217;s Prescription Diet c\/d Multicare 156 g m\u00e4rgtoit kassidele kuseteede tervise toetuseks, sea- ja kanaga"},"content":{"rendered":"<h3>Hill&#8217;s Prescription Diet c\/d Multicare 156 g m\u00e4rgtoit kassidele kuseteede tervisele<\/h3>\n<p>Hill&#8217;s Multicare 156 g on spetsiaalselt veterinaararstide soovitusel loodud m\u00e4rgtoit t\u00e4iskasvanud ja eakamatele kassidele, kellel esineb v\u00f5i on risk kuseteede probleemide, sealhulgas struviitkivide tekkeks. See toit toetab kassi nende oluliste vajaduste rahuldamisel, aidates nii ennetada kui ka lahustada struviitkive ning soodustab kuseteede \u00fcldist tervist. Valmistatud maitsvate sea- ja kanalihat\u00fckkidega, et pakkuda Sinu kassile tasakaalustatud toitumist ilma ebavajalike lisanditeta.<\/p>\n<h3>Peamised omadused<\/h3>\n<ul>\n<li>Kliiniliselt t\u00f5estatud koostis, mis aitab lahustada struviitkive ja ennetab nende taasteket<\/li>\n<li>Toetab kuseteede s\u00fcsteemi kaitset ja aitab v\u00e4hendada s\u00fcmptomeid kuseteede haiguste korral<\/li>\n<li>Maitsev ja isu\u00e4ratav koostis sea- ja kanaliha baasil, sobib ka valivale kassile<\/li>\n<li>Suhkruvaba, sojavaba ja kunstlike v\u00e4rvaineteta<\/li>\n<li>S\u00e4ilitusaineteta \u2013 sobib ka tundliku seedimisega kassidele<\/li>\n<li>Veterinaardieet \u2013 igap\u00e4evaseks kasutamiseks veterinaararsti soovitusel<\/li>\n<\/ul>\n<h3>Tehnilised andmed<\/h3>\n<ul>\n<li>EAN: 052742945101<\/li>\n<li>Kogus pakendis: 156 g alumiiniumist konserv<\/li>\n<li>M\u00f5\u00f5tmed: 85 \u00d7 40 \u00d7 85 mm<\/li>\n<li>Kaal: 173 g (koos pakendiga)<\/li>\n<li>P\u00f5himaitse: Sealiha ja kana<\/li>\n<li>Eluetapp: T\u00e4iskasvanud ja eakad kassid<\/li>\n<li>Kaaluvahemik: 0\u2013200 g<\/li>\n<li>Tauriini sisaldus: 1000 mg\/kg<\/li>\n<li>Proteiinisisaldus: 10,9%<\/li>\n<li>Rasvasisaldus: 5,2%<\/li>\n<li>Toorkiud: 0,5%<\/li>\n<li>Niiskusesisaldus: 75,2%<\/li>\n<li>Mangaani sisaldus: 0,5 mg\/kg<\/li>\n<li>Gluteenivaba: Ei<\/li>\n<\/ul>\n<h3>Kasutamisjuhised<\/h3>\n<p>Soovitatav p\u00e4evane annus s\u00f5ltub kassi kehakaalust ja tervislikust seisundist. K\u00fcsi alati eelnevalt n\u00f5u loomaarstilt, et m\u00e4\u00e4rata just sinu kassile sobiv toitumiskava. \u00dcldiselt soovitatakse:<\/p>\n<ul>\n<li>2 kg kaaluv kass: umbes \u00be konservi p\u00e4evas<\/li>\n<li>4 kg kaaluv kass: umbes 1 1\/3 konservi p\u00e4evas<\/li>\n<li>6 kg kaaluv kass: umbes 1 \u00be konservi p\u00e4evas<\/li>\n<\/ul>\n<p>P\u00e4rast avamist hoia toodet k\u00fclmkapis ja kasuta \u00e4ra 48 tunni jooksul. \u00c4ra \u00fcleta soovitatud p\u00e4evast kogust. Toit sobib k\u00f5igile t\u00f5ugudele t\u00e4iskasvanud ja eakatele kassidele, kellel esineb kroonilisi v\u00f5i \u00e4gedaid kuseteede probleeme.<\/p>\n<h3>Kasutusmugavus<\/h3>\n<p>Hill&#8217;s Prescription Diet c\/d Multicare m\u00e4rgtoit sobib k\u00f5ikidele t\u00e4iskasvanud ja eakatele kassidele (olenemata t\u00f5ust). Konservi lihtsalt avatav kaas v\u00f5imaldab igap\u00e4evast mugavat kasutamist ning tootega ei kaasne kunstlikke v\u00e4rvaineid ega s\u00e4ilitusaineid.<\/p>\n<h3>Kvaliteet ja t\u00f6\u00f6kindlus<\/h3>\n<p>Toode vastab k\u00f5rgetele kvaliteedistandarditele. Tegu on rahvusvaheliselt tunnustatud Hill&#8217;s&#8217;i veterinaartoitudega. Kasutatud on esmaklassilist toorainet ning toote koostis on kliiniliselt kontrollitud. Hill&#8217;s tagab, et toode vastab pakendil toodud infole.<\/p>\n<h3>Pakk sisu<\/h3>\n<ul>\n<li>Pakendis: 1 \u00d7 156 g m\u00e4rgtoidu konserv<\/li>\n<li>Lisatarvikud puuduvad \u2013 toode on kohe serveerimiseks valmis<\/li>\n<\/ul>\n<h3>Hind ja kvaliteet<\/h3>\n<p>Hill&#8217;s Multicare m\u00e4rgtoit kassidele pakub tervisespetsiifilist toitumist ning aitab v\u00e4ltida ja leevendada tervisemuresid, mis v\u00f5ivad muidu kaasa tuua suuremaid veterinaarikulusid. T\u00e4nu kliiniliselt t\u00f5estatud toimele on tegu pikaajalist tervist toetava investeeringuga ning \u00f5igustab oma hinda kassi parema elukvaliteedi kaudu.<\/p>\n","protected":false},"excerpt":{"rendered":"<p>Hill&#8217;s Prescription Diet c\/d Multicare 156 g m\u00e4rgtoit sea- ja kanaga toetab kasside kuseteede tervist ning aitab v\u00e4hendada struviitkivide tekkeriski.<\/p>\n","protected":false},"featured_media":254051,"comment_status":"open","ping_status":"closed","template":"","meta":[],"product_brand":[7150],"product_cat":[7158],"product_tag":[],"class_list":{"0":"post-254052","1":"product","2":"type-product","3":"status-publish","4":"has-post-thumbnail","6":"product_brand-hills","7":"product_cat-margtoit-ja-konservid-kassidele","8":"product_shipping_class-action","9":"pa_gluteenivaba-ei","10":"pa_hoiatused-ara-uleta-soovitatud-paevast-annust-parast-avamist-hoida-kulmkapis-ja-kasutada-48-tunni-jooksul-hoida-jahedas-ja-kuivas","11":"pa_ilma-kunstlike-varvideta-jah","12":"pa_kaaluvahemik-0-g-200-g","13":"pa_kassi-toug-koik-toud","14":"pa_lemmiku-eluetapp-eakad","15":"pa_lemmiku-eluetapp-taiskasvanud","16":"pa_lemmiku-tuup-kass","17":"pa_lemmiku-vajadused-kuseteede-kaitse","18":"pa_lemmiku-vajadused-struviitkivide-lahustamine","19":"pa_lemmiku-vanus-eakas","20":"pa_lemmiku-vanus-taiskasvanu","21":"pa_lisafunktsioonid-haige-kuseteede","22":"pa_lisafunktsioonid-struviitkivid","23":"pa_mangaani-sisaldus-05-mg-kg","24":"pa_niiskuse-sisaldus-12027","25":"pa_pakendi-tuup-purk","26":"pa_pohimaitse-kana","27":"pa_pohimaitse-sealiha","28":"pa_proteiin-10827","29":"pa_rasva-sisaldus-10761","30":"pa_sailitusaineteta-jah","31":"pa_seeria-hills-prescription-diet","32":"pa_sobivus-kassile","33":"pa_sojavaba-jah","34":"pa_suhkruvaba-jah","35":"pa_tauriini-sisaldus-1000-mg-kg","36":"pa_tervisemoju-kuseteede-tervis","37":"pa_toorkiud-10768","38":"pa_toorvalk-1-3","40":"first","41":"instock","42":"taxable","43":"shipping-taxable","44":"purchasable","45":"product-type-simple"},"_links":{"self":[{"href":"https:\/\/blankpage.ee\/_ruumist-ruumi\/wp-json\/wp\/v2\/product\/254052","targetHints":{"allow":["GET"]}}],"collection":[{"href":"https:\/\/blankpage.ee\/_ruumist-ruumi\/wp-json\/wp\/v2\/product"}],"about":[{"href":"https:\/\/blankpage.ee\/_ruumist-ruumi\/wp-json\/wp\/v2\/types\/product"}],"replies":[{"embeddable":true,"href":"https:\/\/blankpage.ee\/_ruumist-ruumi\/wp-json\/wp\/v2\/comments?post=254052"}],"wp:featuredmedia":[{"embeddable":true,"href":"https:\/\/blankpage.ee\/_ruumist-ruumi\/wp-json\/wp\/v2\/media\/254051"}],"wp:attachment":[{"href":"https:\/\/blankpage.ee\/_ruumist-ruumi\/wp-json\/wp\/v2\/media?parent=254052"}],"wp:term":[{"taxonomy":"product_brand","embeddable":true,"href":"https:\/\/blankpage.ee\/_ruumist-ruumi\/wp-json\/wp\/v2\/product_brand?post=254052"},{"taxonomy":"product_cat","embeddable":true,"href":"https:\/\/blankpage.ee\/_ruumist-ruumi\/wp-json\/wp\/v2\/product_cat?post=254052"},{"taxonomy":"product_tag","embeddable":true,"href":"https:\/\/blankpage.ee\/_ruumist-ruumi\/wp-json\/wp\/v2\/product_tag?post=254052"}],"curies":[{"name":"wp","href":"https:\/\/api.w.org\/{rel}","templated":true}]}}