{"id":254060,"date":"2025-08-04T10:08:52","date_gmt":"2025-08-04T10:08:52","guid":{"rendered":"https:\/\/ruumistruumi.ee\/pood\/kattovit-feline-diet-gastro-125-kg-kasside-kuivtoit-kuuliku-ja-koogiviljaga-seedimise-toetuseks\/"},"modified":"2025-08-20T15:14:53","modified_gmt":"2025-08-20T15:14:53","slug":"kattovit-feline-diet-gastro-125-kg-kasside-kuivtoit-kuuliku-ja-koogiviljaga-seedimise-toetuseks","status":"publish","type":"product","link":"https:\/\/blankpage.ee\/_ruumist-ruumi\/pood\/kattovit-feline-diet-gastro-125-kg-kasside-kuivtoit-kuuliku-ja-koogiviljaga-seedimise-toetuseks\/","title":{"rendered":"Kattovit Feline Diet Gastro 1,25 kg kasside kuivtoit k\u00fc\u00fcliku ja k\u00f6\u00f6giviljaga seedimise toetuseks"},"content":{"rendered":"<h3>Kattovit Feline Diet Gastro 1,25 kg kuivtoit k\u00fc\u00fcliku ja k\u00f6\u00f6giviljaga t\u00e4iskasvanud kassile seedeprobleemide leevendamiseks<\/h3>\n<p>Kattovit Gastro on spetsiaalselt v\u00e4lja t\u00f6\u00f6tatud kuivtoit t\u00e4iskasvanud kassidele, kellel esinevad seedetrakti probleemid, raskused seedimisega v\u00f5i krooniline pankrease puudulikkus. Toidu kergesti seeditav koostis ja madal rasvasisaldus aitavad toetada kassi seedes\u00fcsteemi ning leevendada seedimisprobleeme. Sobib igap\u00e4evaseks kasutamiseks veterinaardiagnoosiga kassidel ning sisaldab hoolikalt tasakaalustatud koguses valke, rasvu, kiudaineid, vitamiine ja mineraale. Pakend (1,25 kg) on mugav ja s\u00e4ilitab toidu v\u00e4rskuse.<\/p>\n<h3>Peamised omadused<\/h3>\n<ul>\n<li>Kergesti seeditavad koostisosad sobivad tundliku seedimisega kassidele<\/li>\n<li>Madal rasvasisaldus (16%) v\u00e4hendab seedetrakti koormust<\/li>\n<li>P\u00f5himaitse: k\u00fc\u00fclik ja k\u00f6\u00f6giviljad<\/li>\n<li>Lisafunktsioon: seedeprotsessi tugi ja seedimise toetamine<\/li>\n<li>Toetab taastumist \u00e4gedate soolestikuh\u00e4irete korral<\/li>\n<li>Anal\u00fc\u00fctilised koostisosad: proteiin 32%, toorkiud 1,5%, fosfor 0,8%<\/li>\n<li>Sisaldab olulisi vitamiine: A, D3, E<\/li>\n<li>Suurenenud elektrol\u00fc\u00fctide sisaldus (kaalium, naatrium)<\/li>\n<li>Tauriin (1500 mg\/kg) s\u00fcdame ja n\u00e4gemise toetuseks<\/li>\n<li>Veterinaardiagnoosiga kassidele, sobib ka pikemaks kasutamiseks krooniliste probleemide korral<\/li>\n<\/ul>\n<h3>Tehnilised andmed<\/h3>\n<ul>\n<li>Pakend: 1,25 kg kilekott<\/li>\n<li>EAN: 4000158771445<\/li>\n<li>Toote m\u00f5\u00f5tmed: 160 x 215 x 100 mm<\/li>\n<li>Kaal: 1280 g<\/li>\n<li>Ainevahetusenergia (ME): 396 kcal\/100 g<\/li>\n<li>Rasv: 16%<\/li>\n<li>Proteiin: 32%<\/li>\n<li>Toorkiud: 1,5%<\/li>\n<li>Toortuhk: 6,5%<\/li>\n<li>Kaltsium: 0,9%<\/li>\n<li>Fosfor: 0,8%<\/li>\n<li>Kaalium: 0,4%<\/li>\n<li>Naatrium: 0,4%<\/li>\n<li>Tsingi sisaldus: 99 mg\/kg<\/li>\n<li>Seleeni sisaldus: 0,1 mg\/kg<\/li>\n<li>Joodi sisaldus: 5 mg\/kg<\/li>\n<li>D3-vitamiin: 1680 IU\/kg; A-vitamiin: 16800 IU\/kg; E-vitamiin: 168 mg\/kg<\/li>\n<\/ul>\n<h3>Kasutamisjuhised<\/h3>\n<p>Toidukogus s\u00f5ltub kassi kehakaalust, vanusest ja aktiivsusest. Keskmise (4 kg) kassi puhul soovitatakse umbes 60 g p\u00e4evas. Vajadusel kohandage kogust vastavalt looma vajadustele ja veterinaararsti soovitusele. Sobiv kasutusperiood \u00e4gedate seedeh\u00e4irete korral on 1\u20132 n\u00e4dalat, krooniliste probleemide puhul v\u00f5ib kasutus olla pikem.<\/p>\n<p>Tagage kassile alati v\u00e4rske joogivee olemasolu. \u00c4rge \u00fcletage soovitatud p\u00e4evast annust. Avatud pakend s\u00e4ilitada k\u00fclmkapis ja kasutada \u00e4ra 48 tunni jooksul. Hoidke toodet jahedas ning kuivas kohas.<\/p>\n<h3>Miks valida Kattovit Gastro 1,25 kg kuivtoit?<\/h3>\n<ul>\n<li>Spetsiaalne kasside gastro dieet kuivtoit, mis toetab seedetrakti t\u00f6\u00f6d<\/li>\n<li>Kergesti seeditavad loomsed ja taimsed valgud ning tasakaalustatud elektrol\u00fc\u00fcdid<\/li>\n<li>Sobib t\u00e4iskasvanud ja eakamatele kassidele, eriti kroonilise seedimise v\u00f5i pankrease puudulikkuse korral<\/li>\n<li>Kattovit br\u00e4ndi kvaliteet ning koostisainete kontrollitud puhtus<\/li>\n<li>Kompaktne ja mugav 1,25 kg pakend lihtsaks s\u00e4ilitamiseks<\/li>\n<\/ul>\n<p>Kattovit Gastro kuivtoit pakub turvalist lahendust seedetrakti probleemidega v\u00f5i n\u00f5rgenenud seedimisega t\u00e4iskasvanud kassidele. Tegemist on tunnustatud veterinaardieediga, mille koostis ja vitamiinitasemed toetavad kassi heaolu ja seedetervist igap\u00e4evaselt.<\/p>\n","protected":false},"excerpt":{"rendered":"<p>Kattovit Feline Diet Gastro 1,25 kg on t\u00e4iskasvanud kassidele m\u00f5eldud kuivtoit, mis toetab seedimist ja sobib seedeprobleemide leevendamiseks. Sisaldab k\u00fc\u00fclikuliha, k\u00f6\u00f6givilju ning olulisi vitamiine ja mineraale.<\/p>\n","protected":false},"featured_media":254059,"comment_status":"open","ping_status":"closed","template":"","meta":[],"product_brand":[7154],"product_cat":[7158],"product_tag":[],"class_list":{"0":"post-254060","1":"product","2":"type-product","3":"status-publish","4":"has-post-thumbnail","6":"product_brand-kattovit","7":"product_cat-margtoit-ja-konservid-kassidele","8":"product_shipping_class-action","9":"pa_a-vitamiini-sisaldus-16800-iu-kg","10":"pa_ainevahetusenergia-me-396-kcal-kg","11":"pa_d3-vitamiini-sisaldus-1680-iu-kg","12":"pa_e-vitamiini-sisaldus-168-mg-kg","13":"pa_fosfor-8497","14":"pa_hoiatused-ara-uleta-soovitatavat-paevast-annust","15":"pa_hoiatused-parast-avamist-sailitada-kulmkapis-ja-kasutada-48-tunni-jooksul","16":"pa_hoiatused-toodet-hoida-jahedas-ja-kuivas-kohas-2","17":"pa_joodi-sisaldus-5-mg-kg","18":"pa_kaaliumi-sisaldus-12047","19":"pa_kaaluvahemik-1-kg-19-kg","20":"pa_kaltsium-8445","21":"pa_kogus-7234","22":"pa_lemmiku-eluetapp-eakad","23":"pa_lemmiku-eluetapp-taiskasvanud","24":"pa_lemmiku-vanus-taiskasvanu","25":"pa_lisafunktsioonid-seedimise-tugi","26":"pa_naatrium-7825","27":"pa_pakendi-tuup-kott","28":"pa_pohimaitse-koogivili","29":"pa_pohimaitse-kuulik","30":"pa_proteiin-7461","31":"pa_rasva-sisaldus-7410","32":"pa_seeria-kattovit-feline-diet","33":"pa_seleeni-sisaldus-01-mg-kg","34":"pa_sisaldab-vitamiine-a-vitamiin","35":"pa_sisaldab-vitamiine-d3-vitamiin","36":"pa_sisaldab-vitamiine-e-vitamiin","37":"pa_sobivus-kassile","38":"pa_tauriini-sisaldus-1500-mg-kg","39":"pa_toorkiud-7713","40":"pa_toorvalk-7857","41":"pa_tsingi-sisaldus-99-mg-kg","43":"first","44":"instock","45":"taxable","46":"shipping-taxable","47":"purchasable","48":"product-type-simple"},"_links":{"self":[{"href":"https:\/\/blankpage.ee\/_ruumist-ruumi\/wp-json\/wp\/v2\/product\/254060","targetHints":{"allow":["GET"]}}],"collection":[{"href":"https:\/\/blankpage.ee\/_ruumist-ruumi\/wp-json\/wp\/v2\/product"}],"about":[{"href":"https:\/\/blankpage.ee\/_ruumist-ruumi\/wp-json\/wp\/v2\/types\/product"}],"replies":[{"embeddable":true,"href":"https:\/\/blankpage.ee\/_ruumist-ruumi\/wp-json\/wp\/v2\/comments?post=254060"}],"wp:featuredmedia":[{"embeddable":true,"href":"https:\/\/blankpage.ee\/_ruumist-ruumi\/wp-json\/wp\/v2\/media\/254059"}],"wp:attachment":[{"href":"https:\/\/blankpage.ee\/_ruumist-ruumi\/wp-json\/wp\/v2\/media?parent=254060"}],"wp:term":[{"taxonomy":"product_brand","embeddable":true,"href":"https:\/\/blankpage.ee\/_ruumist-ruumi\/wp-json\/wp\/v2\/product_brand?post=254060"},{"taxonomy":"product_cat","embeddable":true,"href":"https:\/\/blankpage.ee\/_ruumist-ruumi\/wp-json\/wp\/v2\/product_cat?post=254060"},{"taxonomy":"product_tag","embeddable":true,"href":"https:\/\/blankpage.ee\/_ruumist-ruumi\/wp-json\/wp\/v2\/product_tag?post=254060"}],"curies":[{"name":"wp","href":"https:\/\/api.w.org\/{rel}","templated":true}]}}