{"id":254640,"date":"2025-08-04T10:30:47","date_gmt":"2025-08-04T10:30:47","guid":{"rendered":"https:\/\/ruumistruumi.ee\/pood\/royal-canin-feline-health-nutrition-instinctive-in-jelly-12x85g-taiskasvanud-kasside-margtoit-linnulihaga-kuseelundkonna-tervise-toetamiseks\/"},"modified":"2025-08-20T22:43:10","modified_gmt":"2025-08-20T22:43:10","slug":"royal-canin-feline-health-nutrition-instinctive-in-jelly-12x85g-taiskasvanud-kasside-margtoit-linnulihaga-kuseelundkonna-tervise-toetamiseks","status":"publish","type":"product","link":"https:\/\/blankpage.ee\/_ruumist-ruumi\/pood\/royal-canin-feline-health-nutrition-instinctive-in-jelly-12x85g-taiskasvanud-kasside-margtoit-linnulihaga-kuseelundkonna-tervise-toetamiseks\/","title":{"rendered":"Royal Canin Feline Health Nutrition Instinctive in Jelly 12x85g t\u00e4iskasvanud kasside m\u00e4rgtoit linnulihaga, kuseelundkonna tervise toetamiseks"},"content":{"rendered":"<h3>Royal Canin Feline Health Nutrition Instinctive in Jelly 12x85g \u2013 t\u00e4iskasvanud kassi m\u00e4rgtoit linnulihaga<\/h3>\n<p>Royal Canin FHN Instinctive in Jelly on spetsiaalselt t\u00e4iskasvanud kassidele loodud t\u00e4isv\u00e4\u00e4rtuslik m\u00e4rgtoit, mis sobib ideaalselt erinevate t\u00f5ugude ja elustiilidega kassidele alates 1. eluaastast. T\u00e4nu ainulaadsele koostisele pakub see toode sinu kassile vajalikku tasakaalu maitseelamuse, toitainev\u00e4\u00e4rtuse ja tervise vahel, aidates toetada nii kuseelundkonna tervist kui ka s\u00e4ilitada optimaalset kehakaalu ning pakkudes maitsvat linnulihalist eineelamust isegi k\u00f5ige pirtsakamatele s\u00f6\u00f6jatele.<\/p>\n<h3>Peamised omadused<\/h3>\n<ul>\n<li>T\u00e4isv\u00e4\u00e4rtuslik m\u00e4rgtoit t\u00e4iskasvanud kassidele, sobib k\u00f5igile kassit\u00f5ugudele<\/li>\n<li>Rikkalik linnulihamaitse \u2013 isu\u00e4ratav ja h\u00e4sti vastuv\u00f5etav<\/li>\n<li>Aitab toetada kassi kuseelundkonna tervist, sobib kasutamiseks p\u00f5iekividele ja alumistele kuseteede probleemidele kalduvatele kassidele<\/li>\n<li>Tasakaalustatud energiasisaldus aitab s\u00e4ilitada kassi ideaalkaalu<\/li>\n<li>K\u00f5rge niiskusesisaldus (80%) aitab toetada igap\u00e4evast vedelikutarbimist<\/li>\n<li>Sobib h\u00e4sti ka valivatele s\u00f6\u00f6jatele \u2013 spetsiaalne koostis ja tekstuur suurendavad toidu meeldivust<\/li>\n<li>Osa ROYAL CANIN Feline Health Nutrition sarjast<\/li>\n<\/ul>\n<h3>Tehnilised andmed<\/h3>\n<ul>\n<li>Tootekood\/EAN: 9003579309544<\/li>\n<li>Kogus pakendis: 12 x 85 g portsjonipakki (sachet)<\/li>\n<li>P\u00f5himaitse: linnuliha (poultry)<\/li>\n<li>Koostis: liha ja loomse p\u00e4ritoluga saadused, taimse valgu ekstraktid, taimsed saadused, \u00f5lid ja rasvad, mineraalid, suhkrud<\/li>\n<li>Anal\u00fc\u00fcs: proteiin 11,8%, rasv 4,5%, toorvalk 1,5%, toorkiud 0,8%, niiskus 80%<\/li>\n<li>Paki m\u00f5\u00f5dud: 201 x 146 x 102 mm<\/li>\n<li>Kogukaal: 1158 g<\/li>\n<li>Sobiv vanus: t\u00e4iskasvanud kassile (alates 1. eluaastast)<\/li>\n<li>Sobiv t\u00f5ug: k\u00f5ik kassit\u00f5ud<\/li>\n<li>V\u00f5ib pakkuda koos kuivtoiduga (annustamine s\u00f5ltub kassi kaalust ja aktiivsusest)<\/li>\n<\/ul>\n<h3>Kasutamisjuhised<\/h3>\n<p>S\u00f6\u00f6tmissoovitus: <\/p>\n<ul>\n<li>N\u00e4iteks 4 kg kaaluv t\u00e4iskasvanud kass vajab p\u00e4evas umbes 2,5 portsjonipakki v\u00f5i 1 portsjonipakk koos 33 g kuivtoiduga.<\/li>\n<li>Kogus s\u00f5ltub kassi kehakaalust, aktiivsusest ja \u00fcldisest tervislikust seisundist.<\/li>\n<\/ul>\n<p>Avatud pakend s\u00e4ilitada k\u00fclmkapis ja kasutada \u00e4ra 48 tunni jooksul. Mitte \u00fcletada soovitatud p\u00e4evast toidukogust. Hoida toodet kuivas ja jahedas kohas.<\/p>\n<h3>Toote eelised<\/h3>\n<ul>\n<li>K\u00f5rge niiskussisaldusega toit aitab suurendada kassi igap\u00e4evast vee tarbimist ja toetab neerude ning kuseteede tervist, aidates v\u00e4hendada haigusriski.<\/li>\n<li>Tasakaalustatud koostis aitab v\u00e4ltida \u00fcletoitmist ja toetada tervislikku kehamassi, v\u00e4hendades \u00fclekaalulisusest tingitud terviseprobleeme.<\/li>\n<\/ul>\n<h3>Pakend<\/h3>\n<ul>\n<li>12 x 85 g m\u00e4rgtoidu portsjonipakki (sachet)<\/li>\n<li>Papist karp lihtsaks hoiustamiseks<\/li>\n<\/ul>\n<p>Lisas\u00f6\u00f6tmine pole vajalik, kui j\u00e4rgitakse soovitatud annustamist. Toode ei ole gluteenivaba ega suhkruvaba ning sisaldab peale liha ka taimseid koostisosi ja mineraale.<\/p>\n<h3>Kasutusmugavus<\/h3>\n<ul>\n<li>Kerge avada ja serveerida \u2013 praktiline portsjonipakend (sachet)<\/li>\n<li>T\u00e4nu k\u00f5rge niiskustasemega retseptile sobib h\u00e4sti ka kassidele, kes tarbivad v\u00e4he vett<\/li>\n<li>Avatud pakendid tuleb s\u00e4ilitada k\u00fclmkapis ning kasutada 2 \u00f6\u00f6p\u00e4eva jooksul<\/li>\n<\/ul>\n<h3>Kvaliteet<\/h3>\n<p>Royal Canin FHN Instinctive in Jelly m\u00e4rgtoidu v\u00e4\u00e4rtus peitub selle kvaliteetses koostises, maitsvas linnulihas, optimaalsetes toitainetes ja t\u00f5endatud tervisetoetuses. Regulaarne kasutamine aitab v\u00e4hendada terviseriske ja toetab sinu kassi \u00fcldist heaolu.<\/p>\n","protected":false},"excerpt":{"rendered":"<p>Royal Canin Feline Health Nutrition Instinctive in Jelly on t\u00e4iskasvanud kassidele m\u00f5eldud linnulihaga m\u00e4rgtoit, mis toetab kuseelundkonna tervist ja aitab hoida ideaalkaalu.<\/p>\n","protected":false},"featured_media":254639,"comment_status":"open","ping_status":"closed","template":"","meta":[],"product_brand":[7146],"product_cat":[7158],"product_tag":[],"class_list":{"0":"post-254640","1":"product","2":"type-product","3":"status-publish","4":"has-post-thumbnail","6":"product_brand-royal-canin","7":"product_cat-margtoit-ja-konservid-kassidele","8":"product_shipping_class-action","9":"pa_gluteenivaba-andmed-puuduvad","10":"pa_hoiatused-ara-uleta-soovitatud-paevast-annust-parast-avamist-hoida-kulmkapis-ja-kasutada-48-tunni-jooksul-hoida-toodet-jahedas-ja-kuivas-kohas","11":"pa_ilma-kunstlike-varvideta-andmed-puuduvad","12":"pa_kaaluvahemik-1-kg-19-kg","13":"pa_kassi-toug-koik-toud","14":"pa_kogus-9100","15":"pa_lemmiku-eluetapp-taiskasvanud","16":"pa_lemmiku-vajadused-valiv","17":"pa_lemmiku-vanus-taiskasvanu","18":"pa_lisafunktsioonid-ulekaal","19":"pa_loomaliik-kass","20":"pa_niiskuse-sisaldus-7315","21":"pa_pakendi-tuup-komplekt","22":"pa_pakendi-tuup-kotike","23":"pa_pohimaitse-andmed-puuduvad","24":"pa_pohimaitse-linnuliha","25":"pa_proteiin-12201","26":"pa_rasva-sisaldus-10834","27":"pa_sailitusaineteta-andmed-puuduvad","28":"pa_seeria-royal-canin-feline-health-nutrition","29":"pa_sobivus-kassile","30":"pa_sojavaba-andmed-puuduvad","31":"pa_suhkruvaba-ei","32":"pa_tervisemoju-kuseelundkonna-tervis","33":"pa_toorkiud-11391","34":"pa_toorvalk-10808","36":"first","37":"instock","38":"taxable","39":"shipping-taxable","40":"purchasable","41":"product-type-simple"},"_links":{"self":[{"href":"https:\/\/blankpage.ee\/_ruumist-ruumi\/wp-json\/wp\/v2\/product\/254640","targetHints":{"allow":["GET"]}}],"collection":[{"href":"https:\/\/blankpage.ee\/_ruumist-ruumi\/wp-json\/wp\/v2\/product"}],"about":[{"href":"https:\/\/blankpage.ee\/_ruumist-ruumi\/wp-json\/wp\/v2\/types\/product"}],"replies":[{"embeddable":true,"href":"https:\/\/blankpage.ee\/_ruumist-ruumi\/wp-json\/wp\/v2\/comments?post=254640"}],"wp:featuredmedia":[{"embeddable":true,"href":"https:\/\/blankpage.ee\/_ruumist-ruumi\/wp-json\/wp\/v2\/media\/254639"}],"wp:attachment":[{"href":"https:\/\/blankpage.ee\/_ruumist-ruumi\/wp-json\/wp\/v2\/media?parent=254640"}],"wp:term":[{"taxonomy":"product_brand","embeddable":true,"href":"https:\/\/blankpage.ee\/_ruumist-ruumi\/wp-json\/wp\/v2\/product_brand?post=254640"},{"taxonomy":"product_cat","embeddable":true,"href":"https:\/\/blankpage.ee\/_ruumist-ruumi\/wp-json\/wp\/v2\/product_cat?post=254640"},{"taxonomy":"product_tag","embeddable":true,"href":"https:\/\/blankpage.ee\/_ruumist-ruumi\/wp-json\/wp\/v2\/product_tag?post=254640"}],"curies":[{"name":"wp","href":"https:\/\/api.w.org\/{rel}","templated":true}]}}