{"id":255414,"date":"2025-08-05T09:55:26","date_gmt":"2025-08-05T09:55:26","guid":{"rendered":"https:\/\/ruumistruumi.ee\/pood\/royal-canin-sterilised-37-10-kg-kuivtoit-steriliseeritud-taiskasvanud-kassidele\/"},"modified":"2025-08-20T15:01:34","modified_gmt":"2025-08-20T15:01:34","slug":"royal-canin-sterilised-37-10-kg-kuivtoit-steriliseeritud-taiskasvanud-kassidele","status":"publish","type":"product","link":"https:\/\/blankpage.ee\/_ruumist-ruumi\/pood\/royal-canin-sterilised-37-10-kg-kuivtoit-steriliseeritud-taiskasvanud-kassidele\/","title":{"rendered":"Royal Canin Sterilised 37 10 kg kuivtoit steriliseeritud t\u00e4iskasvanud kassidele"},"content":{"rendered":"<h3>Royal Canin Sterilised 37 10 kg kuivtoit steriliseeritud t\u00e4iskasvanud kassidele<\/h3>\n<p>Royal Canin Sterilised 37 10 kg kuivtoit on spetsiaalselt v\u00e4lja t\u00f6\u00f6tatud steriliseeritud t\u00e4iskasvanud kassidele, et aidata hoida tervislikku kehakaalu ning toetada kassi \u00fcldist heaolu. See toit vastab steriliseeritud kasside muutunud toitumisvajadustele, aidates ennetada \u00fclekaalulisust ja toetada kuse- ning neerude tervist. Toote p\u00f5hikomponent on kanaliha, mis on kergesti seeditav ja maitsev, sobides igasuguse t\u00f5uga t\u00e4iskasvanud kassidele.<\/p>\n<h3>Miks valida Royal Canin Sterilised 37 kuivtoit?<\/h3>\n<p>P\u00e4rast kassi steriliseerimist v\u00f5i kastreerimist v\u00e4heneb tema energiavajadus, kuid s\u00f6\u00f6giisu v\u00f5ib suureneda. Royal Canin Sterilised 37 kuivtoit aitab:<\/p>\n<ul>\n<li>S\u00e4ilitada optimaalset kehakaalu t\u00e4nu m\u00f5\u00f5dukale rasva- ja k\u00f5rgele valgusisaldusele (proteiin 37%, rasv 12%).<\/li>\n<li>Toetada lihasmassi t\u00e4nu k\u00f5rge kvaliteediga valgule.<\/li>\n<li>Kaitsta kuseteede tervist tasakaalustatud mineraalainete sisaldusega.<\/li>\n<li>Pakub t\u00e4istoitu ilma s\u00e4ilitusainete ja kunstlike v\u00e4rvaineteta.<\/li>\n<li>Rahuldab steriliseeritud kassi loomulikku isu ning aitab ennetada kaalut\u00f5usu.<\/li>\n<\/ul>\n<h3>Peamised omadused<\/h3>\n<ul>\n<li>Spetsiaalselt steriliseeritud\/kastreeritud t\u00e4iskasvanud kassidele.<\/li>\n<li>Sobib igale kassit\u00f5ule ja t\u00e4iskasvanud east alates.<\/li>\n<li>P\u00f5himaitse: kana.<\/li>\n<li>Ilma kunstlike v\u00e4rvainete ja s\u00e4ilitusaineteta.<\/li>\n<li>K\u00f5rge valgusisaldus (37%) lihasmassi hoidmiseks.<\/li>\n<li>M\u00f5\u00f5dukas rasvasisaldus (12%) tasakaalustatud energiataseme hoidmiseks.<\/li>\n<li>Toorkiud 6,2% toetab seedimist.<\/li>\n<li>Kvaliteetne ja h\u00e4sti seeditav koostis igap\u00e4evaseks kasutamiseks.<\/li>\n<li>Kuivtoit (kroketid sobiva suuruse ja kujuga, toetavad suuh\u00fcgieeni).<\/li>\n<li>Sobib h\u00e4sti kasutamiseks koos Royal Canin Sterilised m\u00e4rgtoiduga.<\/li>\n<\/ul>\n<h3>Tehnilised andmed<\/h3>\n<ul>\n<li>Pakendi kaal: 10 kg<\/li>\n<li>Pakendi t\u00fc\u00fcp: kott<\/li>\n<li>M\u00f5\u00f5dud: 380 x 500 x 150 mm<\/li>\n<li>Anal\u00fc\u00fctilised koostisosad: proteiin 37%, rasvasisaldus 12%, toorkiud 6,2%, toorvalk 8,2%<\/li>\n<li>P\u00f5himaitse: kana<\/li>\n<li>Sobivus: kass, k\u00f5ik t\u00f5ud<\/li>\n<li>Seeria: Royal Canin Feline Health Nutrition<\/li>\n<li>EAN: 3182550737623<\/li>\n<\/ul>\n<h3>Kasutusjuhised<\/h3>\n<p>Sobib igap\u00e4evaseks toitmiseks steriliseeritud t\u00e4iskasvanud kassidele vanuses 1\u20137 aastat. P\u00e4evane portsjon s\u00f5ltub kassi kehakaalust ja aktiivsusest, vaata t\u00e4psemaid annustamisjuhiseid pakendilt v\u00f5i tootja annustamistabelist. Sobib kombineerimiseks Royal Canini m\u00e4rgtoiduga ja alati tuleks kassile tagada v\u00e4rske joogivesi. Hoida jahedas ja kuivas kohas. Toit tuleb hoida lastele k\u00e4ttesaamatus kohas.<\/p>\n<h3>Lisainfo ja soovitused<\/h3>\n<ul>\n<li>Ei ole gluteenivaba ega sojavaba.<\/li>\n<li>Sobib eriti steriliseeritud ja\/v\u00f5i kastreeritud kassidele, kellel on kalduvus \u00fclekaalule.<\/li>\n<li>Kroketi suurus ja kuju toetavad ka hambah\u00fcgieeni.<\/li>\n<li>Toode on valmistatud Royal Canini kvaliteedin\u00f5uete j\u00e4rgi.<\/li>\n<\/ul>\n<h3>Kokkuv\u00f5te<\/h3>\n<p>Royal Canin Sterilised 37 10 kg kuivtoit on t\u00e4isv\u00e4\u00e4rtuslik ja t\u00f5hus lahendus steriliseeritud t\u00e4iskasvanud kasside tervisliku kehakaalu ja heaolu tagamiseks. K\u00f5rge valgusisaldus koos maitsva kanaliha ning hoolikalt valitud koostisosadega tagab vajalikud toitained igal einel. See steriliseeritud kassi kuivtoit 10 kg sobib igap\u00e4evaseks kasutamiseks ning aitab hoida kassi terve ja energilisena.<\/p>\n","protected":false},"excerpt":{"rendered":"<p>Royal Canin Sterilised 37 10 kg kuivtoit on m\u00f5eldud steriliseeritud t\u00e4iskasvanud kassidele, aidates s\u00e4ilitada tervislikku kehakaalu ja toetades kuseteede tervist. Toit sisaldab 37% valku ja 12% rasva, pakkudes sobivat toitainete tasakaalu igap\u00e4evaseks s\u00f6\u00f6miseks.<\/p>\n","protected":false},"featured_media":255413,"comment_status":"open","ping_status":"closed","template":"","meta":[],"product_brand":[7146],"product_cat":[7192],"product_tag":[],"class_list":{"0":"post-255414","1":"product","2":"type-product","3":"status-publish","4":"has-post-thumbnail","6":"product_brand-royal-canin","7":"product_cat-kuivtoit-kassidele","8":"product_shipping_class-action","9":"pa_annustamise-vorm-tahke","10":"pa_gluteenivaba-ei","11":"pa_hoiatused-hoida-kuivas-ja-jahedas-kohas-2","12":"pa_hoiatused-hoida-lastele-kattesaamatus-kohas","13":"pa_hoiatused-tagada-varske-joogivesi","14":"pa_ilma-kunstlike-varvideta-jah","15":"pa_kaaluvahemik-5-kg-99-kg-2","16":"pa_kassi-toug-koik-toud","17":"pa_lemmiku-eluetapp-eakad","18":"pa_lemmiku-eluetapp-taiskasvanud","19":"pa_lemmiku-vajadused-aitab-sailitada-tervislikku-kehakaalu","20":"pa_lemmiku-vajadused-kalduvus-ulekaalule","21":"pa_lemmiku-vajadused-steriliseeritud-voi-kastreeritud","22":"pa_lemmiku-vanus-taiskasvanud","23":"pa_lisafunktsioonid-steriliseerimisele-toetav","24":"pa_loomaliik-kass","25":"pa_pakendi-tuup-kott","26":"pa_pohimaitse-kana","27":"pa_pohimaitse-linnuliha","28":"pa_proteiin-11014","29":"pa_rasva-sisaldus-8016","30":"pa_sailitusaineteta-jah","31":"pa_seeria-royal-canin-feline-health-nutrition","32":"pa_sobivus-kassile","33":"pa_sojavaba-ei","34":"pa_suhkruvaba-andmed-puuduvad","35":"pa_tervisemoju-tervislik-kehakaal","36":"pa_toorkiud-12487","37":"pa_toorvalk-12393","39":"first","40":"instock","41":"taxable","42":"shipping-taxable","43":"purchasable","44":"product-type-simple"},"_links":{"self":[{"href":"https:\/\/blankpage.ee\/_ruumist-ruumi\/wp-json\/wp\/v2\/product\/255414","targetHints":{"allow":["GET"]}}],"collection":[{"href":"https:\/\/blankpage.ee\/_ruumist-ruumi\/wp-json\/wp\/v2\/product"}],"about":[{"href":"https:\/\/blankpage.ee\/_ruumist-ruumi\/wp-json\/wp\/v2\/types\/product"}],"replies":[{"embeddable":true,"href":"https:\/\/blankpage.ee\/_ruumist-ruumi\/wp-json\/wp\/v2\/comments?post=255414"}],"wp:featuredmedia":[{"embeddable":true,"href":"https:\/\/blankpage.ee\/_ruumist-ruumi\/wp-json\/wp\/v2\/media\/255413"}],"wp:attachment":[{"href":"https:\/\/blankpage.ee\/_ruumist-ruumi\/wp-json\/wp\/v2\/media?parent=255414"}],"wp:term":[{"taxonomy":"product_brand","embeddable":true,"href":"https:\/\/blankpage.ee\/_ruumist-ruumi\/wp-json\/wp\/v2\/product_brand?post=255414"},{"taxonomy":"product_cat","embeddable":true,"href":"https:\/\/blankpage.ee\/_ruumist-ruumi\/wp-json\/wp\/v2\/product_cat?post=255414"},{"taxonomy":"product_tag","embeddable":true,"href":"https:\/\/blankpage.ee\/_ruumist-ruumi\/wp-json\/wp\/v2\/product_tag?post=255414"}],"curies":[{"name":"wp","href":"https:\/\/api.w.org\/{rel}","templated":true}]}}