{"id":255423,"date":"2025-08-05T09:55:45","date_gmt":"2025-08-05T09:55:45","guid":{"rendered":"https:\/\/ruumistruumi.ee\/pood\/royal-canin-feline-health-nutrition-sterilised-4-kg-kanamaitseline-kuivtoit-steriliseeritud-taiskasvanud-kassidele\/"},"modified":"2025-08-20T15:01:29","modified_gmt":"2025-08-20T15:01:29","slug":"royal-canin-feline-health-nutrition-sterilised-4-kg-kanamaitseline-kuivtoit-steriliseeritud-taiskasvanud-kassidele","status":"publish","type":"product","link":"https:\/\/blankpage.ee\/_ruumist-ruumi\/pood\/royal-canin-feline-health-nutrition-sterilised-4-kg-kanamaitseline-kuivtoit-steriliseeritud-taiskasvanud-kassidele\/","title":{"rendered":"Royal Canin Feline Health Nutrition Sterilised 4 kg kanamaitseline kuivtoit steriliseeritud t\u00e4iskasvanud kassidele"},"content":{"rendered":"<h3>Royal Canin Feline Health Nutrition Sterilised 4 kg kanamaitseline kuivtoit steriliseeritud t\u00e4iskasvanud kassidele<\/h3>\n<p>Royal Canin Sterilised kuivtoit kanamaitsega on spetsiaalselt v\u00e4lja t\u00f6\u00f6tatud steriliseeritud t\u00e4iskasvanud kassidele vanuses 1\u20137 aastat. See toit aitab s\u00e4ilitada optimaalset kehakaalu ja toetab kassi \u00fcldist tervist p\u00e4rast steriliseerimist, mil energiavajadus v\u00e4heneb, kuid s\u00f6\u00f6giisu v\u00f5ib suureneda. Tasakaalustatud koostis aitab ennetada liigset kaalut\u00f5usu ning toetab lihasmassi s\u00e4ilimist ja kuseteede tervist.<\/p>\n<h3>Peamised omadused<\/h3>\n<ul>\n<li>Spetsiaalne retsept steriliseeritud t\u00e4iskasvanud kassidele<\/li>\n<li>M\u00f5\u00f5dukas rasvasisaldus (12%), soodustab kehakaalu kontrolli p\u00e4rast steriliseerimist<\/li>\n<li>K\u00f5rge proteiinisisaldus (37%) lihasmassi s\u00e4ilitamiseks<\/li>\n<li>Tasakaalustatud mineraaltoitainete sisaldus toetab kuseteede tervist<\/li>\n<li>Kunstlike v\u00e4rvainete ja s\u00e4ilitusaineteta<\/li>\n<li>V\u00e4\u00e4rtuslikud loomse valgu allikad maheda kanamaitsega<\/li>\n<li>Pakendi kaal 4 kg \u2013 praktiline valik keskmise suurusega kassimajapidamisse<\/li>\n<li>Sobib igat t\u00f5ugu t\u00e4iskasvanud steriliseeritud kassidele<\/li>\n<li>Sobib kassidele kehakaaluga 2\u20134,9 kg<\/li>\n<li>T\u00e4isv\u00e4\u00e4rtuslik kuivtoit, mis katab kassi igap\u00e4evase toitainete vajaduse<\/li>\n<\/ul>\n<h3>Tehnilised andmed<\/h3>\n<ul>\n<li>EAN: 3182550737616<\/li>\n<li>Pakendi kaal: 4200 g<\/li>\n<li>M\u00f5\u00f5tmed: 360 x 120 x 250 mm<\/li>\n<li>P\u00f5himaitse: kana ja teised linnulihavalgud<\/li>\n<li>Rasvasisaldus: 12%<\/li>\n<li>Proteiinisisaldus: 37%<\/li>\n<li>Toorvalk: 8,2%<\/li>\n<li>Toorkiud: 6,2%<\/li>\n<li>Pakendi t\u00fc\u00fcp: kott<\/li>\n<li>Seeria: Royal Canin Feline Health Nutrition<\/li>\n<\/ul>\n<h3>Kasutamisjuhised<\/h3>\n<p>Toit on ette n\u00e4htud igap\u00e4evaseks s\u00f6\u00f6tmiseks steriliseeritud t\u00e4iskasvanud kassidele. P\u00e4evane kogus (nt 4 kg kassile umbes 57 g p\u00e4evas) tuleks m\u00e4\u00e4rata pakendil toodud juhiste v\u00f5i s\u00f6\u00f6tmistabeli j\u00e4rgi, arvestades looma kehakaalu ja aktiivsust. V\u00f5ib pakkuda eraldi v\u00f5i kombineeritult Royal Canin Sterilised m\u00e4rgtoiduga.<br \/>\nKindlasti peab kassil alati olema k\u00e4ttesaadav v\u00e4rske joogivesi. Pakendit hoida kuivas ja jahedas kohas. Toode sobib igat t\u00f5ugu kassidele. Soovitav on hoida m\u00f5\u00f5dukat kehalist aktiivsust ning j\u00e4lgida regulaarselt kassi kehakaalu.\n<\/p>\n<h3>Toote eelised ja hinnasuhe<\/h3>\n<ul>\n<li>Optimeeritud steriliseeritud kasside vajadustele \u2013 kehakaalu ja kuseteede tervise tasakaal<\/li>\n<li>K\u00f5rge valgusisaldus aitab s\u00e4ilitada lihasmassi<\/li>\n<li>Valmistatud tuntud ning usaldusv\u00e4\u00e4rse tootja Royal Canin poolt<\/li>\n<li>Kasutatud ainult kvaliteetsed toorained, ilma kunstlike v\u00e4rvainete ja s\u00e4ilitusaineteta<\/li>\n<li>Tagab kassi \u00fcldise heaolu ja on pikaajaline investeering lemmiku tervisesse<\/li>\n<\/ul>\n<h3>Hoiatused ja lisainfo<\/h3>\n<ul>\n<li>Hoida lastele k\u00e4ttesaamatus kohas<\/li>\n<li>Pakkuge alati piisavalt v\u00e4rsket vett<\/li>\n<li>S\u00e4ilitada kuivas ja jahedas kohas<\/li>\n<\/ul>\n<p>Royal Canin Feline Health Nutrition Sterilised 4 kg kuivtoit on kindel valik steriliseeritud t\u00e4iskasvanud kassidele, kes vajavad kontrollitud toitumist ja toitu, mida kassid naudivad. Sobib igap\u00e4evaseks s\u00f6\u00f6tmiseks ning toetab sinu lemmiku pikaajalist tervist.<\/p>\n","protected":false},"excerpt":{"rendered":"<p>Royal Canin Sterilised kana kuivtoit 4 kg on m\u00f5eldud steriliseeritud t\u00e4iskasvanud kassidele, aidates s\u00e4ilitada tervislikku kehakaalu ja toetades \u00fcldist heaolu.<\/p>\n","protected":false},"featured_media":255422,"comment_status":"open","ping_status":"closed","template":"","meta":[],"product_brand":[7146],"product_cat":[7192],"product_tag":[],"class_list":{"0":"post-255423","1":"product","2":"type-product","3":"status-publish","4":"has-post-thumbnail","6":"product_brand-royal-canin","7":"product_cat-kuivtoit-kassidele","8":"product_shipping_class-action","9":"pa_annustamise-vorm-tahke","10":"pa_gluteenivaba-ei","11":"pa_hoiatused-hoida-kuivas-ja-jahedas-kohas-2","12":"pa_hoiatused-hoida-laste-eest-kattesaamatus-kohas-2","13":"pa_hoiatused-tagada-varske-joogivesi","14":"pa_ilma-kunstlike-varvideta-ilma-kunstlike-varvaineteta","15":"pa_kaaluvahemik-2-kg-49-kg","16":"pa_kassi-toug-koik-toud","17":"pa_lemmiku-eluetapp-taiskasvanud","18":"pa_lemmiku-vajadused-steriliseeritud-voi-kastreeritud","19":"pa_lemmiku-vanus-taiskasvanud","20":"pa_lisafunktsioonid-steriliseerimine","21":"pa_loomaliik-kass","22":"pa_pakendi-tuup-kott","23":"pa_pohimaitse-kana","24":"pa_pohimaitse-linnuliha","25":"pa_proteiin-11014","26":"pa_rasva-sisaldus-8016","27":"pa_sailitusaineteta-sailitusaineteta","28":"pa_seeria-royal-canin-feline-health-nutrition","29":"pa_sobivus-kassile","30":"pa_sojavaba-ei","31":"pa_suhkruvaba-andmed-puuduvad","32":"pa_tervisemoju-uldine-tervis","33":"pa_toorkiud-12487","34":"pa_toorvalk-12393","36":"first","37":"instock","38":"taxable","39":"shipping-taxable","40":"purchasable","41":"product-type-simple"},"_links":{"self":[{"href":"https:\/\/blankpage.ee\/_ruumist-ruumi\/wp-json\/wp\/v2\/product\/255423","targetHints":{"allow":["GET"]}}],"collection":[{"href":"https:\/\/blankpage.ee\/_ruumist-ruumi\/wp-json\/wp\/v2\/product"}],"about":[{"href":"https:\/\/blankpage.ee\/_ruumist-ruumi\/wp-json\/wp\/v2\/types\/product"}],"replies":[{"embeddable":true,"href":"https:\/\/blankpage.ee\/_ruumist-ruumi\/wp-json\/wp\/v2\/comments?post=255423"}],"wp:featuredmedia":[{"embeddable":true,"href":"https:\/\/blankpage.ee\/_ruumist-ruumi\/wp-json\/wp\/v2\/media\/255422"}],"wp:attachment":[{"href":"https:\/\/blankpage.ee\/_ruumist-ruumi\/wp-json\/wp\/v2\/media?parent=255423"}],"wp:term":[{"taxonomy":"product_brand","embeddable":true,"href":"https:\/\/blankpage.ee\/_ruumist-ruumi\/wp-json\/wp\/v2\/product_brand?post=255423"},{"taxonomy":"product_cat","embeddable":true,"href":"https:\/\/blankpage.ee\/_ruumist-ruumi\/wp-json\/wp\/v2\/product_cat?post=255423"},{"taxonomy":"product_tag","embeddable":true,"href":"https:\/\/blankpage.ee\/_ruumist-ruumi\/wp-json\/wp\/v2\/product_tag?post=255423"}],"curies":[{"name":"wp","href":"https:\/\/api.w.org\/{rel}","templated":true}]}}