{"id":255479,"date":"2025-08-05T09:58:05","date_gmt":"2025-08-05T09:58:05","guid":{"rendered":"https:\/\/ruumistruumi.ee\/pood\/royal-canin-sterilised-7-10-kg-kuivtoit-steriliseeritud-vanemale-kassile-kanamaitseline\/"},"modified":"2025-08-20T15:00:46","modified_gmt":"2025-08-20T15:00:46","slug":"royal-canin-sterilised-7-10-kg-kuivtoit-steriliseeritud-vanemale-kassile-kanamaitseline","status":"publish","type":"product","link":"https:\/\/blankpage.ee\/_ruumist-ruumi\/pood\/royal-canin-sterilised-7-10-kg-kuivtoit-steriliseeritud-vanemale-kassile-kanamaitseline\/","title":{"rendered":"Royal Canin Sterilised 7+ 10 kg kuivtoit steriliseeritud vanemale kassile, kanamaitseline"},"content":{"rendered":"<h3>Royal Canin Sterilised 7+ 10 kg kuivtoit steriliseeritud vanemale kassile, kanamaitseline<\/h3>\n<p>Royal Canin Sterilised 7+ on spetsiaalselt v\u00e4lja t\u00f6\u00f6tatud tasakaalustatud kuivtoit steriliseeritud ja vanematele kassidele (alates 7. eluaastast), sobides igale t\u00f5ule ja massile vahemikus 5\u20139,9 kg. See toit vastab vananevate ja steriliseeritud kasside muutuvatele toitumisvajadustele, aitab hoida loomulikku eluj\u00f5udu ning s\u00e4ilitada kehakaalu kontrolli all. Peamiseks maitseks on kvaliteetne kana ning retseptis ei ole kunstlikke v\u00e4rvaineid ega s\u00e4ilitusaineid.<\/p>\n<h3>Peamised omadused<\/h3>\n<ul>\n<li>Spetsiaalselt steriliseeritud kassidele vanuses 7+ \u2013 aitab kehakaalu kontrolli all hoida ja toetada vanusega seotud vajadusi.<\/li>\n<li>M\u00f5\u00f5dukas energia- ja rasvasisaldus (12%), et v\u00e4ltida kehakaalu t\u00f5usu p\u00e4rast steriliseerimist.<\/li>\n<li>K\u00f5rge proteiinisisaldus (36%) ning tasakaalustatud kiudainesisaldus (toorkiud 5,3%) aitavad s\u00e4ilitada lihaseid ja toetavad head seedimist.<\/li>\n<li>Koostises C-vitamiin, EPA ja DHA, mis toetavad kassi eluj\u00f5udu ja immuuns\u00fcsteemi.<\/li>\n<li>Ei ole lisatud s\u00e4ilitusaineid ega kunstlikke v\u00e4rvaineid.<\/li>\n<li>Spetsiaalsed kr\u00f5binad soodustavad n\u00e4rimist ja toetavad suuh\u00fcgieeni.<\/li>\n<\/ul>\n<h3>Tehnilised andmed<\/h3>\n<ul>\n<li>M\u00f5\u00f5tmed: 370 \u00d7 500 \u00d7 175 mm (lihtne hoiustada).<\/li>\n<li>Pakendi kaal: 10 kg (kott).<\/li>\n<li>Proteiinisisaldus: 36%.<\/li>\n<li>Rasvasisaldus: 12%.<\/li>\n<li>Toorkiud: 5,3%.<\/li>\n<li>Ei ole sojavaba ega gluteenivaba, koostises puuduvad kunstlikud v\u00e4rvained.<\/li>\n<li>Sobib igale kassit\u00f5ule ja suurusele, eriti steriliseeritud ning vanematele kassidele.<\/li>\n<li>Maitse: kana ja linnulihavalk.<\/li>\n<li>EAN: 3182550805629<\/li>\n<\/ul>\n<h3>Kasutamisjuhised<\/h3>\n<p>Serveeri Royal Canin Sterilised 7+ kuivalt vastavalt pakendil toodud p\u00e4evasele annustamisele. P\u00e4evane kogus s\u00f5ltub kassi kaalust ja aktiivsusest \u2013 n\u00e4iteks 4 kg kaaluga kassile soovitatakse ideaalkaalu s\u00e4ilitamiseks umbes 56 g p\u00e4evas. Vajaduse korral v\u00f5ib kombineerida kuivtoitu sobiva Royal Canin m\u00e4rgtoiduga. Paku alati piisavalt v\u00e4rsket vett ja hoia toit kuivas, jahedas ning p\u00e4ikesevalguse eest kaitstud kohas. Hoida lastele ja loomadele k\u00e4ttesaamatus kohas.<\/p>\n<h3>Unikaalsed eelised ja tootjapoolne garantii<\/h3>\n<ul>\n<li>Spetsiaalne koostis vastab steriliseeritud ja vanemate kasside vajadustele, aitab toetada \u00f5iget kehakaalu.<\/li>\n<li>Sisaldab olulisi vitamiine ja mineraale neerude ning eluj\u00f5u toetuseks.<\/li>\n<li>Royal Canin toodetele iseloomulik k\u00f5rge kvaliteet ja usaldusv\u00e4\u00e4rne kontroll.<\/li>\n<li>Tootel on tootjapoolne rahulolugarantii ja kuulub veterinaarsarja pikaajaliseks kasutamiseks.<\/li>\n<\/ul>\n<h3>Lisa soovitused<\/h3>\n<ul>\n<li>Pakendis: 10 kg Royal Canin Sterilised 7+ kuivtoitu.<\/li>\n<li>Toit sobib igap\u00e4evaseks kasutamiseks \u00fcksi v\u00f5i koos Royal Canin m\u00e4rgtoiduga.<\/li>\n<li>Paku k\u00f5rvale alati v\u00e4rsket joogivett ja j\u00e4lgi regulaarselt kassi kehakaalu.<\/li>\n<\/ul>\n<h3>Hind ja kvaliteet<\/h3>\n<p>Royal Canin Sterilised 7+ kuivtoit on spetsiaalselt v\u00e4lja t\u00f6\u00f6tatud arvestades steriliseeritud ja eakamate kasside vajadusi, tagades pikaajalise kasulikkuse, normaalse kehakaalu s\u00e4ilimise ja m\u00f5\u00f5duka energiataseme. 10 kg suur pakend v\u00f5imaldab mugavat hoiustamist ja soodsat kilohinda.<\/p>\n","protected":false},"excerpt":{"rendered":"<p>Royal Canin Sterilised 7+ 10 kg on kuivtoit steriliseeritud ja vanematele kassidele, mis aitab s\u00e4ilitada normaalset kehakaalu ja toetab \u00fcldist tervist.<\/p>\n","protected":false},"featured_media":255478,"comment_status":"open","ping_status":"closed","template":"","meta":[],"product_brand":[7146],"product_cat":[7192],"product_tag":[],"class_list":{"0":"post-255479","1":"product","2":"type-product","3":"status-publish","4":"has-post-thumbnail","6":"product_brand-royal-canin","7":"product_cat-kuivtoit-kassidele","8":"product_shipping_class-action","9":"pa_annustamise-vorm-tahke","10":"pa_gluteenivaba-ei","11":"pa_hoiatused-hoida-kuivas-ja-jahedas-kohas","12":"pa_hoiatused-hoida-lastele-kattesaamatus-kohas-2","13":"pa_hoiatused-pakkuda-varsket-joogivett-2","14":"pa_ilma-kunstlike-varvideta-jah","15":"pa_kaaluvahemik-5-kg-99-kg-2","16":"pa_kassi-toug-koik-toud","17":"pa_lemmiku-eluetapp-eakad","18":"pa_lemmiku-eluetapp-taiskasvanud","19":"pa_lemmiku-vajadused-steriliseeritud-voi-kastreeritud","20":"pa_lemmiku-vanus-seenior","21":"pa_lisafunktsioonid-steriliseerimine","22":"pa_lisafunktsioonid-ulekaal","23":"pa_loomaliik-kass","24":"pa_pakendi-tuup-kott","25":"pa_pohimaitse-kana","26":"pa_pohimaitse-linnuliha","27":"pa_proteiin-12277","28":"pa_rasva-sisaldus-8016","29":"pa_sailitusaineteta-jah","30":"pa_seeria-royal-canin-feline-health-nutrition","31":"pa_sobivus-kassile","32":"pa_sojavaba-ei","33":"pa_suhkruvaba-ei","34":"pa_tervisemoju-tervislik-kehakaal","35":"pa_toorkiud-12429","36":"pa_toorvalk-8044","38":"first","39":"instock","40":"taxable","41":"shipping-taxable","42":"purchasable","43":"product-type-simple"},"_links":{"self":[{"href":"https:\/\/blankpage.ee\/_ruumist-ruumi\/wp-json\/wp\/v2\/product\/255479","targetHints":{"allow":["GET"]}}],"collection":[{"href":"https:\/\/blankpage.ee\/_ruumist-ruumi\/wp-json\/wp\/v2\/product"}],"about":[{"href":"https:\/\/blankpage.ee\/_ruumist-ruumi\/wp-json\/wp\/v2\/types\/product"}],"replies":[{"embeddable":true,"href":"https:\/\/blankpage.ee\/_ruumist-ruumi\/wp-json\/wp\/v2\/comments?post=255479"}],"wp:featuredmedia":[{"embeddable":true,"href":"https:\/\/blankpage.ee\/_ruumist-ruumi\/wp-json\/wp\/v2\/media\/255478"}],"wp:attachment":[{"href":"https:\/\/blankpage.ee\/_ruumist-ruumi\/wp-json\/wp\/v2\/media?parent=255479"}],"wp:term":[{"taxonomy":"product_brand","embeddable":true,"href":"https:\/\/blankpage.ee\/_ruumist-ruumi\/wp-json\/wp\/v2\/product_brand?post=255479"},{"taxonomy":"product_cat","embeddable":true,"href":"https:\/\/blankpage.ee\/_ruumist-ruumi\/wp-json\/wp\/v2\/product_cat?post=255479"},{"taxonomy":"product_tag","embeddable":true,"href":"https:\/\/blankpage.ee\/_ruumist-ruumi\/wp-json\/wp\/v2\/product_tag?post=255479"}],"curies":[{"name":"wp","href":"https:\/\/api.w.org\/{rel}","templated":true}]}}