{"id":255490,"date":"2025-08-05T09:58:28","date_gmt":"2025-08-05T09:58:28","guid":{"rendered":"https:\/\/ruumistruumi.ee\/pood\/royal-canin-indoor-27-2-kg-kuivtoit-taiskasvanud-toakassile-kanaliha\/"},"modified":"2025-08-20T15:00:41","modified_gmt":"2025-08-20T15:00:41","slug":"royal-canin-indoor-27-2-kg-kuivtoit-taiskasvanud-toakassile-kanaliha","status":"publish","type":"product","link":"https:\/\/blankpage.ee\/_ruumist-ruumi\/pood\/royal-canin-indoor-27-2-kg-kuivtoit-taiskasvanud-toakassile-kanaliha\/","title":{"rendered":"Royal Canin Indoor 27 2 kg kuivtoit t\u00e4iskasvanud toakassile, kanaliha"},"content":{"rendered":"<h3>Royal Canin Indoor 27 2 kg kuivtoit t\u00e4iskasvanud toakassile, kanaliha<\/h3>\n<p>Royal Canin Indoor 27 on spetsiaalselt loodud kuivtoit t\u00e4iskasvanud toakassidele (vanuses 1\u20137 aastat), kes elavad peamiselt siseruumides. Toode kuulub ROYAL CANIN Feline Health Nutrition seeriasse ning sobib k\u00f5ikidele kassit\u00f5ugudele, toetades kassi optimaalset kehakaalu ja kuseteede tervist. T\u00e4nu kohandatud toitainete- ja kiudainesisaldusele aitab see lahendada toakasside p\u00f5hilisi probleeme \u2013 v\u00e4hendab kehakaalu t\u00f5usu riski, soodustab seedes\u00fcsteemi t\u00f5rgeteta toimimist ning ennetab karvapallide teket. Toidu p\u00f5hikomponent on kanaliha, mis on k\u00f5rge kvaliteediga loomne valguallikas.<\/p>\n<h3>Peamised omadused<\/h3>\n<ul>\n<li>Optimaalne koostis siseruumides elavatele t\u00e4iskasvanud kassidele<\/li>\n<li>Kergesti seeditavad valgud (27%) ja tasakaalustatud kiudainesisaldus (4%)<\/li>\n<li>Aitab v\u00e4hendada v\u00e4ljaheidete l\u00f5hna t\u00e4nu valitud seeditavatele valkudele ja taimsetele kiudainetele<\/li>\n<li>Spetsiaalsed kiudained (sh ps\u00fcllium) karvapallide tekke ennetamiseks<\/li>\n<li>Kohandatud kalorite (13% rasva) ja proteiinisisaldus aitab s\u00e4ilitada ideaalset kehakaalu<\/li>\n<li>Toetab kuseteede tervist t\u00e4iskasvanud steriliseeritud v\u00f5i kastreeritud kassidel<\/li>\n<li>Sobib k\u00f5ikidele t\u00f5ugudele ja kehakaalule 1\u20136 kg<\/li>\n<\/ul>\n<h3>Tehnilised andmed<\/h3>\n<ul>\n<li>M\u00f5\u00f5tmed: 197 \u00d7 126 \u00d7 322 mm<\/li>\n<li>Kaal: 2,03 kg (pakendi kaal)<\/li>\n<li>Pakendi t\u00fc\u00fcp: Kilepakk<\/li>\n<li>Seeria: ROYAL CANIN Feline Health Nutrition<\/li>\n<li>P\u00f5himaitse: Kana \/ linnuliha<\/li>\n<li>Koostise p\u00f5hikomponendid: Deh\u00fcdreeritud linnuliha, riis, mais, loomsed rasvad, taimne valk, kiudained, mineraalained<\/li>\n<li>Proteiin: 27%, Rasvasisaldus: 13%, Toorkiud: 4%, Toorvalk: 7,3%<\/li>\n<li>Ei ole gluteenivaba ega sojavaba<\/li>\n<li>Sobib \u00fclekaalulisusele kalduvatele kassidele, toakassidele ning toetab parasiidit\u00f5rjet<\/li>\n<li>EAN: 3182550704625<\/li>\n<li>Toote ID: AMABEZKAR1902<\/li>\n<\/ul>\n<h3>Kasutamisjuhised<\/h3>\n<p>S\u00f6\u00f6da Royal Canin Indoor 27 vastavalt kassi kehakaalule ja aktiivsustasemele. N\u00e4iteks 4 kg kassile soovitatav p\u00e4evane kogus on umbes 56 g. Veendu, et kassil oleks alati saadaval v\u00e4rske joogivesi. Toidu kvaliteet p\u00fcsib k\u00f5ige paremini, kui hoida seda suletud pakendis ning kuivas ja jahedas kohas.<\/p>\n<p>Soovi korral v\u00f5ib kuivtoitu kombineerida Royal Canin Instinctive m\u00e4rgtoiduga, mis on kasulik kassi veetarbimise suurendamiseks ja isutuse mitmekesistamiseks. Kombineeritud toitmisel j\u00e4lgi, et kogused oleksid \u00f5igesti tasakaalustatud ja vastaksid p\u00e4evasele energiavajadusele.<\/p>\n<h3>Lisainfo ja v\u00e4\u00e4rtus<\/h3>\n<p>Royal Canin Indoor 27 on v\u00e4lja t\u00f6\u00f6tatud selleks, et muuta toakassi igap\u00e4evaelu tervislikumaks ja mugavamaks nii loomale kui ka omanikule. Spetsiaalselt kohandatud retsept aitab v\u00e4hendada ebameeldivaid l\u00f5hnu ja seedimisprobleeme, toetab karvapallide l\u00e4bimist ning aitab ennetada \u00fclekaalulisust. Tootja Royal Canin pakub usaldusv\u00e4\u00e4rseid ja kaasaegseid lahendusi lemmikloomade toitumises \u2013 see toode sobib igap\u00e4evaseks kasutamiseks k\u00f5ikidele t\u00e4iskasvanud toakassidele.<\/p>\n<p>SEO m\u00e4rks\u00f5na \u201eroyal canin indoor kassitoit 2 kg\u201c aitab toodet lihtsamalt leida \u2013 tegemist on spetsialiseeritud kuivtoiduga siseruumides elavatele t\u00e4iskasvanud kassidele, mis toetab kassi \u00fcldist tervist ja igap\u00e4evast heaolu.<\/p>\n","protected":false},"excerpt":{"rendered":"<p>Royal Canin Indoor 27 on t\u00e4iskasvanud toakassidele m\u00f5eldud kuivtoit, mille p\u00f5hikoostis on kanaliha ning tasakaalustatud toitainete sisaldus aitab s\u00e4ilitada kassi ideaalkaalu ja toetada kuseteede tervist.<\/p>\n","protected":false},"featured_media":255489,"comment_status":"open","ping_status":"closed","template":"","meta":[],"product_brand":[7146],"product_cat":[7192],"product_tag":[],"class_list":{"0":"post-255490","1":"product","2":"type-product","3":"status-publish","4":"has-post-thumbnail","6":"product_brand-royal-canin","7":"product_cat-kuivtoit-kassidele","8":"product_shipping_class-action","9":"pa_gluteenivaba-ei","10":"pa_ilma-kunstlike-varvideta-andmed-puuduvad","11":"pa_kaaluvahemik-1-kg-19-kg","12":"pa_kassi-toug-koik-toud","13":"pa_lemmiku-eluetapp-eakad","14":"pa_lemmiku-eluetapp-taiskasvanud","15":"pa_lemmiku-vajadused-pole-erivajadusi","16":"pa_lemmiku-vanus-taiskasvanu","17":"pa_lisafunktsioonid-parasiiditorje","18":"pa_lisafunktsioonid-toakassid","19":"pa_lisafunktsioonid-ulekaal","20":"pa_pakendi-tuup-kott","21":"pa_pohimaitse-kana","22":"pa_pohimaitse-linnuliha","23":"pa_proteiin-7486","24":"pa_rasva-sisaldus-7809","25":"pa_sailitusaineteta-ei","26":"pa_seeria-royal-canin-feline-health-nutrition","27":"pa_sobivus-kassile","28":"pa_sojavaba-ei","29":"pa_tervisemoju-ideaalse-kehakaalu-sailitamine","30":"pa_tervisemoju-terved-kuseteed","31":"pa_toorkiud-7460","32":"pa_toorvalk-7487","34":"first","35":"outofstock","36":"taxable","37":"shipping-taxable","38":"purchasable","39":"product-type-simple"},"_links":{"self":[{"href":"https:\/\/blankpage.ee\/_ruumist-ruumi\/wp-json\/wp\/v2\/product\/255490","targetHints":{"allow":["GET"]}}],"collection":[{"href":"https:\/\/blankpage.ee\/_ruumist-ruumi\/wp-json\/wp\/v2\/product"}],"about":[{"href":"https:\/\/blankpage.ee\/_ruumist-ruumi\/wp-json\/wp\/v2\/types\/product"}],"replies":[{"embeddable":true,"href":"https:\/\/blankpage.ee\/_ruumist-ruumi\/wp-json\/wp\/v2\/comments?post=255490"}],"wp:featuredmedia":[{"embeddable":true,"href":"https:\/\/blankpage.ee\/_ruumist-ruumi\/wp-json\/wp\/v2\/media\/255489"}],"wp:attachment":[{"href":"https:\/\/blankpage.ee\/_ruumist-ruumi\/wp-json\/wp\/v2\/media?parent=255490"}],"wp:term":[{"taxonomy":"product_brand","embeddable":true,"href":"https:\/\/blankpage.ee\/_ruumist-ruumi\/wp-json\/wp\/v2\/product_brand?post=255490"},{"taxonomy":"product_cat","embeddable":true,"href":"https:\/\/blankpage.ee\/_ruumist-ruumi\/wp-json\/wp\/v2\/product_cat?post=255490"},{"taxonomy":"product_tag","embeddable":true,"href":"https:\/\/blankpage.ee\/_ruumist-ruumi\/wp-json\/wp\/v2\/product_tag?post=255490"}],"curies":[{"name":"wp","href":"https:\/\/api.w.org\/{rel}","templated":true}]}}