{"id":255588,"date":"2025-08-05T10:04:08","date_gmt":"2025-08-05T10:04:08","guid":{"rendered":"https:\/\/ruumistruumi.ee\/pood\/bosch-sanabelle-sensitive-chicken-8-kg-gluteenivaba-kanaliha-kuivtoit-taiskasvanud-kassidele-tundliku-seedimisega\/"},"modified":"2025-08-20T03:36:24","modified_gmt":"2025-08-20T03:36:24","slug":"bosch-sanabelle-sensitive-chicken-8-kg-gluteenivaba-kanaliha-kuivtoit-taiskasvanud-kassidele-tundliku-seedimisega","status":"publish","type":"product","link":"https:\/\/blankpage.ee\/_ruumist-ruumi\/pood\/bosch-sanabelle-sensitive-chicken-8-kg-gluteenivaba-kanaliha-kuivtoit-taiskasvanud-kassidele-tundliku-seedimisega\/","title":{"rendered":"Bosch Sanabelle Sensitive Chicken 8 kg gluteenivaba kanaliha kuivtoit t\u00e4iskasvanud kassidele tundliku seedimisega"},"content":{"rendered":"<h3>BOSCH Sanabelle Sensitive Chicken 8 kg gluteenivaba kanaliha kuivtoit tundliku seedetraktiga t\u00e4iskasvanud kassidele<\/h3>\n<p>BOSCH Sanabelle Sensitive Chicken on k\u00f5rge kvaliteediga kuivtoit, mis on v\u00e4lja t\u00f6\u00f6tatud toiduallergia v\u00f5i tundliku seedes\u00fcsteemiga t\u00e4iskasvanud kassidele. Sobib igat t\u00f5ugu kassidele, pakkudes t\u00e4isv\u00e4\u00e4rtuslikku toitumist, mis toetab seedetrakti kaitset ja aitab v\u00e4ltida allergilisi reaktsioone. Gluteenivaba ning suhkruvaba koostis ja k\u00f5rge valgusisaldus sobivad kassidele, kellel esineb seedimistundlikkust v\u00f5i toidutalumatust. K\u00f5rge kanaliha- ja madala s\u00fcsivesikusisaldusega retsept tagab h\u00e4sti omastatavad toitained.<\/p>\n<h3>Peamised omadused<\/h3>\n<ul>\n<li>Gluteenivaba ja suhkruvaba \u2013 sobib tundliku seedetraktiga ning allergilistele kassidele<\/li>\n<li>V\u00e4ga hea seeduvus t\u00e4nu k\u00f5rgekvaliteedilisele kanalihale (p\u00f5himaitse) ja riisile<\/li>\n<li>Sobib igat t\u00f5ugu ning steriliseeritud t\u00e4iskasvanud kassidele<\/li>\n<li>Ei sisalda kunstlikke v\u00e4rv- ega maitseaineid<\/li>\n<li>S\u00e4ilitusaineteta, sojavaba koostis<\/li>\n<li>T\u00e4isv\u00e4\u00e4rtuslik s\u00f6\u00f6t igap\u00e4evaseks toitmiseks<\/li>\n<li>Kr\u00f5mpsuv tekstuur toetab hambah\u00fcgieeni<\/li>\n<li>Lisandina j\u00f5hvikad, mustikad ja sigur toetavad immuunsust ning seedimist<\/li>\n<li>K\u00f5rge loomse valgusisaldus \u2013 sobib ka aktiivsetele kassidele<\/li>\n<\/ul>\n<h3>Tehnilised andmed<\/h3>\n<ul>\n<li>Kasutus: T\u00e4iskasvanud kassidele, eriti tundliku seedimisega lemmikutele<\/li>\n<li>M\u00f5\u00f5tmed: 350 \u00d7 540 \u00d7 75 mm<\/li>\n<li>Kaal: 8,1 kg (pakendil m\u00e4rgitud 8 kg)<\/li>\n<li>Veterinaarklassifikatsioon: T\u00e4iss\u00f6\u00f6t (Complete feed)<\/li>\n<li>P\u00f5himaitse: Kana<\/li>\n<li>Proteiinisisaldus: 32,5%<\/li>\n<li>Rasvasisaldus: 22,5%<\/li>\n<li>Toorkiud: 2%<\/li>\n<li>Toorvalk (min): 6,7%<\/li>\n<li>Energeetiline v\u00e4\u00e4rtus: umbes 420 kcal\/100 g<\/li>\n<li>Pakend: tugev kott, mugav s\u00e4ilitada ja transportida<\/li>\n<li>Sobib kassidele kaaluga: 5\u20139,9 kg<\/li>\n<li>EAN: 4015598025874<\/li>\n<li>Seeria: ALMO NATURE Holistic<\/li>\n<\/ul>\n<h3>Kasutamisjuhised<\/h3>\n<p>J\u00e4rgige soovitatavaid toidukoguseid vastavalt kassi kehakaalule: v\u00e4iksemad (2\u20133 kg) kassid vajavad umbes 40\u201350 g p\u00e4evas, suuremad (6\u20138 kg) 80\u201395 g p\u00e4evas. T\u00e4pne kogus s\u00f5ltub ka looma aktiivsusest ja elutingimustest. V\u00e4rske joogivesi peab olema alati k\u00e4ttesaadav. S\u00e4ilitage toitu kuivas ja jahedas kohas, hoidke pakend hoolikalt suletuna. \u00c4rge lubage lastel ega teistel loomadel toodet tarbida, j\u00e4rgige ohutusjuhiseid.<\/p>\n<h3>Miks valida BOSCH Sanabelle Sensitive Chicken?<\/h3>\n<p>Kui kassi seedimine on tundlik, esineb k\u00f5huh\u00e4dasid v\u00f5i toiduallergiaid, sobib see kuivtoit ideaalselt. Loomsetest valkudest ja looduslikest komponentidest tasakaalustatud retsept tagab hea seeduvuse ja vajaliku toitainetesisalduse. Gluteeni, suhkru ja soja puudumine v\u00e4hendab allergiariski ning aitab regulaarsel kasutamisel s\u00e4ilitada kassi hea vormi ja \u00fcldist heaolu. Tegemist on k\u00f5rgekvaliteedilise t\u00e4iss\u00f6\u00f6daga, mis pakub kindlat toitev\u00f5imalust igap\u00e4evaseks kasutamiseks.<\/p>\n","protected":false},"excerpt":{"rendered":"<p>Bosch Sanabelle Sensitive Chicken on gluteenivaba kanaliha kuivtoit t\u00e4iskasvanud kassidele, sobib eriti tundliku seedetraktiga ja toiduallergiaga lemmikutele.<\/p>\n","protected":false},"featured_media":255587,"comment_status":"open","ping_status":"closed","template":"","meta":[],"product_brand":[7377],"product_cat":[7192],"product_tag":[],"class_list":{"0":"post-255588","1":"product","2":"type-product","3":"status-publish","4":"has-post-thumbnail","6":"product_brand-bosch-petfood","7":"product_cat-kuivtoit-kassidele","8":"product_shipping_class-action","9":"pa_annustamise-vorm-tahke","10":"pa_gluteenivaba-jah","11":"pa_hoiatused-hoida-kuivas-ja-jahedas-kohas","12":"pa_hoiatused-hoida-lastele-kattesaamatus-kohas","13":"pa_hoiatused-hoida-toodet-alati-suletud-anumas","14":"pa_hoiatused-mitte-lubada-lastel-voi-teistel-loomadel-toodet-suua-2","15":"pa_hoiatused-tagada-varske-joogivesi-2","16":"pa_ilma-kunstlike-varvideta-jah","17":"pa_kaaluvahemik-5-kg-99-kg-2","18":"pa_kassi-toug-koik-toud","19":"pa_lemmiku-eluetapp-taiskasvanud","20":"pa_lemmiku-vajadused-seedetrakti-kaitse","21":"pa_lemmiku-vajadused-toiduallergia","22":"pa_lemmiku-vajadused-tundlik-koht","23":"pa_lemmiku-vanus-taiskasvanu","24":"pa_lisafunktsioonid-allergia","25":"pa_lisafunktsioonid-gluteenivaba","26":"pa_lisafunktsioonid-steriliseerimine","27":"pa_lisafunktsioonid-toidutundlikkus","28":"pa_pakendi-tuup-kott","29":"pa_pohimaitse-kana","30":"pa_proteiin-12589","31":"pa_rasva-sisaldus-12588","32":"pa_seeria-almo-nature-holistic","33":"pa_sobivus-kassile","34":"pa_sojavaba-jah","35":"pa_suhkruvaba-jah","36":"pa_toorkiud-7300","37":"pa_toorvalk-12341","38":"pa_veterinaarklassifikatsioon-taissoot","40":"first","41":"instock","42":"taxable","43":"shipping-taxable","44":"purchasable","45":"product-type-simple"},"_links":{"self":[{"href":"https:\/\/blankpage.ee\/_ruumist-ruumi\/wp-json\/wp\/v2\/product\/255588","targetHints":{"allow":["GET"]}}],"collection":[{"href":"https:\/\/blankpage.ee\/_ruumist-ruumi\/wp-json\/wp\/v2\/product"}],"about":[{"href":"https:\/\/blankpage.ee\/_ruumist-ruumi\/wp-json\/wp\/v2\/types\/product"}],"replies":[{"embeddable":true,"href":"https:\/\/blankpage.ee\/_ruumist-ruumi\/wp-json\/wp\/v2\/comments?post=255588"}],"wp:featuredmedia":[{"embeddable":true,"href":"https:\/\/blankpage.ee\/_ruumist-ruumi\/wp-json\/wp\/v2\/media\/255587"}],"wp:attachment":[{"href":"https:\/\/blankpage.ee\/_ruumist-ruumi\/wp-json\/wp\/v2\/media?parent=255588"}],"wp:term":[{"taxonomy":"product_brand","embeddable":true,"href":"https:\/\/blankpage.ee\/_ruumist-ruumi\/wp-json\/wp\/v2\/product_brand?post=255588"},{"taxonomy":"product_cat","embeddable":true,"href":"https:\/\/blankpage.ee\/_ruumist-ruumi\/wp-json\/wp\/v2\/product_cat?post=255588"},{"taxonomy":"product_tag","embeddable":true,"href":"https:\/\/blankpage.ee\/_ruumist-ruumi\/wp-json\/wp\/v2\/product_tag?post=255588"}],"curies":[{"name":"wp","href":"https:\/\/api.w.org\/{rel}","templated":true}]}}