{"id":255598,"date":"2025-08-05T10:04:40","date_gmt":"2025-08-05T10:04:40","guid":{"rendered":"https:\/\/ruumistruumi.ee\/pood\/carnilove-into-the-wild-sterilised-6-kg-teraviljavaba-kuivtoit-taiskasvanud-kassidele-pohimaitseks-kala\/"},"modified":"2025-08-20T14:58:09","modified_gmt":"2025-08-20T14:58:09","slug":"carnilove-into-the-wild-sterilised-6-kg-teraviljavaba-kuivtoit-taiskasvanud-kassidele-pohimaitseks-kala","status":"publish","type":"product","link":"https:\/\/blankpage.ee\/_ruumist-ruumi\/pood\/carnilove-into-the-wild-sterilised-6-kg-teraviljavaba-kuivtoit-taiskasvanud-kassidele-pohimaitseks-kala\/","title":{"rendered":"Carnilove Into the Wild Sterilised 6 kg teraviljavaba kuivtoit t\u00e4iskasvanud kassidele, p\u00f5himaitseks kala"},"content":{"rendered":"<h3>Carnilove Into the Wild Sterilised 6 kg teraviljavaba kuivtoit t\u00e4iskasvanud kassidele, p\u00f5himaitseks kala<\/h3>\n<p>Carnilove Cat Sterilised Fresh Carp and Trout on spetsiaalselt steriliseeritud t\u00e4iskasvanud kassidele loodud kuivtoit, mis aitab hoida normaalset kehakaalu ning toetab tervislikku ainevahetust. Teravilja- ja gluteenivaba retsept sobib ka tundliku seedimisega kassidele ning on rikkalik kala- ja looduslike koostisosade poolest. Toode on v\u00e4lja t\u00f6\u00f6tatud steriliseeritud kasside erivajaduste jaoks, pakkudes t\u00e4isv\u00e4\u00e4rtuslikku ja tasakaalustatud toitu ilma kunstlike lisandite ja s\u00e4ilitusaineteta.<\/p>\n<h3>Peamised omadused<\/h3>\n<ul>\n<li>Teraviljavaba ja gluteenivaba \u2013 sobib h\u00e4sti ka teravilja- v\u00f5i gluteenitalumatusega kassidele<\/li>\n<li>Sobib steriliseeritud ja kastreeritud t\u00e4iskasvanud kassidele igast t\u00f5ust<\/li>\n<li>P\u00f5himaitseks kala: v\u00e4rske karpkala ja forell ning l\u00f5he<\/li>\n<li>Rikkalikult valku (34%) ja m\u00f5\u00f5dukas rasvasisaldus (14%) kehakaalu kontrollimiseks<\/li>\n<li>Ilma kunstlike v\u00e4rvainete, s\u00e4ilitusainete ja suhkruta<\/li>\n<li>Pakis 6 kg, mugavas taassuletavas kotis<\/li>\n<li>Sobib igap\u00e4evaseks toiduks k\u00f5ikidele t\u00e4iskasvanud kassidele<\/li>\n<\/ul>\n<h3>Tehnilised andmed<\/h3>\n<ul>\n<li>Kogus: 6 kg (Netokogus ~6220 g koos pakendiga)<\/li>\n<li>M\u00f5\u00f5tmed: 300 x 430 x 115 mm<\/li>\n<li>P\u00f5hilised koostisosad: v\u00e4rske karpkala (25%), kuivatatud forell (20%), v\u00e4rske l\u00f5he (14%), kuivatatud l\u00f5he (12%)<\/li>\n<li>Toitev\u00e4\u00e4rtus: toorkiud 3,5%, proteiin 34%, rasva sisaldus 14%, niiskus 10%, toorvalk 9,5%<\/li>\n<li>Pakendi t\u00fc\u00fcp: kott<\/li>\n<li>Sobib k\u00f5ikidele t\u00f5ugudele; vanus: t\u00e4iskasvanu<\/li>\n<li>Ilma sojavalgu, teravilja ja suhkruta<\/li>\n<li>S\u00e4ilitusaineid ja kunstlikke v\u00e4rvaineid ei ole lisatud<\/li>\n<\/ul>\n<h3>Kasutamisjuhised<\/h3>\n<p>Toitu v\u00f5ib serveerida kuivalt v\u00f5i kergelt niisutatult leige veega. P\u00e4evane toidukogus s\u00f5ltub kassi kehakaalust: 2\u20133 kg kassile sobib 40\u201355 g p\u00e4evas, 3\u20135 kg kassile 55\u201370 g, 5\u20137 kg kassile 70\u201390 g ning 7\u20139 kg kassile 90\u2013105 g p\u00e4evas. Soovitatav on jagada p\u00e4evane portsjon mitmeks s\u00f6\u00f6gikorraks. Puhas joogivesi peab kassil alati saadaval olema.<\/p>\n<p>S\u00e4ilita toitu kuivas, jahedas ja p\u00e4ikese eest kaitstud kohas. Avatud pakend sule hoolikalt p\u00e4rast kasutamist, et s\u00e4ilitada toidu v\u00e4rskus.<\/p>\n<h3>Lisainfo<\/h3>\n<ul>\n<li>Toode sisaldab looduslikke antioks\u00fcdante, supertoite ja liigeseid toetavaid koostisaineid, nagu gl\u00fckosamiin ja kondroitiin<\/li>\n<li>Ei sisalda geneetiliselt muundatud koostisosi<\/li>\n<li>Kassi heaolu ja tervise nimel \u00e4ra \u00fcleta soovituslikke portsjoneid<\/li>\n<li>Pakendil on selge m\u00e4rgistus ja teave, mis muudab igap\u00e4evase kasutamise lihtsaks<\/li>\n<\/ul>\n<h3>Sobivus<\/h3>\n<p>Ideaalne valik steriliseeritud v\u00f5i kastreeritud t\u00e4iskasvanud kassidele, kes vajavad kvaliteetset ning kergesti seeditavat toitu. Sobib igast t\u00f5ust kassidele, s\u00f5ltumata suurusest. Teravilja- ja gluteenivaba retsept aitab v\u00e4ltida allergiaid ning toetab seedimist. Samuti sobib tundlikele ja n\u00f5udlikele lemmikutele, kellel on erivajadused p\u00e4rast steriliseerimist.<\/p>\n<h3>Kvaliteet<\/h3>\n<p>Carnilove kuivtoidud on tuntud kvaliteetsete koostisosade, k\u00f5rge valgusisalduse ja looduslikkuse poolest. Tootja tagab Euroopa standarditele vastava kontrollitud retsepti, mis ei sisalda kunstlikke lisaaineid. Kassiomanik v\u00f5ib olla kindel, et valib selle toiduga oma lemmikule tervisliku ja pikaajalise toitumise.<\/p>\n","protected":false},"excerpt":{"rendered":"<p>Carnilove Into the Wild Sterilised on teraviljavaba kuivtoit t\u00e4iskasvanud steriliseeritud kassidele, sisaldab v\u00e4rsket kala ning sobib igas t\u00f5us kassi vajadustele.<\/p>\n","protected":false},"featured_media":255597,"comment_status":"open","ping_status":"closed","template":"","meta":[],"product_brand":[7168],"product_cat":[7192],"product_tag":[],"class_list":{"0":"post-255598","1":"product","2":"type-product","3":"status-publish","4":"has-post-thumbnail","6":"product_brand-carnilove","7":"product_cat-kuivtoit-kassidele","8":"product_shipping_class-action","9":"pa_annustamise-vorm-tahke","10":"pa_gluteenivaba-jah","11":"pa_hoiatused-hoida-kuivas-ja-jahedas-kohas","12":"pa_hoiatused-hoida-laste-eest-kattesaamatus-kohas","13":"pa_hoiatused-paku-varsket-joogivett","14":"pa_ilma-kunstlike-varvideta-jah","15":"pa_kaaluvahemik-5-kg-99-kg-2","16":"pa_kassi-toug-koik-toud","17":"pa_lemmiku-eluetapp-taiskasvanud","18":"pa_lemmiku-vajadused-kastreeritud-voi-steriliseeritud","19":"pa_lemmiku-vajadused-steriliseeritud","20":"pa_lemmiku-vajadused-teraviljatalumatus","21":"pa_lemmiku-vanus-taiskasvanu","22":"pa_lisafunktsioonid-gluteenivaba","23":"pa_lisafunktsioonid-steriliseeritud","24":"pa_lisafunktsioonid-teraviljavaba","25":"pa_niiskuse-sisaldus-7442","26":"pa_pakendi-tuup-kott","27":"pa_pohimaitse-kala","28":"pa_proteiin-8495","29":"pa_rasva-sisaldus-7733","30":"pa_sailitusaineteta-jah","31":"pa_seeria-carnilove-into-the-wild","32":"pa_sobivus-kassile","33":"pa_sojavaba-jah","34":"pa_suhkruvaba-jah","35":"pa_toorkiud-3-5","36":"pa_toorvalk-9-5","38":"first","39":"instock","40":"taxable","41":"shipping-taxable","42":"purchasable","43":"product-type-simple"},"_links":{"self":[{"href":"https:\/\/blankpage.ee\/_ruumist-ruumi\/wp-json\/wp\/v2\/product\/255598","targetHints":{"allow":["GET"]}}],"collection":[{"href":"https:\/\/blankpage.ee\/_ruumist-ruumi\/wp-json\/wp\/v2\/product"}],"about":[{"href":"https:\/\/blankpage.ee\/_ruumist-ruumi\/wp-json\/wp\/v2\/types\/product"}],"replies":[{"embeddable":true,"href":"https:\/\/blankpage.ee\/_ruumist-ruumi\/wp-json\/wp\/v2\/comments?post=255598"}],"wp:featuredmedia":[{"embeddable":true,"href":"https:\/\/blankpage.ee\/_ruumist-ruumi\/wp-json\/wp\/v2\/media\/255597"}],"wp:attachment":[{"href":"https:\/\/blankpage.ee\/_ruumist-ruumi\/wp-json\/wp\/v2\/media?parent=255598"}],"wp:term":[{"taxonomy":"product_brand","embeddable":true,"href":"https:\/\/blankpage.ee\/_ruumist-ruumi\/wp-json\/wp\/v2\/product_brand?post=255598"},{"taxonomy":"product_cat","embeddable":true,"href":"https:\/\/blankpage.ee\/_ruumist-ruumi\/wp-json\/wp\/v2\/product_cat?post=255598"},{"taxonomy":"product_tag","embeddable":true,"href":"https:\/\/blankpage.ee\/_ruumist-ruumi\/wp-json\/wp\/v2\/product_tag?post=255598"}],"curies":[{"name":"wp","href":"https:\/\/api.w.org\/{rel}","templated":true}]}}