{"id":255671,"date":"2025-08-05T10:08:42","date_gmt":"2025-08-05T10:08:42","guid":{"rendered":"https:\/\/ruumistruumi.ee\/pood\/hills-prescription-diet-c-d-multicare-3-kg-kana-kuivtoit-taiskasvanud-kasside-kuseteede-tervise-toetamiseks\/"},"modified":"2025-08-20T14:56:09","modified_gmt":"2025-08-20T14:56:09","slug":"hills-prescription-diet-c-d-multicare-3-kg-kana-kuivtoit-taiskasvanud-kasside-kuseteede-tervise-toetamiseks","status":"publish","type":"product","link":"https:\/\/blankpage.ee\/_ruumist-ruumi\/pood\/hills-prescription-diet-c-d-multicare-3-kg-kana-kuivtoit-taiskasvanud-kasside-kuseteede-tervise-toetamiseks\/","title":{"rendered":"Hill&#8217;s Prescription Diet c\/d Multicare 3 kg kana kuivtoit t\u00e4iskasvanud kasside kuseteede tervise toetamiseks"},"content":{"rendered":"<h3>Hill&#8217;s Prescription Diet c\/d Multicare kana 3 kg kuivtoit t\u00e4iskasvanud kasside kuseteede tervise heaks<\/h3>\n<p>Hill&#8217;s PD C\/D Urinary Care kuivtoit on m\u00f5eldud t\u00e4iskasvanud kassidele, kellel esineb kergesti kuseteede probleeme ja kalduvus kivide moodustumisele. See veterinaartoit aitab hoida uriini pH taset, ennetada neerukivide teket ning toetab lemmiku kuseteede \u00fcldist tervist. Sobib igat t\u00f5ugu toakassidele kehakaaluga 2\u20134,9 kg.<\/p>\n<h3>Peamised omadused<\/h3>\n<ul>\n<li>Spetsiaalse koostisega, mis aitab hoida uriini pH taset ja ennetada nefroliitide teket<\/li>\n<li>P\u00f5himaitseks kvaliteetne kana (sobib ka valiva maitsega kassidele)<\/li>\n<li>Sobib t\u00e4iskasvanud kasside igap\u00e4evaseks toitmiseks<\/li>\n<li>Sobib toakassidele<\/li>\n<li>Toetab kliiniliselt t\u00f5estatud t\u00f5hususega struviit- ja oksalaatkivide ennetamist<\/li>\n<li>Sobib kasutamiseks veterinaardiagnoosiga uriini- ja neeruprobleemide korral<\/li>\n<li>Ei sisalda sojat<\/li>\n<li>Kr\u00f5bina l\u00e4bim\u00f5\u00f5t ca 9,5 mm \u2013 sobib mugavalt n\u00e4rimiseks ka v\u00e4iksematele kassidele<\/li>\n<li>Hill&#8217;si rahulolugarantii<\/li>\n<\/ul>\n<h3>Tehnilised andmed<\/h3>\n<ul>\n<li>Kogus: 3 kg (pakendi kaal 3080 g)<\/li>\n<li>P\u00f5himaitse: kana<\/li>\n<li>Koostis: proteiin 32%, rasva sisaldus 15,2%, toorkiud 0,94%, toortuhk 5,1%<\/li>\n<li>M\u00f5\u00f5tmed: 217 x 293 x 146 mm<\/li>\n<li>Pakendi t\u00fc\u00fcp: kott<\/li>\n<li>Gluteenivaba: ei<\/li>\n<li>Sojavaba: jah<\/li>\n<li>Kehakaal: 2\u20134,9 kg<\/li>\n<li>Lemmiku vanus: t\u00e4iskasvanu<\/li>\n<li>Sobib k\u00f5ikidele kassit\u00f5ugudele<\/li>\n<\/ul>\n<h3>Kasutamisjuhised<\/h3>\n<p>Hill&#8217;s Prescription Diet c\/d Multicare kuivtoidu soovituslik p\u00e4evane kogus s\u00f5ltub kassi kehakaalust:<\/p>\n<ul>\n<li>2 kg: 35 g<\/li>\n<li>3 kg: 50 g<\/li>\n<li>4 kg: 60 g<\/li>\n<li>5 kg: 75 g<\/li>\n<li>6 kg: 85 g<\/li>\n<li>7 kg ja rohkem: umbes 12 g\/kg kehakaalu kohta<\/li>\n<\/ul>\n<p>Kassil peab alati olema saadaval v\u00e4rske joogivesi. Soovitame teha toidule j\u00e4rkj\u00e4rgulise \u00fclemineku 7 p\u00e4eva jooksul. S\u00e4ilita toodet kuivas ja jahedas kohas ning hoia lastele k\u00e4ttesaamatus kohas. Toit on ette n\u00e4htud kasutada vaid loomaarsti soovitusel ning j\u00e4relevalve all \u2013 konsulteeri loomaarstiga, kui m\u00e4rkad kassil uriiniprobleeme v\u00f5i plaanid kasutada toitu pikema perioodi v\u00e4ltel.<\/p>\n<h3>Energiasisaldus ja koostise kvaliteet<\/h3>\n<ul>\n<li>Metaboliseeruv energia: 3878 kcal\/kg<\/li>\n<li>Tasakaalustatud mineraalide sisaldus toetab neerude t\u00f6\u00f6d ja v\u00e4hendab seedimisega seotud koormust<\/li>\n<\/ul>\n<h3>Pakk ja kasutamine<\/h3>\n<ul>\n<li>3 kg kuivtoitu taas- ja suletavas pakendis<\/li>\n<li>Kasutatakse tavalise toidukausi ja joogin\u00f5uga<\/li>\n<\/ul>\n<h3>Kellele sobib?<\/h3>\n<p>Hill&#8217;s PD C\/D Urinary Care kuivtoit sobib kassidele, kellel on uriini pH-tasakaalu vaja normaliseerida v\u00f5i kellele on loomaarst soovitanud kividest tingitud probleemide korral eridieeti. Toode on m\u00f5eldud toetama t\u00e4iskasvanud kasside kuseteede tervist ja aitab v\u00e4hendada kivide tekke riski. Hill&#8217;si kvaliteedi ja kliinilise testitavuse kinnitavad ka veterinaaride soovitused ning rahulolugarantii.<\/p>\n","protected":false},"excerpt":{"rendered":"<p>Hill&#8217;s Prescription Diet c\/d Multicare kana kuivtoit t\u00e4iskasvanud kassidele aitab hoida \u00f5iget uriini pH-d ja ennetada neerukivide teket. Sobib igat t\u00f5ugu toakassidele, sisaldab 32% proteiini ning tasakaalustatud mineraale optimaalsete kuseteede tervise tagamiseks.<\/p>\n","protected":false},"featured_media":255670,"comment_status":"open","ping_status":"closed","template":"","meta":[],"product_brand":[7150],"product_cat":[7192],"product_tag":[],"class_list":{"0":"post-255671","1":"product","2":"type-product","3":"status-publish","4":"has-post-thumbnail","6":"product_brand-hills","7":"product_cat-kuivtoit-kassidele","8":"product_shipping_class-action","9":"pa_annustamise-vorm-tahke","10":"pa_gluteenivaba-ei","11":"pa_hoiatused-hoida-kuivas-ja-jahedas-kohas","12":"pa_hoiatused-hoida-lastele-kattesaamatus-kohas-2","13":"pa_hoiatused-tagada-varske-joogivee-olemasolu","14":"pa_ilma-kunstlike-varvideta-andmed-puuduvad","15":"pa_kaaluvahemik-2-kg-49-kg","16":"pa_kassi-toug-koik-toud","17":"pa_lemmiku-eluetapp-taiskasvanud","18":"pa_lemmiku-vajadused-kuseteede-kaitse","19":"pa_lemmiku-vajadused-kuseteede-kontroll","20":"pa_lemmiku-vajadused-neerukivide-tekke-ennetamine","21":"pa_lemmiku-vajadused-uriini-ph-oige-taseme-sailitamine","22":"pa_lemmiku-vanus-taiskasvanud","23":"pa_lisafunktsioonid-tubastele-kassidele","24":"pa_pakendi-tuup-kott","25":"pa_pohimaitse-kana","26":"pa_proteiin-7461","27":"pa_rasva-sisaldus-12667","28":"pa_sailitusaineteta-andmed-puuduvad","29":"pa_seeria-hills-prescription-diet","30":"pa_sobivus-kassile","31":"pa_sojavaba-jah","32":"pa_suhkruvaba-andmed-puuduvad","33":"pa_toorkiud-8279","34":"pa_toorvalk-5-1","36":"first","37":"outofstock","38":"taxable","39":"shipping-taxable","40":"purchasable","41":"product-type-simple"},"_links":{"self":[{"href":"https:\/\/blankpage.ee\/_ruumist-ruumi\/wp-json\/wp\/v2\/product\/255671","targetHints":{"allow":["GET"]}}],"collection":[{"href":"https:\/\/blankpage.ee\/_ruumist-ruumi\/wp-json\/wp\/v2\/product"}],"about":[{"href":"https:\/\/blankpage.ee\/_ruumist-ruumi\/wp-json\/wp\/v2\/types\/product"}],"replies":[{"embeddable":true,"href":"https:\/\/blankpage.ee\/_ruumist-ruumi\/wp-json\/wp\/v2\/comments?post=255671"}],"wp:featuredmedia":[{"embeddable":true,"href":"https:\/\/blankpage.ee\/_ruumist-ruumi\/wp-json\/wp\/v2\/media\/255670"}],"wp:attachment":[{"href":"https:\/\/blankpage.ee\/_ruumist-ruumi\/wp-json\/wp\/v2\/media?parent=255671"}],"wp:term":[{"taxonomy":"product_brand","embeddable":true,"href":"https:\/\/blankpage.ee\/_ruumist-ruumi\/wp-json\/wp\/v2\/product_brand?post=255671"},{"taxonomy":"product_cat","embeddable":true,"href":"https:\/\/blankpage.ee\/_ruumist-ruumi\/wp-json\/wp\/v2\/product_cat?post=255671"},{"taxonomy":"product_tag","embeddable":true,"href":"https:\/\/blankpage.ee\/_ruumist-ruumi\/wp-json\/wp\/v2\/product_tag?post=255671"}],"curies":[{"name":"wp","href":"https:\/\/api.w.org\/{rel}","templated":true}]}}