{"id":255759,"date":"2025-08-05T10:13:04","date_gmt":"2025-08-05T10:13:04","guid":{"rendered":"https:\/\/ruumistruumi.ee\/pood\/prevital-adult-beef-14-kg-kuivtoit-veiselihaga-taiskasvanud-kassidele\/"},"modified":"2025-08-20T22:34:18","modified_gmt":"2025-08-20T22:34:18","slug":"prevital-adult-beef-14-kg-kuivtoit-veiselihaga-taiskasvanud-kassidele","status":"publish","type":"product","link":"https:\/\/blankpage.ee\/_ruumist-ruumi\/pood\/prevital-adult-beef-14-kg-kuivtoit-veiselihaga-taiskasvanud-kassidele\/","title":{"rendered":"PreVital Adult Beef 1,4 kg kuivtoit veiselihaga t\u00e4iskasvanud kassidele"},"content":{"rendered":"<h3>PreVital Adult Beef 1,4 kg kuivtoit veiselihaga t\u00e4iskasvanud kassidele<\/h3>\n<p>PreVital Adult Beef on tasakaalustatud kuivtoit, mis on m\u00f5eldud t\u00e4iskasvanud kassidele igast t\u00f5ust. Toit sisaldab rohkelt veiseliha ning on v\u00e4lja t\u00f6\u00f6tatud kassi lihaste arengu ja \u00fcldise tervise toetamiseks. PreVital kuivtoit sobib kassidele, kellel pole erilisi toitumisvajadusi, pakkudes vajalikke toitaineid ja head maitset igap\u00e4evaseks toiduks. Toode ei sisalda kunstlikke v\u00e4rvaineid ning aitab hoida lemmiku karvkatte l\u00e4ikiva ja naha terve.<\/p>\n<h3>Peamised omadused<\/h3>\n<ul>\n<li><strong>Veiselihaga kuivtoit<\/strong> \u2013 peamine maitseallikas on kvaliteetne veiseliha, mis tagab hea s\u00f6\u00f6davuse.<\/li>\n<li><strong>K\u00f5rge proteiinisisaldus:<\/strong> 30%, toetab lihaste arengut ja s\u00e4ilimist.<\/li>\n<li><strong>T\u00e4iskasvanud kassile igast t\u00f5ust<\/strong> \u2013 sobib k\u00f5igile t\u00f5ugudele ja suurustele.<\/li>\n<li><strong>Looduslik koostis<\/strong> \u2013 ei sisalda kunstlikke v\u00e4rvaineid.<\/li>\n<li><strong>\u00dcldtervis ja eluj\u00f5ulisus:<\/strong> tasakaalustatud vitamiinide ja mineraalainete koostis (nt E- ja C-vitamiin) toetab immuuns\u00fcsteemi ning naha ja karvkatte tervist.<\/li>\n<li><strong>T\u00e4isv\u00e4\u00e4rtuslik kuivtoit:<\/strong> sisaldab k\u00f5iki vajalikke makro- ja mikrotoitaineid.<\/li>\n<\/ul>\n<h3>Tehnilised andmed<\/h3>\n<ul>\n<li><strong>P\u00f5himaitse:<\/strong> veiseliha<\/li>\n<li><strong>Pakendi t\u00fc\u00fcp:<\/strong> kott<\/li>\n<li><strong>Kogus:<\/strong> 1,4 kg (sobib kaaluvahemikku 1\u20131,9 kg kassile v\u00f5i mitmeks toidukorraks)<\/li>\n<li><strong>M\u00f5\u00f5tmed:<\/strong> 262 \u00d7 215 \u00d7 95 mm<\/li>\n<li><strong>Netokogus:<\/strong> 1454 g<\/li>\n<li><strong>Proteiinisisaldus:<\/strong> 30%<\/li>\n<li><strong>Rasvasisaldus:<\/strong> 12%<\/li>\n<li><strong>Toorkiud:<\/strong> 3%<\/li>\n<li><strong>Toorvalk:<\/strong> 7%<\/li>\n<li><strong>Suhkruvaba:<\/strong> Ei (toode sisaldab suhkrut)<\/li>\n<li><strong>Gluteenivaba\/sojavaba:<\/strong> Andmed puuduvad<\/li>\n<li><strong>Kassi vanus:<\/strong> t\u00e4iskasvanud<\/li>\n<li><strong>Lisafunktsioonid:<\/strong> lihaste arendamine, \u00fcldine tervis<\/li>\n<li><strong>Sobivus:<\/strong> igale t\u00e4iskasvanud kassile<\/li>\n<li><strong>EAN:<\/strong> 5999566111150<\/li>\n<li><strong>Toote ID:<\/strong> DLKPVTKAS0002<\/li>\n<\/ul>\n<h3>Kasutamisjuhised<\/h3>\n<p>PreVital Adult Beef kuivtoitu tuleks anda vastavalt pakendil v\u00f5i annustamistabelis toodud soovituslikule p\u00e4evakogusele (n\u00e4iteks kassi kehakaalu alusel 25\u2013125 g p\u00e4evas). Sobib pakkumiseks nii puhtalt kui ka segatuna m\u00e4rgtoiduga. Kassi jaoks peaks alati olema olemas v\u00e4rske joogivesi.<\/p>\n<p>Uuele kuivtoidule \u00fcle minnes soovitatakse toitmist muuta j\u00e4rk-j\u00e4rgult 7\u201310 p\u00e4eva jooksul: suurendage p\u00e4ev-p\u00e4evalt uue toidu kogust ja v\u00e4hendage vana s\u00f6\u00f6da osa. Hoidke toodet kuivas ja jahedas kohas. Avatud pakendit v\u00f5ib vajadusel hoida k\u00fclmkapis ning kasutada 48 tunni jooksul. \u00c4rge \u00fcletage soovitatavat p\u00e4evast annust.<\/p>\n<h3>Miks valida see toode?<\/h3>\n<ul>\n<li>Pakkuge oma kassile t\u00e4ielikult tasakaalustatud igap\u00e4evast toitu, mis toetab lihaskonda ja \u00fcldist heaolu.<\/li>\n<li>Ei sisalda kunstlikke v\u00e4rvaineid, on ohutu ja looduslik.<\/li>\n<li>Sobib igale t\u00e4iskasvanud kassile \u2013 s\u00f5ltumata t\u00f5ust ja suurusest.<\/li>\n<li>1,4 kg pakend on mugav ja \u00f6konoomne valik.<\/li>\n<li>Vitamiinide ja mineraalainete segu toetab immuunsust ning naha ja karvkatte tervist.<\/li>\n<\/ul>\n","protected":false},"excerpt":{"rendered":"<p>PreVital Adult Beef 1,4 kg kuivtoit on t\u00e4iss\u00f6\u00f6t veiselihaga t\u00e4iskasvanud kassidele, toetab lihaste arengut ja \u00fcldist tervist. Tasakaalustatud koostis sobib igale kassit\u00f5ule.<\/p>\n","protected":false},"featured_media":255758,"comment_status":"open","ping_status":"closed","template":"","meta":[],"product_brand":[7177],"product_cat":[7192],"product_tag":[],"class_list":{"0":"post-255759","1":"product","2":"type-product","3":"status-publish","4":"has-post-thumbnail","6":"product_brand-prevital","7":"product_cat-kuivtoit-kassidele","8":"product_shipping_class-action","9":"pa_annustamise-vorm-tahke","10":"pa_gluteenivaba-andmed-puuduvad","11":"pa_hoiatused-hoida-kuivas-ja-jahedas-kohas","12":"pa_hoiatused-hoida-laste-kaeulatusest-eemal-2","13":"pa_hoiatused-mitte-uletada-soovitatud-paevast-annust","14":"pa_hoiatused-pakkuda-varsket-joogivett-2","15":"pa_hoiatused-peale-avamist-hoida-kulmkapis-ja-kasutada-48-tunni-jooksul-2","16":"pa_hoiatused-toodet-tuleb-sailitada-jahedas-ja-kuivas-kohas","17":"pa_ilma-kunstlike-varvideta-jah","18":"pa_kaaluvahemik-1-kg-19-kg","19":"pa_kassi-toug-koik-toud","20":"pa_lemmiku-eluetapp-taiskasvanud","21":"pa_lemmiku-vajadused-erivajadus-puudub","22":"pa_lemmiku-vanus-taiskasvanud","23":"pa_lisafunktsioonid-lihaste-arendamine","24":"pa_lisafunktsioonid-uldine-tervis","25":"pa_pakendi-tuup-kott","26":"pa_pohimaitse-veiseliha","27":"pa_proteiin-7763","28":"pa_rasva-sisaldus-8016","29":"pa_sobivus-kassile","30":"pa_sojavaba-andmed-puuduvad","31":"pa_suhkruvaba-ei","32":"pa_toorkiud-7537","33":"pa_toorvalk-7427","35":"first","36":"outofstock","37":"taxable","38":"shipping-taxable","39":"purchasable","40":"product-type-simple"},"_links":{"self":[{"href":"https:\/\/blankpage.ee\/_ruumist-ruumi\/wp-json\/wp\/v2\/product\/255759","targetHints":{"allow":["GET"]}}],"collection":[{"href":"https:\/\/blankpage.ee\/_ruumist-ruumi\/wp-json\/wp\/v2\/product"}],"about":[{"href":"https:\/\/blankpage.ee\/_ruumist-ruumi\/wp-json\/wp\/v2\/types\/product"}],"replies":[{"embeddable":true,"href":"https:\/\/blankpage.ee\/_ruumist-ruumi\/wp-json\/wp\/v2\/comments?post=255759"}],"wp:featuredmedia":[{"embeddable":true,"href":"https:\/\/blankpage.ee\/_ruumist-ruumi\/wp-json\/wp\/v2\/media\/255758"}],"wp:attachment":[{"href":"https:\/\/blankpage.ee\/_ruumist-ruumi\/wp-json\/wp\/v2\/media?parent=255759"}],"wp:term":[{"taxonomy":"product_brand","embeddable":true,"href":"https:\/\/blankpage.ee\/_ruumist-ruumi\/wp-json\/wp\/v2\/product_brand?post=255759"},{"taxonomy":"product_cat","embeddable":true,"href":"https:\/\/blankpage.ee\/_ruumist-ruumi\/wp-json\/wp\/v2\/product_cat?post=255759"},{"taxonomy":"product_tag","embeddable":true,"href":"https:\/\/blankpage.ee\/_ruumist-ruumi\/wp-json\/wp\/v2\/product_tag?post=255759"}],"curies":[{"name":"wp","href":"https:\/\/api.w.org\/{rel}","templated":true}]}}