{"id":255827,"date":"2025-08-05T10:16:15","date_gmt":"2025-08-05T10:16:15","guid":{"rendered":"https:\/\/ruumistruumi.ee\/pood\/brit-care-grain-free-sterilized-urinary-400-g-teraviljavaba-kanaliha-kuivtoit-steriliseeritud-kassidele-ja-kuseteede-tervise-toetuseks\/"},"modified":"2025-08-20T14:53:17","modified_gmt":"2025-08-20T14:53:17","slug":"brit-care-grain-free-sterilized-urinary-400-g-teraviljavaba-kanaliha-kuivtoit-steriliseeritud-kassidele-ja-kuseteede-tervise-toetuseks","status":"publish","type":"product","link":"https:\/\/blankpage.ee\/_ruumist-ruumi\/pood\/brit-care-grain-free-sterilized-urinary-400-g-teraviljavaba-kanaliha-kuivtoit-steriliseeritud-kassidele-ja-kuseteede-tervise-toetuseks\/","title":{"rendered":"Brit Care Grain-Free Sterilized Urinary 400 g teraviljavaba kanaliha kuivtoit steriliseeritud kassidele ja kuseteede tervise toetuseks"},"content":{"rendered":"<h3>Brit Care Grain-Free Sterilized Urinary 400 g \u2013 teraviljavaba kuivtoit steriliseeritud kassidele<\/h3>\n<p>Brit Care Grain-Free Sterilized Urinary on spetsiaalselt v\u00e4lja t\u00f6\u00f6tatud kuivtoit, mis toetab steriliseeritud t\u00e4iskasvanud kasside neerude ja kuseteede tervist. Toit p\u00f5hineb kvaliteetsel v\u00e4rskel kanaliha valgul ning on gluteeni- ja teraviljavaba, sobides h\u00e4sti ka tundliku seedimisega kassidele. T\u00e4nu tasakaalustatud koostisele aitab see toode ennetada kuseteede haigusi, toetada neerusid ja tagada t\u00e4isv\u00e4\u00e4rtuslik toit igast t\u00f5ust steriliseeritud kassile.<\/p>\n<h3>Peamised omadused<\/h3>\n<ul>\n<li>Sobib steriliseeritud ja kastreeritud t\u00e4iskasvanud kassidele<\/li>\n<li>Teraviljavaba ning gluteenivaba koostis<\/li>\n<li>P\u00f5hivalguks kvaliteetne v\u00e4rske kana<\/li>\n<li>Toetab kuseteede ja neerude tervist<\/li>\n<li>Ilma kunstlike v\u00e4rvainete ja s\u00e4ilitusaineteta<\/li>\n<li>Ei sisalda soja, GMO-sid ega s\u00e4ilitusaineid<\/li>\n<li>Rikastatud looduslike antioks\u00fcdantide ja taimsete koostisosadega, n\u00e4iteks j\u00f5hvikate ja mungalillega<\/li>\n<li>Valgu- ja kiudaineterikas, toetab ideaalset kehakaalu<\/li>\n<\/ul>\n<h3>Tehnilised andmed<\/h3>\n<ul>\n<li>Kaal: 400 g (pakendi kaal 429 g)<\/li>\n<li>P\u00f5himaitse: kana<\/li>\n<li>Niiskuse sisaldus: 10%<\/li>\n<li>Rasvasisaldus: 13%<\/li>\n<li>Proteiinisisaldus: 32%<\/li>\n<li>Toorkiud: 3,5%<\/li>\n<li>Toortuhk: 9%<\/li>\n<li>Pakendi m\u00f5\u00f5tmed: 145 \u00d7 63 \u00d7 160 mm<\/li>\n<li>Pakia t\u00fc\u00fcp: kott<\/li>\n<li>Sobivus: igast t\u00f5ust t\u00e4iskasvanud kassile<\/li>\n<li>Seeria: BRIT Care<\/li>\n<li>EAN: 8595602540747<\/li>\n<\/ul>\n<h3>Kasutamisjuhised<\/h3>\n<p>Brit Care Grain-Free Sterilized Urinary 400 g kuivtoitu v\u00f5ib anda nii igap\u00e4evase p\u00f5hitoiduna kui ka toetava lisatoiduna steriliseeritud kassidele. P\u00e4evane soovituslik kogus s\u00f5ltub kassi kehakaalust, vanusest ja aktiivsusest. Soovitatav on hoida toidu k\u00f5rvale alati v\u00e4rske joogivesi ning s\u00e4ilitada kuivtoit jahedas ja kuivas kohas. Toitu v\u00f5ib anda otse pakist v\u00f5i segada v\u00e4hese veega. Sobib k\u00f5ikidele kassit\u00f5ugudele, kes vajavad k\u00f5rgema valgusisaldusega ja tasakaalustatud dieeti.<\/p>\n<h3>Miks valida just Brit Care teraviljavaba steriliseeritud kassi kuivtoit?<\/h3>\n<ul>\n<li>Kohandatud steriliseeritud kasside vajadustele \u2013 toetab kuseteede kaitset ja neerutervist.<\/li>\n<li>Optimaalne energiasisaldus aitab hoida tervislikku kehakaalu p\u00e4rast steriliseerimist.<\/li>\n<li>Lisatud looduslikud ekstraktid (n\u00e4iteks j\u00f5hvikas ja mungalill) aitavad v\u00e4hendada kuseteede haiguste riski.<\/li>\n<li>Sobib tundliku seedimisega ja allergiaohtlikele kassidele, kuna ei sisalda teravilja, gluteeni ega soja.<\/li>\n<\/ul>\n<p>Brit Care Grain-Free Sterilized Urinary 400 g kuivtoit on usaldusv\u00e4\u00e4rne ja tasakaalustatud valik sinu steriliseeritud kassi igap\u00e4evaseks toitmiseks, pakkudes t\u00f5endatud tuge kuseteedele ja pikaajaliseks terviseks.<\/p>\n","protected":false},"excerpt":{"rendered":"<p>Brit Care Grain-Free Sterilized Urinary 400 g on teraviljavaba kanaliha kuivtoit, mis toetab steriliseeritud kasside kuseteede ja neerude tervist. Sobib igas t\u00f5us t\u00e4iskasvanud kassidele igap\u00e4evaseks toitmiseks.<\/p>\n","protected":false},"featured_media":255826,"comment_status":"open","ping_status":"closed","template":"","meta":[],"product_brand":[7179],"product_cat":[7192],"product_tag":[],"class_list":{"0":"post-255827","1":"product","2":"type-product","3":"status-publish","4":"has-post-thumbnail","6":"product_brand-brit","7":"product_cat-kuivtoit-kassidele","8":"product_shipping_class-action","9":"pa_annustamise-vorm-tahke","10":"pa_gluteenivaba-jah","11":"pa_hoiatused-hoida-kuivas-ja-jahedas-kohas","12":"pa_hoiatused-hoida-laste-eest-kattesaamatus-kohas-2","13":"pa_hoiatused-pakkuda-varsket-joogivett","14":"pa_ilma-kunstlike-varvideta-jah","15":"pa_kaaluvahemik-201-g-499-g","16":"pa_kassi-toug-koik-toud","17":"pa_lemmiku-eluetapp-taiskasvanud","18":"pa_lemmiku-vajadused-kuseteede-kaitse","19":"pa_lemmiku-vajadused-neerude-kaitse","20":"pa_lemmiku-vajadused-steriliseeritud-voi-kastreeritud","21":"pa_lemmiku-vanus-taiskasvanu","22":"pa_lisafunktsioonid-haige-kuseteede-susteem","23":"pa_lisafunktsioonid-neerupuudulikkus","24":"pa_lisafunktsioonid-steriliseerimine","25":"pa_lisafunktsioonid-teraviljavaba","26":"pa_loomaliik-kass","27":"pa_niiskuse-sisaldus-7442","28":"pa_pakendi-tuup-kott","29":"pa_pohimaitse-kana","30":"pa_proteiin-7461","31":"pa_rasva-sisaldus-7809","32":"pa_sailitusaineteta-jah","33":"pa_seeria-brit-care","34":"pa_sobivus-kassile","35":"pa_sojavaba-jah","36":"pa_suhkruvaba-andmed-puuduvad","37":"pa_tervisemoju-kuseteede-tervis","38":"pa_toorkiud-8049","39":"pa_toorvalk-8148","41":"first","42":"outofstock","43":"taxable","44":"shipping-taxable","45":"purchasable","46":"product-type-simple"},"_links":{"self":[{"href":"https:\/\/blankpage.ee\/_ruumist-ruumi\/wp-json\/wp\/v2\/product\/255827","targetHints":{"allow":["GET"]}}],"collection":[{"href":"https:\/\/blankpage.ee\/_ruumist-ruumi\/wp-json\/wp\/v2\/product"}],"about":[{"href":"https:\/\/blankpage.ee\/_ruumist-ruumi\/wp-json\/wp\/v2\/types\/product"}],"replies":[{"embeddable":true,"href":"https:\/\/blankpage.ee\/_ruumist-ruumi\/wp-json\/wp\/v2\/comments?post=255827"}],"wp:featuredmedia":[{"embeddable":true,"href":"https:\/\/blankpage.ee\/_ruumist-ruumi\/wp-json\/wp\/v2\/media\/255826"}],"wp:attachment":[{"href":"https:\/\/blankpage.ee\/_ruumist-ruumi\/wp-json\/wp\/v2\/media?parent=255827"}],"wp:term":[{"taxonomy":"product_brand","embeddable":true,"href":"https:\/\/blankpage.ee\/_ruumist-ruumi\/wp-json\/wp\/v2\/product_brand?post=255827"},{"taxonomy":"product_cat","embeddable":true,"href":"https:\/\/blankpage.ee\/_ruumist-ruumi\/wp-json\/wp\/v2\/product_cat?post=255827"},{"taxonomy":"product_tag","embeddable":true,"href":"https:\/\/blankpage.ee\/_ruumist-ruumi\/wp-json\/wp\/v2\/product_tag?post=255827"}],"curies":[{"name":"wp","href":"https:\/\/api.w.org\/{rel}","templated":true}]}}