{"id":255852,"date":"2025-08-05T10:17:57","date_gmt":"2025-08-05T10:17:57","guid":{"rendered":"https:\/\/ruumistruumi.ee\/pood\/shelma-sterilised-beef-14-kg-gluteenivaba-kuivtoit-veiselihaga-steriliseeritud-taiskasvanud-kassidele\/"},"modified":"2025-08-20T22:31:49","modified_gmt":"2025-08-20T22:31:49","slug":"shelma-sterilised-beef-14-kg-gluteenivaba-kuivtoit-veiselihaga-steriliseeritud-taiskasvanud-kassidele","status":"publish","type":"product","link":"https:\/\/blankpage.ee\/_ruumist-ruumi\/pood\/shelma-sterilised-beef-14-kg-gluteenivaba-kuivtoit-veiselihaga-steriliseeritud-taiskasvanud-kassidele\/","title":{"rendered":"SHELMA Sterilised Beef 1,4 kg gluteenivaba kuivtoit veiselihaga steriliseeritud t\u00e4iskasvanud kassidele"},"content":{"rendered":"<h3>SHELMA Sterilised Beef 1,4 kg gluteenivaba kuivtoit veiselihaga steriliseeritud t\u00e4iskasvanud kassidele<\/h3>\n<p>SHELMA Sterilised Beef kuivtoit on spetsiaalselt loodud steriliseeritud v\u00f5i kastreeritud t\u00e4iskasvanud kassidele, aidates neil s\u00e4ilitada tervislikku kehakaalu ja toetada \u00fcldist heaolu. See t\u00e4istoit p\u00f5hineb veiselihal, on gluteeni- ja teraviljavaba ning ei sisalda kunstlikke l\u00f5hna-, maitse- ega v\u00e4rvaineid ega lisatud suhkrut. T\u00e4nu hoolikalt valitud koostisosadele ja k\u00f5rgele valgusisaldusele sobib toode igat t\u00f5ugu steriliseeritud kassile, kellel on kalduvus \u00fclekaalule v\u00f5i kes vajab abi kehakaalu kontrolli all hoidmisel.<\/p>\n<h3>Peamised omadused<\/h3>\n<ul>\n<li>Veiselihap\u00f5hine kuivtoit steriliseeritud t\u00e4iskasvanud kassidele<\/li>\n<li>Gluteenivaba, teravilja- ja sojavaba koostis<\/li>\n<li>Ei sisalda lisatud suhkrut ega kunstlikke v\u00e4rv-, l\u00f5hna- ja maitseaineid<\/li>\n<li>72% valgust p\u00e4rineb loomsetest allikatest<\/li>\n<li>Sisaldab looduslikke antioks\u00fcdante (spirulina, astelpaju, \u00fcrdid)<\/li>\n<li>Tasakaalustatud mineraalainete sisaldus ning madal magneesiumitase kuseteede tervise hoidmiseks<\/li>\n<li>Toetab seedimist ja aitab v\u00e4hendada v\u00e4ljaheidete l\u00f5hna t\u00e4nu Yucca schidigera ekstraktile<\/li>\n<li>Sobib igat t\u00f5ugu steriliseeritud t\u00e4iskasvanud kassidele<\/li>\n<\/ul>\n<h3>Tehnilised andmed<\/h3>\n<ul>\n<li>Kogus: 1,4 kg (pakendit\u00fc\u00fcp \u2013 kott, netokaal 1460 g)<\/li>\n<li>M\u00f5\u00f5tmed: 255 \u00d7 113 \u00d7 241 mm<\/li>\n<li>Toitevorm: kuivtoit (kr\u00f5binad)<\/li>\n<li>P\u00f5himaitse: veiseliha<\/li>\n<li>Proteiin: 38%<\/li>\n<li>Toorvalk: 7,5%<\/li>\n<li>Toorkiud: 3%<\/li>\n<li>Rasvasisaldus: 13%<\/li>\n<li>Veterinaarklassifikatsioon: t\u00e4istoit t\u00e4iskasvanud kassile<\/li>\n<li>Sobiv kaaluvahemik: 1\u20131,9 kg kassile<\/li>\n<li>EAN: 8595606407022<\/li>\n<li>Toote ID: DLKSHMKAS0006<\/li>\n<\/ul>\n<h3>Kasutusjuhised<\/h3>\n<p>Toida steriliseeritud t\u00e4iskasvanud kassi vastavalt tema kehakaalule ja vajadustele. Soovitatav p\u00e4evane kogus (vastavalt tootja juhistele):<\/p>\n<ul>\n<li>1 kg \u2013 20 g<\/li>\n<li>2 kg \u2013 31 g<\/li>\n<li>3 kg \u2013 41 g<\/li>\n<li>4 kg \u2013 50 g<\/li>\n<li>5 kg \u2013 58 g<\/li>\n<li>6 kg \u2013 66 g<\/li>\n<\/ul>\n<p>Alati peab kassil olema ligip\u00e4\u00e4s v\u00e4rskele joogiveele. P\u00e4rast kasutamist sulge pakend hoolikalt ning hoia toitu kuivas ja jahedas kohas, eemal p\u00e4ikesevalgusest ning lastele ja teistele loomadele k\u00e4ttesaamatus paigas.<\/p>\n<h3>Kellele toode sobib?<\/h3>\n<p>SHELMA Sterilised Beef kuivtoit sobib igat t\u00f5ugu t\u00e4iskasvanud steriliseeritud kassidele, kes vajavad abi kehakaalu kontrollimisel ja \u00fcldise tervisliku seisundi hoidmisel. Teravilja-, sojavaba ja gluteenivaba retsept teeb sellest sobiva valiku ka tundliku seedimisega kassidele. V\u00f5rreldes tavatoitudega sisaldab see rohkem kvaliteetset loomset valku ning spetsiaalseid lisaaineid (spirulina, \u00fcrdid), mis toetavad kassi immuunsust ja karvkatet. Yucca schidigera ekstrakt aitab v\u00e4hendada v\u00e4ljaheidete l\u00f5hna \u2013 eriti hinnatud mitme kassiga leibkondades.<\/p>\n<h3>Kvaliteet ja usaldusv\u00e4\u00e4rsus<\/h3>\n<p>Toit on valmistatud hoolikalt valitud looduslikest koostisosadest ja ei sisalda kunstlikke v\u00e4rv- ega s\u00e4ilitusaineid. SHELMA kuivtoidud on hoolikalt testitud ning garanteerivad stabiilse kvaliteedi ja ohutuse.<\/p>\n<h3>Komplektis ja lisasoovitused<\/h3>\n<p>Pakk sisaldab 1,4 kg kuivtoitu \u2013 piisav, et katta \u00fche t\u00e4iskasvanud kassi vajadused mitmeks n\u00e4dalaks. Vajalik on tagada kassile alati v\u00e4rske joogivee olemasolu. Kuna toode on t\u00e4ielikult valmis s\u00f6\u00f6miseks ja lihtsalt doseeritav, sobib see h\u00e4sti kiire eluviisiga peredele.<\/p>\n<h3>Hinna ja kvaliteedi suhe<\/h3>\n<p>SHELMA Sterilised Beef kuivtoit pakub kvaliteetset, tasakaalustatud ja loodusl\u00e4hedast toitumist taskukohase hinnaga, arvestades selle k\u00f5rge loomse valgu sisaldust, lisaainete kompleksi ning sobivust just steriliseeritud kassidele.<\/p>\n","protected":false},"excerpt":{"rendered":"<p>SHELMA Sterilised Beef on gluteenivaba kuivtoit veiselihaga, mis sobib steriliseeritud t\u00e4iskasvanud kassidele ning aitab hoida tervislikku kehakaalu.<\/p>\n","protected":false},"featured_media":255851,"comment_status":"open","ping_status":"closed","template":"","meta":[],"product_brand":[7181],"product_cat":[7192],"product_tag":[],"class_list":{"0":"post-255852","1":"product","2":"type-product","3":"status-publish","4":"has-post-thumbnail","6":"product_brand-shelma","7":"product_cat-kuivtoit-kassidele","8":"product_shipping_class-action","9":"pa_annustamise-vorm-tahke","10":"pa_gluteenivaba-jah","11":"pa_hoiatused-hoida-laste-kaeulatusest-eemal-hoidke-toodet-alati-suletud-anumas-arge-lubage-lastel-voi-teistel-loomadel-toodet-suua-tagage-alati-varske-joogivesi-hoidke-kuivas-ja-jahedas-kohas","12":"pa_ilma-kunstlike-varvideta-jah","13":"pa_kaaluvahemik-1-kg-19-kg","14":"pa_kassi-toug-koik-toud","15":"pa_lemmiku-eluetapp-taiskasvanud","16":"pa_lemmiku-vajadused-aidata-sailitada-tervislikku-kehakaalu","17":"pa_lemmiku-vajadused-kalduvus-ulekaalule","18":"pa_lemmiku-vajadused-steriliseeritud","19":"pa_lemmiku-vanus-taiskasvanu","20":"pa_lisafunktsioonid-gluteenivaba","21":"pa_lisafunktsioonid-seedimise-tugi","22":"pa_lisafunktsioonid-steriliseerimine","23":"pa_lisafunktsioonid-teraviljavaba","24":"pa_lisafunktsioonid-uldtervis","25":"pa_lisafunktsioonid-ulekaal","26":"pa_pakendi-tuup-kott","27":"pa_pohimaitse-veiseliha","28":"pa_proteiin-8168","29":"pa_rasva-sisaldus-7809","30":"pa_sobivus-kassile","31":"pa_sojavaba-jah","32":"pa_suhkruvaba-jah","33":"pa_toorkiud-7537","34":"pa_toorvalk-8020","35":"pa_veterinaarklassifikatsioon-taissoot","37":"first","38":"instock","39":"taxable","40":"shipping-taxable","41":"purchasable","42":"product-type-simple"},"_links":{"self":[{"href":"https:\/\/blankpage.ee\/_ruumist-ruumi\/wp-json\/wp\/v2\/product\/255852","targetHints":{"allow":["GET"]}}],"collection":[{"href":"https:\/\/blankpage.ee\/_ruumist-ruumi\/wp-json\/wp\/v2\/product"}],"about":[{"href":"https:\/\/blankpage.ee\/_ruumist-ruumi\/wp-json\/wp\/v2\/types\/product"}],"replies":[{"embeddable":true,"href":"https:\/\/blankpage.ee\/_ruumist-ruumi\/wp-json\/wp\/v2\/comments?post=255852"}],"wp:featuredmedia":[{"embeddable":true,"href":"https:\/\/blankpage.ee\/_ruumist-ruumi\/wp-json\/wp\/v2\/media\/255851"}],"wp:attachment":[{"href":"https:\/\/blankpage.ee\/_ruumist-ruumi\/wp-json\/wp\/v2\/media?parent=255852"}],"wp:term":[{"taxonomy":"product_brand","embeddable":true,"href":"https:\/\/blankpage.ee\/_ruumist-ruumi\/wp-json\/wp\/v2\/product_brand?post=255852"},{"taxonomy":"product_cat","embeddable":true,"href":"https:\/\/blankpage.ee\/_ruumist-ruumi\/wp-json\/wp\/v2\/product_cat?post=255852"},{"taxonomy":"product_tag","embeddable":true,"href":"https:\/\/blankpage.ee\/_ruumist-ruumi\/wp-json\/wp\/v2\/product_tag?post=255852"}],"curies":[{"name":"wp","href":"https:\/\/api.w.org\/{rel}","templated":true}]}}