{"id":256036,"date":"2025-08-05T10:29:49","date_gmt":"2025-08-05T10:29:49","guid":{"rendered":"https:\/\/ruumistruumi.ee\/pood\/farmina-nd-prime-pnd0500018-5-kg-kanaliha-gluteenivaba-kuivtoit-kastreeritud-taiskasvanud-kassidele\/"},"modified":"2025-08-20T14:46:22","modified_gmt":"2025-08-20T14:46:22","slug":"farmina-nd-prime-pnd0500018-5-kg-kanaliha-gluteenivaba-kuivtoit-kastreeritud-taiskasvanud-kassidele","status":"publish","type":"product","link":"https:\/\/blankpage.ee\/_ruumist-ruumi\/pood\/farmina-nd-prime-pnd0500018-5-kg-kanaliha-gluteenivaba-kuivtoit-kastreeritud-taiskasvanud-kassidele\/","title":{"rendered":"Farmina N&amp;D Prime PND0500018 5 kg kanaliha gluteenivaba kuivtoit kastreeritud t\u00e4iskasvanud kassidele"},"content":{"rendered":"<h3>Farmina N&amp;D Prime kanaliha kuivtoit kastreeritud t\u00e4iskasvanud kassile 5 kg<\/h3>\n<p>Farmina N&amp;D Prime Neutered Chicken &amp; Pomegranate Adult on kvaliteetne gluteenivaba kuivtoit, mis on spetsiaalselt loodud kastreeritud t\u00e4iskasvanud kasside vajadusi silmas pidades. Tootes on tasakaalustatud koostis, mis aitab s\u00e4ilitada lemmiku tervislikku kaalu ning toetab igap\u00e4evast heaolu. Toit sobib igat t\u00f5ugu ja suurusega kassidele ning on t\u00e4nu toidutalumatuse lahendustele sobiv ka tundliku seedimise v\u00f5i allergiaga kassidele.<\/p>\n<h3>Peamised omadused<\/h3>\n<ul>\n<li><strong>Kanaliha p\u00f5himaitse<\/strong> \u2013 k\u00f5rge loomse valgu sisaldusega (46%), toetab lihasmassi ja eluj\u00f5udu<\/li>\n<li><strong>Lisaomadused:<\/strong> gluteenivaba, sojavaba, suhkruvaba, ilma kunstlike s\u00e4ilitus- ja v\u00e4rvaineteta<\/li>\n<li><strong>Tervisem\u00f5ju:<\/strong> aitab hoida tervislikku kehakaalu ning ennetab \u00fclekaalu riski steriliseeritud ja kastreeritud kassidel<\/li>\n<li><strong>Toetab seedimist ja tundlikkust<\/strong> \u2013 sobib ka toidu \u00fclitundlikkusega kassidele<\/li>\n<li><strong>Sobib k\u00f5ikidele t\u00f5ugudele ja suurustele<\/strong><\/li>\n<li>T\u00e4istoit \u2013 katab k\u00f5ik kassile vajalikud toitainete vajadused igap\u00e4evaselt<\/li>\n<li>Hoiab \u00e4ra kunstlike lisandite tarbimise ning toetab loomulikku heaolu<\/li>\n<\/ul>\n<h3>Tehnilised andmed<\/h3>\n<ul>\n<li>Pakendi kaal: 5 kg<\/li>\n<li>Pakia m\u00f5\u00f5dud: 300x380x100 mm<\/li>\n<li>Kassitoidu proteiinisisaldus: 46%<\/li>\n<li>Rasvasisaldus: 11%<\/li>\n<li>Toorkiud: 5,1%<\/li>\n<li>Niiskuse sisaldus: 8%<\/li>\n<li>Toorvalk: 8,9%<\/li>\n<li>P\u00f5hikoostisosad: v\u00e4rske kanaliha, kuivatatud kana, maguskartul, kana\u00f5li, muna, kala, granaat\u00f5un, spinat, mustikas<\/li>\n<li>Sobib igas vanuses ja suuruses t\u00e4iskasvanud steriliseeritud v\u00f5i kastreeritud kassidele<\/li>\n<li>P\u00e4ritolumaa: Itaalia<\/li>\n<li>EAN: 8010276032690<\/li>\n<li>Tootja kood: PND0500018<\/li>\n<\/ul>\n<h3>Kasutamisjuhised<\/h3>\n<p>Serveeri kuivtoitu vastavalt kassi soovituslikule p\u00e4evasele toidukogusele, s\u00f5ltuvalt kassi kehakaalust (vt pakendilt v\u00f5i tootja kodulehelt t\u00e4psed portsjonid). Hoia alati kassi jaoks saadaval puhas joogivesi. S\u00e4ilita toitu kuivas ja jahedas kohas ning hoia pakend tihedalt suletuna, et s\u00e4ilitada v\u00e4rskus. Sobib igap\u00e4evaseks toitmiseks k\u00f5ikidele kastreeritud ja steriliseeritud t\u00e4iskasvanud kassidele.<\/p>\n<h3>Mille poolest erineb see teistest kuivtoitudest?<\/h3>\n<p>Farmina N&amp;D Prime seeria on loodud ilma teraviljadeta ja sisaldab suurel hulgal kvaliteetset loomset proteiini. Retsept on rikastatud granaat\u00f5una ja teiste looduslike antioks\u00fcdantidega, mis toetavad immuunsust. Toode ei sisalda kunstlikke s\u00e4ilitusaineid ega v\u00e4rvaineid, sobides ka allergikule. Madal rasva- ja m\u00f5\u00f5dukas energiasisaldus aitavad v\u00e4ltida kaalut\u00f5usu p\u00e4rast kastreerimist.<\/p>\n<h3>Kaasasolevad tarvikud ja sobivus<\/h3>\n<p>Pakis sisaldub 5 kg kuivtoitu. Muud lisatarvikud puuduvad \u2013 k\u00f5ik vajalik igap\u00e4evaseks toitmiseks on olemas. Toit sobib k\u00f5igile kassit\u00f5ugudele ja -suurustele, eriti just steriliseeritud v\u00f5i kastreeritud t\u00e4iskasvanud kassidele.<\/p>\n<h3>Kvaliteet ja garantii<\/h3>\n<p>Farmina kasutab kontrollitud p\u00e4ritoluga koostisosi ning tagab igale tootepartii kvaliteedi vastavuse. Pakend on mugav ja turvaline, s\u00e4ilitades toidu v\u00e4rskuse pikaks ajaks. Sobiva hoiustamise korral s\u00e4ilitab toode oma omadused kuni parim enne kuup\u00e4evani.<\/p>\n","protected":false},"excerpt":{"rendered":"<p>Farmina N&amp;D Prime kanaliha kuivtoit on gluteenivaba t\u00e4istoit kastreeritud t\u00e4iskasvanud kassidele, aidates s\u00e4ilitada tervislikku kaalu. Sobib k\u00f5ikidele kassit\u00f5ugudele, 5 kg pakendis, ei sisalda kunstlikke s\u00e4ilitusaineid.<\/p>\n","protected":false},"featured_media":256035,"comment_status":"open","ping_status":"closed","template":"","meta":[],"product_brand":[7148],"product_cat":[7192],"product_tag":[],"class_list":{"0":"post-256036","1":"product","2":"type-product","3":"status-publish","4":"has-post-thumbnail","6":"product_brand-farmina","7":"product_cat-kuivtoit-kassidele","8":"product_shipping_class-action","9":"pa_annustamise-vorm-tahke","10":"pa_gluteenivaba-jah","11":"pa_hoiatused-hoida-kuivas-ja-jahedas","12":"pa_hoiatused-hoida-lastele-kattesaamatus-kohas-2","13":"pa_hoiatused-varske-joogivesi-peab-olema-alati-saadaval","14":"pa_hooajapakkumine-kevad","15":"pa_ilma-kunstlike-varvideta-jah","16":"pa_kaaluvahemik-2-kg-49-kg","17":"pa_kassi-toug-koik-toud","18":"pa_lemmiku-eluetapp-taiskasvanud","19":"pa_lemmiku-vajadused-aitab-sailitada-tervislikku-kaalu","20":"pa_lemmiku-vajadused-kalduvus-ulekaalule","21":"pa_lemmiku-vajadused-steriliseeritud-voi-kastreeritud","22":"pa_lemmiku-vanus-taiskasvanu","23":"pa_lisafunktsioonid-toidu-ulitundlikkus","24":"pa_loomaliik-kass","25":"pa_niiskuse-sisaldus-7412","26":"pa_pakendi-tuup-kott","27":"pa_pohimaitse-kana","28":"pa_proteiin-12649","29":"pa_rasva-sisaldus-7797","30":"pa_sailitusaineteta-jah","31":"pa_sobivus-kassile","32":"pa_sojavaba-jah","33":"pa_suhkruvaba-jah","34":"pa_tervisemoju-tervislik-kehakaal","35":"pa_toorkiud-10707","36":"pa_toorvalk-7538","37":"pa_tou-suurus-sobib-koikidele-tougudele","39":"first","40":"instock","41":"taxable","42":"shipping-taxable","43":"purchasable","44":"product-type-simple"},"_links":{"self":[{"href":"https:\/\/blankpage.ee\/_ruumist-ruumi\/wp-json\/wp\/v2\/product\/256036","targetHints":{"allow":["GET"]}}],"collection":[{"href":"https:\/\/blankpage.ee\/_ruumist-ruumi\/wp-json\/wp\/v2\/product"}],"about":[{"href":"https:\/\/blankpage.ee\/_ruumist-ruumi\/wp-json\/wp\/v2\/types\/product"}],"replies":[{"embeddable":true,"href":"https:\/\/blankpage.ee\/_ruumist-ruumi\/wp-json\/wp\/v2\/comments?post=256036"}],"wp:featuredmedia":[{"embeddable":true,"href":"https:\/\/blankpage.ee\/_ruumist-ruumi\/wp-json\/wp\/v2\/media\/256035"}],"wp:attachment":[{"href":"https:\/\/blankpage.ee\/_ruumist-ruumi\/wp-json\/wp\/v2\/media?parent=256036"}],"wp:term":[{"taxonomy":"product_brand","embeddable":true,"href":"https:\/\/blankpage.ee\/_ruumist-ruumi\/wp-json\/wp\/v2\/product_brand?post=256036"},{"taxonomy":"product_cat","embeddable":true,"href":"https:\/\/blankpage.ee\/_ruumist-ruumi\/wp-json\/wp\/v2\/product_cat?post=256036"},{"taxonomy":"product_tag","embeddable":true,"href":"https:\/\/blankpage.ee\/_ruumist-ruumi\/wp-json\/wp\/v2\/product_tag?post=256036"}],"curies":[{"name":"wp","href":"https:\/\/api.w.org\/{rel}","templated":true}]}}