{"id":256051,"date":"2025-08-05T10:30:46","date_gmt":"2025-08-05T10:30:46","guid":{"rendered":"https:\/\/ruumistruumi.ee\/pood\/farmina-nd-prime-pnd0500016-5-kg-metssiga-ja-oun-kuivtoit-taiskasvanud-kassile\/"},"modified":"2025-08-20T14:45:57","modified_gmt":"2025-08-20T14:45:57","slug":"farmina-nd-prime-pnd0500016-5-kg-metssiga-ja-oun-kuivtoit-taiskasvanud-kassile","status":"publish","type":"product","link":"https:\/\/blankpage.ee\/_ruumist-ruumi\/pood\/farmina-nd-prime-pnd0500016-5-kg-metssiga-ja-oun-kuivtoit-taiskasvanud-kassile\/","title":{"rendered":"Farmina N&amp;D Prime PND0500016 5 kg metssiga ja \u00f5un kuivtoit t\u00e4iskasvanud kassile"},"content":{"rendered":"<h3>Farmina N&amp;D Prime metssiga ja \u00f5un kuivtoit kassile 5 kg<\/h3>\n<p>Farmina N&amp;D Prime Cat Wild Boar &amp; Apple Adult on kvaliteetne kuivtoit t\u00e4iskasvanud kassile, mis \u00fchendab metssiga liha ja \u00f5una parimad omadused. Toit on osa tuntud Farmina N&amp;D Prime sarjast ning on loodud toetama kassi igap\u00e4evast tervist ja heaolu igas eluetapis, pakkudes h\u00e4sti talutavat ning toitaineterikast retsepti ka tundliku seedimisega kassidele. Sobib eriti neile, kellel esineb toidutundlikkust, kuid sobib h\u00e4sti ka tavalise igap\u00e4evatoiduna.<\/p>\n<h3>Peamised omadused<\/h3>\n<ul>\n<li>98% valgust p\u00e4rineb loomsetest allikatest \u2013 aitab s\u00e4ilitada ja arendada lihasmassi<\/li>\n<li>Teraviljavaba koostis, ei sisalda herneid, soja, maisi ega riisi<\/li>\n<li>P\u00f5himaitse \u2013 metssiga ja \u00f5un, lisaks veidi ulukiliha ning looduslikud koostisosad<\/li>\n<li>K\u00f5rge valgusisaldus (44%) ja rasvasisaldus (20%) toetavad aktiivse kassi energiataset<\/li>\n<li>T\u00e4isv\u00e4\u00e4rtuslik vitamiinide ja mineraalide komplekt (nt A-, D3-, E- ja C-vitamiinid, tsink, seleen jt)<\/li>\n<li>Looduslikud antioks\u00fcdandid ja oomega-3 rasvhapped (0,9%) aitavad kaasa naha ja karvkatte tervisele<\/li>\n<li>Sobib t\u00e4iskasvanud kassidele, kelle kehakaal on 2\u20134,9 kg<\/li>\n<li>Pakend: 5 kg tugev kott mugavaks hoiustamiseks<\/li>\n<li>Toetab ka tundliku seedimisega kasside vajadusi (ei sisalda levinud allergeene ega kunstlikke s\u00e4ilitusaineid)<\/li>\n<\/ul>\n<h3>Tehnilised andmed<\/h3>\n<ul>\n<li>Kogus: 5 kg kuivtoitu, pakendis \u00fcks kott<\/li>\n<li>M\u00f5\u00f5tmed: 330 \u00d7 100 \u00d7 360 mm<\/li>\n<li>Netokogus: 5134 g<\/li>\n<li>EAN: 8010276032720<\/li>\n<li>Tootja: Farmina, tootekood: PND0500016<\/li>\n<li>Rasvasisaldus: 20%<\/li>\n<li>Valgusisaldus: 44%<\/li>\n<li>Toorvalk: 8,7%<\/li>\n<li>Toorkiud: 1,8%<\/li>\n<li>Niiskus: 8%<\/li>\n<li>Vitamiinid: A (18 000 IU\/kg), D3 (1200 IU\/kg), E (600 mg\/kg), C (300 mg\/kg), B2 (20 mg\/kg), B3 e. niatsiin (150 mg\/kg), B5 (50 mg\/kg), B6 (8,1 mg\/kg), B9 (1,5 mg\/kg), B12 (0,1 mg\/kg), biotiin (1500 \u03bcg\/kg)<\/li>\n<li>Mineraalid: kaltsium 1,1%, fosfor 0,9%, tsink 163,8 mg\/kg, mangaan 64,6 mg\/kg, raud 58,3 mg\/kg, vask 15,8 mg\/kg, magneesium 0,08%<\/li>\n<li>Tauriini sisaldus: 4000 mg\/kg<\/li>\n<li>L-karnitiin: 300 mg\/kg<\/li>\n<li>Koliinkloriid: 250 mg \/ 100 g kohta<\/li>\n<\/ul>\n<h3>Kasutamisjuhised<\/h3>\n<p>Sobib igap\u00e4evaseks t\u00e4iss\u00f6\u00f6daks k\u00f5ikidele t\u00e4iskasvanud kassidele. P\u00e4evane toidukogus s\u00f5ltub kassi kehakaalust, aktiivsusest ja individuaalsest ainevahetusest. Pakendilt leiab t\u00e4psemad toitmissoovitused vastavalt kehakaalule. V\u00e4rske joogivesi peab olema alati kassi jaoks k\u00e4ttesaadav. Uuele toidule \u00fcleminekut soovitatakse teha j\u00e4rk-j\u00e4rgult, segades uut toitu senise toiduga, et v\u00e4ltida seedeprobleeme.<\/p>\n<p>Toitu tuleb hoida kuivas ja jahedas kohas, kaitsta p\u00e4ikesevalguse ja niiskuse eest. Sulgege pakend alati korralikult peale kasutamist.<\/p>\n<h3>Toode sobib Sinu kassile, kui&#8230;<\/h3>\n<ul>\n<li>Soovid toetada kassi lihasmassi ja energiataset loomsest valgust rikkaliku, teraviljavaba toiduga<\/li>\n<li>Kassil on tundlik seedimine v\u00f5i vajadus v\u00e4ltida tavalisi toiduallergeene<\/li>\n<li>Otsid toitainerikast ja h\u00e4sti seeditavat t\u00e4iss\u00f6\u00f6ta t\u00e4iskasvanud kassile alates esimesest eluaastast<\/li>\n<li>Peaasi on kvaliteetne ja tasakaalustatud retsept<\/li>\n<\/ul>\n<h3>Pakendi sisu<\/h3>\n<ul>\n<li>1 \u00d7 5 kg Farmina N&amp;D Prime metssiga ja \u00f5un kuivtoit t\u00e4iskasvanud kassile<\/li>\n<\/ul>\n<p>M\u00f5\u00f5tekopsik komplektis ei ole, kuid soovitame kasutada kodust k\u00f6\u00f6gikaalu t\u00e4pse portsjoni m\u00e4\u00e4ramisel.<\/p>\n<h3>Kvaliteet, garantii ja vastupidavus<\/h3>\n<p>Tootmisel kasutatakse ainult k\u00f5rge kvaliteediga tooraineid ja t\u00e4nap\u00e4evaseid tehnoloogiaid. Farmina j\u00e4rgib rahvusvahelisi kvaliteedistandardeid ning AAFCO soovitusi. Toit on GMO-, s\u00e4ilitusainete- ja teraviljavaba, tagades puhta ja naturaalse koostise. Valmistatud Itaalias. Tootele kehtib tavap\u00e4rane m\u00fc\u00fcgigarantii. K\u00f5ik koostisosad ja vitamiinid on t\u00e4pselt m\u00e4rgitud ja testitud.<\/p>\n<h3>Kas see on oma hinda v\u00e4\u00e4rt?<\/h3>\n<p>Farmina N&amp;D Prime metssiga ja \u00f5un kassitoit on esmaklassilise koostisega ning k\u00f5rgema valgusisaldusega kui paljud teised kuivtoidud. Vitamiinide, mineraalainete ja puhaste valguallikate kombinatsioon aitab hoida kassi igap\u00e4evaselt terve ja aktiivsena, pakkudes pikaajalist v\u00e4\u00e4rtust ja \u00f6konoomsust. Sobib n\u00f5udlikule kassiomanikule, kes hindab kvaliteetset ja tasakaalustatud toitu.<\/p>\n","protected":false},"excerpt":{"rendered":"<p>Farmina N&amp;D Prime metssiga ja \u00f5un kuivtoit on tasakaalustatud t\u00e4iss\u00f6\u00f6t t\u00e4iskasvanud kassile, mille retsept sisaldab k\u00f5rge loomse valgu sisalduse ja oluliste vitamiinidega koostisosi. Graanulid sobivad ka tundliku seedimisega kassidele ning toetavad igap\u00e4evast tervist.<\/p>\n","protected":false},"featured_media":256050,"comment_status":"open","ping_status":"closed","template":"","meta":[],"product_brand":[7148],"product_cat":[7192],"product_tag":[],"class_list":{"0":"post-256051","1":"product","2":"type-product","3":"status-publish","4":"has-post-thumbnail","6":"product_brand-farmina","7":"product_cat-kuivtoit-kassidele","8":"product_shipping_class-action","9":"pa_a-vitamiini-sisaldus-18000-iu-kg","10":"pa_b12-vitamiini-sisaldus-01-mg-kg","11":"pa_b6-vitamiini-sisaldus-81-mg-kg","12":"pa_biotiini-sisaldus-1500-g-kg","13":"pa_c-vitamiini-sisaldus-300-mg-kg","14":"pa_d3-vitamiini-sisaldus-1200-iu-kg","15":"pa_e-vitamiini-sisaldus-600-mg-kg","16":"pa_foolhape-b9-sisaldus-15-mg-kg","17":"pa_fosfor-8138","18":"pa_hoiatused-hoida-kuivas-ja-jahedas-kohas","19":"pa_hoiatused-hoida-laste-eest-kattesaamatus-kohas","20":"pa_hoiatused-tagada-alati-varske-joogivesi","21":"pa_kaaluvahemik-2-kg-49-kg","22":"pa_kaltsium-8498","23":"pa_kogus-7234","24":"pa_koliin-kloriid-100g-kohta-250-mg","25":"pa_l-karntiini-sisaldus-300-mg-kg","26":"pa_lemmiku-eluetapp-taiskasvanud","27":"pa_lemmiku-vajadused-puuduvad-erilised-vajadused","28":"pa_lemmiku-vanus-taiskasvanu","29":"pa_lisafunktsioonid-toidutundlikkus","30":"pa_magneesiumi-sisaldus-8234","31":"pa_mangaani-sisaldus-646-mg-kg","32":"pa_niatsiin-b3-sisaldus-150-mg-kg","33":"pa_niiskuse-sisaldus-7412","34":"pa_omega-3-rasvhapped-8448","35":"pa_pakendi-tuup-kott","36":"pa_pantoteenhape-b5-sisaldus-50-mg-kg","37":"pa_pohimaitse-metssiga","38":"pa_pohimaitse-oun","39":"pa_pohimaitse-ulukiliha","40":"pa_proteiin-12651","41":"pa_rasva-sisaldus-7884","42":"pa_raua-sisaldus-583-mg-kg","43":"pa_riboflaviin-b2-sisaldus-20-mg-kg","44":"pa_sisaldab-vitamiine-a-vitamiin","45":"pa_sisaldab-vitamiine-d3-vitamiin","46":"pa_sisaldab-vitamiine-e-vitamiin","47":"pa_sobivus-kassile","48":"pa_tauriini-sisaldus-4000-mg-kg","49":"pa_toorkiud-7843","50":"pa_toorvalk-8500","51":"pa_tsingi-sisaldus-1638-mg-kg","52":"pa_vase-sisaldus-158-mg-kg","54":"first","55":"instock","56":"taxable","57":"shipping-taxable","58":"purchasable","59":"product-type-simple"},"_links":{"self":[{"href":"https:\/\/blankpage.ee\/_ruumist-ruumi\/wp-json\/wp\/v2\/product\/256051","targetHints":{"allow":["GET"]}}],"collection":[{"href":"https:\/\/blankpage.ee\/_ruumist-ruumi\/wp-json\/wp\/v2\/product"}],"about":[{"href":"https:\/\/blankpage.ee\/_ruumist-ruumi\/wp-json\/wp\/v2\/types\/product"}],"replies":[{"embeddable":true,"href":"https:\/\/blankpage.ee\/_ruumist-ruumi\/wp-json\/wp\/v2\/comments?post=256051"}],"wp:featuredmedia":[{"embeddable":true,"href":"https:\/\/blankpage.ee\/_ruumist-ruumi\/wp-json\/wp\/v2\/media\/256050"}],"wp:attachment":[{"href":"https:\/\/blankpage.ee\/_ruumist-ruumi\/wp-json\/wp\/v2\/media?parent=256051"}],"wp:term":[{"taxonomy":"product_brand","embeddable":true,"href":"https:\/\/blankpage.ee\/_ruumist-ruumi\/wp-json\/wp\/v2\/product_brand?post=256051"},{"taxonomy":"product_cat","embeddable":true,"href":"https:\/\/blankpage.ee\/_ruumist-ruumi\/wp-json\/wp\/v2\/product_cat?post=256051"},{"taxonomy":"product_tag","embeddable":true,"href":"https:\/\/blankpage.ee\/_ruumist-ruumi\/wp-json\/wp\/v2\/product_tag?post=256051"}],"curies":[{"name":"wp","href":"https:\/\/api.w.org\/{rel}","templated":true}]}}