{"id":256069,"date":"2025-08-05T10:31:54","date_gmt":"2025-08-05T10:31:54","guid":{"rendered":"https:\/\/ruumistruumi.ee\/pood\/hills-prescription-diet-z-d-3-kg-kanamaitseline-allergiavastane-kuivtoit-taiskasvanud-ja-eakatele-kassidele\/"},"modified":"2025-08-20T14:45:19","modified_gmt":"2025-08-20T14:45:19","slug":"hills-prescription-diet-z-d-3-kg-kanamaitseline-allergiavastane-kuivtoit-taiskasvanud-ja-eakatele-kassidele","status":"publish","type":"product","link":"https:\/\/blankpage.ee\/_ruumist-ruumi\/pood\/hills-prescription-diet-z-d-3-kg-kanamaitseline-allergiavastane-kuivtoit-taiskasvanud-ja-eakatele-kassidele\/","title":{"rendered":"Hill&#8217;s Prescription Diet z\/d 3 kg kanamaitseline allergiavastane kuivtoit t\u00e4iskasvanud ja eakatele kassidele"},"content":{"rendered":"<h3>Hill&#8217;s Prescription Diet z\/d 3 kg kanamaitseline allergiavastane kuivtoit t\u00e4iskasvanud ja eakatele kassidele<\/h3>\n<p>Hill&#8217;s Prescription Diet z\/d Feline on spetsiaalselt v\u00e4lja t\u00f6\u00f6tatud kuivtoit k\u00fcpses eas ja eakatele kassidele, kellel esinevad toiduallergiad v\u00f5i -talumatus. See veterinaardiagnoosiga dieet aitab hallata ja v\u00e4hendada naha- ning seedeprobleeme, mis on p\u00f5hjustatud toidutundlikkusest. Toit on m\u00f5eldud eriti neile kassidele, kellel esineb naha s\u00fcgelust, karvakadu v\u00f5i seedetrakti h\u00e4ireid, pakkudes leevendust ja parandades lemmiku elukvaliteeti.<\/p>\n<h3>Peamised omadused<\/h3>\n<ul>\n<li>Sobib k\u00f5igile kassit\u00f5ugudele \u2013 nii t\u00e4iskasvanud kui eakatele kassidele<\/li>\n<li>Peamiseks valguallikaks on h\u00fcdrol\u00fc\u00fcsitud kanaliha \u2013 aitab v\u00e4ltida allergilisi reaktsioone<\/li>\n<li>Veterinaaride soovitatud lahendus toiduallergia ja -talumatuse korral<\/li>\n<li>Lisatud prebiootilised kiudained seedimise toetamiseks<\/li>\n<li>Rikas oomega-3 ja oomega-6 rasvhapete, E- ja C-vitamiini ning teiste oluliste mikroelementide poolest<\/li>\n<li>Naha ja karvkatte tervise toetamine ning seedetrakti talitluse soodustamine<\/li>\n<li>Aitab v\u00e4hendada riski struviidi ja kaltsiumoksalaadi kivide tekkeks<\/li>\n<li>Rahvusvaheliselt tuntud tootja Hill&#8217;s tagab kvaliteedi ja range tootmisprotsessi<\/li>\n<\/ul>\n<h3>Tehnilised andmed<\/h3>\n<ul>\n<li>P\u00f5himaitse: kana<\/li>\n<li>Kogus: 3 kg pakend (kott)<\/li>\n<li>Pakendi m\u00f5\u00f5tmed: 400 \u00d7 120 \u00d7 200 mm<\/li>\n<li>Pakendi kaal: 3050 g<\/li>\n<li>Annustamise vorm: kuivtoit (graanulid)<\/li>\n<li>Sobib: k\u00f5igile kassit\u00f5ugudele, t\u00e4iskasvanud ja eakad kassid<\/li>\n<li>Energiatihedus: ca 3765 kcal\/kg<\/li>\n<li>Proteiin: 32% \/ Rasv: 15,3% \/ Toorkiud: 2,4%<\/li>\n<li>E-vitamiin: 848 mg\/kg \/ C-vitamiin: 144 mg\/kg \/ D3-vitamiin: 1025 IU\/kg \/ A-vitamiin: 5875 IU\/kg<\/li>\n<li>Mineraalid: kaltsium 0,75%, fosfor 0,62%, naatrium 0,28%, kaalium 0,91%, magneesium 0,07%<\/li>\n<li>Mikroelemendid: tsink 141 mg\/kg, mangaan 9,4 mg\/kg, raud 90,8 mg\/kg, vask 10,6 mg\/kg, jood 4 mg\/kg<\/li>\n<li>Beetakaroteeni sisaldus: 2,5 mg<\/li>\n<li>Seeria: Hill&#8217;s Prescription Diet<\/li>\n<li>EAN: 052742047393<\/li>\n<\/ul>\n<h3>Kasutamisjuhised<\/h3>\n<p>Hill&#8217;s Prescription Diet z\/d tuleb pakkuda kassile vastavalt soovituslikule p\u00e4evanormile, mida v\u00f5ib vajadusel kohandada s\u00f5ltuvalt lemmiku kehakaalust ja vajadustest. Soovitatav on toitu anda ainult selle sarja kuiv- ja\/v\u00f5i m\u00e4rgtoiduna, v\u00e4ltides muid maiuseid v\u00f5i dieete, et tagada ravitoidu t\u00f5husus. \u00dcleminek Hill&#8217;s z\/d toidule v\u00f5iks toimuda j\u00e4rk-j\u00e4rgult seitsme p\u00e4eva jooksul. Hoidke alati v\u00e4rske vesi kassi jaoks k\u00e4ttesaadaval.<\/p>\n<p>Toitu s\u00e4ilitada kuivas, jahedas ning lastele k\u00e4ttesaamatus kohas. Vajadusel konsulteerige loomaarstiga, et koostada sobiv s\u00f6\u00f6tmiskava ja j\u00e4lgida lemmiku tervist.<\/p>\n<h3>Lisaeelised ja v\u00e4\u00e4rtus<\/h3>\n<ul>\n<li>Allergiavastane kanamaitseline kassitoit, mille t\u00f5husus on kliiniliselt t\u00f5estatud<\/li>\n<li>Kvaliteetsed ja h\u00e4sti kontrollitud toorained<\/li>\n<li>L\u00e4bim\u00f5eldud toitmissoovitused ja range kvaliteedikontroll<\/li>\n<li>Komplektis 3 kg kergesti suletav pakk, mis s\u00e4ilitab toidu v\u00e4rskuse<\/li>\n<li>Usaldusv\u00e4\u00e4rne valik allergia ja tundliku seedimisega kassipidajale<\/li>\n<\/ul>\n<p><strong>NB!<\/strong> Toode sobib ainult veterinaarseks kasutamiseks. Enne kasutamist v\u00f5i toidu vahetamist konsulteerige loomaarstiga.<\/p>\n","protected":false},"excerpt":{"rendered":"<p>Hill&#8217;s Prescription Diet z\/d allergiavastane kanamaitseline kuivtoit sobib t\u00e4iskasvanud ja eakatele kassidele, aidates leevendada toidutundlikkusest tingitud naha- ja seedeprobleeme.<\/p>\n","protected":false},"featured_media":256068,"comment_status":"open","ping_status":"closed","template":"","meta":[],"product_brand":[7150],"product_cat":[7192],"product_tag":[],"class_list":{"0":"post-256069","1":"product","2":"type-product","3":"status-publish","4":"has-post-thumbnail","6":"product_brand-hills","7":"product_cat-kuivtoit-kassidele","8":"product_shipping_class-action","9":"pa_a-vitamiini-sisaldus-5875-iu-kg","10":"pa_annustamise-vorm-tahke","11":"pa_beta-karoteeni-sisaldus-25-mg","12":"pa_c-vitamiini-sisaldus-144-mg-kg","13":"pa_d3-vitamiini-sisaldus-1025-iu-kg","14":"pa_e-vitamiini-sisaldus-848-mg-kg","15":"pa_fosfor-12892","16":"pa_hoiatused-hoida-kuivas-ja-jahedas-kohas-2","17":"pa_hoiatused-hoida-laste-eest","18":"pa_hoiatused-tagada-varske-joogivesi","19":"pa_joodi-sisaldus-4-mg-kg","20":"pa_kaaliumi-sisaldus-12895","21":"pa_kaaluvahemik-2-kg-49-kg","22":"pa_kaltsium-12307","23":"pa_kassi-toug-koik-toud","24":"pa_lemmiku-eluetapp-eakad","25":"pa_lemmiku-eluetapp-taiskasvanud","26":"pa_lemmiku-vajadused-toiduallergia","27":"pa_lemmiku-vanus-eakas","28":"pa_lemmiku-vanus-taiskasvanud","29":"pa_lisafunktsioonid-toidutundlikkus","30":"pa_loomaliik-kass","31":"pa_magneesiumi-sisaldus-7909","32":"pa_mangaani-sisaldus-94-mg-kg","33":"pa_naatrium-12891","34":"pa_pakendi-tuup-kott","35":"pa_pohimaitse-kana","36":"pa_proteiin-7461","37":"pa_rasva-sisaldus-8321","38":"pa_raua-sisaldus-908-mg-kg","39":"pa_seeria-hills-prescription-diet","40":"pa_sobivus-kassile","41":"pa_tervisemoju-allergia-ravi","42":"pa_toorkiud-8337","43":"pa_toorvalk-8703","44":"pa_tou-suurus-sobib-koikidele-tougudele","45":"pa_tsingi-sisaldus-141-mg-kg","46":"pa_vase-sisaldus-106-mg-kg","48":"first","49":"outofstock","50":"taxable","51":"shipping-taxable","52":"purchasable","53":"product-type-simple"},"_links":{"self":[{"href":"https:\/\/blankpage.ee\/_ruumist-ruumi\/wp-json\/wp\/v2\/product\/256069","targetHints":{"allow":["GET"]}}],"collection":[{"href":"https:\/\/blankpage.ee\/_ruumist-ruumi\/wp-json\/wp\/v2\/product"}],"about":[{"href":"https:\/\/blankpage.ee\/_ruumist-ruumi\/wp-json\/wp\/v2\/types\/product"}],"replies":[{"embeddable":true,"href":"https:\/\/blankpage.ee\/_ruumist-ruumi\/wp-json\/wp\/v2\/comments?post=256069"}],"wp:featuredmedia":[{"embeddable":true,"href":"https:\/\/blankpage.ee\/_ruumist-ruumi\/wp-json\/wp\/v2\/media\/256068"}],"wp:attachment":[{"href":"https:\/\/blankpage.ee\/_ruumist-ruumi\/wp-json\/wp\/v2\/media?parent=256069"}],"wp:term":[{"taxonomy":"product_brand","embeddable":true,"href":"https:\/\/blankpage.ee\/_ruumist-ruumi\/wp-json\/wp\/v2\/product_brand?post=256069"},{"taxonomy":"product_cat","embeddable":true,"href":"https:\/\/blankpage.ee\/_ruumist-ruumi\/wp-json\/wp\/v2\/product_cat?post=256069"},{"taxonomy":"product_tag","embeddable":true,"href":"https:\/\/blankpage.ee\/_ruumist-ruumi\/wp-json\/wp\/v2\/product_tag?post=256069"}],"curies":[{"name":"wp","href":"https:\/\/api.w.org\/{rel}","templated":true}]}}