{"id":256851,"date":"2025-08-06T07:10:21","date_gmt":"2025-08-06T07:10:21","guid":{"rendered":"https:\/\/ruumistruumi.ee\/pood\/royal-canin-jack-russell-terrier-adult-75-kg-kuivtoit-nahale-ja-karvale-vaikest-tougu-koertele\/"},"modified":"2025-08-20T14:39:47","modified_gmt":"2025-08-20T14:39:47","slug":"royal-canin-jack-russell-terrier-adult-75-kg-kuivtoit-nahale-ja-karvale-vaikest-tougu-koertele","status":"publish","type":"product","link":"https:\/\/blankpage.ee\/_ruumist-ruumi\/pood\/royal-canin-jack-russell-terrier-adult-75-kg-kuivtoit-nahale-ja-karvale-vaikest-tougu-koertele\/","title":{"rendered":"Royal Canin Jack Russell Terrier Adult 7,5 kg kuivtoit nahale ja karvale v\u00e4ikest t\u00f5ugu koertele"},"content":{"rendered":"<h3>Royal Canin Jack Russell Terrier Adult 7,5 kg kuivtoit v\u00e4ikestele koertele<\/h3>\n<p>Royal Canin Jack Russell Terrier Adult 7,5 kg kuivtoit on v\u00e4lja t\u00f6\u00f6tatud spetsiaalselt t\u00e4iskasvanud ja eakatele Jack Russell&#8217;i terjeritele ning teistele v\u00e4ikest kasvu aktiivsetele t\u00f5ugudele kaaluga 5\u201310 kg. Toode pakub t\u00f5up\u00f5hist toitumislahendust, toetades naha ning karvastiku tervist, lihasmassi s\u00e4ilimist ja \u00fcldist eluj\u00f5ulisust ning v\u00f5imaldades sinu koeral p\u00fcsida energilise ja tervena kogu t\u00e4iskasvanuea jooksul. Toit sisaldab valitud antioks\u00fcdante ja peamisi toitaineid, et rahuldada v\u00e4ikest t\u00f5ugu koerte t\u00f5up\u00f5hiseid vajadusi.<\/p>\n<h3>Peamised omadused<\/h3>\n<ul>\n<li>Kohandatud spetsiaalselt Jack Russell&#8217;i terjeritele ja teistele v\u00e4ikest kasvu t\u00f5ugudele<\/li>\n<li>Toetab naha ja karvastiku tervist oomega-3 (EPA\/DHA) ning teiste toitainete abil<\/li>\n<li>K\u00f5rge valgusisaldus (30%) lihasmassi s\u00e4ilitamiseks<\/li>\n<li>Lisatud antioks\u00fcdandid toetavad koera eluj\u00f5udu<\/li>\n<li>Eksklusiivse kujuga kr\u00f5binad toetavad suuh\u00fcgieeni ja on kergesti s\u00f6\u00f6davad<\/li>\n<li>P\u00f5himaitse: kana ja riis \u2013 kvaliteetsed valgud ja kergesti seeditavad s\u00fcsivesikud<\/li>\n<li>Sobib t\u00e4iskasvanud ja noorematele (alates 10. elukuust) v\u00e4ikest kasvu koertele<\/li>\n<\/ul>\n<h3>Tehnilised andmed<\/h3>\n<ul>\n<li>Kogus pakendis: 7,5 kg<\/li>\n<li>M\u00f5\u00f5tmed: 370 x 410 x 130 mm<\/li>\n<li>Kaal: 7585 g<\/li>\n<li>Proteiinisisaldus: 30%<\/li>\n<li>Rasvasisaldus: 16%<\/li>\n<li>Toorvalk: 6,1%<\/li>\n<li>Toorkiud: 1,3%<\/li>\n<li>P\u00f5hikoostisosad: kana, riis, mais, loomsed rasvad, kala\u00f5li, mineraalained<\/li>\n<li>Pakendi t\u00fc\u00fcp: tugev kott<\/li>\n<li>EAN: 3182550821438<\/li>\n<li>S\u00e4ilita jahedas, kuivas ning otsese p\u00e4ikesevalguse eest kaitstud kohas<\/li>\n<\/ul>\n<h3>Kasutamisjuhised<\/h3>\n<p>S\u00f6\u00f6da Royal Canin Jack Russell Terrier Adult 7,5 kg kuivtoitu vastavalt koera kehakaalule ja kehalisele aktiivsusele, j\u00e4rgides pakendil toodud p\u00e4evaseid s\u00f6\u00f6daannuseid (nt 5\u201310 kg koera korral 80\u2013206 g p\u00e4evas, s\u00f5ltuvalt aktiivsusest). V\u00e4rske joogivesi peab olema alati saadaval. Kausi puhtus aitab v\u00e4ltida toidu saastumist \u2013 pesta regulaarselt. Toidu s\u00e4ilivuse ning toitainete s\u00e4ilimise tagamiseks hoia toit niiskuse ja otsese p\u00e4ikesevalguse eest kaitstult.<br \/>Toit ei ole s\u00e4ilitusainete- ega gluteenivaba ja sisaldab loomseid ning taimseid koostisosi v\u00e4ikest t\u00f5ugu koerte vajaduste katmiseks.<\/p>\n<h3>Miks valida see kuivtoit?<\/h3>\n<p>Royal Canin Jack Russell Terrier Adult kuivtoit on loodud spetsiaalselt selle t\u00f5u kiire ainevahetuse, k\u00f5rge energiavajaduse ja erilise suu anatoomia erip\u00e4rasid arvestades. Eksklusiivne kr\u00f5binakuju soodustab n\u00e4rimist, samas kui koostis toetab naha niiskust, karvastiku s\u00e4ra ning koera igap\u00e4evast vitaalsust. T\u00e4nu t\u00f5estatud koostisele ja teadusp\u00f5hisele l\u00e4henemisele sobib toode ka n\u00f5udlikule koeraomanikule, kes soovib tagada oma lemmiku pikaajalise heaolu. Kuivtoit on usaldusv\u00e4\u00e4rne valik, pakkudes 7,5 kg kott-toidus vajalikud toitained v\u00e4ikest kasvu aktiivsele koerale.<\/p>\n<h3>Pakendis ja sobivus<\/h3>\n<ul>\n<li>Pakendis \u00fcks 7,5 kg kuivtoidu kott<\/li>\n<li>Sobivad kasutada: toidukauss ja v\u00e4rske vesi<\/li>\n<li>Sobib t\u00e4iskasvanud Jack Russell&#8217;i terjeritele ja teistele v\u00e4ikest kasvu t\u00f5ugudele kehakaalus 5\u201310 kg<\/li>\n<\/ul>\n","protected":false},"excerpt":{"rendered":"<p>Royal Canin Jack Russell Terrier Adult 7,5 kg kuivtoit on spetsiaalselt kohandatud v\u00e4ikest kasvu t\u00f5ukoertele, toetades naha ja karva tervist ning varustades vajalike toitainetega.<\/p>\n","protected":false},"featured_media":256850,"comment_status":"open","ping_status":"closed","template":"","meta":[],"product_brand":[7146],"product_cat":[7203],"product_tag":[],"class_list":{"0":"post-256851","1":"product","2":"type-product","3":"status-publish","4":"has-post-thumbnail","6":"product_brand-royal-canin","7":"product_cat-kuivtoit-koertele","8":"product_shipping_class-action","9":"pa_gluteenivaba-ei","10":"pa_hoiatused-eemal-otsesest-paikesevalgusest-veendu","11":"pa_hoiatused-et-koera-kauss-oleks-alati-puhas","12":"pa_hoiatused-et-valtida-toidu-saastumist-jargi-toitmissoovitusi-pakendil","13":"pa_hoiatused-hoida-kuivas-ja-jahedas-kohas-2","14":"pa_ilma-kunstlike-varvideta-andmed-puuduvad","15":"pa_kaaluvahemik-5-kg-99-kg-2","16":"pa_koeratoug-jack-russell-terjer","17":"pa_lemmikloomatoug-jack-russell-terjer","18":"pa_lemmiku-eluetapp-kassipojad","19":"pa_lemmiku-eluetapp-taiskasvanud","20":"pa_lemmiku-vajadused-nahk-ja-karv","21":"pa_lemmiku-vanus-junior","22":"pa_lemmiku-vanus-taiskasvanu","23":"pa_lisafunktsioonid-karv-ja-nahk","24":"pa_loomaliik-koer","25":"pa_pakendi-tuup-kott","26":"pa_pohimaitse-kana","27":"pa_pohimaitse-linnuliha","28":"pa_pohimaitse-riis","29":"pa_proteiin-7763","30":"pa_rasva-sisaldus-7410","31":"pa_sailitusaineteta-ei","32":"pa_seeria-royal-canin-breed-health-nutrition","33":"pa_sisaldab-antioksudante-jah","34":"pa_sobib-koer","35":"pa_sobivus-koerale","36":"pa_sojavaba-ei","37":"pa_suhkruvaba-andmed-puuduvad","38":"pa_tervisemoju-nahk-ja-karv","39":"pa_tervisemoju-uldtervis","40":"pa_toorkiud-7864","41":"pa_toorvalk-7844","42":"pa_tou-suurus-vaike-toug-5-10-kg","44":"first","45":"instock","46":"taxable","47":"shipping-taxable","48":"purchasable","49":"product-type-simple"},"_links":{"self":[{"href":"https:\/\/blankpage.ee\/_ruumist-ruumi\/wp-json\/wp\/v2\/product\/256851","targetHints":{"allow":["GET"]}}],"collection":[{"href":"https:\/\/blankpage.ee\/_ruumist-ruumi\/wp-json\/wp\/v2\/product"}],"about":[{"href":"https:\/\/blankpage.ee\/_ruumist-ruumi\/wp-json\/wp\/v2\/types\/product"}],"replies":[{"embeddable":true,"href":"https:\/\/blankpage.ee\/_ruumist-ruumi\/wp-json\/wp\/v2\/comments?post=256851"}],"wp:featuredmedia":[{"embeddable":true,"href":"https:\/\/blankpage.ee\/_ruumist-ruumi\/wp-json\/wp\/v2\/media\/256850"}],"wp:attachment":[{"href":"https:\/\/blankpage.ee\/_ruumist-ruumi\/wp-json\/wp\/v2\/media?parent=256851"}],"wp:term":[{"taxonomy":"product_brand","embeddable":true,"href":"https:\/\/blankpage.ee\/_ruumist-ruumi\/wp-json\/wp\/v2\/product_brand?post=256851"},{"taxonomy":"product_cat","embeddable":true,"href":"https:\/\/blankpage.ee\/_ruumist-ruumi\/wp-json\/wp\/v2\/product_cat?post=256851"},{"taxonomy":"product_tag","embeddable":true,"href":"https:\/\/blankpage.ee\/_ruumist-ruumi\/wp-json\/wp\/v2\/product_tag?post=256851"}],"curies":[{"name":"wp","href":"https:\/\/api.w.org\/{rel}","templated":true}]}}