{"id":256880,"date":"2025-08-06T07:11:18","date_gmt":"2025-08-06T07:11:18","guid":{"rendered":"https:\/\/ruumistruumi.ee\/pood\/royal-canin-golden-retriever-puppy-12-kg-linnulihaga-kuivtoit-suurtele-kutsikatele\/"},"modified":"2025-08-20T14:39:32","modified_gmt":"2025-08-20T14:39:32","slug":"royal-canin-golden-retriever-puppy-12-kg-linnulihaga-kuivtoit-suurtele-kutsikatele","status":"publish","type":"product","link":"https:\/\/blankpage.ee\/_ruumist-ruumi\/pood\/royal-canin-golden-retriever-puppy-12-kg-linnulihaga-kuivtoit-suurtele-kutsikatele\/","title":{"rendered":"Royal Canin Golden Retriever Puppy 12 kg linnulihaga kuivtoit suurtele kutsikatele"},"content":{"rendered":"<h3>Royal Canin Golden Retriever Puppy 12 kg linnulihaga kuivtoit suurtele kutsikatele<\/h3>\n<p>Royal Canin Golden Retriever Puppy on spetsiaalselt loodud t\u00e4iss\u00f6\u00f6t kuni 15 kuu vanustele golden retriiveri kutsikatele. See granuleeritud kuivtoit tagab k\u00f5ik vajalikud toitained kutsika tervislikuks kasvuks, toetades nende immuuns\u00fcsteemi, l\u00e4ikivat karvkatet ning seedimist. Kvaliteetne koostis p\u00f5hineb kana- ja linnulihavalkudel ning on kohandatud just suurtele t\u00f5ugudele, mist\u00f5ttu sobib Golden Retriever Puppy kuivtoit suurep\u00e4raselt 25\u201345 kg kaaluvate golden retriiverite kasvuperioodiks.<\/p>\n<h3>Peamised omadused<\/h3>\n<ul>\n<li>Spetsiaalselt golden retriiveri kutsikatele loodud t\u00e4istoit \u2013 tagab t\u00f5ule vajaliku kasvu ja arengu<\/li>\n<li>K\u00f5rge loomse valgu (29%) ja optimaalne rasvasisaldus (16%) toetavad lihaste arengut ja organismi tugevust<\/li>\n<li>Tugevdab immuuns\u00fcsteemi t\u00e4nu patenteeritud antioks\u00fcdantidele ja E-vitamiinile<\/li>\n<li>Toetab l\u00e4ikivat karvkatet ja terve naha p\u00fcsimist \u2013 EPA\/DHA ja oomega-3 rasvhapped<\/li>\n<li>Spetsiaalne graanuli kuju ja tekstuur soodustavad kutsika n\u00e4rimist<\/li>\n<li>Kutsika seedes\u00fcsteemi jaoks optimeeritud prebiootikumid ja kiudained<\/li>\n<li>Laktoosivaba \u2013 sobib ka tundlikuma seedimisega koertele<\/li>\n<\/ul>\n<h3>Tehnilised andmed<\/h3>\n<ul>\n<li>Pakendi t\u00fc\u00fcp: kott<\/li>\n<li>Netokogus: 12 kg<\/li>\n<li>M\u00f5\u00f5tmed: 550 \u00d7 120 \u00d7 370 mm<\/li>\n<li>Kaal: 12 050 g<\/li>\n<li>Annustamise vorm: graanul<\/li>\n<li>Maitse: kana ja linnuliha<\/li>\n<li>Proteiin: 29%<\/li>\n<li>Rasvasisaldus: 16%<\/li>\n<li>Toorkiud: 3,7%<\/li>\n<li>Toorvalk: 7,4%<\/li>\n<li>Gluteenivaba: Ei<\/li>\n<li>Sojavaba: Ei<\/li>\n<li>Laktoosivaba: Jah<\/li>\n<li>Sobivus: suur t\u00f5ug, golden retriiveri kutsikad (25\u201345 kg)<\/li>\n<li>EAN: 3182550751261<\/li>\n<\/ul>\n<h3>Kasutamisjuhised<\/h3>\n<p>J\u00e4rgige alati pakendil toodud s\u00f6\u00f6tmissoovitusi, kus annuseid t\u00e4psustatakse kutsika vanuse ja oodatava t\u00e4iskasvanukaalu j\u00e4rgi. N\u00e4iteks 2-kuusele, 25 kg t\u00e4iskasvanukaaluga kutsikale soovitatakse u\u00a0215\u00a0g p\u00e4evas, suuremaks kasvades suurenevad ka toidukogused (vt pakendit). Toit tuleks jagada mitmeks toidukorraks. Koeral peab alati olema v\u00e4rske joogivesi k\u00e4ep\u00e4rast.<br \/>\nS\u00e4ilitage toit jahedas, kuivas ja otsese p\u00e4ikese eest kaitstud kohas. Pese regulaarselt toidun\u00f5usid, et v\u00e4ltida toidu saastumist.<\/p>\n<h3>Kvaliteet ja v\u00f5rdlus teiste mudelitega<\/h3>\n<p>Royal Canin Golden Retriever Puppy kuivtoit on v\u00e4lja t\u00f6\u00f6tatud spetsiaalselt golden retriiveri kutsikate kiiresti areneva organismi jaoks ning erineb universaalsetest kutsikatoitudest t\u00f5ule kohandatud graanuli kuju, koostise ja toitainete poolest. V\u00f5rreldes \u00fcldiste kutsikatoitudega sisaldab see toit rohkem nahka, karvkatet ning seedimist toetavaid aineid. Toode sisaldab kvaliteetseid valke ja patenteeritud vitamiinikompleksi.<\/p>\n<h3>Komplekti sisu ja \u00fchilduvus<\/h3>\n<ul>\n<li>Pakendis: 1 \u00d7 12 kg kuivtoidu kott<\/li>\n<li>Loomaliik: koer \u2013 golden retriiveri kutsikad<\/li>\n<li>Valmis t\u00e4iss\u00f6\u00f6t \u2013 ei vaja lisandeid<\/li>\n<\/ul>\n<h3>Garantii ja t\u00f6\u00f6kindlus<\/h3>\n<p>Royal Canin on tuntud usaldusv\u00e4\u00e4rse ja kontrollitud kvaliteedi poolest \u2013 iga partii l\u00e4bib p\u00f5hjalikud testid enne m\u00fc\u00fcgile j\u00f5udmist. Graanulid on valmistatud golden retriiveri kutsika hammaste, l\u00f5ualuu ja n\u00e4rimisviisi j\u00e4rgi. Toodet on lihtne kasutada ja see sobib igap\u00e4evaseks s\u00f6\u00f6tmiseks, p\u00fcsides v\u00e4rske \u00f5igetel s\u00e4ilitustingimustel kuni pakendil m\u00e4rgitud kuup\u00e4evani.<\/p>\n","protected":false},"excerpt":{"rendered":"<p>Royal Canin Golden Retriever Puppy kuivtoit 12 kg on tasakaalustatud linnulihaga toit suurtele golden retriiveri kutsikatele, toetades tervet kasvu, tugevdatud immuuns\u00fcsteemi ja l\u00e4ikivat karvkattet.<\/p>\n","protected":false},"featured_media":256879,"comment_status":"open","ping_status":"closed","template":"","meta":[],"product_brand":[7146],"product_cat":[7203],"product_tag":[],"class_list":{"0":"post-256880","1":"product","2":"type-product","3":"status-publish","4":"has-post-thumbnail","6":"product_brand-royal-canin","7":"product_cat-kuivtoit-koertele","8":"product_shipping_class-action","9":"pa_annustamise-vorm-tahke","10":"pa_gluteenivaba-ei","11":"pa_hoiatused-eemal-otsesest-paikesevalgusest-2","12":"pa_hoiatused-et-koera-kauss-oleks-alati-puhas","13":"pa_hoiatused-hoidke-kuivas-ja-jahedas-2","14":"pa_hoiatused-hoolitsege","15":"pa_hoiatused-jargige-pakendil-toodud-soovituslikku-toidukogust","16":"pa_hoiatused-valtimaks-toidu-saastumist-2","17":"pa_ilma-kunstlike-varvideta-andmed-puuduvad","18":"pa_kaaluvahemik-10-kg-159-kg","19":"pa_koeratoug-kuldne-retriiver","20":"pa_laktoosivaba-jah","21":"pa_lemmikloomatoug-kuldne-retriiver","22":"pa_lemmiku-eluetapp-kassipojad","23":"pa_lemmiku-eluetapp-kutsikad","24":"pa_lemmiku-vajadused-ei-ole-spetsiifilisi-vajadusi","25":"pa_lemmiku-vanus-noor","26":"pa_lisafunktsioonid-uldine-tervis","27":"pa_loomaliik-koer","28":"pa_pakendi-tuup-kott","29":"pa_pohimaitse-kana","30":"pa_pohimaitse-linnuliha","31":"pa_proteiin-7476","32":"pa_rasva-sisaldus-7410","33":"pa_sailitusaineteta-andmed-puuduvad","34":"pa_seeria-royal-canin-breed-health-nutrition","35":"pa_sobivus-koerale","36":"pa_sojavaba-ei","37":"pa_suhkruvaba-andmed-puuduvad","38":"pa_tervisemoju-uldine-tervis","39":"pa_toorkiud-10735","40":"pa_toorvalk-12357","41":"pa_tou-suurus-suur-toug-25-45-kg","43":"first","44":"instock","45":"taxable","46":"shipping-taxable","47":"purchasable","48":"product-type-simple"},"_links":{"self":[{"href":"https:\/\/blankpage.ee\/_ruumist-ruumi\/wp-json\/wp\/v2\/product\/256880","targetHints":{"allow":["GET"]}}],"collection":[{"href":"https:\/\/blankpage.ee\/_ruumist-ruumi\/wp-json\/wp\/v2\/product"}],"about":[{"href":"https:\/\/blankpage.ee\/_ruumist-ruumi\/wp-json\/wp\/v2\/types\/product"}],"replies":[{"embeddable":true,"href":"https:\/\/blankpage.ee\/_ruumist-ruumi\/wp-json\/wp\/v2\/comments?post=256880"}],"wp:featuredmedia":[{"embeddable":true,"href":"https:\/\/blankpage.ee\/_ruumist-ruumi\/wp-json\/wp\/v2\/media\/256879"}],"wp:attachment":[{"href":"https:\/\/blankpage.ee\/_ruumist-ruumi\/wp-json\/wp\/v2\/media?parent=256880"}],"wp:term":[{"taxonomy":"product_brand","embeddable":true,"href":"https:\/\/blankpage.ee\/_ruumist-ruumi\/wp-json\/wp\/v2\/product_brand?post=256880"},{"taxonomy":"product_cat","embeddable":true,"href":"https:\/\/blankpage.ee\/_ruumist-ruumi\/wp-json\/wp\/v2\/product_cat?post=256880"},{"taxonomy":"product_tag","embeddable":true,"href":"https:\/\/blankpage.ee\/_ruumist-ruumi\/wp-json\/wp\/v2\/product_tag?post=256880"}],"curies":[{"name":"wp","href":"https:\/\/api.w.org\/{rel}","templated":true}]}}