{"id":257038,"date":"2025-08-06T07:16:53","date_gmt":"2025-08-06T07:16:53","guid":{"rendered":"https:\/\/ruumistruumi.ee\/pood\/royal-canin-breed-health-nutrition-labrador-retriever-junior-12-kg-kuivtoit-kanaga-kutsikatele\/"},"modified":"2025-08-20T14:37:39","modified_gmt":"2025-08-20T14:37:39","slug":"royal-canin-breed-health-nutrition-labrador-retriever-junior-12-kg-kuivtoit-kanaga-kutsikatele","status":"publish","type":"product","link":"https:\/\/blankpage.ee\/_ruumist-ruumi\/pood\/royal-canin-breed-health-nutrition-labrador-retriever-junior-12-kg-kuivtoit-kanaga-kutsikatele\/","title":{"rendered":"Royal Canin Breed Health Nutrition Labrador Retriever Junior 12 kg kuivtoit kanaga kutsikatele"},"content":{"rendered":"<h3>Royal Canin Breed Health Nutrition Labrador Retriever Junior 12 kg kuivtoit kanaga kutsikatele<\/h3>\n<p>\nRoyal Canin SHN Breed Labrador Junior on spetsiaalselt suurtele t\u00f5ugudele, eelk\u00f5ige <strong>Labrador Retriever<\/strong>&#8217;i kutsikatele (2\u201315 kuu vanus) loodud t\u00e4isv\u00e4\u00e4rtuslik kuivtoit. See retsept aitab kutsika tervislikule kasvule kaasa, toetab seedimist ning hoiab immuuns\u00fcsteemi t\u00f6\u00f6s. Tootes on kasutatud kvaliteetseid loomseid valke, tasakaalustatud mineraalide sisaldusega ning hoolikalt valitud koostisaineid, sobides ideaalselt kasvufaasis labradori retriiverile.\n<\/p>\n<h3>Peamised omadused<\/h3>\n<ul>\n<li>Spetsiaalne koostis suurtele t\u00f5ugudele, eriti just labradori retriiveri kutsikale<\/li>\n<li>K\u00f5rge loomse valgu (33%) ja rasva (14%) sisaldus toetab j\u00f5ulist lihaskonda ja energiavajadust<\/li>\n<li>Toetab seedimist t\u00e4nu prebiootikumidele ja kvaliteetsetele valkudele<\/li>\n<li>Sisaldab antioks\u00fcdante, sealhulgas vitamiin E, immuuns\u00fcsteemi tugevdamiseks<\/li>\n<li>Eksklusiivne graanulite kuju aitab aeglustada s\u00f6\u00f6mist ning soodustab korralikku n\u00e4rimist<\/li>\n<li>Optimaalne kaltsiumi (1,25%) ja fosfori (1%) tase luustiku ja liigeste arenguks<\/li>\n<li>Sobib kutsika vanusele ja t\u00f5u kasvutempole (2\u201315 kuud, kehakaal ca 25\u201345 kg)<\/li>\n<li>P\u00f5himaitseks kana; sisaldab ka maisi ja riisi<\/li>\n<\/ul>\n<h3>Tehnilised andmed<\/h3>\n<ul>\n<li>M\u00f5\u00f5tmed: 575 \u00d7 380 \u00d7 150 mm<\/li>\n<li>Kaal: 12 kg (pakendi kaal: 12 050 g)<\/li>\n<li>Pakendi t\u00fc\u00fcp: kott<\/li>\n<li>Seeria: ROYAL CANIN Breed Health Nutrition<\/li>\n<li>Anal\u00fc\u00fctilised koostisosad:\n<ul>\n<li>Proteiin: 33%<\/li>\n<li>Toorvalk: 6,9%<\/li>\n<li>Rasvasisaldus: 14%<\/li>\n<li>Toorkiud: 1,7%<\/li>\n<li>Fosfor: 1%<\/li>\n<li>Kaltsium: 1,25%<\/li>\n<li>Sisaldab antioks\u00fcdante<\/li>\n<\/ul>\n<\/li>\n<li>Koostis: kana, teraviljad (mais, riis), taimsed valgud, loomarasvad, vitamiinid ja mineraalid<\/li>\n<li>Ei ole gluteenivaba ega sojavaba<\/li>\n<\/ul>\n<h3>Kasutamisjuhised<\/h3>\n<p>\nS\u00f6\u00f6da kutsikat vastavalt tema vanusele ja kehakaalule. Toidukoguse m\u00e4\u00e4ramisel l\u00e4htu <strong>pakendil toodud tabelist<\/strong> \u2013 n\u00e4iteks 26 kg kehakaaluga t\u00e4iskasvanu korral soovituslik p\u00e4evane kogus on 214\u2013328 g (vastavalt vanusele). S\u00f6\u00f6ta v\u00f5ib jagada 2\u20133 portsjoniks p\u00e4evas. J\u00e4lgi, et v\u00e4rske vesi oleks alati saadaval ning pese regulaarselt koera toidukaussi. Toitu s\u00e4ilita kuivas ja jahedas kohas, v\u00e4ltides otsest p\u00e4ikesevalgust.\n<\/p>\n<h3>\u00dchilduvus ja sihtr\u00fchm<\/h3>\n<ul>\n<li>Sobib kutsikaeas labradori retriiveritele vanuses 2 kuni 15 kuud<\/li>\n<li>M\u00f5eldud suurtele koerat\u00f5ugudele (25\u201345 kg t\u00e4iskasvanu kehakaal)<\/li>\n<li>Ei sisalda spetsiaalseid lisatarvikuid, kasutamiseks kohe p\u00e4rast avamist<\/li>\n<\/ul>\n<h3>Kvaliteet, vastupidavus ja garantii<\/h3>\n<p>\nRoyal Canin tagab k\u00f5rge toiduohutuse ja stabiilse kvaliteedi t\u00e4nu teaduslikult v\u00e4ljat\u00f6\u00f6tatud retseptidele. Toit on valmistatud hoolikalt kontrollitud tingimustes ning selle sobivust on testitud t\u00f5uspetsiifiliselt. Toode sisaldab ainult tunnustatud s\u00e4ilitusaineid ning tootjal on esinduslik kvaliteedigarantii.\n<\/p>\n<h3>Komplektis sisaldub<\/h3>\n<ul>\n<li>\u00dcks 12 kg kott Royal Canin Labrador Retriever Junior kuivtoitu<\/li>\n<\/ul>\n<h3>Kas see on oma hinda v\u00e4\u00e4rt?<\/h3>\n<p>\nKvaliteetne koostis, t\u00f5ule ja kasvufaasile sobiv tasakaal ning efektiivne tugi seedimisele ja immuunsusele tagavad v\u00e4ga hea hinna ja kvaliteedi suhte. Royal Canin Labrador Junior kuivtoit v\u00f5imaldab kutsikal areneda tervislikult ja aitab ennetada t\u00f5uspetsiifilisi terviseprobleeme, pakkudes pikaajalist kasu.<\/p>\n","protected":false},"excerpt":{"rendered":"<p>Royal Canin Labrador Retriever Junior 12 kg kuivtoit on tasakaalustatud kanamaitseline t\u00e4iss\u00f6\u00f6t labradori kutsikatele, toetades seedimist ja tervislikku kasvu.<\/p>\n","protected":false},"featured_media":257037,"comment_status":"open","ping_status":"closed","template":"","meta":[],"product_brand":[7146],"product_cat":[7203],"product_tag":[],"class_list":{"0":"post-257038","1":"product","2":"type-product","3":"status-publish","4":"has-post-thumbnail","6":"product_brand-royal-canin","7":"product_cat-kuivtoit-koertele","8":"product_shipping_class-action","9":"pa_fosfor-7500","10":"pa_gluteenivaba-ei","11":"pa_hoiatused-eemal-otsesest-paikesevalgusest-tagage","12":"pa_hoiatused-et-koera-kauss-oleks-alati-puhas","13":"pa_hoiatused-et-valtida-toidu-saastumist-jargige-pakendil-soovitatud-toitmisnorme","14":"pa_hoiatused-hoida-kuivas-ja-jahedas-kohas-2","15":"pa_kaaluvahemik-10-kg-159-kg","16":"pa_kaltsium-8629","17":"pa_koeratoug-labradori-retriiver","18":"pa_lemmiku-eluetapp-kassipojad","19":"pa_lemmiku-eluetapp-kutsikad","20":"pa_lemmiku-vanus-juunior","21":"pa_lisafunktsioonid-uldine-tervis","22":"pa_pakendi-tuup-kott","23":"pa_pohimaitse-kana","24":"pa_pohimaitse-linnuliha","25":"pa_pohimaitse-mais","26":"pa_pohimaitse-riis","27":"pa_proteiin-7596","28":"pa_rasva-sisaldus-7733","29":"pa_sailitusaineteta-ei","30":"pa_seeria-royal-canin-breed-health-nutrition","31":"pa_sisaldab-antioksudante-jah","32":"pa_sobivus-koerale","33":"pa_sojavaba-ei","34":"pa_suhkruvaba-andmed-puuduvad","35":"pa_tervisemoju-seedimise-tugi","36":"pa_tervisemoju-uldine-tervis","37":"pa_toorkiud-8583","38":"pa_toorvalk-7451","39":"pa_tou-suurus-suur-toug-25-45-kg","41":"first","42":"instock","43":"taxable","44":"shipping-taxable","45":"purchasable","46":"product-type-simple"},"_links":{"self":[{"href":"https:\/\/blankpage.ee\/_ruumist-ruumi\/wp-json\/wp\/v2\/product\/257038","targetHints":{"allow":["GET"]}}],"collection":[{"href":"https:\/\/blankpage.ee\/_ruumist-ruumi\/wp-json\/wp\/v2\/product"}],"about":[{"href":"https:\/\/blankpage.ee\/_ruumist-ruumi\/wp-json\/wp\/v2\/types\/product"}],"replies":[{"embeddable":true,"href":"https:\/\/blankpage.ee\/_ruumist-ruumi\/wp-json\/wp\/v2\/comments?post=257038"}],"wp:featuredmedia":[{"embeddable":true,"href":"https:\/\/blankpage.ee\/_ruumist-ruumi\/wp-json\/wp\/v2\/media\/257037"}],"wp:attachment":[{"href":"https:\/\/blankpage.ee\/_ruumist-ruumi\/wp-json\/wp\/v2\/media?parent=257038"}],"wp:term":[{"taxonomy":"product_brand","embeddable":true,"href":"https:\/\/blankpage.ee\/_ruumist-ruumi\/wp-json\/wp\/v2\/product_brand?post=257038"},{"taxonomy":"product_cat","embeddable":true,"href":"https:\/\/blankpage.ee\/_ruumist-ruumi\/wp-json\/wp\/v2\/product_cat?post=257038"},{"taxonomy":"product_tag","embeddable":true,"href":"https:\/\/blankpage.ee\/_ruumist-ruumi\/wp-json\/wp\/v2\/product_tag?post=257038"}],"curies":[{"name":"wp","href":"https:\/\/api.w.org\/{rel}","templated":true}]}}