{"id":257061,"date":"2025-08-06T07:18:00","date_gmt":"2025-08-06T07:18:00","guid":{"rendered":"https:\/\/ruumistruumi.ee\/pood\/royal-canin-care-nutrition-medium-digestive-care-3-kg-kuivtoit-keskmist-kasvu-taiskasvanud-koertele-seedimise-toetuseks\/"},"modified":"2025-08-20T14:37:29","modified_gmt":"2025-08-20T14:37:29","slug":"royal-canin-care-nutrition-medium-digestive-care-3-kg-kuivtoit-keskmist-kasvu-taiskasvanud-koertele-seedimise-toetuseks","status":"publish","type":"product","link":"https:\/\/blankpage.ee\/_ruumist-ruumi\/pood\/royal-canin-care-nutrition-medium-digestive-care-3-kg-kuivtoit-keskmist-kasvu-taiskasvanud-koertele-seedimise-toetuseks\/","title":{"rendered":"Royal Canin Care Nutrition Medium Digestive Care 3 kg kuivtoit keskmist kasvu t\u00e4iskasvanud koertele seedimise toetuseks"},"content":{"rendered":"<h3>Royal Canin Care Nutrition Medium Digestive Care 3 kg kuivtoit keskmist kasvu t\u00e4iskasvanud koertele<\/h3>\n<p>Royal Canin Medium Digestive Care 3 kg kuivtoit on loodud keskmise suurusega t\u00e4iskasvanud koertele, kellel on tundlik seedimine v\u00f5i vajadus seedes\u00fcsteemi toetamiseks. Toit sobib k\u00f5ikidele t\u00f5ugudele kaaluga 11\u201325 kg ning aitab kaasa terve naha ja karvkatte s\u00e4ilitamisele. Hoolikalt valitud koostisosad ja tasakaalustatud toitained tagavad hea seeduvuse, optimaalse v\u00e4ljaheite kvaliteedi ning koera heaolu igas eluetapis.<\/p>\n<h3>Peamised omadused<\/h3>\n<ul>\n<li>Toetab t\u00f5husalt koera seedimist ning aitab parandada v\u00e4ljaheite kvaliteeti \u2013 t\u00f5husus kinnitatud 91% koertel.<\/li>\n<li>K\u00f5rge seeduvusega valgud (L.I.P.), prebiootikumid ja kiudained toetavad soolestiku mikrofloorat.<\/li>\n<li>Karvkatte ja naha tervist toetavad toitained ja rasvhapped.<\/li>\n<li>P\u00f5himaitseks on hani ja linnulihad, sobides ka valivatele koertele.<\/li>\n<li>Sobib k\u00f5ikidele keskmist kasvu t\u00e4iskasvanud koertele (11\u201325 kg).<\/li>\n<li>S\u00e4ilitusainetevaba ja ilma kunstlike v\u00e4rvaineteta retsept.<\/li>\n<li>Lihtne doseerida ja hoiustada tugevast materjalist 3 kg kotis.<\/li>\n<\/ul>\n<h3>Tehnilised andmed<\/h3>\n<ul>\n<li>Kaal: 3 kg (neto), pakendi kaal 3058 g<\/li>\n<li>M\u00f5\u00f5tmed: 250 x 100 x 340 mm<\/li>\n<li>Koostis: riis, deh\u00fcdreeritud linnulihad, hanefilee, nisujahu, loomarasvad, oder, nisugluteen, maisigluteen, kala\u00f5li, peedimass, mineraalid, k\u00f6\u00f6giviljakiud, soja\u00f5li, frukto-oligosahhariidid, p\u00e4rm jm.<\/li>\n<li>Toorvalk: 25%<\/li>\n<li>Rasva sisaldus: 18%<\/li>\n<li>Toorkiud: 1,8%<\/li>\n<li>Toortuhk: 6,2%<\/li>\n<li>Lisandid: A- ja D3-vitamiin, raud, jood, vask, mangaan, tsink, seleen jne.<\/li>\n<li>Energeetiline v\u00e4\u00e4rtus: 3990 kcal\/kg<\/li>\n<li>Gluteenivaba: Ei<\/li>\n<li>Laktoosivaba: Jah<\/li>\n<li>Sojavaba: Ei<\/li>\n<li>S\u00e4ilitusainetevaba, ilma kunstlike v\u00e4rvaineteta<\/li>\n<li>Pakend: tugev kott, lihtne avada ja sulgeda<\/li>\n<\/ul>\n<h3>Kasutamisjuhised<\/h3>\n<p>S\u00f6\u00f6da vastavalt koera kehakaalule ja aktiivsusele, j\u00e4rgides pakendil olevaid juhiseid. N\u00e4iteks vajab 11\u201315 kg kaaluv koer 144\u2013210 g toitu p\u00e4evas, aktiivsemad koerad rohkem. Veendu, et joogin\u00f5us oleks alati v\u00e4rske vesi. Hoia toitu kuivas, jahedas ja p\u00e4ikese eest kaitstud kohas. Toit sobib igap\u00e4evaseks kasutamiseks, v\u00f5ib kombineerida Royal Canin m\u00e4rgtoiduga. Vajadusel konsulteeri annustamise v\u00f5i erivajaduste osas loomaarstiga. V\u00e4ldi inimtoidu ja maiuste pakkumist, mis v\u00f5ivad kahjustada seedimist.<\/p>\n<h3>Usaldusv\u00e4\u00e4rsus, ohutus ja garantii<\/h3>\n<p>Royal Canin toodab oma toitu rangeimate kvaliteedi- ja ohutusstandardite j\u00e4rgi. K\u00f5ik koostisosad on hoolikalt kontrollitud, et tagada toiduohutus ja p\u00fcsiv toitainesisaldus igas portsjonis. Tootes pole s\u00e4ilitusaineid ega kunstlikke v\u00e4rvaineid. Garantii ja kvaliteedin\u00f5uete kohta vaata lisainfot tootja kodulehelt v\u00f5i pakendilt.<\/p>\n<h3>Komplekti sisu ja vajalik lisavarustus<\/h3>\n<ul>\n<li>1 x 3 kg kott Royal Canin Medium Digestive Care kuivtoitu.<\/li>\n<li>Vajalik ainult puhas toidun\u00f5u ja v\u00e4rske joogivesi.<\/li>\n<\/ul>\n<h3>Miks valida Royal Canin Medium Digestive Care?<\/h3>\n<p>Spetsiaalselt seedimistundlikele keskmise kasvu koertele \u2013 teadusp\u00f5hine retsept, t\u00f5estatud efektiivsus, kvaliteetne tulemus ja mugav kasutus igap\u00e4evaselt.<\/p>\n","protected":false},"excerpt":{"rendered":"<p>Royal Canin Medium Digestive Care 3 kg kuivtoit on m\u00f5eldud keskmist kasvu t\u00e4iskasvanud koertele, toetades t\u00f5husalt seedimist ning soodustades karvkatte ja naha tervist.<\/p>\n","protected":false},"featured_media":257052,"comment_status":"open","ping_status":"closed","template":"","meta":[],"product_brand":[7146],"product_cat":[7203],"product_tag":[],"class_list":{"0":"post-257061","1":"product","2":"type-product","3":"status-publish","4":"has-post-thumbnail","6":"product_brand-royal-canin","7":"product_cat-kuivtoit-koertele","8":"product_shipping_class-action","9":"pa_annustamise-vorm-tahke","10":"pa_gluteenivaba-ei","11":"pa_hoiatused-et-koera-kauss-oleks-alati-puhas","12":"pa_hoiatused-et-valtida-toidu-saastumist-2","13":"pa_hoiatused-hoia-kuivas-ja-jahedas-2","14":"pa_hoiatused-jargi-pakendil-toodud-soovituslikku-sootmisnormi-2","15":"pa_hoiatused-otsese-paikesevalguse-eest-kaitstud-kohas","16":"pa_hoiatused-veendu","17":"pa_ilma-kunstlike-varvideta-jah","18":"pa_kaaluvahemik-2-kg-49-kg","19":"pa_koeratoug-koik-keskmist-tougu-koerad","20":"pa_laktoosivaba-jah","21":"pa_lemmiku-eluetapp-taiskasvanud","22":"pa_lemmiku-vajadused-oige-seedimine","23":"pa_lemmiku-vanus-taiskasvanud","24":"pa_lisafunktsioonid-karv-ja-nahk","25":"pa_lisafunktsioonid-seedimise-tugi","26":"pa_loomaliik-koer","27":"pa_pakendi-tuup-kott","28":"pa_pohimaitse-hani","29":"pa_pohimaitse-linnuliha","30":"pa_proteiin-7539","31":"pa_rasva-sisaldus-7459","32":"pa_sailitusaineteta-jah","33":"pa_seeria-royal-canin-care-nutrition","34":"pa_sobivus-koerale","35":"pa_sojavaba-ei","36":"pa_suhkruvaba-andmed-puuduvad","37":"pa_tervisemoju-oige-seedimine","38":"pa_toorkiud-7843","39":"pa_toorvalk-10714","40":"pa_tou-suurus-keskmine-11-25kg","42":"first","43":"instock","44":"taxable","45":"shipping-taxable","46":"purchasable","47":"product-type-simple"},"_links":{"self":[{"href":"https:\/\/blankpage.ee\/_ruumist-ruumi\/wp-json\/wp\/v2\/product\/257061","targetHints":{"allow":["GET"]}}],"collection":[{"href":"https:\/\/blankpage.ee\/_ruumist-ruumi\/wp-json\/wp\/v2\/product"}],"about":[{"href":"https:\/\/blankpage.ee\/_ruumist-ruumi\/wp-json\/wp\/v2\/types\/product"}],"replies":[{"embeddable":true,"href":"https:\/\/blankpage.ee\/_ruumist-ruumi\/wp-json\/wp\/v2\/comments?post=257061"}],"wp:featuredmedia":[{"embeddable":true,"href":"https:\/\/blankpage.ee\/_ruumist-ruumi\/wp-json\/wp\/v2\/media\/257052"}],"wp:attachment":[{"href":"https:\/\/blankpage.ee\/_ruumist-ruumi\/wp-json\/wp\/v2\/media?parent=257061"}],"wp:term":[{"taxonomy":"product_brand","embeddable":true,"href":"https:\/\/blankpage.ee\/_ruumist-ruumi\/wp-json\/wp\/v2\/product_brand?post=257061"},{"taxonomy":"product_cat","embeddable":true,"href":"https:\/\/blankpage.ee\/_ruumist-ruumi\/wp-json\/wp\/v2\/product_cat?post=257061"},{"taxonomy":"product_tag","embeddable":true,"href":"https:\/\/blankpage.ee\/_ruumist-ruumi\/wp-json\/wp\/v2\/product_tag?post=257061"}],"curies":[{"name":"wp","href":"https:\/\/api.w.org\/{rel}","templated":true}]}}