{"id":257096,"date":"2025-08-06T07:19:20","date_gmt":"2025-08-06T07:19:20","guid":{"rendered":"https:\/\/ruumistruumi.ee\/pood\/josera-bavaro-solid-18-kg-taiskasvanud-ja-eakate-koerte-kuivtoit-kanaga-sailitusainete-ning-kunstlike-varvaineteta\/"},"modified":"2025-08-20T22:22:23","modified_gmt":"2025-08-20T22:22:23","slug":"josera-bavaro-solid-18-kg-taiskasvanud-ja-eakate-koerte-kuivtoit-kanaga-sailitusainete-ning-kunstlike-varvaineteta","status":"publish","type":"product","link":"https:\/\/blankpage.ee\/_ruumist-ruumi\/pood\/josera-bavaro-solid-18-kg-taiskasvanud-ja-eakate-koerte-kuivtoit-kanaga-sailitusainete-ning-kunstlike-varvaineteta\/","title":{"rendered":"JOSERA Bavaro Solid 18 kg t\u00e4iskasvanud ja eakate koerte kuivtoit kanaga, s\u00e4ilitusainete ning kunstlike v\u00e4rvaineteta"},"content":{"rendered":"<h3>JOSERA Bavaro Solid 18 kg t\u00e4iskasvanud ja eakate koerte kuivtoit kanaga, s\u00e4ilitusainete ning kunstlike v\u00e4rvaineteta<\/h3>\n<p>JOSERA Bavaro Solid on kvaliteetne kuivtoit, mis on m\u00f5eldud t\u00e4iskasvanud ja eakate koerte tasakaalustatud igap\u00e4evaseks toitmiseks. Toode sobib k\u00f5ikidele t\u00f5ugudele ning selle lihane p\u00f5hikoostis (kanaliha) tagab vajaliku toitainete tasakaalu. Bavaro Solid sobib nii aktiivsetele kui ka v\u00e4hem liikuvatele koertele, pakkudes vajalikke vitamiine ja mineraalaineid. Toit on vaba s\u00e4ilitusainetest ja kunstlikest v\u00e4rvainetest, seega sobib ka tundliku seedimisega ning looduslikku toitu eelistavatele lemmikutele.<\/p>\n<h3>Peamised omadused<\/h3>\n<ul>\n<li>K\u00f5rge valgusisaldus \u2013 20% proteiini toetab koera lihasmassi ja \u00fcldist tervist.<\/li>\n<li>8% rasvasisaldus annab vajalikku energiat nii aktiivsetele kui ka rahulikumatele koertele.<\/li>\n<li>P\u00f5himaitse on kanaliha, mis sobib liha armastavatele koertele.<\/li>\n<li>S\u00e4ilitusainete ja kunstlike v\u00e4rvainete vaba looduslik koostis.<\/li>\n<li>Kuivtoit (graanulid), mis aitab n\u00e4rimisel puhastada hambaid.<\/li>\n<li>Sobib k\u00f5ikidele t\u00f5ugudele ja erineva suurusega koertele.<\/li>\n<li>Laktoosivaba retsept.<\/li>\n<li>Valmistatud usaldusv\u00e4\u00e4rse tootja JOSERA poolt Saksamaal.<\/li>\n<\/ul>\n<h3>Tehnilised andmed<\/h3>\n<ul>\n<li>M\u00f5\u00f5tmed: 370 x 585 x 150 mm<\/li>\n<li>Kaal: 18 kg (neto), kogukaal 18 020 g<\/li>\n<li>Pakend: vastupidav kott<\/li>\n<li>EAN: 4032254743613<\/li>\n<li>Toorvalk: 20%, toorkiud: 2,6%, toortuhk: 7,8%, rasvasisaldus: 8%<\/li>\n<li>Gluteenivaba: ei<\/li>\n<li>Laktoosivaba: jah<\/li>\n<li>Sobiv vanus: t\u00e4iskasvanud ja eakad koerad<\/li>\n<li>Sobib k\u00f5ikidele t\u00f5ugudele<\/li>\n<\/ul>\n<h3>Kasutamisjuhised<\/h3>\n<p>S\u00f6\u00f6da kogus s\u00f5ltub koera kaalust, vanusest ja aktiivsusest. J\u00e4rgi pakendil toodud juhiseid: n\u00e4iteks 20 kg koerale 280\u2013370 g p\u00e4evas (olenevalt aktiivsusest). V\u00e4rske joogivesi peab alati olema saadaval. Toitu hoida kuivas ja jahedas kohas, p\u00e4ikese eest kaitstult. Pese regulaarselt koera toidukaussi, et v\u00e4ltida toidu saastumist ja toetada lemmiku heaolu.<\/p>\n<h3>Miks valida JOSERA Bavaro Solid?<\/h3>\n<ul>\n<li>T\u00e4isv\u00e4\u00e4rtuslik ja tasakaalustatud koostis vastab t\u00e4iskasvanud ja eakate koerte vajadustele.<\/li>\n<li>Kanaliha p\u00f5hine kuivtoit pakub rikkalikku maitset ja kvaliteetset energiat.<\/li>\n<li>Looduslik ja ohutu valik \u2013 ei sisalda s\u00e4ilitus- ega kunstlikke v\u00e4rvaineid.<\/li>\n<li>Suur pakend (18 kg) v\u00f5imaldab pakkuda koerale kvaliteetset toitu pikemaks ajaks.<\/li>\n<li>Usaldusv\u00e4\u00e4rne br\u00e4nd JOSERA, mille tooted on l\u00e4bipaistva koostisega ja k\u00f5rge kvaliteediga.<\/li>\n<\/ul>\n<p>JOSERA Bavaro Solid 18 kg kuivtoit pakub sinu koerale igap\u00e4evaselt tervislikku ja tasakaalustatud toitu, toetades tema heaolu ja eluj\u00f5udu. See on sobiv valik nii t\u00f6\u00f6koerale kui ka perekoerale igap\u00e4evaseks toitmiseks.<\/p>\n","protected":false},"excerpt":{"rendered":"<p>JOSERA Bavaro Solid on kanaliha baasil kuivtoit t\u00e4iskasvanud ja eakatele koertele, sobib k\u00f5ikidele t\u00f5ugudele. 18 kg kott ilma s\u00e4ilitus- ja kunstlike v\u00e4rvaineteta tagab tasakaalustatud toitumise igap\u00e4evaseks kasutamiseks.<\/p>\n","protected":false},"featured_media":257095,"comment_status":"open","ping_status":"closed","template":"","meta":[],"product_brand":[7193],"product_cat":[7203],"product_tag":[],"class_list":{"0":"post-257096","1":"product","2":"type-product","3":"status-publish","4":"has-post-thumbnail","6":"product_brand-josera","7":"product_cat-kuivtoit-koertele","8":"product_shipping_class-action","9":"pa_annustamise-vorm-tahke","10":"pa_gluteenivaba-ei","11":"pa_hoiatused-et-valtida-toidu-saastumist","12":"pa_hoiatused-jargige-pakendil-olevaid-soovitatavaid-toitmisjuhiseid-hoida-kuivas-ja-jahedas","13":"pa_hoiatused-otsese-paikese-eest-kaitstud-kohas-hoidke-koera-kauss-alati-puhas","14":"pa_ilma-kunstlike-varvideta-jah","15":"pa_kaaluvahemik-16-kg-30-kg","16":"pa_koeratoug-koik-toud","17":"pa_laktoosivaba-jah","18":"pa_lemmiku-eluetapp-eakad","19":"pa_lemmiku-eluetapp-taiskasvanud","20":"pa_lemmiku-vajadused-erivajadused-puuduvad","21":"pa_lemmiku-vanus-eakas","22":"pa_lemmiku-vanus-taiskasvanu","23":"pa_lisafunktsioonid-eakatele","24":"pa_lisafunktsioonid-uldine-tervis","25":"pa_loomaliik-koer","26":"pa_pakendi-tuup-kott","27":"pa_pohimaitse-kana","28":"pa_pohimaitse-liha","29":"pa_proteiin-8084","30":"pa_rasva-sisaldus-8043","31":"pa_sailitusaineteta-jah","32":"pa_seeria-josera-bavaro","33":"pa_sobivus-koerale","34":"pa_sojavaba-andmed-puuduvad","35":"pa_suhkruvaba-andmed-puuduvad","36":"pa_tervisemoju-uldine-tervis","37":"pa_toorkiud-7838","38":"pa_toorvalk-7975","39":"pa_tou-suurus-sobib-koikidele-tougudele","41":"first","42":"instock","43":"taxable","44":"shipping-taxable","45":"purchasable","46":"product-type-simple"},"_links":{"self":[{"href":"https:\/\/blankpage.ee\/_ruumist-ruumi\/wp-json\/wp\/v2\/product\/257096","targetHints":{"allow":["GET"]}}],"collection":[{"href":"https:\/\/blankpage.ee\/_ruumist-ruumi\/wp-json\/wp\/v2\/product"}],"about":[{"href":"https:\/\/blankpage.ee\/_ruumist-ruumi\/wp-json\/wp\/v2\/types\/product"}],"replies":[{"embeddable":true,"href":"https:\/\/blankpage.ee\/_ruumist-ruumi\/wp-json\/wp\/v2\/comments?post=257096"}],"wp:featuredmedia":[{"embeddable":true,"href":"https:\/\/blankpage.ee\/_ruumist-ruumi\/wp-json\/wp\/v2\/media\/257095"}],"wp:attachment":[{"href":"https:\/\/blankpage.ee\/_ruumist-ruumi\/wp-json\/wp\/v2\/media?parent=257096"}],"wp:term":[{"taxonomy":"product_brand","embeddable":true,"href":"https:\/\/blankpage.ee\/_ruumist-ruumi\/wp-json\/wp\/v2\/product_brand?post=257096"},{"taxonomy":"product_cat","embeddable":true,"href":"https:\/\/blankpage.ee\/_ruumist-ruumi\/wp-json\/wp\/v2\/product_cat?post=257096"},{"taxonomy":"product_tag","embeddable":true,"href":"https:\/\/blankpage.ee\/_ruumist-ruumi\/wp-json\/wp\/v2\/product_tag?post=257096"}],"curies":[{"name":"wp","href":"https:\/\/api.w.org\/{rel}","templated":true}]}}