{"id":257160,"date":"2025-08-06T07:23:17","date_gmt":"2025-08-06T07:23:17","guid":{"rendered":"https:\/\/ruumistruumi.ee\/pood\/royal-canin-puppy-mini-8-kg-kuivtoit-vaikest-tougu-kutsikatele-kanaga\/"},"modified":"2025-08-20T14:34:32","modified_gmt":"2025-08-20T14:34:32","slug":"royal-canin-puppy-mini-8-kg-kuivtoit-vaikest-tougu-kutsikatele-kanaga","status":"publish","type":"product","link":"https:\/\/blankpage.ee\/_ruumist-ruumi\/pood\/royal-canin-puppy-mini-8-kg-kuivtoit-vaikest-tougu-kutsikatele-kanaga\/","title":{"rendered":"Royal Canin Puppy Mini 8 kg kuivtoit v\u00e4ikest t\u00f5ugu kutsikatele kanaga"},"content":{"rendered":"<h3>Royal Canin Puppy Mini 8 kg kuivtoit v\u00e4ikest t\u00f5ugu kutsikatele<\/h3>\n<p>Royal Canin Puppy Mini 8 kg kuivtoit on v\u00e4lja t\u00f6\u00f6tatud spetsiaalselt v\u00e4ikest kasvu koerat\u00f5ugude kutsikatele (t\u00e4iskasvanud koera kaal kuni 10 kg), kellel on kasvuperioodil erilised toitainevajadused. See toit tagab k\u00f5ik vajaliku alates tugeva immuuns\u00fcsteemi arengust kuni tervete luude, hammaste ning tasakaalustatud seedimise toetamiseni. Sobib Mini ja X-Small t\u00f5ugudele, n\u00e4iteks malta bichonile v\u00f5i Jack Russelli terjerile. Toode ei sisalda kunstlikke v\u00e4rvaineid ning on laktoosivaba, mis aitab kaasa kutsika \u00fcldisele heaolule ja seedimisele.<\/p>\n<h3>Peamised omadused<\/h3>\n<ul>\n<li>T\u00e4isv\u00e4\u00e4rtuslik kuivtoit v\u00e4ikest t\u00f5ugu kutsikatele (2\u201310 kg ja alla 4 kg)<\/li>\n<li>Sobib kutsikatele vanuses 2\u201310 kuud<\/li>\n<li>Eriti sobivas suuruses kr\u00f5binad v\u00e4ikestele l\u00f5ugadele<\/li>\n<li>P\u00f5himaitse: kana \u2013 kergesti seeditav valguallikas<\/li>\n<li>Toetab tugevat immuuns\u00fcsteemi ning ajut\u00f6\u00f6 arengut (sisaldab antioks\u00fcdante, DHA-d ja vitamiine E, A ja D3)<\/li>\n<li>S\u00e4ilitusainete- ja kunstlike v\u00e4rvainetevaba<\/li>\n<li>Ei sisalda laktoosi, kuid ei ole gluteenivaba<\/li>\n<li>Toetab seedetrakti tasakaalu t\u00e4nu prebiootikumidele ja v\u00e4ga h\u00e4sti seeditavatele valkudele (L.I.P.)<\/li>\n<li>Optimaalne valgu (31%) ja rasvasisaldus (20%) toetab energiarikast toitu kiire kasvu jaoks<\/li>\n<li>Aitab kaasa hammaste h\u00fcgieenile, v\u00e4hendades hambakatu teket<\/li>\n<\/ul>\n<h3>Tehnilised andmed<\/h3>\n<ul>\n<li>Kogus: 8 kg (pakendi kaal 8100 g)<\/li>\n<li>M\u00f5\u00f5dud: 520 \u00d7 380 \u00d7 100 mm<\/li>\n<li>EAN: 3182550793049<\/li>\n<li>P\u00f5himaitse: kana<\/li>\n<li>Annustamise vorm: kuivtoit\/kr\u00f5binad<\/li>\n<li>Proteiinisisaldus: 31%<\/li>\n<li>Rasvasisaldus: 20%<\/li>\n<li>Toorkiud: 1,5%<\/li>\n<li>Toorvalk: 7,3%<\/li>\n<li>Sobiv vanus: kutsikas<\/li>\n<li>Pakend: taassuletav kott<\/li>\n<\/ul>\n<h3>Kasutamisjuhised<\/h3>\n<p>S\u00f6\u00f6da Royal Canin Puppy Mini kuivtoitu vastavalt kasutus- ja annustamisjuhistele, mille leiad pakendilt. Veendu, et kutsika toidukauss on alati puhas, et v\u00e4ltida toidu saastumist. Kohanda portsjoni suurust vastavalt kutsika vanusele, kehakaalule ja aktiivsusele \u2013 kasvuperioodi alguses on vajadus suurem, hiljem v\u00e4heneb.<\/p>\n<ul>\n<li>Hoia toitu kuivas ja jahedas, otsese p\u00e4ikesevalguse eest kaitstuna<\/li>\n<li>Paku alati v\u00e4rsket vett<\/li>\n<li>Kasutada soovitatavalt \u00fchte kaussi \u00fche koera kohta<\/li>\n<li>T\u00e4pse annustamise osas k\u00fcsi n\u00f5u loomaarstilt<\/li>\n<\/ul>\n<p>See kuivtoit \u00fchendab Royal Canini teadusp\u00f5hise l\u00e4henemise v\u00e4ikeste koerat\u00f5ugude kutsikate kasvuperioodi toetamiseks ning on v\u00e4lja t\u00f6\u00f6tatud koost\u00f6\u00f6s veterinaaridega. Toode on saanud kasvatajate seas k\u00f5rge rahuloluprotsendi.<br \/>P\u00f5hjalikud infograafikud kinnitavad kr\u00f5binate sobivat suurust, toitainete tasakaalu ning pakendit\u00fc\u00fcbi muudatusi.<\/p>\n<p><em>M\u00e4rks\u00f5na: mini kutsika kuivtoit 8 kg. Sobib v\u00e4ikestele t\u00f5ugudele, v\u00f5imaldades tasakaalustatud kasvu ja tugevat tervist kogu kutsikap\u00f5lve jooksul.<\/em><\/p>\n","protected":false},"excerpt":{"rendered":"<p>Royal Canin Puppy Mini 8 kg kuivtoit on m\u00f5eldud v\u00e4ikest t\u00f5ugu kuni 10 kg kutsikatele, tagades tasakaalustatud toitumise kasvuperioodil. Toit sisaldab kanaliha ja olulisi vitamiine ning toetab immuuns\u00fcsteemi ja tervislikku arengut.<\/p>\n","protected":false},"featured_media":257159,"comment_status":"open","ping_status":"closed","template":"","meta":[],"product_brand":[7146],"product_cat":[7203],"product_tag":[],"class_list":{"0":"post-257160","1":"product","2":"type-product","3":"status-publish","4":"has-post-thumbnail","6":"product_brand-royal-canin","7":"product_cat-kuivtoit-koertele","8":"product_shipping_class-action","9":"pa_annustamise-vorm-tahke","10":"pa_gluteenivaba-ei","11":"pa_hoiatused-eemal-otsesest-paikesevalgusest-veendu","12":"pa_hoiatused-et-koera-kauss-oleks-alati-puhas","13":"pa_hoiatused-et-valtida-toidu-saastumist-jargi-pakendil-toodud-soovitatud-sootmiskogust","14":"pa_hoiatused-hoia-kuivas-ja-jahedas-2","15":"pa_ilma-kunstlike-varvideta-jah","16":"pa_kaaluvahemik-5-kg-99-kg-2","17":"pa_koeratoug-koik-kaabuskoeratoud","18":"pa_koeratoug-vaikest-tougu-koerad","19":"pa_laktoosivaba-jah","20":"pa_lemmikloomatoug-jack-russelli-terjer-2","21":"pa_lemmikloomatoug-malta-bichon","22":"pa_lemmiku-eluetapp-kassipojad","23":"pa_lemmiku-eluetapp-kutsikad","24":"pa_lemmiku-vajadused-kasvuperiood","25":"pa_lemmiku-vanus-noorloom","26":"pa_lisafunktsioonid-kasvuperiood","27":"pa_lisafunktsioonid-uldine-tervis","28":"pa_loomaliik-koer","29":"pa_pakendi-tuup-kott","30":"pa_pohimaitse-kana","31":"pa_pohimaitse-linnuliha","32":"pa_proteiin-7895","33":"pa_rasva-sisaldus-7884","34":"pa_sailitusaineteta-jah","35":"pa_seeria-royal-canin-size-health-nutrition","36":"pa_sobivus-koerale","37":"pa_sojavaba-ei","38":"pa_suhkruvaba-andmed-puuduvad","39":"pa_tervisemoju-terve-kasv","40":"pa_tervisemoju-terved-luud","41":"pa_tervisemoju-tugevad-ja-vastupidavad-hambad","42":"pa_toorkiud-7713","43":"pa_toorvalk-7487","44":"pa_tou-suurus-vaike-2-10-kg-2","46":"first","47":"instock","48":"taxable","49":"shipping-taxable","50":"purchasable","51":"product-type-simple"},"_links":{"self":[{"href":"https:\/\/blankpage.ee\/_ruumist-ruumi\/wp-json\/wp\/v2\/product\/257160","targetHints":{"allow":["GET"]}}],"collection":[{"href":"https:\/\/blankpage.ee\/_ruumist-ruumi\/wp-json\/wp\/v2\/product"}],"about":[{"href":"https:\/\/blankpage.ee\/_ruumist-ruumi\/wp-json\/wp\/v2\/types\/product"}],"replies":[{"embeddable":true,"href":"https:\/\/blankpage.ee\/_ruumist-ruumi\/wp-json\/wp\/v2\/comments?post=257160"}],"wp:featuredmedia":[{"embeddable":true,"href":"https:\/\/blankpage.ee\/_ruumist-ruumi\/wp-json\/wp\/v2\/media\/257159"}],"wp:attachment":[{"href":"https:\/\/blankpage.ee\/_ruumist-ruumi\/wp-json\/wp\/v2\/media?parent=257160"}],"wp:term":[{"taxonomy":"product_brand","embeddable":true,"href":"https:\/\/blankpage.ee\/_ruumist-ruumi\/wp-json\/wp\/v2\/product_brand?post=257160"},{"taxonomy":"product_cat","embeddable":true,"href":"https:\/\/blankpage.ee\/_ruumist-ruumi\/wp-json\/wp\/v2\/product_cat?post=257160"},{"taxonomy":"product_tag","embeddable":true,"href":"https:\/\/blankpage.ee\/_ruumist-ruumi\/wp-json\/wp\/v2\/product_tag?post=257160"}],"curies":[{"name":"wp","href":"https:\/\/api.w.org\/{rel}","templated":true}]}}