{"id":257167,"date":"2025-08-06T07:23:33","date_gmt":"2025-08-06T07:23:33","guid":{"rendered":"https:\/\/ruumistruumi.ee\/pood\/hills-prescription-diet-c-d-multicare-12-kg-kanaga-veterinaarne-kuivtoit-taiskasvanud-koertele-kuseteede-tervise-toetuseks\/"},"modified":"2025-08-20T14:34:27","modified_gmt":"2025-08-20T14:34:27","slug":"hills-prescription-diet-c-d-multicare-12-kg-kanaga-veterinaarne-kuivtoit-taiskasvanud-koertele-kuseteede-tervise-toetuseks","status":"publish","type":"product","link":"https:\/\/blankpage.ee\/_ruumist-ruumi\/pood\/hills-prescription-diet-c-d-multicare-12-kg-kanaga-veterinaarne-kuivtoit-taiskasvanud-koertele-kuseteede-tervise-toetuseks\/","title":{"rendered":"Hill&#8217;s Prescription Diet c\/d Multicare 12 kg kanaga veterinaarne kuivtoit t\u00e4iskasvanud koertele kuseteede tervise toetuseks"},"content":{"rendered":"<h3>Hill&#8217;s Prescription Diet c\/d Multicare 12 kg kanaga veterinaarne kuivtoit koertele<\/h3>\n<p>Hill\u2019s Prescription Diet c\/d Multicare kuivtoit kanaga on spetsiaalselt v\u00e4lja t\u00f6\u00f6tatud t\u00e4iskasvanud koertele, kellel esineb v\u00f5i on risk kuseteede kivide tekkeks. See vetdiet sobib igas suuruses ja igat t\u00f5ugu koertele ning toetab efektiivselt koera kuseteede tervist \u2013 aidates lahustada olemasolevaid struviitkive ning ennetada uute kivide moodustumist. Toode on soovitatav kasutada veterinaararsti juhendamisel, et toetada koera heaolu ja v\u00e4ltida korduvaid uriini- ning p\u00f5iekivide probleeme.<\/p>\n<h3>Peamised omadused<\/h3>\n<ul>\n<li>Kliiniliselt t\u00f5estatud efekt struviitkivide lahustamisel ja taastekke ennetamisel<\/li>\n<li>Tasakaalustatud mineraalide sisaldus, aitab v\u00e4hendada kuseteede kivide riski<\/li>\n<li>Kanaliha p\u00f5hikoostisosana sobib ka valivatele koertele<\/li>\n<li>Sobib igale t\u00e4iskasvanud koerat\u00f5ule (2\u201380 kg), samuti igas vanuses t\u00e4iskasvanud koertele<\/li>\n<li>Toetab tervete kuseteede s\u00e4ilimist pikaajalisel kasutamisel<\/li>\n<li>Ei sisalda laktoosi \u2013 sobib ka tundliku seedimisega lemmikutele<\/li>\n<li>Suur pakend (12 kg) sobib ka mitme koera pidajale v\u00f5i suurtele t\u00f5ugudele<\/li>\n<\/ul>\n<h3>Tehnilised andmed<\/h3>\n<ul>\n<li>EAN: 052742917603<\/li>\n<li>M\u00f5\u00f5tmed: 380 \u00d7 120 \u00d7 510 mm<\/li>\n<li>Kaal: 12,1 kg (pakendi kaal)<\/li>\n<li>Annustamisvorm: Kuivtoit (krokett)<\/li>\n<li>Proteiin: 21,2%<\/li>\n<li>Toorvalk: 4,9%<\/li>\n<li>Toorkiud: 2%<\/li>\n<li>Rasvasisaldus: 16,7%<\/li>\n<li>Omega-6 rasvhapped: 3,83%<\/li>\n<li>Omega-3 rasvhapped: 0,85%<\/li>\n<li>Naatrium: 0,24%<\/li>\n<li>Kaalium: 0,75%<\/li>\n<li>Kaltsium: 0,68%<\/li>\n<li>Pakend: Tugev kott<\/li>\n<li>Alamkategooria: Veterinaarne dieettoit<\/li>\n<\/ul>\n<h3>Energiat\u00f5husus ja kasumlikkus<\/h3>\n<p>Hill\u2019s Prescription Diet c\/d Multicare kuivtoit on koostatud nii, et toetab koera igap\u00e4evast energiavajadust tervislikul moel, pakkudes tasakaalustatud toitaineid ilma liigsete mineraalide v\u00f5i rasvadeta. Optimeeritud retsept v\u00e4hendab koera uriinis mineraalide liigset kontsentratsiooni, aidates seel\u00e4bi \u00e4ra hoida kivide taasteket. See toetab pikaajalist tervist, mis aitab raviarvetelt kokku hoida ja muudab investeeringu toitu m\u00f5istlikuks.<\/p>\n<h3>Sobivus ja \u00fchilduvus<\/h3>\n<ul>\n<li>Sobib igas suuruses (2\u201380 kg) ja igale koerat\u00f5ule<\/li>\n<li>M\u00f5eldud t\u00e4iskasvanud koertele, sobib ka eakamatele<\/li>\n<li>Laktoosivaba \u2013 sobib tundliku seedimise v\u00f5i toidutalumatusega koertele<\/li>\n<\/ul>\n<h3>Kasutamisjuhised<\/h3>\n<p>Paku toitu vastavalt koera kehakaalule \u2013 soovitatavad p\u00e4evased kogused leiad pakendilt. Soovitatav on toitu anda ainult loomaarsti soovitusel, eriti kroonilise v\u00f5i korduva kuseteede haiguse korral. V\u00e4rske joogivesi peab olema alati saadaval. S\u00e4ilita toitu jahedas ning kuivas, sulge avatud pakend, et s\u00e4ilitada krokettide v\u00e4rskus. Koera toidun\u00f5u hoia puhtana, et v\u00e4ltida toidu saastumist.<\/p>\n<h3>T\u00f6\u00f6kindlus ja garantii<\/h3>\n<p>Hill\u2019s Prescription Diet kuulub rahvusvaheliselt tuntud Hill\u2019s sarja ning on loodud koost\u00f6\u00f6s loomaarstidega. Koostisained on hoolikalt valitud ning toode on l\u00e4binud kvaliteedikontrolli. Soovitatav kasutada ainult veterinaarse juhendiga, mis tagab toote maksimaalse efektiivsuse.<\/p>\n<h3>Komplekti sisu<\/h3>\n<ul>\n<li>12 kg kuivtoitu tugevasti suletavas kotis<\/li>\n<li>Annustamis- ja kasutussoovitused pakendil<\/li>\n<\/ul>\n<h3>Hinna ja kvaliteedi suhe<\/h3>\n<p>Hill\u2019s Prescription Diet c\/d Multicare pakub kliiniliselt t\u00f5estatud tuge kuseteede tervisele ning v\u00f5ib v\u00e4hendada korduvate terviseprobleemide riski. T\u00e4nu suurele 12 kg pakile sobib toit ka mitmele koerale v\u00f5i suurematele t\u00f5ugudele ja on kuluefektiivne valik n\u00f5udlikule koeraomanikule.<\/p>\n","protected":false},"excerpt":{"rendered":"<p>Hill\u2019s Prescription Diet c\/d Multicare kuivtoit kanaga on t\u00e4iskasvanud koertele m\u00f5eldud vetdiet, mis toetab kuseteede tervist ja aitab ennetada struviitkivide teket. Pakend: 12 kg, sobib k\u00f5ikidele t\u00f5ugudele ja suurustele.<\/p>\n","protected":false},"featured_media":257161,"comment_status":"open","ping_status":"closed","template":"","meta":[],"product_brand":[7150],"product_cat":[7203],"product_tag":[],"class_list":{"0":"post-257167","1":"product","2":"type-product","3":"status-publish","4":"has-post-thumbnail","6":"product_brand-hills","7":"product_cat-kuivtoit-koertele","8":"product_shipping_class-action","9":"pa_annustamise-vorm-tahke","10":"pa_hoiatused-eemal-otsesest-paikesevalgusest-2","11":"pa_hoiatused-et-koera-toidukauss-oleks-alati-puhas","12":"pa_hoiatused-et-valtida-toidu-saastumist","13":"pa_hoiatused-jalgige-soovituslikku-toitmiskogust-vastavalt-pakendil-olevale-juhendile","14":"pa_hoiatused-sailitada-kuivas-ja-jahedas-kohas","15":"pa_hoiatused-tagage","16":"pa_kaaliumi-sisaldus-12458","17":"pa_kaaluvahemik-10-kg-159-kg","18":"pa_kaltsium-13267","19":"pa_koeratoug-koik-toud","20":"pa_laktoosivaba-jah","21":"pa_lemmiku-eluetapp-taiskasvanud","22":"pa_lemmiku-vajadused-kuseteede-kaitse","23":"pa_lemmiku-vajadused-struviitkivide-lahustamine","24":"pa_lemmiku-vajadused-struviitkivide-tekke-ennetamine","25":"pa_lemmiku-vanus-taiskasvanu","26":"pa_lisafunktsioonid-haige-kuseteede-susteem","27":"pa_loomaliik-koer","28":"pa_naatrium-8365","29":"pa_omega-3-rasvhapped-13266","30":"pa_omega-6-rasvhapped-8312","31":"pa_pakendi-tuup-kott","32":"pa_pohimaitse-kana","33":"pa_proteiin-13265","34":"pa_rasva-sisaldus-13268","35":"pa_seeria-hills-prescription-diet","36":"pa_sobivus-koerale","37":"pa_tervisemoju-kuseteede-tervis","38":"pa_toorkiud-7300","39":"pa_toorvalk-8284","40":"pa_tou-suurus-koik-suurused-2-80kg","42":"first","43":"outofstock","44":"taxable","45":"shipping-taxable","46":"purchasable","47":"product-type-simple"},"_links":{"self":[{"href":"https:\/\/blankpage.ee\/_ruumist-ruumi\/wp-json\/wp\/v2\/product\/257167","targetHints":{"allow":["GET"]}}],"collection":[{"href":"https:\/\/blankpage.ee\/_ruumist-ruumi\/wp-json\/wp\/v2\/product"}],"about":[{"href":"https:\/\/blankpage.ee\/_ruumist-ruumi\/wp-json\/wp\/v2\/types\/product"}],"replies":[{"embeddable":true,"href":"https:\/\/blankpage.ee\/_ruumist-ruumi\/wp-json\/wp\/v2\/comments?post=257167"}],"wp:featuredmedia":[{"embeddable":true,"href":"https:\/\/blankpage.ee\/_ruumist-ruumi\/wp-json\/wp\/v2\/media\/257161"}],"wp:attachment":[{"href":"https:\/\/blankpage.ee\/_ruumist-ruumi\/wp-json\/wp\/v2\/media?parent=257167"}],"wp:term":[{"taxonomy":"product_brand","embeddable":true,"href":"https:\/\/blankpage.ee\/_ruumist-ruumi\/wp-json\/wp\/v2\/product_brand?post=257167"},{"taxonomy":"product_cat","embeddable":true,"href":"https:\/\/blankpage.ee\/_ruumist-ruumi\/wp-json\/wp\/v2\/product_cat?post=257167"},{"taxonomy":"product_tag","embeddable":true,"href":"https:\/\/blankpage.ee\/_ruumist-ruumi\/wp-json\/wp\/v2\/product_tag?post=257167"}],"curies":[{"name":"wp","href":"https:\/\/api.w.org\/{rel}","templated":true}]}}