{"id":257185,"date":"2025-08-06T07:24:50","date_gmt":"2025-08-06T07:24:50","guid":{"rendered":"https:\/\/ruumistruumi.ee\/pood\/brit-premium-by-nature-senior-l-xl-15-kg-kanaliha-kuivtoit-eakatele-suurtele-koertele-liigeste-ja-vitaalsuse-toetuseks\/"},"modified":"2025-08-20T14:33:23","modified_gmt":"2025-08-20T14:33:23","slug":"brit-premium-by-nature-senior-l-xl-15-kg-kanaliha-kuivtoit-eakatele-suurtele-koertele-liigeste-ja-vitaalsuse-toetuseks","status":"publish","type":"product","link":"https:\/\/blankpage.ee\/_ruumist-ruumi\/pood\/brit-premium-by-nature-senior-l-xl-15-kg-kanaliha-kuivtoit-eakatele-suurtele-koertele-liigeste-ja-vitaalsuse-toetuseks\/","title":{"rendered":"Brit Premium by Nature Senior L\/XL 15 kg kanaliha kuivtoit eakatele suurtele koertele liigeste ja vitaalsuse toetuseks"},"content":{"rendered":"<h3>Brit Premium by Nature Senior L\/XL 15 kg kanaliha kuivtoit eakatele suurtele koertele liigeste ja vitaalsuse toetuseks<\/h3>\n<p>BRIT Premium by Nature Senior Large \/ Extra Large Chicken on spetsiaalselt loodud kuivtoit eakatele (\u00fcle 7-aastastele) suur- ja hiigelt\u00f5ugu koertele, kelle kehakaal on 25\u201390 kg. Selle toitaineterikka retsepti eesm\u00e4rk on aidata aeglustada vananemisprotsessi, s\u00e4ilitada eluj\u00f5ulisust, toetada liigeseid ja s\u00e4ilitada tervislikku kehakaalu. Toidus kasutatakse rohkelt v\u00e4rsket kanaliha, mis tagab k\u00f5rge valgusisalduse ja hea maitse.<\/p>\n<h3>Peamised omadused<\/h3>\n<ul>\n<li>K\u00f5rge kanaliha sisaldus \u2013 45%, millest 25% kuivatatud ja 20% kondita kana<\/li>\n<li>Sobib suurte ja v\u00e4ga suurte koerat\u00f5ugudele kehakaaluga 25\u201390 kg<\/li>\n<li>Toetab liigeste, k\u00f5hrede ja s\u00fcdame tervist ning vitaalsust<\/li>\n<li>Sisaldab gl\u00fckoosamiini, kondroitiini ja kollageeni liigeste kaitseks<\/li>\n<li>Laktoosivaba ja sojavaba koostis<\/li>\n<li>Ei sisalda s\u00fcnteetilisi s\u00e4ilitusaineid ega kunstlikke v\u00e4rvaineid<\/li>\n<li>Maitseb kanaliha ning sisaldab erinevaid puu- ja k\u00f6\u00f6givilju ning \u00fcrte<\/li>\n<li>Sobib \u00fclekaalulistele koertele t\u00e4nu kontrollitud rasvasisaldusele<\/li>\n<\/ul>\n<h3>Tehnilised andmed<\/h3>\n<ul>\n<li>P\u00f5himaitse: kana<\/li>\n<li>Pakendi kaal: 15 kg<\/li>\n<li>M\u00f5\u00f5tmed: 580 x 160 x 380 mm<\/li>\n<li>Toorproteiin: 27%<\/li>\n<li>Rasvasisaldus: 14%<\/li>\n<li>Niiskus: 10%<\/li>\n<li>Toorkiud: 3%<\/li>\n<li>Toortuhk: 7,2%<\/li>\n<li>Kaltsium: 1,5%, fosfor: 1,1%<\/li>\n<li>Metaboliseeritav energia: 3 770 kcal\/kg<\/li>\n<li>EAN: 8595602526482<\/li>\n<li>Sobib suurtele ja v\u00e4ga suurtele koerat\u00f5ugudele vanuses 7+ aastat<\/li>\n<li>Pakend: tugev kott, mis on mugav hoiustamiseks<\/li>\n<\/ul>\n<h3>Kasutamisjuhised<\/h3>\n<p>Soovitatav anda toitu kas kuivalt v\u00f5i leige veega niisutatult. P\u00e4evane toidukogus tuleks jagada 1\u20132 portsjoniks. Uuele toidule \u00fcleminekul segada alguses olemasoleva s\u00f6\u00f6daga ning j\u00e4rk-j\u00e4rgult suurendada Brit Premium by Nature Senior kuivtoidu osakaalu, kuni kogu s\u00f6\u00f6k koosneb uuest toidust. V\u00e4rske joogivesi peab olema alati saadaval. S\u00e4ilitada jahedas, kuivas kohas, kaitstult otsese p\u00e4ikesevalguse eest, ning j\u00e4rgida alati pakendil toodud s\u00f6\u00f6tmissoovitusi.<\/p>\n<h3>Lisaeelised ja sobivus<\/h3>\n<ul>\n<li>Kana kuivtoit eakale suurele koerale aitab ennetada liigeseprobleeme ning toetab aktiivset ja tervislikku vananemist.<\/li>\n<li>Toode sobib nii suurtele kui ka v\u00e4ga suurtele koerat\u00f5ugudele ning on laktoosivaba, sojavaba ning ilma kunstlike v\u00e4rvaineteta.<\/li>\n<li>Toit sisaldab olulisi vitamiine ja mineraalaineid, mis toetavad immuuns\u00fcsteemi ja \u00fcldist tervist.<\/li>\n<\/ul>\n<h3>Komplektis ja vajalikud lisad<\/h3>\n<ul>\n<li>Komplektis: 1 x 15 kg kuivtoitu tugevast kotist<\/li>\n<li>Lisavarustust ei ole vaja, kuid soovitatav on kasutada toidukausse ja s\u00e4ilituskonteinerit<\/li>\n<\/ul>\n<h3>Hinna ja kvaliteedi suhe<\/h3>\n<p>Brit Premium by Nature Senior L\/XL 15 kg on loodud arvestades suurte ja v\u00e4ga suurte koerte vajadusi. K\u00f5rge kanaliha ja toimeainete sisaldus ning tasakaalustatud koostis tagavad pikaajalise v\u00e4\u00e4rtuse ja aitavad ennetada terviseprobleeme. Sobib igale loomaomanikule, kes soovib oma eakale suurele koerale kvaliteetset ja tasakaalustatud toitu pakkuda.<\/p>\n","protected":false},"excerpt":{"rendered":"<p>Brit Premium by Nature Senior L\/XL on k\u00f5rge kanaliha sisaldusega kuivtoit eakatele suurtele koertele, toetades liigeste tervist ja vitaalsust. Sobib t\u00f5ugudele alates 25 kg, laktoosivaba ning sojavaba.<\/p>\n","protected":false},"featured_media":257184,"comment_status":"open","ping_status":"closed","template":"","meta":[],"product_brand":[7179],"product_cat":[7203],"product_tag":[],"class_list":{"0":"post-257185","1":"product","2":"type-product","3":"status-publish","4":"has-post-thumbnail","6":"product_brand-brit","7":"product_cat-kuivtoit-koertele","8":"product_shipping_class-action","9":"pa_annustamise-vorm-tahke","10":"pa_gluteenivaba-ei","11":"pa_hoiatused-et-valtida-toidu-saastumist-jargi-sootmissoovitusi-pakendil","12":"pa_hoiatused-hoida-kuivas-ja-jahedas-2","13":"pa_hoiatused-otsese-paikese-eest-kaitstult-hoia-koera-kauss-alati-puhtana","14":"pa_ilma-kunstlike-varvideta-jah","15":"pa_kaaluvahemik-10-kg-159-kg","16":"pa_koeratoug-koik-suured-ja-hiiglaslikud-koeratoud","17":"pa_laktoosivaba-jah","18":"pa_lemmiku-eluetapp-eakad","19":"pa_lemmiku-vajadused-aeglustab-vananemisprotsessi","20":"pa_lemmiku-vajadused-vitaalsus","21":"pa_lemmiku-vanus-senior","22":"pa_lisafunktsioonid-eakatele","23":"pa_lisafunktsioonid-liigeste-tugi","24":"pa_lisafunktsioonid-uldine-tervis","25":"pa_lisafunktsioonid-ulekaal","26":"pa_loomaliik-koer","27":"pa_niiskuse-sisaldus-7442","28":"pa_pakendi-tuup-kott","29":"pa_pohimaitse-kana","30":"pa_proteiin-7486","31":"pa_rasva-sisaldus-7733","32":"pa_sailitusaineteta-jah","33":"pa_seeria-brit-premium-by-nature","34":"pa_sobivus-koerale","35":"pa_sojavaba-jah","36":"pa_suhkruvaba-andmed-puuduvad","37":"pa_tervisemoju-vitaalsus","38":"pa_toorkiud-7537","39":"pa_toorvalk-8780","40":"pa_tou-suurus-suur-toug-25-45-kg","42":"first","43":"instock","44":"taxable","45":"shipping-taxable","46":"purchasable","47":"product-type-simple"},"_links":{"self":[{"href":"https:\/\/blankpage.ee\/_ruumist-ruumi\/wp-json\/wp\/v2\/product\/257185","targetHints":{"allow":["GET"]}}],"collection":[{"href":"https:\/\/blankpage.ee\/_ruumist-ruumi\/wp-json\/wp\/v2\/product"}],"about":[{"href":"https:\/\/blankpage.ee\/_ruumist-ruumi\/wp-json\/wp\/v2\/types\/product"}],"replies":[{"embeddable":true,"href":"https:\/\/blankpage.ee\/_ruumist-ruumi\/wp-json\/wp\/v2\/comments?post=257185"}],"wp:featuredmedia":[{"embeddable":true,"href":"https:\/\/blankpage.ee\/_ruumist-ruumi\/wp-json\/wp\/v2\/media\/257184"}],"wp:attachment":[{"href":"https:\/\/blankpage.ee\/_ruumist-ruumi\/wp-json\/wp\/v2\/media?parent=257185"}],"wp:term":[{"taxonomy":"product_brand","embeddable":true,"href":"https:\/\/blankpage.ee\/_ruumist-ruumi\/wp-json\/wp\/v2\/product_brand?post=257185"},{"taxonomy":"product_cat","embeddable":true,"href":"https:\/\/blankpage.ee\/_ruumist-ruumi\/wp-json\/wp\/v2\/product_cat?post=257185"},{"taxonomy":"product_tag","embeddable":true,"href":"https:\/\/blankpage.ee\/_ruumist-ruumi\/wp-json\/wp\/v2\/product_tag?post=257185"}],"curies":[{"name":"wp","href":"https:\/\/api.w.org\/{rel}","templated":true}]}}