{"id":257304,"date":"2025-08-06T07:31:24","date_gmt":"2025-08-06T07:31:24","guid":{"rendered":"https:\/\/ruumistruumi.ee\/pood\/biofeed-tasty-life-beef-12-kg-kuivtoit-keskmistele-ja-suurtele-taiskasvanud-koertele\/"},"modified":"2025-08-16T20:43:36","modified_gmt":"2025-08-16T20:43:36","slug":"biofeed-tasty-life-beef-12-kg-kuivtoit-keskmistele-ja-suurtele-taiskasvanud-koertele","status":"publish","type":"product","link":"https:\/\/blankpage.ee\/_ruumist-ruumi\/pood\/biofeed-tasty-life-beef-12-kg-kuivtoit-keskmistele-ja-suurtele-taiskasvanud-koertele\/","title":{"rendered":"BIOFEED Tasty Life Beef 12 kg kuivtoit keskmistele ja suurtele t\u00e4iskasvanud koertele"},"content":{"rendered":"<h3>BIOFEED Tasty Life Beef 12 kg kuivtoit keskmistele ja suurtele t\u00e4iskasvanud koertele<\/h3>\n<p>BIOFEED Tasty Life medium &amp; large Beef on t\u00e4iss\u00f6\u00f6t veiselihaga, mis on m\u00f5eldud keskmise (10\u201325 kg) ja suure t\u00f5u (25\u201345 kg) t\u00e4iskasvanud koertele. Toit sobib k\u00f5ikidele t\u00e4iskasvanud keskmist ja suurt t\u00f5ugu koertele, kellel ei ole erilisi toitumisvajadusi. Tasakaalustatud retsept k\u00f5rge valgusisaldusega (25%) ja rasvasisaldusega (14%) toetab lihaste arengut ning annab vajalikku energiat. Toit on valmistatud ilma kunstlike v\u00e4rvaineteta ning sisaldab 80% loomset p\u00e4ritolu valku. Koostises on veiseliha, mis tagab hea toitainete omastatavuse. Kuivtoit on tahkel kujul ning pakendatud 12 kg kotti.<\/p>\n<ul>\n<li><strong>Lisafunktsioonid<\/strong>: Toetab lihaste arengut<\/li>\n<li><strong>T\u00f5u suurus<\/strong>: Keskmise t\u00f5u koertele (10\u201325 kg), suure t\u00f5u koertele (25\u201345 kg)<\/li>\n<li><strong>P\u00f5himaitse<\/strong>: Veiseliha<\/li>\n<li><strong>Lemmiku vanus<\/strong>: T\u00e4iskasvanud<\/li>\n<li><strong>Ilma kunstlike v\u00e4rvaineteta<\/strong>: Jah<\/li>\n<li><strong>Proteiin<\/strong>: 25%<\/li>\n<li><strong>Rasvasisaldus<\/strong>: 14%<\/li>\n<li><strong>Toorkiud<\/strong>: 3%<\/li>\n<li><strong>Toortuhk<\/strong>: 9,5%<\/li>\n<li><strong>Gluteenivaba<\/strong>: Ei<\/li>\n<li><strong>Pakendi t\u00fc\u00fcp<\/strong>: Kott<\/li>\n<li><strong>Kaaluvahemik<\/strong>: 12 kg<\/li>\n<li><strong>EAN<\/strong>: 5906744519936<\/li>\n<li><strong>Toote ID<\/strong>: DLPBFDKAS0072<\/li>\n<li><strong>M\u00f5\u00f5tmed<\/strong>: 414\u00d7592\u00d7207 mm<\/li>\n<li><strong>Kaal<\/strong>: 12 151 g<\/li>\n<\/ul>\n<p><strong>Hoiatused:<\/strong> Hoida kuivas ja jahedas kohas, eemal otsesest p\u00e4ikesevalgusest. Tagage, et koera toidukauss oleks alati puhas, et v\u00e4ltida toidu saastumist. J\u00e4rgige soovituslikku toitmissoovitust, mis on m\u00e4rgitud pakendil.<\/p>\n","protected":false},"excerpt":{"rendered":"<p>BIOFEED Tasty Life Beef 12 kg on t\u00e4iss\u00f6\u00f6t veiselihaga keskmise ja suure t\u00f5u t\u00e4iskasvanud koertele. Sisaldab 25% valku ja 14% rasva lihaste arengu toetamiseks.<\/p>\n","protected":false},"featured_media":257303,"comment_status":"open","ping_status":"closed","template":"","meta":[],"product_brand":[7195],"product_cat":[7203],"product_tag":[],"class_list":{"0":"post-257304","1":"product","2":"type-product","3":"status-publish","4":"has-post-thumbnail","6":"product_brand-biofeed","7":"product_cat-kuivtoit-koertele","8":"product_shipping_class-action","9":"pa_annustamise-vorm-tahke","10":"pa_gluteenivaba-ei","11":"pa_hoiatused-eemal-otsesest-paikesevalgusest-tagage","12":"pa_hoiatused-et-koera-toidukauss-oleks-alati-puhas","13":"pa_hoiatused-et-valtida-toidu-saastumist-jargige-toitmissoovitusi","14":"pa_hoiatused-hoida-kuivas-ja-jahedas-kohas-2","15":"pa_hoiatused-mis-on-kirjas-pakendil","16":"pa_ilma-kunstlike-varvideta-jah","17":"pa_kaaluvahemik-10-kg-159-kg","18":"pa_koeratoug-koik-keskmist-kasvu-koeratoud","19":"pa_koeratoug-koik-suured-koeratoud","20":"pa_lemmiku-eluetapp-taiskasvanud","21":"pa_lemmiku-vajadused-pole-spetsiifilisi-vajadusi","22":"pa_lemmiku-vanus-taiskasvanud","23":"pa_lisafunktsioonid-lihaste-arendamine","24":"pa_pakendi-tuup-kott","25":"pa_pohimaitse-veiseliha","26":"pa_proteiin-7539","27":"pa_rasva-sisaldus-7733","28":"pa_seeria-biofeed-tasty-life","29":"pa_sobivus-koerale","30":"pa_sojavaba-andmed-puuduvad","31":"pa_suhkruvaba-andmed-puuduvad","32":"pa_toorkiud-7537","33":"pa_toorvalk-11940","34":"pa_tou-suurus-keskmine-toug-10-25-kg","35":"pa_tou-suurus-suur-toug-25-45-kg","37":"first","38":"outofstock","39":"taxable","40":"shipping-taxable","41":"purchasable","42":"product-type-simple"},"_links":{"self":[{"href":"https:\/\/blankpage.ee\/_ruumist-ruumi\/wp-json\/wp\/v2\/product\/257304","targetHints":{"allow":["GET"]}}],"collection":[{"href":"https:\/\/blankpage.ee\/_ruumist-ruumi\/wp-json\/wp\/v2\/product"}],"about":[{"href":"https:\/\/blankpage.ee\/_ruumist-ruumi\/wp-json\/wp\/v2\/types\/product"}],"replies":[{"embeddable":true,"href":"https:\/\/blankpage.ee\/_ruumist-ruumi\/wp-json\/wp\/v2\/comments?post=257304"}],"wp:featuredmedia":[{"embeddable":true,"href":"https:\/\/blankpage.ee\/_ruumist-ruumi\/wp-json\/wp\/v2\/media\/257303"}],"wp:attachment":[{"href":"https:\/\/blankpage.ee\/_ruumist-ruumi\/wp-json\/wp\/v2\/media?parent=257304"}],"wp:term":[{"taxonomy":"product_brand","embeddable":true,"href":"https:\/\/blankpage.ee\/_ruumist-ruumi\/wp-json\/wp\/v2\/product_brand?post=257304"},{"taxonomy":"product_cat","embeddable":true,"href":"https:\/\/blankpage.ee\/_ruumist-ruumi\/wp-json\/wp\/v2\/product_cat?post=257304"},{"taxonomy":"product_tag","embeddable":true,"href":"https:\/\/blankpage.ee\/_ruumist-ruumi\/wp-json\/wp\/v2\/product_tag?post=257304"}],"curies":[{"name":"wp","href":"https:\/\/api.w.org\/{rel}","templated":true}]}}