{"id":257540,"date":"2025-08-06T07:45:53","date_gmt":"2025-08-06T07:45:53","guid":{"rendered":"https:\/\/ruumistruumi.ee\/pood\/farmina-nd-quinoa-skin-coat-hirveliha-ja-kookosega-25-kg-teraviljavaba-kuivtoit-vaikest-tougu-taiskasvanud-koertele\/"},"modified":"2025-08-21T09:57:38","modified_gmt":"2025-08-21T09:57:38","slug":"farmina-nd-quinoa-skin-coat-hirveliha-ja-kookosega-25-kg-teraviljavaba-kuivtoit-vaikest-tougu-taiskasvanud-koertele","status":"publish","type":"product","link":"https:\/\/blankpage.ee\/_ruumist-ruumi\/pood\/farmina-nd-quinoa-skin-coat-hirveliha-ja-kookosega-25-kg-teraviljavaba-kuivtoit-vaikest-tougu-taiskasvanud-koertele\/","title":{"rendered":"Farmina N&amp;D Quinoa Skin &amp; Coat hirveliha ja kookosega 2,5 kg teraviljavaba kuivtoit v\u00e4ikest t\u00f5ugu t\u00e4iskasvanud koertele"},"content":{"rendered":"<h3>Farmina N&amp;D Quinoa Skin &amp; Coat hirveliha ja kookosega 2,5 kg teraviljavaba kuivtoit v\u00e4ikest t\u00f5ugu t\u00e4iskasvanud koertele<\/h3>\n<p>Farmina N&amp;D Quinoa Skin &amp; Coat on spetsiaalselt v\u00e4ikest t\u00f5ugu t\u00e4iskasvanud koertele loodud kuivtoit, mille peamisteks koostisosadeks on kvaliteetne hirveliha ja toitev kookos. See toode on v\u00e4lja t\u00f6\u00f6tatud naha ja karvkatte tervise toetamiseks ning sobib h\u00e4sti ka tundlikele v\u00f5i allergilistele koertele. Teraviljavaba ja gluteenivaba koostis ning puuduvad kunstlikud s\u00e4ilitusained ja v\u00e4rvained teevad sellest koeratoidust eriti puhta ja loodusl\u00e4hedase valiku.<\/p>\n<h3>Kellele ja milleks see toode sobib?<\/h3>\n<p>See kuivtoit sobib v\u00e4ikest t\u00f5ugu (5\u201310 kg) ning ka minit\u00f5ugude t\u00e4iskasvanud koertele, kes vajavad naha ja karvkatte tervisele suunatud toitumisabi. Toode sobib ka toiduallergiatega koertele ning on sobiv n\u00e4iteks malta koertele ja teistele, kellel esineb gluteeni-, soja- v\u00f5i laktoositalumatus. Kui Sinu koeral esineb nahaprobleeme, tuhm karvkate v\u00f5i tundlik seedimine, aitab see toit parandada nii v\u00e4limust kui ka \u00fcldist enesetunnet.<\/p>\n<h3>Peamised omadused<\/h3>\n<ul>\n<li>P\u00f5hikomponendiks kvaliteetne hirveliha \u2013 ainus loomse valgu allikas (sobib allergikutele)<\/li>\n<li>Kookose ja kinoaga rikastatud \u2013 toetab naha tervist ja karvkatte l\u00e4iget<\/li>\n<li>Teraviljavaba ja gluteenivaba \u2013 sobib tundlikele ja allergilistele loomadele<\/li>\n<li>Ilma kunstlike s\u00e4ilitusainete ja v\u00e4rvaineteta<\/li>\n<li>Suhkruvaba, sojavaba, laktoosivaba koostis<\/li>\n<li>Sobib ka pikkade karvadega ja nahaprobleemidega t\u00f5ugudele (nt malta koerale)<\/li>\n<li>Spetsiaalselt v\u00e4ikest ja minit\u00f5ugu t\u00e4iskasvanud koertele<\/li>\n<li>Toetab immuuns\u00fcsteemi ja parandab karvan\u00e4\u00e4psude seisundit<\/li>\n<\/ul>\n<h3>Tehnilised andmed<\/h3>\n<ul>\n<li>Pakendi kaal: 2,5 kg (kogukaal 2565 g koos pakendiga)<\/li>\n<li>M\u00f5\u00f5tmed: 270 \u00d7 90 \u00d7 240 mm<\/li>\n<li>Toorproteiin: 23%<\/li>\n<li>Rasva sisaldus: 12%<\/li>\n<li>Niiskusesisaldus: 9%<\/li>\n<li>Toorkiud: 2,8%<\/li>\n<li>Toortuhk: 7,9%<\/li>\n<li>Koostis: hirveliha, deh\u00fcdreeritud hirveliha proteiin, hernet\u00e4rklis, heeringa\u00f5li, kinoaseemned, linaseemned, kuivatatud kookos, kurkum, ps\u00fclliumiseemned jt (t\u00e4psem nimekiri pakendil)<\/li>\n<li>Pakendi t\u00fc\u00fcp: kott<\/li>\n<li>EAN: 8010276040091; tootja kood: PND0250145; toote ID: DLPFRMKAS0006<\/li>\n<\/ul>\n<h3>Kasutamisjuhised<\/h3>\n<p>Parima tulemuse saavutamiseks toida koera vastavalt pakendil toodud juhistele ja koguse soovitustele, arvestades koera suurust, vanust ja aktiivsust. Veendu, et koeral oleks alati v\u00e4rske joogivesi saadaval ning pese regulaarselt toidukauss, v\u00e4ltimaks toidu riknemist v\u00f5i saastumist. Avatud pakendit hoia kuivas, jahedas ning p\u00e4ikese eest kaitstud kohas, sulge pakk hoolikalt p\u00e4rast igat kasutuskorda.<\/p>\n<h3>Miks valida Farmina N&amp;D Quinoa Skin &amp; Coat v\u00e4ikesele koerale?<\/h3>\n<p>See hirveliha ja kookosega koeratoit on ainulaadne lahendus v\u00e4ikest t\u00f5ugu koerte naha ja karvkatte toetamiseks. T\u00e4nu oma allergiavabale ja teraviljavabale koostisele sobib see ka k\u00f5ige tundlikumatele lemmikloomadele. Lisaks puuduvad koostises kunstlikud lisaained ning toit on suhkru-, soja- ja laktoosivaba. Kinoaseemned ning naturaalsed \u00f5lid toetavad karva l\u00e4ikivust ja naha tervist, samal ajal kui optimaalsed valgud toetavad lihasmassi ning \u00fcldist heaolu. See on suurep\u00e4rane valik, kui soovid hoolitseda oma v\u00e4ikese koera pikema ja tervema elu eest.<\/p>\n","protected":false},"excerpt":{"rendered":"<p>Farmina N&amp;D Quinoa Skin &amp; Coat kuivtoit on hirveliha ja kookosega, sobib v\u00e4ikest t\u00f5ugu t\u00e4iskasvanud koertele ning toetab naha ja karvkatte tervist.<\/p>\n","protected":false},"featured_media":257539,"comment_status":"open","ping_status":"closed","template":"","meta":[],"product_brand":[7148],"product_cat":[7203],"product_tag":[],"class_list":{"0":"post-257540","1":"product","2":"type-product","3":"status-publish","4":"has-post-thumbnail","6":"product_brand-farmina","7":"product_cat-kuivtoit-koertele","8":"product_shipping_class-action","9":"pa_annustamise-vorm-tahke","10":"pa_gluteenivaba-jah","11":"pa_hoiatused-et-koera-kauss-oleks-alati-puhas","12":"pa_hoiatused-hoida-kuivas-ja-jahedas-2","13":"pa_hoiatused-jargi-soovituslikku-toitmisnormi-vastavalt-pakendil-toodud-juhistele","14":"pa_hoiatused-otsese-paikesevalguse-eest-kaitstud-kohas","15":"pa_hoiatused-valtimaks-toidu-saastumist-2","16":"pa_hoiatused-veendu","17":"pa_ilma-kunstlike-varvideta-jah","18":"pa_kaaluvahemik-2-kg-49-kg","19":"pa_koeratoug-koik-minitougu-koerad","20":"pa_koeratoug-vaikest-tougu-koerad","21":"pa_laktoosivaba-jah","22":"pa_lemmikloomatoug-malta-koer","23":"pa_lemmiku-eluetapp-taiskasvanud","24":"pa_lemmiku-vajadused-naha-ja-karvkatte-hooldus","25":"pa_lemmiku-vajadused-naha-tervise-parandamine","26":"pa_lemmiku-vajadused-toiduallergia","27":"pa_lemmiku-vanus-taiskasvanu","28":"pa_lisafunktsioonid-allergiavastane","29":"pa_lisafunktsioonid-gluteenivaba","30":"pa_lisafunktsioonid-kanalihavaba","31":"pa_lisafunktsioonid-naha-ja-karvkatte-tugi","32":"pa_lisafunktsioonid-teraviljavaba","33":"pa_loomaliik-koer","34":"pa_niiskuse-sisaldus-8447","35":"pa_pakendi-tuup-kott","36":"pa_pohimaitse-hirv","37":"pa_pohimaitse-kookos","38":"pa_pohimaitse-ulukiliha","39":"pa_proteiin-7617","40":"pa_rasva-sisaldus-8016","41":"pa_sailitusaineteta-jah","42":"pa_sobivus-koerale","43":"pa_sojavaba-jah","44":"pa_suhkruvaba-jah","45":"pa_tervisemoju-allergiate-leevendamine","46":"pa_tervisemoju-naha-ja-karva-tervis","47":"pa_toorkiud-7722","48":"pa_toorvalk-7441","49":"pa_tou-suurus-vaike-toug-5-10-kg","51":"first","52":"instock","53":"taxable","54":"shipping-taxable","55":"purchasable","56":"product-type-simple"},"_links":{"self":[{"href":"https:\/\/blankpage.ee\/_ruumist-ruumi\/wp-json\/wp\/v2\/product\/257540","targetHints":{"allow":["GET"]}}],"collection":[{"href":"https:\/\/blankpage.ee\/_ruumist-ruumi\/wp-json\/wp\/v2\/product"}],"about":[{"href":"https:\/\/blankpage.ee\/_ruumist-ruumi\/wp-json\/wp\/v2\/types\/product"}],"replies":[{"embeddable":true,"href":"https:\/\/blankpage.ee\/_ruumist-ruumi\/wp-json\/wp\/v2\/comments?post=257540"}],"wp:featuredmedia":[{"embeddable":true,"href":"https:\/\/blankpage.ee\/_ruumist-ruumi\/wp-json\/wp\/v2\/media\/257539"}],"wp:attachment":[{"href":"https:\/\/blankpage.ee\/_ruumist-ruumi\/wp-json\/wp\/v2\/media?parent=257540"}],"wp:term":[{"taxonomy":"product_brand","embeddable":true,"href":"https:\/\/blankpage.ee\/_ruumist-ruumi\/wp-json\/wp\/v2\/product_brand?post=257540"},{"taxonomy":"product_cat","embeddable":true,"href":"https:\/\/blankpage.ee\/_ruumist-ruumi\/wp-json\/wp\/v2\/product_cat?post=257540"},{"taxonomy":"product_tag","embeddable":true,"href":"https:\/\/blankpage.ee\/_ruumist-ruumi\/wp-json\/wp\/v2\/product_tag?post=257540"}],"curies":[{"name":"wp","href":"https:\/\/api.w.org\/{rel}","templated":true}]}}