{"id":257762,"date":"2025-08-06T07:59:55","date_gmt":"2025-08-06T07:59:55","guid":{"rendered":"https:\/\/ruumistruumi.ee\/pood\/primal-spirit-wilderness-12-kg-poolniiske-sealiha-ja-kanalihaga-taissoot-taiskasvanud-koertele-gluteenivaba\/"},"modified":"2025-08-21T09:46:27","modified_gmt":"2025-08-21T09:46:27","slug":"primal-spirit-wilderness-12-kg-poolniiske-sealiha-ja-kanalihaga-taissoot-taiskasvanud-koertele-gluteenivaba","status":"publish","type":"product","link":"https:\/\/blankpage.ee\/_ruumist-ruumi\/pood\/primal-spirit-wilderness-12-kg-poolniiske-sealiha-ja-kanalihaga-taissoot-taiskasvanud-koertele-gluteenivaba\/","title":{"rendered":"PRIMAL SPIRIT Wilderness 12 kg poolniiske sealiha- ja kanalihaga t\u00e4iss\u00f6\u00f6t t\u00e4iskasvanud koertele, gluteenivaba"},"content":{"rendered":"<h3>PRIMAL SPIRIT Wilderness 12 kg poolniiske sealiha- ja kanalihaga t\u00e4iss\u00f6\u00f6t t\u00e4iskasvanud koertele<\/h3>\n<p>PRIMAL SPIRIT Wilderness 60% Meat Pork and Chicken on t\u00e4isv\u00e4\u00e4rtuslik poolniiske koeratoit, mis sobib igas suuruses ja t\u00f5us t\u00e4iskasvanud koertele. Suur 12 kg pakend on ideaalne peredele, kus koeral on erivajadused nagu toidutalumatus, seedimise toetamise vajadus ning allergiatele kalduvus. 60% v\u00e4rskest lihast (sealiha, kana ja kala) valmistatud retsept t\u00e4nu TENDERIZE tehnoloogiale tagab toidus k\u00f5rge omastatavuse ning loomuliku maitse. Toode sobib eriti tundliku seedimise v\u00f5i allergiatega koertele ning toetab seedetrakti tervist.<\/p>\n<h3>Peamised omadused<\/h3>\n<ul>\n<li>Poolniiske koostis \u2013 k\u00f5rgem niiskusesisaldus (19%) muudab kr\u00f5binad pehmeks ja kergesti n\u00e4ritavaks<\/li>\n<li>60% v\u00e4rsket liha: sea-, kana- ja kalaliha optimaalseks toitainete imendumiseks ja energiatootmiseks<\/li>\n<li>Gluteenivaba ja sojavaba \u2013 v\u00e4hendab toidutalumatuse ning allergia riski<\/li>\n<li>Ei sisalda lihajahu, kunstlikke v\u00e4rv- ega maitseaineid ega lisatud suhkrut<\/li>\n<li>Sobib igas suuruses koerat\u00f5ugudele ja k\u00f5ikidele t\u00e4iskasvanud koertele<\/li>\n<li>K\u00f5ik rasvad p\u00e4rinevad looduslikest allikatest \u2013 ainult lihast ja kalast<\/li>\n<li>Kasutatud TENDERIZE tehnoloogiat ja h\u00fcdrol\u00fc\u00fcsitud\/auruga t\u00f6\u00f6deldud koostisosi paremaks omastamiseks<\/li>\n<li>K\u00f5rge proteiinisisaldus: toetab lihaskonda ja \u00fcldist aktiivsust<\/li>\n<li>Suhkruvaba ja kunstlikest lisaainetest vaba koostis<\/li>\n<li>K\u00f5ik koostisosad p\u00e4rinevad kohalikelt tarnijatelt<\/li>\n<\/ul>\n<h3>Tehnilised andmed<\/h3>\n<ul>\n<li>P\u00f5himaitse: sealiha, lisaks kana ja kala<\/li>\n<li>Proteiin: 25,3%<\/li>\n<li>Rasvasisaldus: 16,8%<\/li>\n<li>Toorkiud: 2%<\/li>\n<li>Toorvalk: 9,5%<\/li>\n<li>Niiskuse sisaldus: 19%<\/li>\n<li>Energiasisaldus: 3440 kcal\/kg<\/li>\n<li>Kaal: 12,12 kg<\/li>\n<li>M\u00f5\u00f5tmed: 380 \u00d7 100 \u00d7 500 mm (mahub h\u00e4sti standardsesse hoiukohta)<\/li>\n<li>Pakk: tugev kott, lihtsalt suletav ja mugav ladustada<\/li>\n<li>Alamkategooria: poolniiske s\u00f6\u00f6t \/ kuivtoit kombinatsioon<\/li>\n<\/ul>\n<h3>Kasutamisjuhised<\/h3>\n<p>PRIMAL SPIRIT Wilderness poolniisket koeratoitu on lihtne kasutada \u2013 sobib igap\u00e4evaseks t\u00e4iss\u00f6\u00f6giks t\u00e4iskasvanud koerale, olenemata t\u00f5ust. Poolpehmed kr\u00f5binad sobivad eriti h\u00e4sti ka eakamatele v\u00f5i tundliku suuga koertele, tagades samas vajaliku n\u00e4rimiskoormuse ja seeduvuse. Toit tuleks anda vastavalt koera kehakaalule \u2013 vaata pakendi s\u00f6\u00f6tmisjuhendit (nt 10 kg koerale umbes 180 g p\u00e4evas). Toit tagab vajaliku valgu ja energia, toetab lihaskonda ja seedimist.<\/p>\n<p>Soovitused:<\/p>\n<ul>\n<li>J\u00e4lgi, et koeral oleks alati v\u00e4rske vesi saadaval<\/li>\n<li>Hoiusta pakendit kuivas ja jahedas, otsese p\u00e4ikese eest kaitstud kohas<\/li>\n<li>Puhasta regulaarselt kausse, et v\u00e4ltida toidu saastumist<\/li>\n<li>J\u00e4rgi soovitatavat p\u00e4evast kogust vastavalt pakendil toodud skeemile<\/li>\n<\/ul>\n<h3>Miks valida PRIMAL SPIRIT Wilderness poolniiske sealiha koeratoit?<\/h3>\n<p>See koeratoit erineb paljudest klassikalistest kuivtoitudest t\u00e4nu oma poolniiskele konsistentsile, k\u00f5rgemale lihasisaldusele ning allergeene v\u00e4ltivale retseptile. Tundliku seedimise ja toidutalumatuste korral aitab niisugune kooslus toetada koera tervist ja heaolu, pakkudes samas k\u00f5iki vajalikke toitaineid. T\u00e4nu kvaliteetsetele koostisosadele, mugavale pakendile ja hoolikalt tasakaalustatud retseptile on see hea valik pikaajaliseks kasutamiseks ning koera tervise toetamiseks.<\/p>\n","protected":false},"excerpt":{"rendered":"<p>PRIMAL SPIRIT Wilderness poolniiske koeratoit sisaldab 60% v\u00e4rsket sealiha ja kana, sobib k\u00f5ikidele t\u00f5ugudele ning on gluteenivaba ja kergesti seeditav.<\/p>\n","protected":false},"featured_media":257761,"comment_status":"open","ping_status":"closed","template":"","meta":[],"product_brand":[7218],"product_cat":[7203],"product_tag":[],"class_list":{"0":"post-257762","1":"product","2":"type-product","3":"status-publish","4":"has-post-thumbnail","6":"product_brand-primal-spirit","7":"product_cat-kuivtoit-koertele","8":"product_shipping_class-action","9":"pa_annustamise-vorm-tahke","10":"pa_gluteenivaba-jah","11":"pa_hoiatused-et-koera-kauss-oleks-alati-puhas","12":"pa_hoiatused-et-valtida-toidu-saastumist-jargige-pakendil-toodud-soovitatud-toitmisnorme","13":"pa_hoiatused-otsese-paikesevalguse-eest-kaitstult-veenduge","14":"pa_hoiatused-sailitada-kuivas-ja-jahedas-2","15":"pa_hooajapakkumine-kevad","16":"pa_ilma-kunstlike-varvideta-jah","17":"pa_kaaluvahemik-10-kg-159-kg","18":"pa_koeratoug-koik-toud","19":"pa_lemmiku-eluetapp-taiskasvanud","20":"pa_lemmiku-vajadused-korralik-seedimine","21":"pa_lemmiku-vajadused-toiduallergia","22":"pa_lemmiku-vajadused-toidutalumatuse-vahendamine","23":"pa_lemmiku-vanus-taiskasvanu","24":"pa_lisafunktsioonid-allergia","25":"pa_lisafunktsioonid-gluteenivaba","26":"pa_lisafunktsioonid-seedimise-tugi","27":"pa_lisafunktsioonid-toidutundlikkus","28":"pa_niiskuse-sisaldus-13147","29":"pa_pakendi-tuup-kott","30":"pa_pohimaitse-sealiha","31":"pa_proteiin-13714","32":"pa_rasva-sisaldus-13709","33":"pa_sobivus-koerale","34":"pa_sojavaba-jah","35":"pa_suhkruvaba-jah","36":"pa_toorkiud-7300","37":"pa_toorvalk-11940","38":"pa_tou-suurus-sobib-koikidele-tougudele","40":"first","41":"outofstock","42":"taxable","43":"shipping-taxable","44":"purchasable","45":"product-type-simple"},"_links":{"self":[{"href":"https:\/\/blankpage.ee\/_ruumist-ruumi\/wp-json\/wp\/v2\/product\/257762","targetHints":{"allow":["GET"]}}],"collection":[{"href":"https:\/\/blankpage.ee\/_ruumist-ruumi\/wp-json\/wp\/v2\/product"}],"about":[{"href":"https:\/\/blankpage.ee\/_ruumist-ruumi\/wp-json\/wp\/v2\/types\/product"}],"replies":[{"embeddable":true,"href":"https:\/\/blankpage.ee\/_ruumist-ruumi\/wp-json\/wp\/v2\/comments?post=257762"}],"wp:featuredmedia":[{"embeddable":true,"href":"https:\/\/blankpage.ee\/_ruumist-ruumi\/wp-json\/wp\/v2\/media\/257761"}],"wp:attachment":[{"href":"https:\/\/blankpage.ee\/_ruumist-ruumi\/wp-json\/wp\/v2\/media?parent=257762"}],"wp:term":[{"taxonomy":"product_brand","embeddable":true,"href":"https:\/\/blankpage.ee\/_ruumist-ruumi\/wp-json\/wp\/v2\/product_brand?post=257762"},{"taxonomy":"product_cat","embeddable":true,"href":"https:\/\/blankpage.ee\/_ruumist-ruumi\/wp-json\/wp\/v2\/product_cat?post=257762"},{"taxonomy":"product_tag","embeddable":true,"href":"https:\/\/blankpage.ee\/_ruumist-ruumi\/wp-json\/wp\/v2\/product_tag?post=257762"}],"curies":[{"name":"wp","href":"https:\/\/api.w.org\/{rel}","templated":true}]}}