{"id":257849,"date":"2025-08-06T08:04:34","date_gmt":"2025-08-06T08:04:34","guid":{"rendered":"https:\/\/ruumistruumi.ee\/pood\/paka-zwierzaka-lohega-koeratoit-suurtele-tougudele-3-kg-gluteenivaba-kuivtoit-lohega-taiskasvanud-suurt-tougu-koertele\/"},"modified":"2025-08-21T09:42:43","modified_gmt":"2025-08-21T09:42:43","slug":"paka-zwierzaka-lohega-koeratoit-suurtele-tougudele-3-kg-gluteenivaba-kuivtoit-lohega-taiskasvanud-suurt-tougu-koertele","status":"publish","type":"product","link":"https:\/\/blankpage.ee\/_ruumist-ruumi\/pood\/paka-zwierzaka-lohega-koeratoit-suurtele-tougudele-3-kg-gluteenivaba-kuivtoit-lohega-taiskasvanud-suurt-tougu-koertele\/","title":{"rendered":"PAKA ZWIERZAKA l\u00f5hega koeratoit suurtele t\u00f5ugudele 3 kg gluteenivaba kuivtoit l\u00f5hega t\u00e4iskasvanud suurt t\u00f5ugu koertele"},"content":{"rendered":"<h3>PAKA ZWIERZAKA l\u00f5hega koeratoit suurtele t\u00f5ugudele 3 kg \u2013 t\u00e4iskasvanud suurtele koertele<\/h3>\n<p>PAKA ZWIERZAKA Salmon with Baltic Fish M 3 kg on t\u00e4isv\u00e4\u00e4rtuslik kuivtoit suurtele t\u00e4iskasvanud koertele (25\u201345 kg), kes vajavad h\u00e4sti seeditavat, allergiavaba ning lihaste arengut toetavat igap\u00e4evatoitu. Selle teravilja- ja gluteenivaba retsept aitab v\u00e4ltida levinumaid toiduallergiaid ning toetab koerte \u00fcldist tervist ja heaolu, sobides eriti h\u00e4sti tundliku seedimise v\u00f5i talumatusega lemmikutele.<\/p>\n<h3>P\u00f5hiomadused<\/h3>\n<ul>\n<li>Teravilja- ja gluteenivaba \u2013 ei sisalda nisu, maisi, soja ega herneid<\/li>\n<li>K\u00f5rge proteiini- ja rasvasisaldus (28% proteiin, 15% rasva) toetab lihaste arengut<\/li>\n<li>P\u00f5hiliseks koostisosaks v\u00e4rske l\u00f5he ja L\u00e4\u00e4nemere kalad (kokku 42%, sh kuivatatud l\u00f5he, kilu, heeringas, lest, l\u00f5he\u00f5li)<\/li>\n<li>Lisatud oomega-3 ja oomega-6 rasvhapped (l\u00f5he\u00f5li) toetavad karvastiku ja naha tervist<\/li>\n<li>Ei sisalda kunstlikke v\u00e4rvaineid, l\u00f5hna- ega maitseaineid<\/li>\n<li>Prebiootikumid (MOS) ja Uus-Meremaa rohelised rannakarbid toetavad seedimist ja liigeste tervist<\/li>\n<li>H\u00fcpallergeenne: sobib h\u00e4sti kanatalumatusega koertele (ilma kanata)<\/li>\n<li>Suhkruvaba ja sojavaba<\/li>\n<li>Sobib k\u00f5ikidele suurtele koerat\u00f5ugudele<\/li>\n<\/ul>\n<h3>Tehnilised andmed<\/h3>\n<ul>\n<li>P\u00f5himaitse: l\u00f5he<\/li>\n<li>Netokaal: 3 kg<\/li>\n<li>M\u00f5\u00f5tmed: 210 \u00d7 385 \u00d7 95 mm<\/li>\n<li>Kaal koos pakendiga: 3060 g<\/li>\n<li>Toorvalk: 11%, proteiin kokku 28%, rasvasisaldus 15%, toorkiud 4%, niiskus 9%<\/li>\n<li>Pakendi t\u00fc\u00fcp: kott<\/li>\n<li>Sobivus: t\u00e4iskasvanud suurte t\u00f5ugude koerad (25\u201345 kg)<\/li>\n<\/ul>\n<h3>Kasutamisjuhised<\/h3>\n<p>Toitke koera vastavalt pakendil toodud p\u00e4evasele kogusele, mis s\u00f5ltub koera kaalust, aktiivsusest ja tervislikust seisundist. Kuivtoit on valmis serveerimiseks ning vesi peab alati olema saadaval. Hoiustage toitu kuivas ja jahedas ning kaitstuna otsese p\u00e4ikesevalguse eest. Toidun\u00f5u peab alati olema puhas.<\/p>\n<h3>Mille poolest see erineb teistest koeratoitudest?<\/h3>\n<ul>\n<li>Teravilja- ja gluteenivaba koostis sobib allergilistele ning talumatu koertele<\/li>\n<li>K\u00f5rge l\u00f5he- ja L\u00e4\u00e4nemere kalade osakaal toidus tagab asjakohase oomega-rasvhapete sisalduse<\/li>\n<li>Kana- ja sojavaba \u2013 alternatiiv tihti allergiat p\u00f5hjustavatele koostisosadele<\/li>\n<li>Toidupalade suurus sobib spetsiaalselt suurematele t\u00f5ugudele<\/li>\n<\/ul>\n<h3>Mugavus ja praktilisus<\/h3>\n<p>Kuivtoidu mugav annustamine ja s\u00e4ilitamine lihtsustab igap\u00e4evast koerapidamist ning 3 kg pakendist j\u00e4tkub pikemaks ajaks. Toitmine on lihtne ja v\u00e4hendab toiduj\u00e4\u00e4tmete teket.<\/p>\n<h3>Sobivus ja kasutusala<\/h3>\n<ul>\n<li>Pakendis 3 kg kuivtoitu<\/li>\n<li>Lisatarvikuid ei ole vaja \u2013 avage kott ja serveerige<\/li>\n<li>Sobib k\u00f5ikidele suurte t\u00f5ugude t\u00e4iskasvanud koertele, sealhulgas tundlikele ja valiva seedimisega loomadele<\/li>\n<\/ul>\n<h3>Kvaliteet ja usaldusv\u00e4\u00e4rsus<\/h3>\n<p>Toit on valmistatud Poolas kontrollitud toorainetest, ilma kunstlike lisaaineteta ja range kvaliteedikontrolliga. Tootes puuduvad kahjulikud koostisosad ning tootmisprotsess on k\u00f5rgete standarditega.<\/p>\n<h3>Hinna ja v\u00e4\u00e4rtuse suhe<\/h3>\n<p>PAKA ZWIERZAKA l\u00f5hega koeratoit suurtele t\u00f5ugudele pakub pikaajalist v\u00e4\u00e4rtust \u2013 sobib ideaalselt ka allergilistele koertele, toetab karvkatet, nahka ja heaolu. Looduslikud koostisosad ja tasakaalustatud toitained hoiavad koera tervena iga p\u00e4ev.<\/p>\n","protected":false},"excerpt":{"rendered":"<p>PAKA ZWIERZAKA l\u00f5hega kuivtoit suurtele t\u00f5ukoertele on gluteenivaba ja teraviljavaba, valmistatud 73% l\u00f5hest ja L\u00e4\u00e4nemere kaladest, toetades t\u00e4iskasvanud koera lihaste ning seedimise tervist.<\/p>\n","protected":false},"featured_media":257848,"comment_status":"open","ping_status":"closed","template":"","meta":[],"product_brand":[7178],"product_cat":[7203],"product_tag":[],"class_list":{"0":"post-257849","1":"product","2":"type-product","3":"status-publish","4":"has-post-thumbnail","6":"product_brand-paka-zwierzaka","7":"product_cat-kuivtoit-koertele","8":"product_shipping_class-action","9":"pa_annustamise-vorm-tahke","10":"pa_gluteenivaba-jah","11":"pa_hoiatused-eemal-otsesest-paikesevalgusest-jargi-pakendil-toodud-toitmisjuhiseid","12":"pa_hoiatused-hoia-koera-kauss-alati-puhas-hoia-toitu-kuivas-ja-jahedas","13":"pa_hoiatused-valdi-toidu-saastumist","14":"pa_ilma-kunstlike-varvideta-jah","15":"pa_kaaluvahemik-2-kg-49-kg","16":"pa_koeratoug-koik-suured-koeratoud","17":"pa_lemmiku-eluetapp-taiskasvanud","18":"pa_lemmiku-vajadused-pole-spetsiifilisi-vajadusi","19":"pa_lemmiku-vanus-taiskasvanud","20":"pa_lisafunktsioonid-allergia","21":"pa_lisafunktsioonid-gluteenivaba","22":"pa_lisafunktsioonid-ilma-kanata","23":"pa_lisafunktsioonid-lihaste-ehitus","24":"pa_lisafunktsioonid-teraviljavaba","25":"pa_lisafunktsioonid-uldine-tervis","26":"pa_niiskuse-sisaldus-8447","27":"pa_pakendi-tuup-kott","28":"pa_pohimaitse-lohe","29":"pa_proteiin-7440","30":"pa_rasva-sisaldus-7449","31":"pa_sobivus-koerale","32":"pa_sojavaba-jah","33":"pa_suhkruvaba-jah","34":"pa_toorkiud-7460","35":"pa_toorvalk-11-7","36":"pa_tou-suurus-suur-toug-25-45-kg","38":"first","39":"instock","40":"taxable","41":"shipping-taxable","42":"purchasable","43":"product-type-simple"},"_links":{"self":[{"href":"https:\/\/blankpage.ee\/_ruumist-ruumi\/wp-json\/wp\/v2\/product\/257849","targetHints":{"allow":["GET"]}}],"collection":[{"href":"https:\/\/blankpage.ee\/_ruumist-ruumi\/wp-json\/wp\/v2\/product"}],"about":[{"href":"https:\/\/blankpage.ee\/_ruumist-ruumi\/wp-json\/wp\/v2\/types\/product"}],"replies":[{"embeddable":true,"href":"https:\/\/blankpage.ee\/_ruumist-ruumi\/wp-json\/wp\/v2\/comments?post=257849"}],"wp:featuredmedia":[{"embeddable":true,"href":"https:\/\/blankpage.ee\/_ruumist-ruumi\/wp-json\/wp\/v2\/media\/257848"}],"wp:attachment":[{"href":"https:\/\/blankpage.ee\/_ruumist-ruumi\/wp-json\/wp\/v2\/media?parent=257849"}],"wp:term":[{"taxonomy":"product_brand","embeddable":true,"href":"https:\/\/blankpage.ee\/_ruumist-ruumi\/wp-json\/wp\/v2\/product_brand?post=257849"},{"taxonomy":"product_cat","embeddable":true,"href":"https:\/\/blankpage.ee\/_ruumist-ruumi\/wp-json\/wp\/v2\/product_cat?post=257849"},{"taxonomy":"product_tag","embeddable":true,"href":"https:\/\/blankpage.ee\/_ruumist-ruumi\/wp-json\/wp\/v2\/product_tag?post=257849"}],"curies":[{"name":"wp","href":"https:\/\/api.w.org\/{rel}","templated":true}]}}