{"id":257916,"date":"2025-08-06T08:08:21","date_gmt":"2025-08-06T08:08:21","guid":{"rendered":"https:\/\/ruumistruumi.ee\/pood\/brit-care-hypoallergenic-adult-weight-loss-rabbit-1-kg-gluteenivaba-kuivtoit-taiskasvanud-koertele\/"},"modified":"2025-08-21T09:39:28","modified_gmt":"2025-08-21T09:39:28","slug":"brit-care-hypoallergenic-adult-weight-loss-rabbit-1-kg-gluteenivaba-kuivtoit-taiskasvanud-koertele","status":"publish","type":"product","link":"https:\/\/blankpage.ee\/_ruumist-ruumi\/pood\/brit-care-hypoallergenic-adult-weight-loss-rabbit-1-kg-gluteenivaba-kuivtoit-taiskasvanud-koertele\/","title":{"rendered":"Brit Care Hypoallergenic Adult Weight Loss Rabbit 1 kg gluteenivaba kuivtoit t\u00e4iskasvanud koertele"},"content":{"rendered":"<h3>Brit Care Hypoallergenic Adult Weight Loss Rabbit 1 kg gluteenivaba kuivtoit t\u00e4iskasvanud koertele<\/h3>\n<p>Brit Care Hypoallergenic Adult Weight Loss Rabbit on spetsiaalselt \u00fclekaalulistele v\u00f5i kaalut\u00f5usule kalduvatele t\u00e4iskasvanud koertele m\u00f5eldud kuivtoit, mis sobib igat t\u00f5ugu koertele. Toode sisaldab allergiavaba k\u00fc\u00fclikuliha ja riisi, pakkudes h\u00e4sti seeditavat ja toitaineterikast lahendust ka tundliku seedimise v\u00f5i toiduallergiatega koertele. See koeratoit on gluteenivaba, ei sisalda s\u00e4ilitusaineid, kunstlikke v\u00e4rvaineid, suhkrut, soja ega laktoosi, aidates toetada looma \u00fcldist heaolu, s\u00e4ilitada ideaalkaalu ning hoolitsedes naha ja karvkatte eest.<\/p>\n<h3>Peamised omadused<\/h3>\n<ul>\n<li>Toetab kehakaalu langetamist ja s\u00e4ilitamist t\u00e4nu tasakaalustatud valgusisaldusele ja madalale rasvasisaldusele (proteiin 27%, rasv 9%).<\/li>\n<li>K\u00fc\u00fclikuliha \u2013 h\u00fcpoallergeenne ja h\u00e4sti seeditav valguallikas.<\/li>\n<li>Gluteenivaba ning laktoosi-, soja- ja suhkruta koostis v\u00e4hendab toiduallergia riski.<\/li>\n<li>K\u00f5rge kiudainesisaldus (toorkiud 9,6%) tekitab t\u00e4isk\u00f5hutunde ning aitab kontrollida kehakaalu.<\/li>\n<li>Ilma kunstlike v\u00e4rvainete ja s\u00e4ilitusaineteta \u2013 puhtad koostisosad.<\/li>\n<li>Aitab parandada seedimist ning koera \u00fcldist eluj\u00f5udu.<\/li>\n<li>Sobib k\u00f5ikidele t\u00e4iskasvanud koerat\u00f5ugudele ja t\u00f5usuurustele.<\/li>\n<li>Toetab naha ning karva tervist ja s\u00e4ra.<\/li>\n<\/ul>\n<h3>Tehnilised andmed<\/h3>\n<ul>\n<li>Pakendi kaal: 1 kg (kogukaal koos pakendiga 1050 g)<\/li>\n<li>M\u00f5\u00f5tmed: 80 \u00d7 240 \u00d7 260 mm \u2013 sobib h\u00f5lpsasti hoiustamiseks v\u00e4iksemasse ruumi<\/li>\n<li>Toidu vorm: kuivtoit (graanulid)<\/li>\n<li>P\u00f5himaitse: k\u00fc\u00fclik ja riis<\/li>\n<li>Niiskusesisaldus: 10%<\/li>\n<li>Proteiin: 27%<\/li>\n<li>Rasvasisaldus: 9%<\/li>\n<li>Toorkiud: 9,6%<\/li>\n<li>Toorvalk: 5,5%<\/li>\n<li>EAN: 8595602559183<\/li>\n<li>P\u00e4ritolumaa: T\u0161ehhi Vabariik<\/li>\n<\/ul>\n<h3>Kasutamisjuhised<\/h3>\n<p>Soovitatav p\u00e4evane kogus s\u00f5ltub koera kehakaalust ja vajadustest. Vaata juhiseid pakendil ning kohanda kogust vastavalt eesm\u00e4rgile (kaalu langetamiseks veidi v\u00e4iksem kogus, s\u00e4ilitamiseks veidi suurem kogus). Toitu v\u00f5ib anda kuivalt v\u00f5i leotada leiges vees, et seeduvus oleks parem. Koeral peab olema alati saadaval v\u00e4rske joogivesi. Hoiusta toitu kuivas ja jahedas kohas, eemal otsesest p\u00e4ikesest ning puhasta regulaarselt koera toidukauss.<\/p>\n<h3>Mis eristab seda muudest h\u00fcpoallergeensetest kuivtoitudest?<\/h3>\n<ul>\n<li>H\u00fcpoallergeenne k\u00fc\u00fclikuliha sobib eriti h\u00e4sti allergilistele ja valiva s\u00f6\u00f6misega koertele.<\/li>\n<li>K\u00f5rge kiudainesisaldus toetab t\u00f5husalt kehakaalu kontrolli ja tekitab parema t\u00e4isk\u00f5hutunde.<\/li>\n<li>Ei sisalda s\u00e4ilitusaineid ega kunstlikke lisandeid \u2013 ainult naturaalsed koostisosad.<\/li>\n<li>Sobib k\u00f5igile koerat\u00f5ugudele ja erineva suurusega koertele.<\/li>\n<\/ul>\n<h3>Kokkuv\u00f5te<\/h3>\n<p>Brit Care Hypoallergenic Adult Weight Loss Rabbit on usaldusv\u00e4\u00e4rne kuivtoit t\u00e4iskasvanud koerale, kes vajab allergias\u00f5bralikku ja kehakaalu toetavat toitu. Kvaliteetsed p\u00f5hikoostisosad ja kindel toitev\u00e4\u00e4rtus toetavad koera igak\u00fclgset heaolu ja energiat, aidates v\u00e4ltida \u00fclekaalust tingitud tervisemuresid.<\/p>\n","protected":false},"excerpt":{"rendered":"<p>Brit Care Hypoallergenic Adult Weight Loss Rabbit on gluteenivaba kuivtoit k\u00fc\u00fclikulihaga, mis sobib t\u00e4iskasvanud koertele kehakaalu kontrollimiseks ja tundliku seedimise toetamiseks.<\/p>\n","protected":false},"featured_media":257915,"comment_status":"open","ping_status":"closed","template":"","meta":[],"product_brand":[7179],"product_cat":[7203],"product_tag":[],"class_list":{"0":"post-257916","1":"product","2":"type-product","3":"status-publish","4":"has-post-thumbnail","6":"product_brand-brit","7":"product_cat-kuivtoit-koertele","8":"product_shipping_class-action","9":"pa_annustamise-vorm-tahke","10":"pa_gluteenivaba-jah","11":"pa_hoiatused-eemal-otsesest-paikesevalgusest-jargida-pakendil-olevat-toitmisjuhendit-tagada","12":"pa_hoiatused-et-koera-kauss-oleks-alati-puhas","13":"pa_hoiatused-hoida-kuivas-ja-jahedas-2","14":"pa_hoiatused-valtimaks-toidu-saastumist-2","15":"pa_ilma-kunstlike-varvideta-jah","16":"pa_kaaluvahemik-1-kg-19-kg","17":"pa_koeratoug-koik-toud","18":"pa_laktoosivaba-jah","19":"pa_lemmiku-eluetapp-taiskasvanud","20":"pa_lemmiku-vajadused-kalduvus-ulekaalule","21":"pa_lemmiku-vajadused-nahk-ja-karvkate","22":"pa_lemmiku-vajadused-tervisliku-kehakaalu-sailitamine","23":"pa_lemmiku-vajadused-toiduallergia","24":"pa_lemmiku-vanus-taiskasvanud","25":"pa_lisafunktsioonid-allergia","26":"pa_lisafunktsioonid-gluteenivaba","27":"pa_lisafunktsioonid-toidu-ulitundlikkus","28":"pa_lisafunktsioonid-ulekaalulisus","29":"pa_loomaliik-koer","30":"pa_niiskuse-sisaldus-7442","31":"pa_pakendi-tuup-kott","32":"pa_pohimaitse-kuulik","33":"pa_pohimaitse-riis","34":"pa_proteiin-7486","35":"pa_rasva-sisaldus-8088","36":"pa_sailitusaineteta-jah","37":"pa_seeria-brit-care","38":"pa_seeria-brit-care-hypoallergenic","39":"pa_sobivus-koerale","40":"pa_sojavaba-jah","41":"pa_suhkruvaba-jah","42":"pa_tervisemoju-seedimise-parandamine","43":"pa_tervisemoju-tervisliku-kehakaalu-sailitamine","44":"pa_tervisemoju-uldine-tervis","45":"pa_toorkiud-13781","46":"pa_toorvalk-7908","47":"pa_tou-suurus-sobib-koikidele-tougudele","49":"first","50":"instock","51":"taxable","52":"shipping-taxable","53":"purchasable","54":"product-type-simple"},"_links":{"self":[{"href":"https:\/\/blankpage.ee\/_ruumist-ruumi\/wp-json\/wp\/v2\/product\/257916","targetHints":{"allow":["GET"]}}],"collection":[{"href":"https:\/\/blankpage.ee\/_ruumist-ruumi\/wp-json\/wp\/v2\/product"}],"about":[{"href":"https:\/\/blankpage.ee\/_ruumist-ruumi\/wp-json\/wp\/v2\/types\/product"}],"replies":[{"embeddable":true,"href":"https:\/\/blankpage.ee\/_ruumist-ruumi\/wp-json\/wp\/v2\/comments?post=257916"}],"wp:featuredmedia":[{"embeddable":true,"href":"https:\/\/blankpage.ee\/_ruumist-ruumi\/wp-json\/wp\/v2\/media\/257915"}],"wp:attachment":[{"href":"https:\/\/blankpage.ee\/_ruumist-ruumi\/wp-json\/wp\/v2\/media?parent=257916"}],"wp:term":[{"taxonomy":"product_brand","embeddable":true,"href":"https:\/\/blankpage.ee\/_ruumist-ruumi\/wp-json\/wp\/v2\/product_brand?post=257916"},{"taxonomy":"product_cat","embeddable":true,"href":"https:\/\/blankpage.ee\/_ruumist-ruumi\/wp-json\/wp\/v2\/product_cat?post=257916"},{"taxonomy":"product_tag","embeddable":true,"href":"https:\/\/blankpage.ee\/_ruumist-ruumi\/wp-json\/wp\/v2\/product_tag?post=257916"}],"curies":[{"name":"wp","href":"https:\/\/api.w.org\/{rel}","templated":true}]}}