{"id":257997,"date":"2025-08-06T08:13:41","date_gmt":"2025-08-06T08:13:41","guid":{"rendered":"https:\/\/ruumistruumi.ee\/pood\/brit-care-mini-grain-free-puppy-lamb-7-kg-lambalihaga-teraviljavaba-kuivtoit-vaikest-tougu-kutsikatele-ja-imetavatele-emadele\/"},"modified":"2025-08-21T09:33:52","modified_gmt":"2025-08-21T09:33:52","slug":"brit-care-mini-grain-free-puppy-lamb-7-kg-lambalihaga-teraviljavaba-kuivtoit-vaikest-tougu-kutsikatele-ja-imetavatele-emadele","status":"publish","type":"product","link":"https:\/\/blankpage.ee\/_ruumist-ruumi\/pood\/brit-care-mini-grain-free-puppy-lamb-7-kg-lambalihaga-teraviljavaba-kuivtoit-vaikest-tougu-kutsikatele-ja-imetavatele-emadele\/","title":{"rendered":"Brit Care Mini Grain-Free Puppy Lamb 7 kg lambalihaga teraviljavaba kuivtoit v\u00e4ikest t\u00f5ugu kutsikatele ja imetavatele emadele"},"content":{"rendered":"<h3>Brit Care Mini Grain-Free Puppy Lamb 7 kg \u2013 teraviljavaba kutsikatoit lambalihaga v\u00e4ikest t\u00f5ugu koertele<\/h3>\n<p>Brit Care Mini Grain-Free Puppy Lamb on spetsiaalselt v\u00e4lja t\u00f6\u00f6tatud kuivtoit v\u00e4ikest ja v\u00e4ga v\u00e4ikest t\u00f5ugu kutsikatele ning imetavatele emadele. See h\u00fcpoallergeenne ja teraviljavaba retsept aitab kaasa kutsikate tervislikule kasvule ja arengule ning toetab samal ajal emaste koerte erivajadusi tiinuse ja imetamise ajal. T\u00e4nu lambalihale kui peamisele valguallikale ja kvaliteetsetele, allergeenivabadele koostisosadele sobib see toit h\u00e4sti tundliku seedimisega ning toidutalumatusega koertele.<\/p>\n<h3>Peamised omadused<\/h3>\n<ul>\n<li><strong>Teravilja- ja gluteenivaba retsept<\/strong> \u2013 aitab ennetada toiduallergiaid ja seedimisprobleeme<\/li>\n<li><strong>Peamiseks koostisosaks lambaliha<\/strong> \u2013 h\u00e4sti seeditav ning sobib ka tundliku seedimisega koertele<\/li>\n<li><strong>Sobib v\u00e4ikestele ja v\u00e4ga v\u00e4ikestele t\u00f5ugudele<\/strong> \u2013 optimaalsed toitained kiire kasvu ja arengu perioodil (4 n\u00e4dalat \u2013 10 kuud) ning imetavatele emadele<\/li>\n<li><strong>Omega-3 ja Omega-6 rasvhapped<\/strong> l\u00f5he\u00f5list ja linaseemnetest \u2013 toetavad n\u00e4rvis\u00fcsteemi, aju arengut ning annavad l\u00e4ikiva karvkatte<\/li>\n<li><strong>Prebiootikumid ja immuunsuse tugevdamine<\/strong> \u2013 p\u00e4rm, inuliin, FOS ja MOS toetavad seedimist ja tugevdavad immuuns\u00fcsteemi<\/li>\n<li><strong>Ilma kunstlike v\u00e4rvainete, l\u00f5hna- ja s\u00e4ilitusaineteta<\/strong><\/li>\n<li><strong>Looduslik kooslus<\/strong> \u2013 s\u00e4ilitusainete ja suhkruta, ei sisalda sojat ega laktoosi<\/li>\n<li><strong>Toetab liigeste ja luustiku arengut<\/strong> \u2013 gl\u00fckoosamiini ja kondroitiiniga<\/li>\n<\/ul>\n<h3>Tehnilised andmed<\/h3>\n<ul>\n<li>P\u00f5himaitse: lambaliha<\/li>\n<li>Kaal: 7 kg (7200 g)<\/li>\n<li>M\u00f5\u00f5dud: 500 x 120 x 300 mm<\/li>\n<li>Pakkimisvorm: kott<\/li>\n<li>P\u00f5hikoostisosad: lambalihajahu (35%), v\u00e4rske lambavalk (20%), kollane hernes, kikerherned, l\u00f5he\u00f5li, linaseemned<\/li>\n<li>Rasvasisaldus: 23%<\/li>\n<li>Proteiin: 33%<\/li>\n<li>Toortuhk: 8,5%<\/li>\n<li>Toorkiud: 1,5%<\/li>\n<li>Niiskusesisaldus: 10%<\/li>\n<li>Metaboliseeritav energia: 4200 kcal\/kg<\/li>\n<li>Gluteenivaba, laktoosivaba, sojavaba, suhkruvaba<\/li>\n<\/ul>\n<h3>Kasutamisjuhised<\/h3>\n<p>Sobiv s\u00f6\u00f6tmiskogus s\u00f5ltub kutsika v\u00f5i imetava ema vanusest, kehakaalust ja vajadustest. P\u00e4evane toidukogus tuleb jagada 3\u20135 portsjoniks, et kutsikas saaks k\u00f5ik vajalikud toitained \u00fchtlaselt k\u00e4tte ning v\u00e4hendada seedeh\u00e4irete riski. Toitu soovitatakse anda kuivalt ning alati peab olema k\u00e4ttesaadav v\u00e4rske joogivesi. J\u00e4rgige pakendil toodud s\u00f6\u00f6tmissoovitusi. Hoidke toitu kuivas ja jahedas, otsese p\u00e4ikesevalguse eest kaitstuna. Kutsika toidukaussi tuleb regulaarselt puhastada, et v\u00e4ltida toidu saastumist.<\/p>\n<h3>Miks valida see toode?<\/h3>\n<ul>\n<li>Pakkuge oma v\u00e4ikest t\u00f5ugu kutsikale t\u00e4isv\u00e4\u00e4rtuslikku toitumist ja tugevat kasvu alust<\/li>\n<li>Toit aitab v\u00e4hendada allergiaohtu t\u00e4nu teraviljadeta ja gluteenivabale koostisele<\/li>\n<li>Sobib k\u00f5ikidele mini- ja v\u00e4ga v\u00e4ikest t\u00f5ugu kutsikatele, samuti tiinetele ja imetavatele emadele<\/li>\n<li>Hea hinna ja kvaliteedi suhe \u2013 suur 7 kg pakend kestab kauem<\/li>\n<li>Ei sisalda kunstlikke lisaaineid, mis muudab toidu looduslikumaks ja ohutumaks<\/li>\n<\/ul>\n<h3>Komplektis ja sobivus<\/h3>\n<ul>\n<li>Pakendis 7 kg kuivtoitu<\/li>\n<li>Sobib k\u00f5ikidele v\u00e4ikest t\u00f5ugu kutsikatele vanuses 4 n\u00e4dalat kuni 10 kuud ning samuti nende emadele tiinuse- ja imetamisperioodil<\/li>\n<li>Lisaks on vaja ainult v\u00e4rsket joogivett<\/li>\n<\/ul>\n","protected":false},"excerpt":{"rendered":"<p>Brit Care Mini Grain-Free Puppy Lamb on teraviljavaba lambalihaga kuivtoit v\u00e4ikest t\u00f5ugu kutsikatele ja imetavatele emadele, mis toetab tundliku seedimise ning tervisliku kasvu perioodi.<\/p>\n","protected":false},"featured_media":257996,"comment_status":"open","ping_status":"closed","template":"","meta":[],"product_brand":[7179],"product_cat":[7203],"product_tag":[],"class_list":{"0":"post-257997","1":"product","2":"type-product","3":"status-publish","4":"has-post-thumbnail","6":"product_brand-brit","7":"product_cat-kuivtoit-koertele","8":"product_shipping_class-action","9":"pa_annustamise-vorm-tahke","10":"pa_gluteenivaba-jah","11":"pa_hoiatused-et-valtida-toidu-saastumist","12":"pa_hoiatused-hoidke-koera-kauss-alati-puhtana","13":"pa_hoiatused-hoidke-kuivas-ja-jahedas-2","14":"pa_hoiatused-jargige-pakendil-toodud-soovitatud-toitmisnorme","15":"pa_hoiatused-otsese-paikesevalguse-eest-2","16":"pa_ilma-kunstlike-varvideta-jah","17":"pa_kaaluvahemik-5-kg-99-kg-2","18":"pa_koeratoug-koik-minitougude-koerad","19":"pa_koeratoug-vaikest-tougu-koerad","20":"pa_laktoosivaba-jah","21":"pa_lemmiku-eluetapp-kassipojad","22":"pa_lemmiku-eluetapp-tiinete-ja-imetavate-emade-toit","23":"pa_lemmiku-vajadused-kasvuperiood","24":"pa_lemmiku-vajadused-tiinus-ja-imetamine","25":"pa_lemmiku-vajadused-toiduallergia","26":"pa_lemmiku-vanus-noorloom","27":"pa_lisafunktsioonid-allergia","28":"pa_lisafunktsioonid-kasvuperiood","29":"pa_lisafunktsioonid-teraviljavaba","30":"pa_lisafunktsioonid-tiinus-ja-imetamine","31":"pa_lisafunktsioonid-toidutundlikkus","32":"pa_loomaliik-koer","33":"pa_niiskuse-sisaldus-7442","34":"pa_pakendi-tuup-kott","35":"pa_pohimaitse-lambaliha","36":"pa_proteiin-7596","37":"pa_rasva-sisaldus-10678","38":"pa_sailitusaineteta-jah","39":"pa_seeria-brit-care","40":"pa_sobivus-koerale","41":"pa_sojavaba-jah","42":"pa_suhkruvaba-jah","43":"pa_tervisemoju-tervislik-kehakaal","44":"pa_toorkiud-1-5","45":"pa_toorvalk-8-5","46":"pa_tou-suurus-vaga-vaikest-tougu-koerad-4kg","47":"pa_tou-suurus-vaikest-tougu-koerad-4-14-kg-2","49":"first","50":"instock","51":"taxable","52":"shipping-taxable","53":"purchasable","54":"product-type-simple"},"_links":{"self":[{"href":"https:\/\/blankpage.ee\/_ruumist-ruumi\/wp-json\/wp\/v2\/product\/257997","targetHints":{"allow":["GET"]}}],"collection":[{"href":"https:\/\/blankpage.ee\/_ruumist-ruumi\/wp-json\/wp\/v2\/product"}],"about":[{"href":"https:\/\/blankpage.ee\/_ruumist-ruumi\/wp-json\/wp\/v2\/types\/product"}],"replies":[{"embeddable":true,"href":"https:\/\/blankpage.ee\/_ruumist-ruumi\/wp-json\/wp\/v2\/comments?post=257997"}],"wp:featuredmedia":[{"embeddable":true,"href":"https:\/\/blankpage.ee\/_ruumist-ruumi\/wp-json\/wp\/v2\/media\/257996"}],"wp:attachment":[{"href":"https:\/\/blankpage.ee\/_ruumist-ruumi\/wp-json\/wp\/v2\/media?parent=257997"}],"wp:term":[{"taxonomy":"product_brand","embeddable":true,"href":"https:\/\/blankpage.ee\/_ruumist-ruumi\/wp-json\/wp\/v2\/product_brand?post=257997"},{"taxonomy":"product_cat","embeddable":true,"href":"https:\/\/blankpage.ee\/_ruumist-ruumi\/wp-json\/wp\/v2\/product_cat?post=257997"},{"taxonomy":"product_tag","embeddable":true,"href":"https:\/\/blankpage.ee\/_ruumist-ruumi\/wp-json\/wp\/v2\/product_tag?post=257997"}],"curies":[{"name":"wp","href":"https:\/\/api.w.org\/{rel}","templated":true}]}}