{"id":258165,"date":"2025-08-06T08:20:46","date_gmt":"2025-08-06T08:20:46","guid":{"rendered":"https:\/\/ruumistruumi.ee\/pood\/vetexpert-raw-paleo-ultra-mini-puppy-beef-2-kg-gluteenivaba-kuivtoit-vaikest-tougu-kutsikatele\/"},"modified":"2025-08-21T09:28:49","modified_gmt":"2025-08-21T09:28:49","slug":"vetexpert-raw-paleo-ultra-mini-puppy-beef-2-kg-gluteenivaba-kuivtoit-vaikest-tougu-kutsikatele","status":"publish","type":"product","link":"https:\/\/blankpage.ee\/_ruumist-ruumi\/pood\/vetexpert-raw-paleo-ultra-mini-puppy-beef-2-kg-gluteenivaba-kuivtoit-vaikest-tougu-kutsikatele\/","title":{"rendered":"VetExpert Raw Paleo Ultra Mini Puppy Beef 2 kg gluteenivaba kuivtoit v\u00e4ikest t\u00f5ugu kutsikatele"},"content":{"rendered":"<h3>VetExpert Raw Paleo Ultra Mini Puppy Beef 2 kg \u2013 veiselihaga kutsikate kuivtoit v\u00e4ikestele koertele<\/h3>\n<p>VetExpert Raw Paleo Ultra Mini Puppy Beef on spetsiaalselt v\u00e4lja t\u00f6\u00f6tatud gluteenivaba kuivtoit v\u00e4ikest t\u00f5ugu koertele (<i>5\u201310 kg t\u00e4iskasvanud kehakaaluga<\/i>) vanuses v\u00f5\u00f5rutamisest kuni 8 kuuni. Tegemist on t\u00e4istoiduga, mis toetab kutsika kasvu, tugevdab immuunsust ja aitab v\u00e4hendada toidutalumatuse riski. Toit sobib k\u00f5ikidele v\u00e4ikest ja k\u00e4\u00e4buskasvu t\u00f5ugu kutsikatele, sest sisaldab ainult \u00fcht loomset valku \u2013 veiseliha \u2013, v\u00e4listades kana ja teravilja ning toetades samal ajal lihaste arengut, seedimist ning naha ja karva tervist.<\/p>\n<h3>Peamised omadused<\/h3>\n<ul>\n<li><strong>Veiselihap\u00f5hine monoproteiin<\/strong> \u2013 ainult \u00fchest valgulise koostisega, mis aitab v\u00e4hendada toidutalumatuse ja allergiate riski.<\/li>\n<li><strong>Gluteenivaba ja teraviljavaba koostis<\/strong> \u2013 sobib ka tundliku seedimisega kutsikatele.<\/li>\n<li><strong>Boraago\u00f5li lisand<\/strong> \u2013 toetab naha ja karvkatte tervist.<\/li>\n<li><strong>Enterococcus faecium<\/strong> \u2013 aitab stabiliseerida seedetrakti mikrofloorat ning parandab toitainete omastamist.<\/li>\n<li>Sisaldab vaid puhast veiseliha, ei sisalda soja, kunstlikke v\u00e4rvaineid ega lisatud suhkruid.<\/li>\n<li>Spetsiaalne v\u00e4ikeste graanulite suurus v\u00e4ikest t\u00f5ugu kutsikatele (ca 1 cm).<\/li>\n<li>Toetab lihaste kasvu, \u00fcldist arengut ning tugevdab immuunsust.<\/li>\n<\/ul>\n<h3>Tehnilised andmed<\/h3>\n<ul>\n<li>Netokaal: 2 kg (kogu pakendi kaal 2025 g).<\/li>\n<li>M\u00f5\u00f5tmed: 200 \u00d7 210 \u00d7 120 mm.<\/li>\n<li>Koostis: veiseliha (72%, sh v\u00e4rskelt valmistatud ja kuivatatud), maguskartul, kartul, porgand, mineraalid, k\u00f6\u00f6giviljapuljong, l\u00f5he\u00f5li, boraago\u00f5li.<\/li>\n<li>Anal\u00fc\u00fctiline koostis:<br \/>\n        &#8211; Toorproteiini sisaldus: 30,5%<br \/>\n        &#8211; Toorrasv: 16,5%<br \/>\n        &#8211; Toorkiud: 4%<br \/>\n        &#8211; Tuhk: 7%<\/li>\n<li>Energiasisaldus: 380 kcal \/ 100 g.<\/li>\n<li>Pakkimist\u00fc\u00fcp: vastupidav kott, h\u00f5lpsaks s\u00e4ilitamiseks.<\/li>\n<li>Eritiselisel kanal, nisul, gluteenil ja sojal p\u00f5hinevaid koostisosi ei kasutata.<\/li>\n<\/ul>\n<h3>Kasutusjuhised<\/h3>\n<p>Toit sobib kutsikatele alates v\u00f5\u00f5rutamisest kuni 8. elukuuni. Igap\u00e4evane portsjon s\u00f5ltub kutsika eeldatavast t\u00e4iskasvanud kehakaalust ja vanusest. P\u00e4evane toidukogus jagada 3\u20135 toidukorraks ning uuele toidule \u00fcleminek teha j\u00e4rk-j\u00e4rgult 1\u20132 n\u00e4dala jooksul. Veenduge, et puhas joogivesi oleks alati saadaval ning j\u00e4rgige pakendil toodud s\u00f6\u00f6tmisjuhiseid. S\u00e4ilitada kuivas ja jahedas kohas, pakend hoida korralikult suletuna.<\/p>\n<h3>Kellele sobib?<\/h3>\n<p>VetExpert Raw Paleo Ultra Mini Puppy Beef sobib v\u00e4ikest t\u00f5ugu kutsikaomanikele, kes soovivad pakkuda oma koerale t\u00e4isv\u00e4\u00e4rtuslikku, h\u00e4sti seeditavat ja allergiaohutut toitu. Monoproteiinne veiselihasisaldus ning olulised toitained sobivad eriti h\u00e4sti tundliku seedimise, naha v\u00f5i karvkattega kutsikatele.<\/p>\n<h3>Pakendi sisu ja lisainfo<\/h3>\n<ul>\n<li>1 x 2 kg veiselihaga kuivtoit kutsikatele<\/li>\n<li>Lisaks toidule eraldi lisatoite ega tarvikuid tarbimiseks vaja ei ole.<\/li>\n<li>Sobib k\u00f5igile v\u00e4ikest t\u00f5ugu kutsikatele (5\u201310 kg t\u00e4iskasvanud kehakaaluga).<\/li>\n<\/ul>\n<h3>Miks valida just see toode?<\/h3>\n<p>Toode eristub monoproteiinse koostisega ning toetab toidutalumatuse v\u00e4hendamist, samuti tagab tervisliku seedimise ja naha ning karvkatte heaolu. Kvaliteetne veiseliha, kasulike \u00f5lide lisamine ja probiootikum Enterococcus faecium annavad kutsikale tugeva aluse kasvuks ja arenguks. Energia- ja toitainesisaldus sobib eriti h\u00e4sti kiirelt kasvavatele v\u00e4ikestele t\u00f5ugudele.<\/p>\n","protected":false},"excerpt":{"rendered":"<p>VetExpert Raw Paleo Ultra Mini Puppy Beef on gluteenivaba veiselihaga kuivtoit v\u00e4ikest t\u00f5ugu kutsikatele, mis toetab seedimist ja naha tervist.<\/p>\n","protected":false},"featured_media":258159,"comment_status":"open","ping_status":"closed","template":"","meta":[],"product_brand":[7147],"product_cat":[7203],"product_tag":[],"class_list":{"0":"post-258165","1":"product","2":"type-product","3":"status-publish","4":"has-post-thumbnail","6":"product_brand-vetexpert","7":"product_cat-kuivtoit-koertele","8":"product_shipping_class-action","9":"pa_annustamise-vorm-tahke","10":"pa_gluteenivaba-jah","11":"pa_hoiatused-eemal-otsesest-paikesevalgusest","12":"pa_hoiatused-et-koera-toidukauss-oleks-alati-puhas","13":"pa_hoiatused-et-valtida-toidu-saastumist-jargi-soovitatud-toidukoguseid-vastavalt-pakendil-toodud-juhistele-hoia-kuivas-ja-jahedas","14":"pa_hoiatused-veendu","15":"pa_hooajapakkumine-suvi-koos-lemmikuga","16":"pa_ilma-kunstlike-varvideta-jah","17":"pa_kaaluvahemik-2-kg-49-kg","18":"pa_koeratoug-koik-kaabuskoeratoud","19":"pa_koeratoug-koik-vaikest-tougu-koerad","20":"pa_lemmiku-eluetapp-kassipojad","21":"pa_lemmiku-vajadused-naha-tervise-parandamine","22":"pa_lemmiku-vajadused-seedetrakti-kaitse","23":"pa_lemmiku-vajadused-soolestiku-mikrofloora-stabiliseerimine","24":"pa_lemmiku-vajadused-toidutalumatuse-vahendamine","25":"pa_lemmiku-vanus-noorloom","26":"pa_lisafunktsioonid-gluteenivaba","27":"pa_lisafunktsioonid-kanavaba","28":"pa_lisafunktsioonid-karv-ja-nahk","29":"pa_lisafunktsioonid-kasvuperiood","30":"pa_lisafunktsioonid-lihaste-kasvatamine","31":"pa_lisafunktsioonid-monoproteiin","32":"pa_lisafunktsioonid-seedimise-tugi","33":"pa_lisafunktsioonid-teraviljavaba","34":"pa_lisafunktsioonid-toidutundlikkus","35":"pa_pakendi-tuup-kott","36":"pa_pohimaitse-veiseliha","37":"pa_proteiin-13873","38":"pa_rasva-sisaldus-12812","39":"pa_seeria-vetexpert-raw-paleo","40":"pa_sobivus-koerale","41":"pa_sojavaba-jah","42":"pa_suhkruvaba-jah","43":"pa_toorkiud-7460","44":"pa_toorvalk-7427","45":"pa_tou-suurus-vaike-toug-5-10-kg","47":"first","48":"instock","49":"taxable","50":"shipping-taxable","51":"purchasable","52":"product-type-simple"},"_links":{"self":[{"href":"https:\/\/blankpage.ee\/_ruumist-ruumi\/wp-json\/wp\/v2\/product\/258165","targetHints":{"allow":["GET"]}}],"collection":[{"href":"https:\/\/blankpage.ee\/_ruumist-ruumi\/wp-json\/wp\/v2\/product"}],"about":[{"href":"https:\/\/blankpage.ee\/_ruumist-ruumi\/wp-json\/wp\/v2\/types\/product"}],"replies":[{"embeddable":true,"href":"https:\/\/blankpage.ee\/_ruumist-ruumi\/wp-json\/wp\/v2\/comments?post=258165"}],"wp:featuredmedia":[{"embeddable":true,"href":"https:\/\/blankpage.ee\/_ruumist-ruumi\/wp-json\/wp\/v2\/media\/258159"}],"wp:attachment":[{"href":"https:\/\/blankpage.ee\/_ruumist-ruumi\/wp-json\/wp\/v2\/media?parent=258165"}],"wp:term":[{"taxonomy":"product_brand","embeddable":true,"href":"https:\/\/blankpage.ee\/_ruumist-ruumi\/wp-json\/wp\/v2\/product_brand?post=258165"},{"taxonomy":"product_cat","embeddable":true,"href":"https:\/\/blankpage.ee\/_ruumist-ruumi\/wp-json\/wp\/v2\/product_cat?post=258165"},{"taxonomy":"product_tag","embeddable":true,"href":"https:\/\/blankpage.ee\/_ruumist-ruumi\/wp-json\/wp\/v2\/product_tag?post=258165"}],"curies":[{"name":"wp","href":"https:\/\/api.w.org\/{rel}","templated":true}]}}