{"id":258362,"date":"2025-08-06T08:30:52","date_gmt":"2025-08-06T08:30:52","guid":{"rendered":"https:\/\/ruumistruumi.ee\/pood\/wolfsblut-vetline-hypoallergenic-12-kg-hobuseliha-teraviljavaba-kuivtoit-taiskasvanud-koertele\/"},"modified":"2025-08-21T09:19:02","modified_gmt":"2025-08-21T09:19:02","slug":"wolfsblut-vetline-hypoallergenic-12-kg-hobuseliha-teraviljavaba-kuivtoit-taiskasvanud-koertele","status":"publish","type":"product","link":"https:\/\/blankpage.ee\/_ruumist-ruumi\/pood\/wolfsblut-vetline-hypoallergenic-12-kg-hobuseliha-teraviljavaba-kuivtoit-taiskasvanud-koertele\/","title":{"rendered":"Wolfsblut VetLine Hypoallergenic 12 kg hobuseliha teraviljavaba kuivtoit t\u00e4iskasvanud koertele"},"content":{"rendered":"<h3>Wolfsblut VetLine Hypoallergenic 12 kg hobuselihaga teraviljavaba kuivtoit t\u00e4iskasvanud koertele<\/h3>\n<p>Wolfsblut VetLine Hypoallergenic on spetsiaalselt v\u00e4lja t\u00f6\u00f6tatud kuivtoit t\u00e4iskasvanud koertele, kellel on toiduallergiad v\u00f5i -talumatused. Unikaalne hobuselihal p\u00f5hinev ning teraviljavaba retsept aitab v\u00e4hendada allergias\u00fcmptomeid ja toetab naha, karva ja seedetrakti tervist. Toit sobib igat t\u00f5ugu koertele ning on loomaarstide soovitatud igap\u00e4evaseks t\u00e4iss\u00f6\u00f6daks tundliku seedimise v\u00f5i allergiaga koertele.<\/p>\n<h3>Peamised omadused<\/h3>\n<ul>\n<li>H\u00fcpoallergeenne koostis: hobuseliha ainsa loomse valguna, sobib eriti tundlikele koertele<\/li>\n<li>100% teraviljavaba \u2013 sobib koertele, kellel on teraviljatalumatus<\/li>\n<li>Tervisem\u00f5ju: allergiate leevendamine, naha ja seedimise toetamine<\/li>\n<li>Rikas oluliste vitamiinide ja mineraalainete, sh A-, B-, D- ja E-vitamiin, raud, seleen ja tsink<\/li>\n<li>Lisatud oomega-3 ja oomega-6 rasvhapped hoolitsevad terve naha ja l\u00e4ikiva karvkatte eest<\/li>\n<li>K\u00f5rge seeduvus t\u00e4nu maguskartulile, k\u00f5rvitsale ja hobuserasvale<\/li>\n<li>Ei sisalda kunstlikke l\u00f5hna-, v\u00e4rvi- ega maitseaineid<\/li>\n<li>Sobib k\u00f5igile koerat\u00f5ugudele, toetab seedimist t\u00e4nu prebiootilisele koostisele<\/li>\n<\/ul>\n<h3>Tehnilised andmed<\/h3>\n<ul>\n<li>Pakendi kaal: 12 kg (f\u00fc\u00fcsiline kaal 12,61 kg)<\/li>\n<li>M\u00f5\u00f5tmed: 540 \u00d7 381 \u00d7 181 mm \u2013 sobib tavalisse panipaika v\u00f5i riiulile<\/li>\n<li>Koostisosad: hobuseliha (ainus loomne valk), hobuserasv, maguskartul, k\u00f5rvits, linaseemned, hernesevalk<\/li>\n<li>Toorvalk: 20%, toorrasv: 14%, toorkiud: 3%, toortuhk: 9,8%<\/li>\n<li>Omega-3 rasvhapped: 1%, Omega-6 rasvhapped: 3,5%<\/li>\n<li>Vitamiinid ja mineraalid (n\u00e4ited): A-vitamiin 21 871 IU\/kg, D3-vitamiin 1 471 IU\/kg, E-vitamiin 600 mg\/kg, B12-vitamiin 0,2 \u03bcg\/kg, B6-vitamiin 16 mg\/kg, niatsiin 32 mg\/kg<\/li>\n<li>Foolhape (B9) 0,4 mg\/kg, riboflaviin (B2) 21 mg\/kg, biotiin 0,3 \u03bcg\/kg<\/li>\n<li>Raud 60 mg\/kg, tsink 100 mg\/kg, mangaan 36 mg\/kg, vask 10 mg\/kg, seleen 0,23 mg\/kg, jood 0,96 mg\/kg<\/li>\n<li>Koliinkloriid 0,6 mg\/kg, naatrium 0,3%, kaltsium 2%, fosfor 1,4%, kaalium 0,6%<\/li>\n<\/ul>\n<h3>Kasutamisjuhised<\/h3>\n<p>\n  J\u00e4rgige tootja s\u00f6\u00f6tmissoovitusi vastavalt koera kehakaalule ja vajadustele. N\u00e4iteks 15\u201325 kg kaaluv koer: 200\u2013300 g p\u00e4evas. Graanulid on kujult ja suuruselt sobilikud t\u00e4iskasvanud koertele ning nende tekstuur aitab ka hammaste puhastusele kaasa. Toidu \u00fcleminekul uusi graanuleid lisada j\u00e4rk-j\u00e4rgult umbes n\u00e4dala v\u00e4ltel. Toodet soovitatakse kasutada allergiate v\u00f5i teraviljatalumatusega koertele ning see sobib eelneva veterinaaruuringu p\u00f5hjal ka pikaajaliseks kasutamiseks.\n<\/p>\n<p>\n  Koeral peab olema alati v\u00e4rske joogivesi saadaval. Pakend on sulgetav ning sobib pikkajaliseks hoiustamiseks. Esmasel kasutamisel soovitatakse h\u00fcpoallergeenset toitu pakkuda 3\u20138 n\u00e4dalat. Vajadusel v\u00f5ib kasutamist j\u00e4tkata ka pikemalt.\n<\/p>\n<h3>Kvaliteet ja ohutus<\/h3>\n<p>Wolfsblut VetLine sarja toidud valmivad kvaliteedikontrollitud tootmises ning sisaldavad ainult hoolikalt valitud koostisosi. Tootja panustab toote ohutusse ja stabiilsesse kvaliteeti, pakkudes usaldusv\u00e4\u00e4rset t\u00e4iss\u00f6\u00f6ta igap\u00e4evaseks toitmiseks.<\/p>\n<h3>Pakendi sisu<\/h3>\n<ul>\n<li>1 \u00d7 12 kg Wolfsblut VetLine Hypoallergenic Adult Horse kuivtoit<\/li>\n<\/ul>\n<h3>Kokkuv\u00f5te<\/h3>\n<p>Wolfsblut VetLine Hypoallergenic sisaldab ainult \u00fcht loomset valku ning kvaliteetseid koostisosi, pakkudes leevendust allergilistele ja tundliku seedimisega koertele. Tasakaalustatud, toitaineterikas t\u00e4istoit aitab hoida naha ja karvkatte terve ning toetab organismi vastupanuv\u00f5imet.<\/p>\n","protected":false},"excerpt":{"rendered":"<p>Wolfsblut VetLine Hypoallergenic on teraviljavaba hobuselihaga kuivtoit t\u00e4iskasvanud koertele, mis sobib eriti h\u00e4sti toiduallergiatega lemmikloomadele. Tasakaalustatud retsept toetab naha ja seedimise tervist.<\/p>\n","protected":false},"featured_media":258361,"comment_status":"open","ping_status":"closed","template":"","meta":[],"product_brand":[7221],"product_cat":[7203],"product_tag":[],"class_list":{"0":"post-258362","1":"product","2":"type-product","3":"status-publish","4":"has-post-thumbnail","6":"product_brand-wolfsblut","7":"product_cat-kuivtoit-koertele","8":"product_shipping_class-action","9":"pa_a-vitamiini-sisaldus-21871-iu-kg","10":"pa_b12-vitamiini-sisaldus-02-g-kg","11":"pa_b6-vitamiini-sisaldus-16-mg-kg","12":"pa_biotiini-sisaldus-03-g-kg","13":"pa_d3-vitamiini-sisaldus-1471-iu-kg","14":"pa_e-vitamiini-sisaldus-600-mg-kg","15":"pa_foolhape-b9-sisaldus-04-mg-kg","16":"pa_fosfor-8171","17":"pa_joodi-sisaldus-096-mg-kg","18":"pa_kaaliumi-sisaldus-10694","19":"pa_kaltsium-8173","20":"pa_koeratoug-koik-toud","21":"pa_kogus-pakis-1-tk","22":"pa_koliin-klorid-06-mg-kg","23":"pa_lemmiku-eluetapp-taiskasvanud","24":"pa_mangaani-sisaldus-36-mg-kg","25":"pa_naatrium-7644","26":"pa_niatsiin-b3-sisaldus-32-mg-kg","27":"pa_omega-3-rasvhapped-8538","28":"pa_omega-6-rasvhapped-13967","29":"pa_pohimaitse-hobuseliha","30":"pa_proteiin-8084","31":"pa_rasva-sisaldus-7733","32":"pa_raua-sisaldus-60-mg-kg","33":"pa_riboflaviin-b2-sisaldus-21-mg-kg","34":"pa_seleeni-sisaldus-023-mg-kg","35":"pa_sisaldab-vitamiine-a-vitamiin","36":"pa_sisaldab-vitamiine-b12-vitamiin","37":"pa_sisaldab-vitamiine-b2-vitamiin","38":"pa_sisaldab-vitamiine-b3-vitamiin","39":"pa_sisaldab-vitamiine-b6-vitamiin","40":"pa_sisaldab-vitamiine-b9-vitamiin-foolhape","41":"pa_sisaldab-vitamiine-biotiin","42":"pa_sisaldab-vitamiine-d3-vitamiin","43":"pa_sisaldab-vitamiine-e-vitamiin","44":"pa_sisaldab-vitamiine-h-vitamiin-biotiin","45":"pa_sisaldab-vitamiine-oomega-3","46":"pa_sisaldab-vitamiine-oomega-6","47":"pa_teraviljata-jah","48":"pa_tervisemoju-allergia-leevendamine","49":"pa_toorkiud-7537","50":"pa_toorvalk-98-2","51":"pa_tsingi-sisaldus-100-mg-kg","52":"pa_vase-sisaldus-10-mg-kg","54":"first","55":"instock","56":"taxable","57":"shipping-taxable","58":"purchasable","59":"product-type-simple"},"_links":{"self":[{"href":"https:\/\/blankpage.ee\/_ruumist-ruumi\/wp-json\/wp\/v2\/product\/258362","targetHints":{"allow":["GET"]}}],"collection":[{"href":"https:\/\/blankpage.ee\/_ruumist-ruumi\/wp-json\/wp\/v2\/product"}],"about":[{"href":"https:\/\/blankpage.ee\/_ruumist-ruumi\/wp-json\/wp\/v2\/types\/product"}],"replies":[{"embeddable":true,"href":"https:\/\/blankpage.ee\/_ruumist-ruumi\/wp-json\/wp\/v2\/comments?post=258362"}],"wp:featuredmedia":[{"embeddable":true,"href":"https:\/\/blankpage.ee\/_ruumist-ruumi\/wp-json\/wp\/v2\/media\/258361"}],"wp:attachment":[{"href":"https:\/\/blankpage.ee\/_ruumist-ruumi\/wp-json\/wp\/v2\/media?parent=258362"}],"wp:term":[{"taxonomy":"product_brand","embeddable":true,"href":"https:\/\/blankpage.ee\/_ruumist-ruumi\/wp-json\/wp\/v2\/product_brand?post=258362"},{"taxonomy":"product_cat","embeddable":true,"href":"https:\/\/blankpage.ee\/_ruumist-ruumi\/wp-json\/wp\/v2\/product_cat?post=258362"},{"taxonomy":"product_tag","embeddable":true,"href":"https:\/\/blankpage.ee\/_ruumist-ruumi\/wp-json\/wp\/v2\/product_tag?post=258362"}],"curies":[{"name":"wp","href":"https:\/\/api.w.org\/{rel}","templated":true}]}}